{"id":3735,"date":"2025-02-01T21:06:12","date_gmt":"2025-02-01T19:06:12","guid":{"rendered":"https:\/\/zbranebudai.sk\/?post_type=product&#038;p=3735"},"modified":"2025-08-31T03:54:31","modified_gmt":"2025-08-31T01:54:31","slug":"pard-nv007v-45-mm-es-adapter","status":"publish","type":"product","link":"https:\/\/zbranebudai.sk\/hu\/product\/pard-nv007v-45-mm-adapter\/","title":{"rendered":"Pard NV007V, NV007A \u00e9s NV007 45 mm-es foglalat"},"content":{"rendered":"<p>Eredeti 45 mm-es \u00e1tm\u00e9r\u0151j\u0171 foglalat a PARD NV007V, NV007A \u00e9s NV007 modellekhez a PARD TECHNOLOGY-t\u00f3l.<\/p>\n<p>A term\u00e9k m\u00e1rkaoldal\u00e1n l\u00e9v\u0151 hivatalos le\u00edr\u00e1s megtal\u00e1lhat\u00f3 itt: <a href=\"https:\/\/pard.com\/europe\/store\/nv007v-adapter\/\">https:\/\/pard.com\/europe\/store\/nv007v-adapter\/<\/a><\/p>","protected":false},"excerpt":{"rendered":"<p>Eredeti 45 mm-es \u00e1tm\u00e9r\u0151j\u0171 foglalat a PARD NV007V, NV007A \u00e9s NV007 modellekhez a PARD TECHNOLOGY-t\u00f3l.<\/p>","protected":false},"featured_media":3870,"template":"","meta":{"_gspb_post_css":""},"product_brand":[308],"product_cat":[21,354],"product_tag":[375,229],"class_list":{"0":"post-3735","1":"product","2":"type-product","3":"status-publish","4":"has-post-thumbnail","6":"product_brand-pard","7":"product_cat-optika","8":"product_cat-prislusenstvo","9":"product_tag-objimka","10":"product_tag-pard","12":"first","13":"instock","14":"taxable","15":"shipping-taxable","16":"purchasable","17":"product-type-simple"},"ct_brands":[{"id":308,"name":"Pard","slug":"pard"}],"_links":{"self":[{"href":"https:\/\/zbranebudai.sk\/hu\/wp-json\/wp\/v2\/product\/3735","targetHints":{"allow":["GET"]}}],"collection":[{"href":"https:\/\/zbranebudai.sk\/hu\/wp-json\/wp\/v2\/product"}],"about":[{"href":"https:\/\/zbranebudai.sk\/hu\/wp-json\/wp\/v2\/types\/product"}],"wp:featuredmedia":[{"embeddable":true,"href":"https:\/\/zbranebudai.sk\/hu\/wp-json\/wp\/v2\/media\/3870"}],"wp:attachment":[{"href":"https:\/\/zbranebudai.sk\/hu\/wp-json\/wp\/v2\/media?parent=3735"}],"wp:term":[{"taxonomy":"product_brand","embeddable":true,"href":"https:\/\/zbranebudai.sk\/hu\/wp-json\/wp\/v2\/product_brand?post=3735"},{"taxonomy":"product_cat","embeddable":true,"href":"https:\/\/zbranebudai.sk\/hu\/wp-json\/wp\/v2\/product_cat?post=3735"},{"taxonomy":"product_tag","embeddable":true,"href":"https:\/\/zbranebudai.sk\/hu\/wp-json\/wp\/v2\/product_tag?post=3735"}],"curies":[{"name":"wp","href":"https:\/\/api.w.org\/{rel}","templated":true}]}}