{"id":3733,"date":"2025-02-01T21:06:12","date_gmt":"2025-02-01T19:06:12","guid":{"rendered":"https:\/\/zbranebudai.sk\/?post_type=product&#038;p=3733"},"modified":"2025-08-31T03:54:31","modified_gmt":"2025-08-31T01:54:31","slug":"pard-nv007v-40-mm-es-adapter","status":"publish","type":"product","link":"https:\/\/zbranebudai.sk\/hu\/product\/pard-nv007v-40-mm-adapter\/","title":{"rendered":"Pard NV007V 40 mm-es aljzat"},"content":{"rendered":"<p>Eredeti 40 mm \u00e1tm\u00e9r\u0151j\u0171 foglalat a PARD NV007A, NV007VA \u00e9s NV007 t\u00edpus\u00fa PARD TECHNOLOGY term\u00e9kekhez.<\/p>\n<p>Hivatalos m\u00e1rkaoldal: <a href=\"https:\/\/pard.com\/europe\/store\/nv007v-adapter\/\">https:\/\/pard.com\/europe\/store\/nv007v-adapter\/<\/a><\/p>","protected":false},"excerpt":{"rendered":"<p>Eredeti, 42 mm \u00e1tm\u00e9r\u0151j\u0171 foglalat a PARD NV007V, NV007A \u00e9s NV007 modellekhez a PARD TECHNOLOGY-t\u00f3l.<\/p>","protected":false},"featured_media":3870,"template":"","meta":{"_gspb_post_css":""},"product_brand":[308],"product_cat":[21,354],"product_tag":[375,229],"class_list":{"0":"post-3733","1":"product","2":"type-product","3":"status-publish","4":"has-post-thumbnail","6":"product_brand-pard","7":"product_cat-optika","8":"product_cat-prislusenstvo","9":"product_tag-objimka","10":"product_tag-pard","12":"first","13":"instock","14":"taxable","15":"shipping-taxable","16":"purchasable","17":"product-type-simple"},"ct_brands":[{"id":308,"name":"Pard","slug":"pard"}],"_links":{"self":[{"href":"https:\/\/zbranebudai.sk\/hu\/wp-json\/wp\/v2\/product\/3733","targetHints":{"allow":["GET"]}}],"collection":[{"href":"https:\/\/zbranebudai.sk\/hu\/wp-json\/wp\/v2\/product"}],"about":[{"href":"https:\/\/zbranebudai.sk\/hu\/wp-json\/wp\/v2\/types\/product"}],"wp:featuredmedia":[{"embeddable":true,"href":"https:\/\/zbranebudai.sk\/hu\/wp-json\/wp\/v2\/media\/3870"}],"wp:attachment":[{"href":"https:\/\/zbranebudai.sk\/hu\/wp-json\/wp\/v2\/media?parent=3733"}],"wp:term":[{"taxonomy":"product_brand","embeddable":true,"href":"https:\/\/zbranebudai.sk\/hu\/wp-json\/wp\/v2\/product_brand?post=3733"},{"taxonomy":"product_cat","embeddable":true,"href":"https:\/\/zbranebudai.sk\/hu\/wp-json\/wp\/v2\/product_cat?post=3733"},{"taxonomy":"product_tag","embeddable":true,"href":"https:\/\/zbranebudai.sk\/hu\/wp-json\/wp\/v2\/product_tag?post=3733"}],"curies":[{"name":"wp","href":"https:\/\/api.w.org\/{rel}","templated":true}]}}