{"id":3731,"date":"2025-02-01T21:06:12","date_gmt":"2025-02-01T19:06:12","guid":{"rendered":"https:\/\/zbranebudai.sk\/?post_type=product&#038;p=3731"},"modified":"2025-08-31T03:54:31","modified_gmt":"2025-08-31T01:54:31","slug":"pard-nv007sp-45-mm-es-adapter","status":"publish","type":"product","link":"https:\/\/zbranebudai.sk\/hu\/product\/pard-nv007sp-45-mm-adapter\/","title":{"rendered":"Pard NV007SP 45 mm-es foglalat"},"content":{"rendered":"<p><a href=\"https:\/\/pard.com\/europe\/store\/nv007s-adapter\/\">https:\/\/pard.com\/europe\/store\/nv007s-adapter\/<\/a><\/p>","protected":false},"excerpt":{"rendered":"<p>Eredeti 45 \u00e9s 48 mm \u00e1tm\u00e9r\u0151j\u0171 foglalat a gy\u0171r\u0171kkel egy\u00fctt a PARD NV007S \u00e9s NV007SP modellekhez.<\/p>","protected":false},"featured_media":3861,"template":"","meta":{"_gspb_post_css":""},"product_brand":[308],"product_cat":[21,354],"product_tag":[237,375,229],"class_list":{"0":"post-3731","1":"product","2":"type-product","3":"status-publish","4":"has-post-thumbnail","6":"product_brand-pard","7":"product_cat-optika","8":"product_cat-prislusenstvo","9":"product_tag-adapter","10":"product_tag-objimka","11":"product_tag-pard","13":"first","14":"instock","15":"taxable","16":"shipping-taxable","17":"purchasable","18":"product-type-simple"},"ct_brands":[{"id":308,"name":"Pard","slug":"pard"}],"_links":{"self":[{"href":"https:\/\/zbranebudai.sk\/hu\/wp-json\/wp\/v2\/product\/3731","targetHints":{"allow":["GET"]}}],"collection":[{"href":"https:\/\/zbranebudai.sk\/hu\/wp-json\/wp\/v2\/product"}],"about":[{"href":"https:\/\/zbranebudai.sk\/hu\/wp-json\/wp\/v2\/types\/product"}],"wp:featuredmedia":[{"embeddable":true,"href":"https:\/\/zbranebudai.sk\/hu\/wp-json\/wp\/v2\/media\/3861"}],"wp:attachment":[{"href":"https:\/\/zbranebudai.sk\/hu\/wp-json\/wp\/v2\/media?parent=3731"}],"wp:term":[{"taxonomy":"product_brand","embeddable":true,"href":"https:\/\/zbranebudai.sk\/hu\/wp-json\/wp\/v2\/product_brand?post=3731"},{"taxonomy":"product_cat","embeddable":true,"href":"https:\/\/zbranebudai.sk\/hu\/wp-json\/wp\/v2\/product_cat?post=3731"},{"taxonomy":"product_tag","embeddable":true,"href":"https:\/\/zbranebudai.sk\/hu\/wp-json\/wp\/v2\/product_tag?post=3731"}],"curies":[{"name":"wp","href":"https:\/\/api.w.org\/{rel}","templated":true}]}}