{"id":3676,"date":"2025-02-01T21:04:38","date_gmt":"2025-02-01T19:04:38","guid":{"rendered":"https:\/\/zbranebudai.sk\/?post_type=product&#038;p=3676"},"modified":"2025-08-31T03:54:31","modified_gmt":"2025-08-31T01:54:31","slug":"pard-td32-940nm-lrf-hokamera-es-ejjellato-celtavcso-fenyvetovel","status":"publish","type":"product","link":"https:\/\/zbranebudai.sk\/hu\/product\/pard-td32-940nm-lrf-hokamera-es-ejjellato-celtavcso-fenyvetovel\/","title":{"rendered":"Pard TD32 940nm LRF h\u0151kamer\u00e1s f\u00fazi\u00f3s c\u00e9lt\u00e1vcs\u0151"},"content":{"rendered":"<p><strong>Pard TD32 940nm LRF h\u0151kamer\u00e1s f\u00fazi\u00f3s c\u00e9lt\u00e1vcs\u0151<\/strong><\/p>\n<p>H\u0151kamer\u00e1s, \u00e9jjell\u00e1t\u00f3, vil\u00e1g\u00edt\u00f3 \u00e9s l\u00e9zeres t\u00e1vols\u00e1gm\u00e9r\u0151 kombin\u00e1ci\u00f3ja ballisztikai sz\u00e1m\u00edt\u00f3val egy c\u00e9lt\u00e1vcs\u0151ben - ez a Pard TD32-50 LRF 940nm! A gy\u00e1rt\u00f3 Pard elhozza els\u0151, a leg\u00fajabb technol\u00f3gi\u00e1kkal felszerelt f\u00fazi\u00f3s k\u00e9sz\u00fcl\u00e9k\u00e9t,\u00a0<strong>amely lehet\u0151v\u00e9 teszi a gyors v\u00e1lt\u00e1st a termikus \u00e9s optikai \u00fczemm\u00f3dok k\u00f6z\u00f6tt, vagy ak\u00e1r mindk\u00e9t \u00fczemm\u00f3d egyidej\u0171 megjelen\u00edt\u00e9s\u00e9t egy k\u00e9perny\u0151n.<\/strong>.<\/p>\n<ul>\n<li>Kerek kijelz\u0151<\/li>\n<li>Gyors v\u00e1lt\u00e1s a h\u0151- \u00e9s az \u00e9jszakai l\u00e1t\u00e1s k\u00f6z\u00f6tt<\/li>\n<li>H\u0151k\u00e9p\u00e9rz\u00e9kel\u0151 384 \u00d7 288 px<\/li>\n<li>H\u0151m\u00e9rs\u00e9kleti \u00e9rz\u00e9kenys\u00e9g 25 mK<\/li>\n<li>Optikai modul az \u00e9jszakai l\u00e1t\u00e1shoz 1 920 \u00d7 1 080 px<\/li>\n<li>940 nm-es megvil\u00e1g\u00edt\u00e1s<\/li>\n<li>\u00c9rz\u00e9kel\u00e9s ak\u00e1r 1400 m\u00e9terig*<\/li>\n<li>L\u00e9zeres t\u00e1vols\u00e1gm\u00e9r\u0151 ballisztikus sz\u00e1m\u00edt\u00f3val<\/li>\n<\/ul>\n<p><strong>Innovat\u00edv h\u0151kamer\u00e1s f\u00fazi\u00f3s c\u00e9lt\u00e1vcs\u0151 Pard TD32-50<\/strong>\u00a0van\u00a0<strong>384 \u00d7 288 px felbont\u00e1s\u00fa h\u0151kamer\u00e1s \u00e9rz\u00e9kel\u0151<\/strong>amely a\u00a0<strong>h\u0151m\u00e9rs\u00e9klet-\u00e9rz\u00e9kenys\u00e9g NETD \u2264 25 mK<\/strong>\u00a0\u00e9s a\u00a0<strong>optikai modul az \u00e9jszakai l\u00e1t\u00e1shoz<\/strong>\u00a0felbont\u00e1sban\u00a0<strong>1 920 \u00d7 1 080 px<\/strong>\u00a0a\u00a0<strong>940 nm-es megvil\u00e1g\u00edt\u00e1s<\/strong>\u00a0lehet\u0151v\u00e9 teszi a c\u00e9lpontok bem\u00e9r\u00e9s\u00e9t h\u0151- vagy \u00e9l\u00e9nk sz\u00ednben, nappal vagy \u00e9jszaka, m\u00e9g rossz k\u00f6r\u00fclm\u00e9nyek k\u00f6z\u00f6tt is.<\/p>\n<p>A h\u0151kamer\u00e1s \u00e9s optikai modulok kombin\u00e1l\u00e1s\u00e1val lehet\u0151s\u00e9g van a teljes h\u0151kamer\u00e1s \u00e9s az \u00e9jjell\u00e1t\u00e1s k\u00f6z\u00f6tti v\u00e1lt\u00e1sra, vagy a k\u00e9p a k\u00e9pben (PIP) funkci\u00f3 seg\u00edts\u00e9g\u00e9vel mindk\u00e9t \u00fczemm\u00f3d egyszerre jelenik meg a k\u00e9perny\u0151n. Ez a funkci\u00f3 sokkal k\u00f6nnyebb\u00e9 teszi a vad \u00e9szlel\u00e9s\u00e9t, majd kisz\u00far\u00e1s\u00e1t, mivel ez a kombin\u00e1ci\u00f3 kik\u00fcsz\u00f6b\u00f6li a h\u0151kamer\u00e1s vagy az \u00e9jjell\u00e1t\u00f3 \u00f6nmag\u00e1ban t\u00f6rt\u00e9n\u0151 haszn\u00e1lat\u00e1nak h\u00e1tr\u00e1nyait, \u00edgy a legt\u00f6bbet hozhatja ki egy k\u00e9sz\u00fcl\u00e9kb\u0151l.<\/p>\n<p><strong>L\u00e9zeres t\u00e1vols\u00e1gm\u00e9r\u0151 (LRF)<\/strong>\u00a0<strong>\u00e9s ballisztikus sz\u00e1mol\u00f3g\u00e9p<\/strong>\u00a0lehet\u0151v\u00e9 teszi a vad\u00e1szok sz\u00e1m\u00e1ra, hogy gyorsan \u00e9s pontosan meghat\u00e1rozz\u00e1k a c\u00e9lpont t\u00e1vols\u00e1g\u00e1t, cs\u00f6kkentve ezzel a t\u00e9ves l\u00f6v\u00e9sek kock\u00e1zat\u00e1t. Ez k\u00fcl\u00f6n\u00f6sen igaz ismeretlen ter\u00fcleteken, ahol a t\u00e1vols\u00e1g meghat\u00e1roz\u00e1sa puszt\u00e1n h\u0151k\u00e9ppel gyakran neh\u00e9zkes.<\/p>\n<p><strong>940 nm hull\u00e1mhossz\u00fa megvil\u00e1g\u00edt\u00e1s<\/strong>\u00a0l\u00e1thatatlan a j\u00e1t\u00e9k sz\u00e1m\u00e1ra, \u00e9s h\u00e1rom \u00e1ll\u00edthat\u00f3 intenzit\u00e1sszinttel rendelkezik az \u00d6n k\u00e9nyelme \u00e9rdek\u00e9ben.<\/p>\n<p>K\u00f6sz\u00f6nhet\u0151en<strong>\u00a0<\/strong>objekt\u00edv f\u00f3kuszt\u00e1vols\u00e1ggal<strong>\u00a035 mm<\/strong>\u00a0A\u00a0<strong>\u00e9rz\u00e9kel\u00e9si t\u00e1vols\u00e1g<\/strong>\u00a0puska t\u00e1vcs\u0151 ak\u00e1r<strong>\u00a01 400 m\u00e9ter*\u00a0<\/strong>a h\u0151kamer\u00e1s modulhoz \u00e9s\u00a0<strong>350 m felett.<\/strong>\u00a0digit\u00e1lis modul eset\u00e9n\u00a0<strong>lencse\u00a0<\/strong>f\u00f3kuszt\u00e1vols\u00e1ggal<strong>\u00a070 mm<\/strong>.<\/p>\n<p>Kiv\u00e9teles k\u00e9pet biztos\u00edt\u00a0<strong>Kerek IPS LCD kijelz\u0151 800 \u00d7 800 px felbont\u00e1ssal<\/strong>amely egy klasszikus c\u00e9lt\u00e1vcs\u0151 \u00e9lm\u00e9ny\u00e9t \u00e9s maxim\u00e1lis l\u00e1t\u00f3mez\u0151t biztos\u00edt. Ez a kijelz\u0151 tiszta, kontrasztgazdag k\u00e9pet biztos\u00edt, \u00e9s extra sz\u00e9les l\u00e1t\u00f3mez\u0151vel rendelkezik a jobb \u00e1ttekint\u00e9s \u00e9rdek\u00e9ben. A n\u00e9zeget\u00e9st m\u00e9g term\u00e9szetesebb\u00e9 teszi a gyors reakci\u00f3, mintha egy hagyom\u00e1nyos nappali t\u00e1vcs\u00f6v\u00f6n kereszt\u00fcl n\u00e9zn\u00e9.<\/p>\n<p>A h\u0151kamera 6 k\u00e9palkot\u00e1si m\u00f3dot (Feh\u00e9r forr\u00f3, Fekete forr\u00f3, Sz\u00e9l, V\u00f6r\u00f6s forr\u00f3, Vasv\u00f6r\u00f6s forr\u00f3, \u00c9gbolt) \u00e9s h\u00e1rom jelenetet (V\u00e1ros, Es\u0151, Erd\u0151) k\u00edn\u00e1l. A digit\u00e1lis kijelz\u0151n klasszikusan v\u00e1laszthat a sz\u00ednes nappali \u00e9s a fekete-feh\u00e9r \u00e9jszakai kijelz\u0151 k\u00f6z\u00f6tt.<\/p>\n<p>Egy legfeljebb 128 GB-os microSD-k\u00e1rtya (nem tartoz\u00e9k) telep\u00edt\u00e9s\u00e9vel a k\u00f6vetkez\u0151 lehet\u0151s\u00e9geket biztos\u00edthatja\u00a0<strong>Retrieved from<\/strong>\u00a0<strong>f\u00e9nyk\u00e9pek \u00e9s<\/strong>\u00a0<strong>vide\u00f3k<\/strong>.<strong>\u00a0<\/strong>A puskat\u00e1vcs\u0151 nagyon hasznos funkci\u00f3ja az is.<strong>\u00a0automatikus felv\u00e9tel a felv\u00e9tel ut\u00e1n<\/strong>\u00a0\u00e9s a r\u00f6gz\u00edtett felv\u00e9telek azonnali megtekint\u00e9s\u00e9nek vagy t\u00f6rl\u00e9s\u00e9nek lehet\u0151s\u00e9ge. A k\u00e9sz\u00fcl\u00e9ket az USB-C kimeneten kereszt\u00fcl csatlakoztathatja sz\u00e1m\u00edt\u00f3g\u00e9phez.<\/p>\n<p>A t\u00e1vcs\u0151 az IP67 v\u00e9detts\u00e9gi fokozatnak k\u00f6sz\u00f6nhet\u0151en tart\u00f3s (v\u00edzbe mer\u00fcl\u00e9s elleni v\u00e9delem, 30 perces mer\u00edt\u00e9s 1 m\u00e9teres m\u00e9lys\u00e9gig). A t\u00e1pell\u00e1t\u00e1sr\u00f3l egy 21700-as \u00fajrat\u00f6lthet\u0151 akkumul\u00e1tor gondoskodik, 6 \u00f3r\u00e1s \u00fczemid\u0151vel. Az alv\u00f3 \u00fczemm\u00f3dnak k\u00f6sz\u00f6nhet\u0151en k\u00edm\u00e9li az akkumul\u00e1tort, \u00e9s lehet\u0151s\u00e9g van power bank csatlakoztat\u00e1s\u00e1ra.<\/p>\n<table border=\"0\" cellspacing=\"0\">\n<colgroup span=\"3\" width=\"85\"><\/colgroup>\n<tbody>\n<tr>\n<td align=\"left\" height=\"32\"><span style=\"font-family: Liberation Serif\">\u00c9rz\u00e9kel\u0151<\/span><\/td>\n<td align=\"left\"><span style=\"font-family: Liberation Serif\">H\u0151kamera modul<\/span><\/td>\n<td align=\"left\"><span style=\"font-family: Liberation Serif\">Digit\u00e1lis modul<\/span><\/td>\n<\/tr>\n<tr>\n<td align=\"left\" height=\"32\"><span style=\"font-family: Liberation Serif\">Felbont\u00e1s\u00a0<\/span><\/td>\n<td align=\"left\"><span style=\"font-family: Liberation Serif\">384 \u00d7 288 px<\/span><\/td>\n<td align=\"left\"><span style=\"font-family: Liberation Serif\">1 920 \u00d7 1 080 px<\/span><\/td>\n<\/tr>\n<tr>\n<td align=\"left\" height=\"32\"><span style=\"font-family: Liberation Serif\">H\u0151\u00e9rz\u00e9kenys\u00e9g<\/span><\/td>\n<td align=\"left\"><span style=\"font-family: Liberation Serif\">\u2264 25 mK<\/span><\/td>\n<td align=\"left\"><span style=\"font-family: Liberation Serif\">-<\/span><\/td>\n<\/tr>\n<tr>\n<td align=\"left\" height=\"17\"><span style=\"font-family: Liberation Serif\">Infravet\u0151<\/span><\/td>\n<td align=\"left\"><span style=\"font-family: Liberation Serif\">-<\/span><\/td>\n<td align=\"left\"><span style=\"font-family: Liberation Serif\">940 nm<\/span><\/td>\n<\/tr>\n<tr>\n<td align=\"left\" height=\"17\"><span style=\"font-family: Liberation Serif\">Objekt\u00edv<\/span><\/td>\n<td align=\"left\"><span style=\"font-family: Liberation Serif\">35 mm<\/span><\/td>\n<td align=\"left\"><span style=\"font-family: Liberation Serif\">50 mm<\/span><\/td>\n<\/tr>\n<tr>\n<td align=\"left\" height=\"17\"><span style=\"font-family: Liberation Serif\">\u00c9rz\u00e9kel\u00e9s<\/span><\/td>\n<td align=\"left\"><span style=\"font-family: Liberation Serif\">1 400 m<\/span><\/td>\n<td align=\"left\"><span style=\"font-family: Liberation Serif\">350 m<\/span><\/td>\n<\/tr>\n<tr>\n<td align=\"left\" height=\"32\"><span style=\"font-family: Liberation Serif\">Optikai nagy\u00edt\u00e1s<\/span><\/td>\n<td align=\"left\"><span style=\"font-family: Liberation Serif\">3\u00d7<\/span><\/td>\n<td align=\"left\"><span style=\"font-family: Liberation Serif\">5\u00d7<\/span><\/td>\n<\/tr>\n<tr>\n<td align=\"left\" height=\"17\"><span style=\"font-family: Liberation Serif\">L\u00e1t\u00f3mez\u0151<\/span><\/td>\n<td align=\"left\"><span style=\"font-family: Liberation Serif\">5,7\u00b0 \u00d7 5,7\u00b0<\/span><\/td>\n<td align=\"left\"><span style=\"font-family: Liberation Serif\">3,6\u00b0 \u00d7 3,6\u00b0<\/span><\/td>\n<\/tr>\n<tr>\n<td align=\"left\" height=\"32\"><span style=\"font-family: Liberation Serif\">Kijelz\u0151 felbont\u00e1sa<\/span><\/td>\n<td colspan=\"2\" align=\"left\"><span style=\"font-family: Liberation Serif\">800 \u00d7 800 px<\/span><\/td>\n<\/tr>\n<tr>\n<td align=\"left\" height=\"17\"><span style=\"font-family: Liberation Serif\">Wi-fi<\/span><\/td>\n<td colspan=\"2\" align=\"left\"><span style=\"font-family: Liberation Serif\">Igen<\/span><\/td>\n<\/tr>\n<tr>\n<td align=\"left\" height=\"32\"><span style=\"font-family: Liberation Serif\">Digit\u00e1lis zoom<\/span><\/td>\n<td colspan=\"2\" align=\"left\"><span style=\"font-family: Liberation Serif\">2\u00d7<\/span><\/td>\n<\/tr>\n<tr>\n<td align=\"left\" height=\"32\"><span style=\"font-family: Liberation Serif\">Dioptri\u00e1s korrekci\u00f3<\/span><\/td>\n<td colspan=\"2\" align=\"left\"><span style=\"font-family: Liberation Serif\">-5D ~ +3D<\/span><\/td>\n<\/tr>\n<tr>\n<td align=\"left\" height=\"47\"><span style=\"font-family: Liberation Serif\">F\u00e9nyk\u00e9p k\u00e9sz\u00edt\u00e9s\u00e9nek lehet\u0151s\u00e9ge<\/span><\/td>\n<td colspan=\"2\" align=\"left\"><span style=\"font-family: Liberation Serif\">Igen<\/span><\/td>\n<\/tr>\n<tr>\n<td align=\"left\" height=\"47\"><span style=\"font-family: Liberation Serif\">Vide\u00f3 k\u00e9sz\u00edt\u00e9s\u00e9nek lehet\u0151s\u00e9ge<\/span><\/td>\n<td colspan=\"2\" align=\"left\"><span style=\"font-family: Liberation Serif\">Igen<\/span><\/td>\n<\/tr>\n<tr>\n<td align=\"left\" height=\"32\"><span style=\"font-family: Liberation Serif\">V\u00e9delmi fokozat<\/span><\/td>\n<td colspan=\"2\" align=\"left\"><span style=\"font-family: Liberation Serif\">IP67<\/span><\/td>\n<\/tr>\n<tr>\n<td align=\"left\" height=\"17\"><span style=\"font-family: Liberation Serif\">Mem\u00f3ria<\/span><\/td>\n<td colspan=\"2\" align=\"left\"><span style=\"font-family: Liberation Serif\">microSD, 128 GB<\/span><\/td>\n<\/tr>\n<tr>\n<td align=\"left\" height=\"32\"><span style=\"font-family: Liberation Serif\">\u00dczemi h\u0151m\u00e9rs\u00e9klet<\/span><\/td>\n<td colspan=\"2\" align=\"left\"><span style=\"font-family: Liberation Serif\">-20 \u00b0C \u00e9s 50 \u00b0C k\u00f6z\u00f6tt<\/span><\/td>\n<\/tr>\n<tr>\n<td align=\"left\" height=\"17\"><span style=\"font-family: Liberation Serif\">Akkumul\u00e1tor<\/span><\/td>\n<td colspan=\"2\" align=\"left\"><span style=\"font-family: Liberation Serif\">1\u00d7 Li-ion 21700<\/span><\/td>\n<\/tr>\n<tr>\n<td align=\"left\" height=\"17\"><span style=\"font-family: Liberation Serif\">Az akkumul\u00e1tor \u00e9lettartama<\/span><\/td>\n<td colspan=\"2\" align=\"left\"><span style=\"font-family: Liberation Serif\">6 \u00f3ra.<\/span><\/td>\n<\/tr>\n<tr>\n<td align=\"left\" height=\"17\"><span style=\"font-family: Liberation Serif\">S\u00faly<\/span><\/td>\n<td colspan=\"2\" align=\"left\"><span style=\"font-family: Liberation Serif\">800 g<\/span><\/td>\n<\/tr>\n<tr>\n<td align=\"left\" height=\"17\"><span style=\"font-family: Liberation Serif\">M\u00e9retek<\/span><\/td>\n<td colspan=\"2\" align=\"left\"><span style=\"font-family: Liberation Serif\">350 \u00d7 91 \u00d7 95 mm<\/span><\/td>\n<\/tr>\n<\/tbody>\n<\/table>\n<div data-sanitized-data-mce-fragment=\"1\">\n<p><strong>A csomag tartalma:<\/strong><\/p>\n<\/div>\n<ul>\n<li>PARD TD32 LRF 940 nm-es h\u0151kamer\u00e1s f\u00fazi\u00f3s c\u00e9lt\u00e1vcs\u0151<\/li>\n<li>1\u00d7 21700 \u00fajrat\u00f6lthet\u0151 akkumul\u00e1tor<\/li>\n<li>1\u00d7 v\u00e9d\u0151 neopr\u00e9n bor\u00edt\u00e1s<\/li>\n<li>1\u00d7 r\u00f6gz\u00edt\u0151gy\u0171r\u0171 (30 mm)<\/li>\n<li>1\u00d7 USB-C k\u00e1bel<\/li>\n<li>1\u00d7 f\u0171z\u0151lyuk<\/li>\n<li>Cseh \u00e9s szlov\u00e1k nyelv\u0171 utas\u00edt\u00e1sok<\/li>\n<\/ul>\n<p>Hivatalos m\u00e1rkaoldal: <a href=\"https:\/\/pard.com\/store\/td32-multispectral-riflescope\/\">https:\/\/pard.com\/store\/td32-multispectral-riflescope\/<\/a><\/p>","protected":false},"excerpt":{"rendered":"<ul>\n<li>H\u0151kamer\u00e1s \u00e9rz\u00e9kel\u0151: 384 \u00d7 288 px, 12um.<\/li>\n<li>A h\u0151k\u00e9p\u00e9rz\u00e9kel\u0151 \u00e9rz\u00e9kenys\u00e9ge \u2264 25 mK.<\/li>\n<li>Optikai modul az \u00e9jszakai l\u00e1t\u00e1shoz: 1 920 \u00d7 1 080 px.<\/li>\n<li>Infravet\u0151: 940 nm.<\/li>\n<li>Objekt\u00edv: 35\/50 mm.<\/li>\n<li>\u00c9rz\u00e9kel\u00e9si t\u00e1vols\u00e1g: 1 400\/350 m.<\/li>\n<li>Optikai nagy\u00edt\u00e1s: 3\u00d7 \u00e9s 5\u00d7.<\/li>\n<li>Digit\u00e1lis zoom: 2\u00d7.<\/li>\n<li>Kerek kijelz\u0151: 800 \u00d7 800 px.<\/li>\n<li>Takar\u00e9kos \u00fczemm\u00f3d (alv\u00f3 \u00fczemm\u00f3d).<\/li>\n<li>Az akkumul\u00e1tor \u00e9lettartama: 6 \u00f3ra.<\/li>\n<\/ul>","protected":false},"featured_media":3817,"template":"","meta":{"_gspb_post_css":""},"product_brand":[308],"product_cat":[145,21,331,144,329],"product_tag":[347,325,229,311,362],"class_list":{"0":"post-3676","1":"product","2":"type-product","3":"status-publish","4":"has-post-thumbnail","6":"product_brand-pard","7":"product_cat-nocne-videnie","8":"product_cat-optika","9":"product_cat-puskohlady-s-nocnym-videnim","10":"product_cat-termovizie","11":"product_cat-termovizne-puskohlady","12":"product_tag-laserovy-dialkomer","13":"product_tag-nocne-videnie","14":"product_tag-pard","15":"product_tag-termovizia","16":"product_tag-termovizny-puskohlad","18":"first","19":"instock","20":"taxable","21":"shipping-taxable","22":"purchasable","23":"product-type-simple"},"ct_brands":[{"id":308,"name":"Pard","slug":"pard"}],"_links":{"self":[{"href":"https:\/\/zbranebudai.sk\/hu\/wp-json\/wp\/v2\/product\/3676","targetHints":{"allow":["GET"]}}],"collection":[{"href":"https:\/\/zbranebudai.sk\/hu\/wp-json\/wp\/v2\/product"}],"about":[{"href":"https:\/\/zbranebudai.sk\/hu\/wp-json\/wp\/v2\/types\/product"}],"wp:featuredmedia":[{"embeddable":true,"href":"https:\/\/zbranebudai.sk\/hu\/wp-json\/wp\/v2\/media\/3817"}],"wp:attachment":[{"href":"https:\/\/zbranebudai.sk\/hu\/wp-json\/wp\/v2\/media?parent=3676"}],"wp:term":[{"taxonomy":"product_brand","embeddable":true,"href":"https:\/\/zbranebudai.sk\/hu\/wp-json\/wp\/v2\/product_brand?post=3676"},{"taxonomy":"product_cat","embeddable":true,"href":"https:\/\/zbranebudai.sk\/hu\/wp-json\/wp\/v2\/product_cat?post=3676"},{"taxonomy":"product_tag","embeddable":true,"href":"https:\/\/zbranebudai.sk\/hu\/wp-json\/wp\/v2\/product_tag?post=3676"}],"curies":[{"name":"wp","href":"https:\/\/api.w.org\/{rel}","templated":true}]}}