{"id":3637,"date":"2025-02-01T21:03:46","date_gmt":"2025-02-01T19:03:46","guid":{"rendered":"https:\/\/zbranebudai.sk\/?post_type=product&#038;p=3637"},"modified":"2025-08-31T03:54:31","modified_gmt":"2025-08-31T01:54:31","slug":"pard-ts31-25mm-lrf-hokamera-celtavcso","status":"publish","type":"product","link":"https:\/\/zbranebudai.sk\/hu\/product\/pard-ts31-25mm-lrf-hokamera-celtavcso\/","title":{"rendered":"Pard TS31 25mm LRF h\u0151kamer\u00e1s c\u00e9lt\u00e1vcs\u0151 l\u00e9zeres t\u00e1vols\u00e1gm\u00e9r\u0151vel"},"content":{"rendered":"<p><strong>Pard TS31 25mm LRF h\u0151kamer\u00e1s c\u00e9lt\u00e1vcs\u0151 l\u00e9zeres t\u00e1vols\u00e1gm\u00e9r\u0151vel<\/strong><\/p>\n<p>A gy\u00e1rt\u00f3 Pard egy \u00fajdons\u00e1got hoz egy olyan testben, amelyet m\u00e1r ismer az \u00e9jjell\u00e1t\u00f3 iparb\u00f3l, mint a DS35 c\u00e9lt\u00e1vcs\u0151.\u00a0<strong>\u00daj Pard TS31<\/strong>\u00a0<strong>LRF<\/strong>\u00a0kerek kijelz\u0151vel rendelkezik, amely k\u00e9nyelmes a szemnek, \u00e9s k\u00f6nny\u0171 duralum\u00ednium testtel rendelkezik. Eleg\u00e1ns k\u00e9sz\u00fcl\u00e9k, amely az \u00d6n ig\u00e9nyeinek megfelel\u0151 lencs\u00e9k nagy v\u00e1laszt\u00e9k\u00e1val rendelkezik.<\/p>\n<ul>\n<li>L\u00e9zeres t\u00e1vols\u00e1gm\u00e9r\u0151<\/li>\n<li>Kerek kijelz\u0151<\/li>\n<li>Ultrak\u00f6nny\u0171 duralumin test<\/li>\n<li>384 x 288 px felbont\u00e1s\u00fa \u00e9rz\u00e9kel\u0151<\/li>\n<li>H\u0151m\u00e9rs\u00e9kleti \u00e9rz\u00e9kenys\u00e9g 35 mK<\/li>\n<li>\u00c9rz\u00e9kel\u00e9s 1700 m\u00e9terig*<\/li>\n<\/ul>\n<p><strong>Pard TS31 LRF h\u0151kamer\u00e1s c\u00e9lt\u00e1vcs\u0151<\/strong>\u00a0van\u00a0<strong>384 \u00d7 288 px \u00e9rz\u00e9kel\u0151<\/strong>amely a\u00a0<strong>h\u0151\u00e9rz\u00e9kenys\u00e9g NETD \u2264 35 mK<\/strong>\u00a0hihetetlen\u00fcl tiszta \u00e9s r\u00e9szletgazdag k\u00e9peket k\u00edn\u00e1l.<\/p>\n<p>Objekt\u00edvek \u00e9s f\u00f3kuszt\u00e1vols\u00e1gok k\u00f6z\u00fcl lehet v\u00e1lasztani\u00a0<strong>25, 35 \u00e9s 45 mm<\/strong>.\u00a0<strong>\u00c9rz\u00e9kel\u00e9si t\u00e1vols\u00e1g*<\/strong>\u00a0a v\u00e1lasztott objekt\u00edvt\u0151l f\u00fcgg -\u00a0<strong>1 100, 1 400 \u00e9s 1 700 m\u00e9terig\u00a0<\/strong>\u00e9s ez a v\u00e1ltozat l\u00e9zeres t\u00e1vols\u00e1gm\u00e9r\u0151vel is rendelkezik.<\/p>\n<p>Kiv\u00e9teles k\u00e9pet biztos\u00edt\u00a0<strong>Kerek IPS LCD kijelz\u0151 800 \u00d7 800 px felbont\u00e1ssal<\/strong>amely egy klasszikus c\u00e9lt\u00e1vcs\u0151 \u00e9lm\u00e9ny\u00e9t \u00e9s maxim\u00e1lis l\u00e1t\u00f3mez\u0151t biztos\u00edt. Ez a kijelz\u0151 tiszta, kontrasztgazdag k\u00e9pet biztos\u00edt, \u00e9s extra sz\u00e9les l\u00e1t\u00f3mez\u0151vel rendelkezik a jobb \u00e1ttekint\u00e9s \u00e9rdek\u00e9ben. A n\u00e9zeget\u00e9st m\u00e9g term\u00e9szetesebb\u00e9 teszi a gyors reakci\u00f3, mintha egy hagyom\u00e1nyos nappali t\u00e1vcs\u00f6v\u00f6n kereszt\u00fcl n\u00e9zn\u00e9.<\/p>\n<p>Emellett 7 megjelen\u00edt\u00e9si m\u00f3dot (White Hot, Black Hot, Red Hot, Fusion 1, Fusion 2, Iron Red 1, Iron Red 2) \u00e9s h\u00e1rom megjelen\u00edt\u00e9si jelenet (City, Rain, Forest) k\u00f6z\u00fcl v\u00e1laszthat.<\/p>\n<p>Egy legfeljebb 128 GB-os microSD-k\u00e1rtya (nem tartoz\u00e9k) telep\u00edt\u00e9s\u00e9vel a k\u00f6vetkez\u0151 lehet\u0151s\u00e9geket biztos\u00edthatja\u00a0<strong>Retrieved from<\/strong>\u00a0<strong>f\u00e9nyk\u00e9pek \u00e9s<\/strong>\u00a0<strong>vide\u00f3k<\/strong>.<strong>\u00a0<\/strong>A puskat\u00e1vcs\u0151 nagyon hasznos funkci\u00f3ja az is.<strong>\u00a0automatikus felv\u00e9tel a felv\u00e9tel ut\u00e1n<\/strong>\u00a0\u00e9s a r\u00f6gz\u00edtett felv\u00e9telek azonnali megtekint\u00e9s\u00e9nek vagy t\u00f6rl\u00e9s\u00e9nek lehet\u0151s\u00e9ge. A k\u00e9sz\u00fcl\u00e9ket az USB-C kimeneten kereszt\u00fcl csatlakoztathatja sz\u00e1m\u00edt\u00f3g\u00e9phez.<\/p>\n<p>A t\u00e1vcs\u0151 az IP67-es v\u00e9delmi fokozatnak k\u00f6sz\u00f6nhet\u0151en tart\u00f3s (v\u00edzbe mer\u00fcl\u00e9s elleni v\u00e9delem, 30 perces mer\u00edt\u00e9s 1 m\u00e9teres m\u00e9lys\u00e9gig). A t\u00e1pell\u00e1t\u00e1sr\u00f3l egy \u00fajrat\u00f6lthet\u0151 18650-es akkumul\u00e1tor gondoskodik, 6 \u00f3r\u00e1s \u00fczemid\u0151vel. Az alv\u00f3 \u00fczemm\u00f3dnak k\u00f6sz\u00f6nhet\u0151en takar\u00e9koskodik az akkumul\u00e1torral, \u00e9s lehet\u0151s\u00e9g van power bank csatlakoztat\u00e1s\u00e1ra.<\/p>\n<table border=\"0\" cellspacing=\"0\">\n<colgroup span=\"4\" width=\"85\"><\/colgroup>\n<tbody>\n<tr>\n<td align=\"left\" height=\"17\"><span style=\"font-family: Liberation Serif\">\u00c9rz\u00e9kel\u0151<\/span><\/td>\n<td colspan=\"3\" align=\"left\"><span style=\"font-family: Liberation Serif\">384 \u00d7 288 px<\/span><\/td>\n<\/tr>\n<tr>\n<td align=\"left\" height=\"32\"><span style=\"font-family: Liberation Serif\">H\u0151\u00e9rz\u00e9kenys\u00e9g<\/span><\/td>\n<td colspan=\"3\" align=\"left\"><span style=\"font-family: Liberation Serif\">\u2264 35 mK<\/span><\/td>\n<\/tr>\n<tr>\n<td align=\"left\" height=\"32\"><span style=\"font-family: Liberation Serif\">Kijelz\u0151 felbont\u00e1sa<\/span><\/td>\n<td colspan=\"3\" align=\"left\"><span style=\"font-family: Liberation Serif\">800 \u00d7 800 px<\/span><\/td>\n<\/tr>\n<tr>\n<td align=\"left\" height=\"17\"><span style=\"font-family: Liberation Serif\">Wi-fi<\/span><\/td>\n<td colspan=\"3\" align=\"left\"><span style=\"font-family: Liberation Serif\">Igen<\/span><\/td>\n<\/tr>\n<tr>\n<td align=\"left\" height=\"17\"><span style=\"font-family: Liberation Serif\">Objekt\u00edv<\/span><\/td>\n<td align=\"left\"><span style=\"font-family: Liberation Serif\">25 mm<\/span><\/td>\n<td align=\"left\"><span style=\"font-family: Liberation Serif\">35 mm<\/span><\/td>\n<td align=\"left\"><span style=\"font-family: Liberation Serif\">\u00a045 mm<\/span><\/td>\n<\/tr>\n<tr>\n<td align=\"left\" height=\"17\"><span style=\"font-family: Liberation Serif\">\u00c9rz\u00e9kel\u00e9s<\/span><\/td>\n<td align=\"left\"><span style=\"font-family: Liberation Serif\">1 100 m\u00a0<\/span><\/td>\n<td align=\"left\"><span style=\"font-family: Liberation Serif\">1 400 m<\/span><\/td>\n<td align=\"left\"><span style=\"font-family: Liberation Serif\">1 700 m<\/span><\/td>\n<\/tr>\n<tr>\n<td align=\"left\" height=\"32\"><span style=\"font-family: Liberation Serif\">Optikai nagy\u00edt\u00e1s<\/span><\/td>\n<td align=\"left\"><span style=\"font-family: Liberation Serif\">2,2x<\/span><\/td>\n<td align=\"left\"><span style=\"font-family: Liberation Serif\">3\u00d7<\/span><\/td>\n<td align=\"left\"><span style=\"font-family: Liberation Serif\">4x<\/span><\/td>\n<\/tr>\n<tr>\n<td align=\"left\" height=\"17\"><span style=\"font-family: Liberation Serif\">L\u00e1t\u00f3mez\u0151<\/span><\/td>\n<td align=\"left\"><span style=\"font-family: Liberation Serif\">7,9\u00b0 \u00d7 7,9\u00b0\u00a0<\/span><\/td>\n<td align=\"left\"><span style=\"font-family: Liberation Serif\">5,6\u00b0 \u00d7 5,6\u00b0<\/span><\/td>\n<td align=\"left\"><span style=\"font-family: Liberation Serif\">4,4\u00b0 \u00d7 4,4\u00b0<\/span><\/td>\n<\/tr>\n<tr>\n<td align=\"left\" height=\"32\"><span style=\"font-family: Liberation Serif\">Digit\u00e1lis zoom<\/span><\/td>\n<td colspan=\"3\" align=\"left\"><span style=\"font-family: Liberation Serif\">6x<\/span><\/td>\n<\/tr>\n<tr>\n<td align=\"left\" height=\"32\"><span style=\"font-family: Liberation Serif\">Dioptri\u00e1s korrekci\u00f3<\/span><\/td>\n<td colspan=\"3\" align=\"left\"><span style=\"font-family: Liberation Serif\">-3D ~ +5D<\/span><\/td>\n<\/tr>\n<tr>\n<td align=\"left\" height=\"47\"><span style=\"font-family: Liberation Serif\">F\u00e9nyk\u00e9p k\u00e9sz\u00edt\u00e9s\u00e9nek lehet\u0151s\u00e9ge<\/span><\/td>\n<td colspan=\"3\" align=\"left\"><span style=\"font-family: Liberation Serif\">Igen<\/span><\/td>\n<\/tr>\n<tr>\n<td align=\"left\" height=\"47\"><span style=\"font-family: Liberation Serif\">Vide\u00f3 k\u00e9sz\u00edt\u00e9s\u00e9nek lehet\u0151s\u00e9ge<\/span><\/td>\n<td colspan=\"3\" align=\"left\"><span style=\"font-family: Liberation Serif\">Igen<\/span><\/td>\n<\/tr>\n<tr>\n<td align=\"left\" height=\"32\"><span style=\"font-family: Liberation Serif\">V\u00e9delmi fokozat<\/span><\/td>\n<td colspan=\"3\" align=\"left\"><span style=\"font-family: Liberation Serif\">IP67<\/span><\/td>\n<\/tr>\n<tr>\n<td align=\"left\" height=\"17\"><span style=\"font-family: Liberation Serif\">Mem\u00f3ria<\/span><\/td>\n<td colspan=\"3\" align=\"left\"><span style=\"font-family: Liberation Serif\">microSD, 128 GB<\/span><\/td>\n<\/tr>\n<tr>\n<td align=\"left\" height=\"32\"><span style=\"font-family: Liberation Serif\">\u00dczemi h\u0151m\u00e9rs\u00e9klet<\/span><\/td>\n<td colspan=\"3\" align=\"left\"><span style=\"font-family: Liberation Serif\">-20 \u00b0C \u00e9s 50 \u00b0C k\u00f6z\u00f6tt<\/span><\/td>\n<\/tr>\n<tr>\n<td align=\"left\" height=\"17\"><span style=\"font-family: Liberation Serif\">Akkumul\u00e1torok<\/span><\/td>\n<td colspan=\"3\" align=\"left\"><span style=\"font-family: Liberation Serif\">1x \u00fajrat\u00f6lthet\u0151 18650<\/span><\/td>\n<\/tr>\n<tr>\n<td align=\"left\" height=\"17\"><span style=\"font-family: Liberation Serif\">Az akkumul\u00e1tor \u00e9lettartama<\/span><\/td>\n<td colspan=\"3\" align=\"left\"><span style=\"font-family: Liberation Serif\">6 \u00f3ra.<\/span><\/td>\n<\/tr>\n<tr>\n<td align=\"left\" height=\"17\"><span style=\"font-family: Liberation Serif\">S\u00faly:<\/span><\/td>\n<td colspan=\"3\" align=\"left\"><span style=\"font-family: Liberation Serif\">680 g<\/span><\/td>\n<\/tr>\n<tr>\n<td align=\"left\" height=\"17\"><span style=\"font-family: Liberation Serif\">M\u00e9retek<\/span><\/td>\n<td colspan=\"3\" align=\"left\"><span style=\"font-family: Liberation Serif\">350 \u00d7 88 \u00d7 95 mm<\/span><\/td>\n<\/tr>\n<\/tbody>\n<\/table>\n<p><strong>A csomag tartalma:<\/strong><\/p>\n<ul>\n<li>PARD TS31 LRF h\u0151kamer\u00e1s c\u00e9lt\u00e1vcs\u0151<\/li>\n<li>1\u00d7 18650 \u00fajrat\u00f6lthet\u0151 akkumul\u00e1tor<\/li>\n<li>1\u00d7 v\u00e9d\u0151 neopr\u00e9n bor\u00edt\u00e1s<\/li>\n<li>1\u00d7 r\u00f6gz\u00edt\u0151gy\u0171r\u0171 (30 mm)<\/li>\n<li>1\u00d7 USB-C k\u00e1bel<\/li>\n<li>1\u00d7 f\u0171z\u0151lyuk<\/li>\n<li>Cseh \u00e9s szlov\u00e1k nyelv\u0171 utas\u00edt\u00e1sok<\/li>\n<\/ul>\n<p>Hivatalos m\u00e1rkaoldal: <a href=\"https:\/\/pard.com\/europe\/ts31-62-lrf\/\">https:\/\/pard.com\/europe\/ts31-62-lrf\/<\/a><\/p>","protected":false},"excerpt":{"rendered":"<ul>\n<li>\u00c9rz\u00e9kel\u0151: 384 \u00d7 288 px, 12um.<\/li>\n<li>Objekt\u00edv: 25.<\/li>\n<li>A h\u0151k\u00e9p\u00e9rz\u00e9kel\u0151 \u00e9rz\u00e9kenys\u00e9ge \u2264 35 mK.<\/li>\n<li>\u00c9rz\u00e9kel\u00e9si t\u00e1vols\u00e1g: 1 100 m.<\/li>\n<li>Optikai nagy\u00edt\u00e1s: 2,2x.<\/li>\n<li>Digit\u00e1lis zoom: ak\u00e1r 6\u00d7.<\/li>\n<li>Kerek kijelz\u0151: 800 \u00d7 800 px.<\/li>\n<li>Takar\u00e9kos \u00fczemm\u00f3d (alv\u00f3 \u00fczemm\u00f3d).<\/li>\n<li>Az akkumul\u00e1tor \u00e9lettartama: 6 \u00f3ra.<\/li>\n<li>Teljes\u00edtm\u00e9ny: 1x \u00fajrat\u00f6lthet\u0151 18650-es akkumul\u00e1tor.<\/li>\n<\/ul>","protected":false},"featured_media":3759,"template":"","meta":{"_gspb_post_css":""},"product_brand":[308],"product_cat":[21,144,329],"product_tag":[347,229,311,362],"class_list":{"0":"post-3637","1":"product","2":"type-product","3":"status-publish","4":"has-post-thumbnail","6":"product_brand-pard","7":"product_cat-optika","8":"product_cat-termovizie","9":"product_cat-termovizne-puskohlady","10":"product_tag-laserovy-dialkomer","11":"product_tag-pard","12":"product_tag-termovizia","13":"product_tag-termovizny-puskohlad","15":"first","16":"instock","17":"taxable","18":"shipping-taxable","19":"purchasable","20":"product-type-simple"},"ct_brands":[{"id":308,"name":"Pard","slug":"pard"}],"_links":{"self":[{"href":"https:\/\/zbranebudai.sk\/hu\/wp-json\/wp\/v2\/product\/3637","targetHints":{"allow":["GET"]}}],"collection":[{"href":"https:\/\/zbranebudai.sk\/hu\/wp-json\/wp\/v2\/product"}],"about":[{"href":"https:\/\/zbranebudai.sk\/hu\/wp-json\/wp\/v2\/types\/product"}],"wp:featuredmedia":[{"embeddable":true,"href":"https:\/\/zbranebudai.sk\/hu\/wp-json\/wp\/v2\/media\/3759"}],"wp:attachment":[{"href":"https:\/\/zbranebudai.sk\/hu\/wp-json\/wp\/v2\/media?parent=3637"}],"wp:term":[{"taxonomy":"product_brand","embeddable":true,"href":"https:\/\/zbranebudai.sk\/hu\/wp-json\/wp\/v2\/product_brand?post=3637"},{"taxonomy":"product_cat","embeddable":true,"href":"https:\/\/zbranebudai.sk\/hu\/wp-json\/wp\/v2\/product_cat?post=3637"},{"taxonomy":"product_tag","embeddable":true,"href":"https:\/\/zbranebudai.sk\/hu\/wp-json\/wp\/v2\/product_tag?post=3637"}],"curies":[{"name":"wp","href":"https:\/\/api.w.org\/{rel}","templated":true}]}}