{"id":3605,"date":"2025-02-01T21:02:53","date_gmt":"2025-02-01T19:02:53","guid":{"rendered":"https:\/\/zbranebudai.sk\/?post_type=product&#038;p=3605"},"modified":"2025-08-31T03:54:31","modified_gmt":"2025-08-31T01:54:31","slug":"hikmicro-vedelemmel-18650-3200mah-li-ion-36v-akkumulator","status":"publish","type":"product","link":"https:\/\/zbranebudai.sk\/hu\/product\/hikmicro-akkumulator-vedelemmel-18650-3200mah-li-ion-36v\/","title":{"rendered":"HIKMICRO akkumul\u00e1tor v\u00e9delemmel, 18650, 3 200 mAh Li-ion, 3,6 V"},"content":{"rendered":"<p>N\u00e1hradn\u00e1 nab\u00edjacia Li-Ion bat\u00e9ria Hikmicro 3 200\u00a0mAh 18650 (HM-3633DC), Li-ion, 3,6\u00a0V (vr\u00e1tane ochrann\u00e9ho obvodu) pre pr\u00edstroje Pard a Hikmicro<\/p>\n<p><strong><u>Parametre<\/u><\/strong><\/p>\n<ul>\n<li>je ur\u010den\u00e1 na pou\u017eitie v dob\u00edjac\u00edch svietidl\u00e1ch a elektronick\u00fdch zariadeniach.<\/li>\n<li>mo\u017eno nab\u00edja\u0165 vn\u00fatri zariadenia pomocou zabudovanej nab\u00edja\u010dky alebo externe pomocou \u0161peci\u00e1lnej nab\u00edja\u010dky<\/li>\n<li>Li-ion bat\u00e9ria<\/li>\n<li>kapacita 3 200 mAh<\/li>\n<li>vr\u00e1tane ochrann\u00e9ho obvodu<\/li>\n<li>ochrana proti prebitiu, vybitiu, preb\u00edjaniu a skratu<\/li>\n<\/ul>\n<p><span lang=\"cs\"><span title=\"9. Over 500 charge-discharge cycles\n\n\"><span title=\"Seiko (made in Japan) Protection \/ PCB mit Kurzschluss-, \u00dcberladung- und Tiefentladung Schutz\n\"><span title=\"Hochwertige Zelle mit langer Lebensdauer und hoher Zyklenfestigkeit\n\"><span title=\"Gewicht\t\t49g \u00b1 1\n\"><span data-darkreader-inline-color=\"\"><strong><u>Pozor<\/u><\/strong><\/span><\/span><\/span><\/span><\/span><\/span><\/p>\n<ul>\n<li><span lang=\"cs\"><span title=\"9. Over 500 charge-discharge cycles\n\n\"><span title=\"Seiko (made in Japan) Protection \/ PCB mit Kurzschluss-, \u00dcberladung- und Tiefentladung Schutz\n\"><span title=\"Hochwertige Zelle mit langer Lebensdauer und hoher Zyklenfestigkeit\n\"><span title=\"Gewicht\t\t49g \u00b1 1\n\">u<span id=\"result_box\" lang=\"cs\"><span title=\"Bitte beachten Sie, dass entfernen bzw. besch\u00e4digen der Schutzelektronik (PCB) zu einen Kurzschluss, Brandentwicklung oder Explosion f\u00fchren kann.\n\n\">Upozor\u0148ujeme, \u017ee odstr\u00e1nenie alebo po\u0161kodenie ochrann\u00e9ho obalu (PCB) vedie\u00a0ku skratu, po\u017eiaru alebo v\u00fdbuchu<\/span><\/span><\/span><\/span><\/span><\/span><\/span><\/li>\n<li><span lang=\"cs\"><span title=\"9. Over 500 charge-discharge cycles\n\n\"><span title=\"Seiko (made in Japan) Protection \/ PCB mit Kurzschluss-, \u00dcberladung- und Tiefentladung Schutz\n\"><span title=\"Hochwertige Zelle mit langer Lebensdauer und hoher Zyklenfestigkeit\n\"><span title=\"Gewicht\t\t49g \u00b1 1\n\"><span id=\"result_box\" lang=\"cs\"><span title=\"Bitte beachten Sie, dass entfernen bzw. besch\u00e4digen der Schutzelektronik (PCB) zu einen Kurzschluss, Brandentwicklung oder Explosion f\u00fchren kann.\n\n\">nevhodn\u00e9 pre deti<\/span><\/span><\/span><\/span><\/span><\/span><\/span><\/li>\n<\/ul>\n<div id=\"test_product_longdesc\" data-darkreader-inline-color=\"\">\n<p>&nbsp;<\/p>\n<p><span lang=\"cs\"><span title=\"9. Over 500 charge-discharge cycles\n\n\"><span title=\"Seiko (made in Japan) Protection \/ PCB mit Kurzschluss-, \u00dcberladung- und Tiefentladung Schutz\n\"><span title=\"Hochwertige Zelle mit langer Lebensdauer und hoher Zyklenfestigkeit\n\"><span title=\"Gewicht\t\t49g \u00b1 1\n\"><span title=\"Bitte beachten Sie, dass entfernen bzw. besch\u00e4digen der Schutzelektronik (PCB) zu einen Kurzschluss, Brandentwicklung oder Explosion f\u00fchren kann.\n\n\"><strong id=\"test_specsHeader\" class=\"boxhead attributes self-contained\">\u0160pecifik\u00e1cie:<\/strong><\/span><\/span><\/span><\/span><\/span><\/span><\/p>\n<div class=\"box attributes self-contained\">\n<table class=\"attributes\" border=\"1\">\n<colgroup>\n<col class=\"icon\" \/>\n<col class=\"title\" \/>\n<col class=\"value\" \/><\/colgroup>\n<tbody>\n<tr id=\"433cb710161c2916ed134081dba57\">\n<td id=\"test_attrTitle_1\" class=\"title\"><strong>\u00a0Nap\u00e4tie [V]:<\/strong><\/td>\n<td id=\"test_attrValue_1\" class=\"value\">3,7 V (3,6 V)<\/td>\n<\/tr>\n<tr id=\"40969e475c6cb32ce9764e0eed2e8\">\n<td id=\"test_attrTitle_2\" class=\"title\"><strong>\u00a0Mo\u017enos\u0165 dob\u00edjania:<\/strong><\/td>\n<td id=\"test_attrValue_2\" class=\"value\">\u00c1NO<\/td>\n<\/tr>\n<tr id=\"4ba525cb9eba82c755c4861c223fd\">\n<td id=\"test_attrTitle_3\" class=\"title\"><strong>\u00a0Rozmery (priemer \u00d7 v\u00fd\u0161ka):<\/strong><\/td>\n<td id=\"test_attrValue_3\" class=\"value\">18,5 mm \u00d7 68,8 mm<\/td>\n<\/tr>\n<tr id=\"6e1af52a88a187f8bce2b5e4ef892\">\n<td id=\"test_attrTitle_4\" class=\"title\"><strong>\u00a0Chemick\u00e9 zlo\u017eenie:<\/strong><\/td>\n<td id=\"test_attrValue_4\" class=\"value\">Li-Ion<\/td>\n<\/tr>\n<tr id=\"7a568dd7b18c13e1f6d1a402b043c\">\n<td id=\"test_attrTitle_5\" class=\"title\"><strong>\u00a0Kapacita [mAh]:<\/strong><\/td>\n<td id=\"test_attrValue_5\" class=\"value\">3 200 mAh<\/td>\n<\/tr>\n<tr id=\"50a3fc61d136bd2409a7e5b2dba10\">\n<td id=\"test_attrTitle_6\" class=\"title\"><strong>\u00a0Zna\u010dka:<\/strong><\/td>\n<td id=\"test_attrValue_6\" class=\"value\">Hikmicro<\/td>\n<\/tr>\n<tr id=\"28d5cc3442086060b9062abb0f52f\">\n<td id=\"test_attrTitle_7\" class=\"title\"><strong>\u00a0Z\u00e1ruka (mesiace\/rok):<\/strong><\/td>\n<td id=\"test_attrValue_7\" class=\"value\">24\/2<\/td>\n<\/tr>\n<tr id=\"681006746a83bdb122a22fa58a4ce\">\n<td id=\"test_attrTitle_8\" class=\"title\"><strong>\u00a0Balenie:<\/strong><\/td>\n<td id=\"test_attrValue_8\" class=\"value\">Origin\u00e1lne balenie v plastovej \u0161katu\u013eke, 1 ks bat\u00e9rie!<\/td>\n<\/tr>\n<\/tbody>\n<\/table>\n<\/div>\n<\/div>\n","protected":false},"excerpt":{"rendered":"<p>Eredeti \u00fajrat\u00f6lthet\u0151 csereakkumul\u00e1tor\u00a0<strong>Hikmicro\u00a0<\/strong>Hikmicro Gryphon, Panther, Cheetah, Falcon, Raptor \u00e9s Pard NV008P vagy NV007 \u00e9s NV008S modellekhez, meghosszabb\u00edtott elemfed\u00e9llel.<\/p>","protected":false},"featured_media":3742,"template":"","meta":{"_gspb_post_css":""},"product_brand":[315],"product_cat":[21,354],"product_tag":[355,368,150],"class_list":{"0":"post-3605","1":"product","2":"type-product","3":"status-publish","4":"has-post-thumbnail","6":"product_brand-hikmicro","7":"product_cat-optika","8":"product_cat-prislusenstvo","9":"product_tag-akumulator","10":"product_tag-bateria","11":"product_tag-hikmicro","13":"first","14":"instock","15":"taxable","16":"shipping-taxable","17":"purchasable","18":"product-type-simple"},"ct_brands":[{"id":315,"name":"Hikmicro","slug":"hikmicro"}],"_links":{"self":[{"href":"https:\/\/zbranebudai.sk\/hu\/wp-json\/wp\/v2\/product\/3605","targetHints":{"allow":["GET"]}}],"collection":[{"href":"https:\/\/zbranebudai.sk\/hu\/wp-json\/wp\/v2\/product"}],"about":[{"href":"https:\/\/zbranebudai.sk\/hu\/wp-json\/wp\/v2\/types\/product"}],"wp:featuredmedia":[{"embeddable":true,"href":"https:\/\/zbranebudai.sk\/hu\/wp-json\/wp\/v2\/media\/3742"}],"wp:attachment":[{"href":"https:\/\/zbranebudai.sk\/hu\/wp-json\/wp\/v2\/media?parent=3605"}],"wp:term":[{"taxonomy":"product_brand","embeddable":true,"href":"https:\/\/zbranebudai.sk\/hu\/wp-json\/wp\/v2\/product_brand?post=3605"},{"taxonomy":"product_cat","embeddable":true,"href":"https:\/\/zbranebudai.sk\/hu\/wp-json\/wp\/v2\/product_cat?post=3605"},{"taxonomy":"product_tag","embeddable":true,"href":"https:\/\/zbranebudai.sk\/hu\/wp-json\/wp\/v2\/product_tag?post=3605"}],"curies":[{"name":"wp","href":"https:\/\/api.w.org\/{rel}","templated":true}]}}