{"id":3604,"date":"2025-02-01T21:02:53","date_gmt":"2025-02-01T19:02:53","guid":{"rendered":"https:\/\/zbranebudai.sk\/?post_type=product&#038;p=3604"},"modified":"2025-08-31T03:54:31","modified_gmt":"2025-08-31T01:54:31","slug":"sherelek-hikmicro-alpex-vetohoz-gyorsoldasu","status":"publish","type":"product","link":"https:\/\/zbranebudai.sk\/hu\/product\/szerelek-hikmicro-alpex-vetohoz-gyorsoldasu\/","title":{"rendered":"Hikmicro Alpex Mount a k\u00e9sz\u00fcl\u00e9k megvil\u00e1g\u00edt\u00e1s\u00e1hoz"},"content":{"rendered":"","protected":false},"excerpt":{"rendered":"<p>A tart\u00f3 a Hikmicro Alpex \u00e9s m\u00e1s 30 mm \u00e1tm\u00e9r\u0151j\u0171 c\u00e9lt\u00e1vcs\u00f6vek (pl. PARD DS35) k\u00fcls\u0151 megvil\u00e1g\u00edt\u00f3j\u00e1nak felszerel\u00e9s\u00e9re szolg\u00e1l.<\/p>","protected":false},"featured_media":3740,"template":"","meta":{"_gspb_post_css":""},"product_brand":[315],"product_cat":[21,354],"product_tag":[150,381,379],"class_list":{"0":"post-3604","1":"product","2":"type-product","3":"status-publish","4":"has-post-thumbnail","6":"product_brand-hikmicro","7":"product_cat-optika","8":"product_cat-prislusenstvo","9":"product_tag-hikmicro","10":"product_tag-montaz","11":"product_tag-prisvit","13":"first","14":"instock","15":"taxable","16":"shipping-taxable","17":"purchasable","18":"product-type-simple"},"ct_brands":[{"id":315,"name":"Hikmicro","slug":"hikmicro"}],"_links":{"self":[{"href":"https:\/\/zbranebudai.sk\/hu\/wp-json\/wp\/v2\/product\/3604","targetHints":{"allow":["GET"]}}],"collection":[{"href":"https:\/\/zbranebudai.sk\/hu\/wp-json\/wp\/v2\/product"}],"about":[{"href":"https:\/\/zbranebudai.sk\/hu\/wp-json\/wp\/v2\/types\/product"}],"wp:featuredmedia":[{"embeddable":true,"href":"https:\/\/zbranebudai.sk\/hu\/wp-json\/wp\/v2\/media\/3740"}],"wp:attachment":[{"href":"https:\/\/zbranebudai.sk\/hu\/wp-json\/wp\/v2\/media?parent=3604"}],"wp:term":[{"taxonomy":"product_brand","embeddable":true,"href":"https:\/\/zbranebudai.sk\/hu\/wp-json\/wp\/v2\/product_brand?post=3604"},{"taxonomy":"product_cat","embeddable":true,"href":"https:\/\/zbranebudai.sk\/hu\/wp-json\/wp\/v2\/product_cat?post=3604"},{"taxonomy":"product_tag","embeddable":true,"href":"https:\/\/zbranebudai.sk\/hu\/wp-json\/wp\/v2\/product_tag?post=3604"}],"curies":[{"name":"wp","href":"https:\/\/api.w.org\/{rel}","templated":true}]}}