{"id":3590,"date":"2025-02-01T21:01:59","date_gmt":"2025-02-01T19:01:59","guid":{"rendered":"https:\/\/zbranebudai.sk\/?post_type=product&#038;p=3590"},"modified":"2025-08-31T03:54:31","modified_gmt":"2025-08-31T01:54:31","slug":"tenosight-infraveto-940-nm","status":"publish","type":"product","link":"https:\/\/zbranebudai.sk\/hu\/product\/tenosight-infraveto-940-nm\/","title":{"rendered":"TenoSight 940 nm-es l\u00e9zervil\u00e1g\u00edt\u00f3"},"content":{"rendered":"<p>A TenoSight els\u0151 term\u00e9ke az L-940 l\u00e9zeres vil\u00e1g\u00edt\u00f3test. B\u00e1r a TenoSight m\u00e1rkan\u00e9v \u00faj, ez garancia a min\u0151s\u00e9gre, mivel a ThermVisia egyik \u00e1ga.<\/p>\n<ul>\n<li>940 nm hull\u00e1mhossz<\/li>\n<li>R\u00f6vid test<\/li>\n<li>Egyszer\u0171 egygombos m\u0171k\u00f6dtet\u00e9s<\/li>\n<li>Id\u0151tartam 2,5 \u00f3ra<\/li>\n<\/ul>\n<p>A 940 nm-es intenzit\u00e1s\u00fa megvil\u00e1g\u00edt\u00e1s ak\u00e1r 200 m\u00e9teres hat\u00f3t\u00e1vols\u00e1got is biztos\u00edt, a teste pedig rep\u00fcl\u0151g\u00e9p-ipari min\u0151s\u00e9g\u0171 alum\u00edniumb\u00f3l k\u00e9sz\u00fclt, amely a tart\u00f3ss\u00e1g \u00e9rdek\u00e9ben v\u00e9d\u0151bevonattal van ell\u00e1tva. Az egyszer\u0171, egygombos m\u0171k\u00f6dtet\u00e9s \u00e9s a LED-kijelz\u0151 egyszer\u0171v\u00e9 \u00e9s intuit\u00edvv\u00e1 teszi a kezel\u00e9st. A vil\u00e1g\u00edt\u00f3test emellett forgathat\u00f3 fejjel rendelkezik, amely lehet\u0151v\u00e9 teszi, hogy a f\u00e9nysug\u00e1r sz\u00e9less\u00e9g\u00e9t pontosan az \u00d6n ig\u00e9nyeihez igaz\u00edtsa.<\/p>\n<p>A l\u00e1mpa egy 18650-es l\u00edtium-ion akkumul\u00e1torral m\u0171k\u00f6dik (nem tartoz\u00e9k), \u00e9s az akkumul\u00e1tor \u00e9lettartama 2,5 \u00f3ra.<\/p>\n<p><strong>2 \u00e9v garanci\u00e1t v\u00e1llalunk, \u00e9s szervizel\u00e9s eset\u00e9n garant\u00e1ljuk a cserek\u00e9sz\u00fcl\u00e9k k\u00f6lcs\u00f6nz\u00e9s\u00e9t.<\/strong><\/p>\n<p><span data-darkreader-inline-color=\"\"><strong>Specifik\u00e1ci\u00f3k:<\/strong><\/span><\/p>\n<table border=\"1\">\n<tbody>\n<tr>\n<td>Hull\u00e1mhossz<\/td>\n<td>940 nm<\/td>\n<\/tr>\n<tr>\n<td>Objekt\u00edv<\/td>\n<td>36 mm<\/td>\n<\/tr>\n<tr>\n<td>Maxim\u00e1lis teljes\u00edtm\u00e9ny<\/td>\n<td>980mW<\/td>\n<\/tr>\n<tr>\n<td>Reach<\/td>\n<td>200 m<\/td>\n<\/tr>\n<tr>\n<td>Anyag<\/td>\n<td>T6061 rep\u00fcl\u0151g\u00e9pipari alum\u00ednium kem\u00e9ny elox\u00e1l\u00e1ssal (v\u00e9d\u0151oxid bevonat)<\/td>\n<\/tr>\n<tr>\n<td>V\u00e9delmi fokozat<\/td>\n<td>IPX6<\/td>\n<\/tr>\n<tr>\n<td>Akkumul\u00e1torok<\/td>\n<td>1\u00d7 18650 Li-ion<\/td>\n<\/tr>\n<tr>\n<td>Az akkumul\u00e1tor \u00e9lettartama<\/td>\n<td>2,5 \u00f3ra.<\/td>\n<\/tr>\n<tr>\n<td>S\u00faly:<\/td>\n<td><span data-darkreader-inline-bgcolor=\"\">136 g<\/span><\/td>\n<\/tr>\n<tr>\n<td>M\u00e9retek<\/td>\n<td>38 \u00d7 25,4 \u00d7 157,5 mm (a fej \u03a6-je \u00d7 a cs\u0151 \u03a6-je \u00d7 a vil\u00e1g\u00edt\u00f3test hossza)<\/td>\n<\/tr>\n<\/tbody>\n<\/table>","protected":false},"excerpt":{"rendered":"<p>L\u00e9zeres megvil\u00e1g\u00edt\u00e1s. Hull\u00e1mhossz: 940 nm. A fej \u00e1tm\u00e9r\u0151je: 38 mm. Egyszer\u0171, egygombos m\u0171k\u00f6dtet\u00e9s. Energiaell\u00e1t\u00e1s: 1x 18650 Li-ion akkumul\u00e1tor (nem tartoz\u00e9k). Az akkumul\u00e1tor \u00e9lettartama: 2,5 \u00f3ra. IPX6 v\u00e9delmi fokozat. Haszn\u00e1lati utas\u00edt\u00e1s cseh \u00e9s szlov\u00e1k nyelven.<\/p>","protected":false},"featured_media":3737,"template":"","meta":{"_gspb_post_css":""},"product_brand":[318],"product_cat":[21,354],"product_tag":[380,379,249],"class_list":{"0":"post-3590","1":"product","2":"type-product","3":"status-publish","4":"has-post-thumbnail","6":"product_brand-tenosight","7":"product_cat-optika","8":"product_cat-prislusenstvo","9":"product_tag-laser","10":"product_tag-prisvit","11":"product_tag-tenosight","13":"first","14":"instock","15":"taxable","16":"shipping-taxable","17":"purchasable","18":"product-type-simple"},"ct_brands":[{"id":318,"name":"Tenosight","slug":"tenosight"}],"_links":{"self":[{"href":"https:\/\/zbranebudai.sk\/hu\/wp-json\/wp\/v2\/product\/3590","targetHints":{"allow":["GET"]}}],"collection":[{"href":"https:\/\/zbranebudai.sk\/hu\/wp-json\/wp\/v2\/product"}],"about":[{"href":"https:\/\/zbranebudai.sk\/hu\/wp-json\/wp\/v2\/types\/product"}],"wp:featuredmedia":[{"embeddable":true,"href":"https:\/\/zbranebudai.sk\/hu\/wp-json\/wp\/v2\/media\/3737"}],"wp:attachment":[{"href":"https:\/\/zbranebudai.sk\/hu\/wp-json\/wp\/v2\/media?parent=3590"}],"wp:term":[{"taxonomy":"product_brand","embeddable":true,"href":"https:\/\/zbranebudai.sk\/hu\/wp-json\/wp\/v2\/product_brand?post=3590"},{"taxonomy":"product_cat","embeddable":true,"href":"https:\/\/zbranebudai.sk\/hu\/wp-json\/wp\/v2\/product_cat?post=3590"},{"taxonomy":"product_tag","embeddable":true,"href":"https:\/\/zbranebudai.sk\/hu\/wp-json\/wp\/v2\/product_tag?post=3590"}],"curies":[{"name":"wp","href":"https:\/\/api.w.org\/{rel}","templated":true}]}}