{"id":3570,"date":"2025-02-01T21:01:11","date_gmt":"2025-02-01T19:01:11","guid":{"rendered":"https:\/\/zbranebudai.sk\/?post_type=product&#038;p=3570"},"modified":"2025-08-31T03:54:31","modified_gmt":"2025-08-31T01:54:31","slug":"pard-ta32-lrf-35-mm-es-hokamera-tavolsagmerovel","status":"publish","type":"product","link":"https:\/\/zbranebudai.sk\/hu\/product\/pard-ta32-lrf-35-mm-hokamera-tavolsagmerovel\/","title":{"rendered":"Pard TA32 LRF 35 mm-es h\u0151kamer\u00e1s monokul\u00e1r"},"content":{"rendered":"<p>Er\u0151s magj\u00e1nak k\u00f6sz\u00f6nhet\u0151en a PARD TA monokul\u00e1r tiszta \u00e9s r\u00e9szletes k\u00e9pet ny\u00fajt m\u00e9g olyan kih\u00edv\u00e1st jelent\u0151 k\u00f6r\u00fclm\u00e9nyek k\u00f6z\u00f6tt is, mint a s\u00f6t\u00e9ts\u00e9g, k\u00f6d, f\u00fcst, por, es\u0151, h\u00f3 vagy erdei aljn\u00f6v\u00e9nyzet. H\u0151kamer\u00e1s \u00e9rz\u00e9kel\u0151je 384 \u00d7 288 px felbont\u00e1s\u00fa \u00e9s \u2264 35 mK h\u0151\u00e9rz\u00e9kenys\u00e9g\u0171. A m\u0171szer rendk\u00edv\u00fcl gyors - a bekapcsol\u00e1st\u00f3l sz\u00e1m\u00edtva mind\u00f6ssze 2 m\u00e1sodperc alatt haszn\u00e1latra k\u00e9sz.<\/p>\n<p>Lencsem\u00e9ret\u0171 v\u00e1ltozatokban kaphat\u00f3 <strong>19 mm, 25 mm \u00e9s 35 mm<\/strong>. Az objekt\u00edv m\u00e9rete befoly\u00e1solja az \u00e9rz\u00e9kel\u00e9si t\u00e1vols\u00e1got*, amely ezekn\u00e9l a modellekn\u00e9l a k\u00f6vetkez\u0151 <strong>800 m, 1100 m \u00e9s 1400 m<\/strong>. \u00dajdons\u00e1g ebben a sorozatban a be\u00e9p\u00edtett l\u00e9zeres t\u00e1vols\u00e1gm\u00e9r\u0151 egy rendk\u00edv\u00fcl kompakt m\u0171szertestben.<\/p>\n<p>A PARD TA monokul\u00e1rok nem csak er\u0151sek, hanem tart\u00f3sak is, amit a v\u00e9delem m\u00e9rt\u00e9ke is meger\u0151s\u00edt. <strong>IP67<\/strong> (v\u00edzbe mer\u00fcl\u00e9s elleni v\u00e9delem - legfeljebb 30 percig 1 m\u00e9teres m\u00e9lys\u00e9gben). Sz\u00e9ls\u0151s\u00e9ges k\u00f6r\u00fclm\u00e9nyek k\u00f6z\u00f6tt t\u00f6rt\u00e9n\u0151 haszn\u00e1latra tervezt\u00e9k, \u00e9s a k\u00f6vetkez\u0151 h\u0151m\u00e9rs\u00e9kleti \u00e9rt\u00e9keket b\u00edrj\u00e1k el <strong>-20\u00b0C \u00e9s +50\u00b0C k\u00f6z\u00f6tt<\/strong>.<\/p>\n<h3>Kiv\u00e1l\u00f3 min\u0151s\u00e9g\u0171 OLED kijelz\u0151 \u00e9s fejlett megjelen\u00edt\u00e9si m\u00f3dok<\/h3>\n<p>A k\u00e9sz\u00fcl\u00e9k a k\u00f6vetkez\u0151kkel van felszerelve <strong>OLED kijelz\u0151 1024 \u00d7 768 px felbont\u00e1ssal<\/strong>amely lehet\u0151v\u00e9 teszi a hossz\u00fa t\u00e1v\u00fa n\u00e9z\u00e9st a szem t\u00falzott meger\u0151ltet\u00e9se n\u00e9lk\u00fcl. A kiv\u00e1l\u00f3 min\u0151s\u00e9g\u0171 OLED kijelz\u0151 m\u00e9g nagyobb t\u00e1vols\u00e1gb\u00f3l is pontos c\u00e9lpont-azonos\u00edt\u00e1st biztos\u00edt.<\/p>\n<p>Aj\u00e1nlatok fel <strong>6 megjelen\u00edt\u00e9si m\u00f3d<\/strong>:<\/p>\n<ul>\n<li><strong>White Hot<\/strong><\/li>\n<li><strong>Black Hot<\/strong><\/li>\n<li><strong>Red Hot<\/strong><\/li>\n<li><strong>Iron Hot<\/strong><\/li>\n<li><strong>Sky<\/strong><\/li>\n<li><strong>Edge<\/strong> (egyedi m\u00f3d, amely kiemeli a t\u00e1rgyak k\u00f6rvonalait a jobb azonos\u00edt\u00e1s \u00e9rdek\u00e9ben)<\/li>\n<\/ul>\n<p>A k\u00e9sz\u00fcl\u00e9k a k\u00f6vetkez\u0151ket tartalmazza <strong>firmware 2022<\/strong>ami jav\u00edtja a k\u00e9pmin\u0151s\u00e9get \u00e9s a r\u00e9szletmegjelen\u00edt\u00e9st (k\u00fcl\u00f6n\u00f6sen a c\u00e9lpont k\u00f6r\u00fcl). Az \u00faj funkci\u00f3k k\u00f6z\u00e9 tartozik a jelenet kiv\u00e1laszt\u00e1sa (<strong>V\u00e1ros, es\u0151, erd\u0151<\/strong>) \u00e9s a sz\u00ednpalett\u00e1k egyszer\u0171bb v\u00e1lt\u00e1sa egy gombnyom\u00e1ssal.<\/p>\n<h3>Vide\u00f3- \u00e9s f\u00e9nyk\u00e9pfelv\u00e9teli lehet\u0151s\u00e9g<\/h3>\n<p>Miut\u00e1n beillesztette <strong>microSD-k\u00e1rty\u00e1k 128 GB-ig<\/strong> (nem tartoz\u00e9k) seg\u00edts\u00e9g\u00e9vel f\u00e9nyk\u00e9peket r\u00f6gz\u00edthet <strong>5 Mpx felbont\u00e1s<\/strong> vagy vide\u00f3kat k\u00e9sz\u00edthet a <strong>felbont\u00e1s 1024 \u00d7 768 px<\/strong>. A r\u00f6gz\u00edtett felv\u00e9teleket b\u00e1rmikor lej\u00e1tszhatja vagy t\u00f6r\u00f6lheti. A  haszn\u00e1lata <strong>USB-C csatlakoz\u00f3<\/strong> a k\u00e9sz\u00fcl\u00e9ket sz\u00e1m\u00edt\u00f3g\u00e9phez lehet csatlakoztatni.<\/p>\n<h3>Hossz\u00fa akkumul\u00e1tor \u00e9lettartam \u00e9s gyors csere<\/h3>\n<p>Az \u00e1ramell\u00e1t\u00e1st a <strong>18650 \u00fajrat\u00f6lthet\u0151 akkumul\u00e1tor<\/strong>amelyet el lehet cser\u00e9lni <strong>2 m\u00e1sodperc<\/strong>. K\u00f6sz\u00f6n\u00f6m <strong>alv\u00f3 \u00fczemm\u00f3d<\/strong> k\u00edm\u00e9li az akkumul\u00e1tort \u00e9s lehet\u0151v\u00e9 teszi <strong>powerbank csatlakoz\u00e1s<\/strong> a hosszabb \u00e9lettartam \u00e9rdek\u00e9ben.<\/p>\n<table dir=\"ltr\" border=\"1\" cellspacing=\"0\" cellpadding=\"0\" data-sheets-root=\"1\" data-sheets-baot=\"1\">\n<colgroup>\n<col width=\"375\" \/>\n<col width=\"437\" \/><\/colgroup>\n<tbody>\n<tr>\n<td>\u00c9rz\u00e9kel\u0151<\/td>\n<td>384 \u00d7 288 px<\/td>\n<\/tr>\n<tr>\n<td>H\u0151\u00e9rz\u00e9kenys\u00e9g<\/td>\n<td>\u2264 35 mK<\/td>\n<\/tr>\n<tr>\n<td>Kijelz\u0151 felbont\u00e1sa<\/td>\n<td>1024 \u00d7 768 px<\/td>\n<\/tr>\n<tr>\n<td>Wi-Fi<\/td>\n<td>Igen<\/td>\n<\/tr>\n<tr>\n<td>Lencse<\/td>\n<td>19 mm \/ 25 mm \/ 35 mm<\/td>\n<\/tr>\n<tr>\n<td>\u00c9rz\u00e9kel\u00e9s<\/td>\n<td>800 m \/ 1100 m \/ 1400 m<\/td>\n<\/tr>\n<tr>\n<td>Optikai nagy\u00edt\u00e1s<\/td>\n<td>2x \/ 2,6x \/ 3,7x<\/td>\n<\/tr>\n<tr>\n<td>L\u00e1t\u00f3mez\u0151<\/td>\n<td>13,8\u00b0 \u00d7 10,4\u00b0 \/ 10,6\u00b0 \u00d7 8\u00b0 \/ 7,5\u00b0 \u00d7 5,7\u00b0<\/td>\n<\/tr>\n<tr>\n<td>Digit\u00e1lis zoom<\/td>\n<td>8x<\/td>\n<\/tr>\n<tr>\n<td>Dioptri\u00e1s korrekci\u00f3<\/td>\n<td>\u00b15<\/td>\n<\/tr>\n<tr>\n<td>F\u00e9nyk\u00e9p felbont\u00e1sa<\/td>\n<td>5 megapixel<\/td>\n<\/tr>\n<tr>\n<td>Vide\u00f3 felbont\u00e1s<\/td>\n<td>1024 \u00d7 768 px<\/td>\n<\/tr>\n<tr>\n<td>V\u00e9delmi fokozat<\/td>\n<td>IP67<\/td>\n<\/tr>\n<tr>\n<td>Mem\u00f3ria<\/td>\n<td>microSD, 128 GB<\/td>\n<\/tr>\n<tr>\n<td>\u00dczemi h\u0151m\u00e9rs\u00e9klet<\/td>\n<td>-20\u00b0C \u00e9s 50\u00b0C k\u00f6z\u00f6tt<\/td>\n<\/tr>\n<tr>\n<td>Akkumul\u00e1tor<\/td>\n<td>1\u00d7 \u00fajrat\u00f6lthet\u0151 18650<\/td>\n<\/tr>\n<tr>\n<td>Az akkumul\u00e1tor \u00e9lettartama<\/td>\n<td>6 \u00f3ra<\/td>\n<\/tr>\n<tr>\n<td>S\u00faly<\/td>\n<td>312 g \/ 330 g \/ 335 g<\/td>\n<\/tr>\n<tr>\n<td>M\u00e9retek<\/td>\n<td>158 \u00d7 73 \u00d7 49 mm \/ 166 \u00d7 73 \u00d7 49 mm \/ 173 \u00d7 73 \u00d7 49 mm<\/td>\n<\/tr>\n<\/tbody>\n<\/table>\n<p><a href=\"https:\/\/pard.com\/store\/ta32-ta62-thermal-monocular\/\">https:\/\/pard.com\/store\/ta32-ta62-thermal-monocular\/<\/a><\/p>","protected":false},"excerpt":{"rendered":"<p>A PARD a vil\u00e1g egyik leginnovat\u00edvabb h\u0151kamer\u00e1s \u00e9s \u00e9jjell\u00e1t\u00f3 rendszerek gy\u00e1rt\u00f3ja. Leg\u00fajabb TA sorozat\u00e1nak h\u0151kamer\u00e1s monokul\u00e1rja kiemelkedik a kompakts\u00e1g\u00e1val, nagy teljes\u00edtm\u00e9ny\u00e9vel \u00e9s kiv\u00e9teles min\u0151s\u00e9g\u00e9vel. A m\u0171szer m\u00e9retei olyan kicsik, hogy sz\u00f3 szerint elf\u00e9r a zseb\u00e9ben - \u00e9s ez a l\u00e9zeres t\u00e1vols\u00e1gm\u00e9r\u0151re is vonatkozik. Kis s\u00faly\u00e1nak k\u00f6sz\u00f6nhet\u0151en a PARD TA az egyik legkisebb h\u0151kamer\u00e1s monokul\u00e1r a piacon.<\/p>\n<p>F\u0151 jellemz\u0151k:<br \/>\nBe\u00e9p\u00edtett l\u00e9zeres t\u00e1vols\u00e1gm\u00e9r\u0151<br \/>\nNagy teljes\u00edtm\u00e9ny\u0171 384 \u00d7 288 px \u00e9rz\u00e9kel\u0151<br \/>\nH\u0151\u00e9rz\u00e9kenys\u00e9g 35 mK<br \/>\n\u00c9rz\u00e9kel\u00e9s 1400 m\u00e9terig<\/p>","protected":false},"featured_media":3710,"template":"","meta":{"_gspb_post_css":""},"product_brand":[308],"product_cat":[21,144,327],"product_tag":[229,378,337],"class_list":{"0":"post-3570","1":"product","2":"type-product","3":"status-publish","4":"has-post-thumbnail","6":"product_brand-pard","7":"product_cat-optika","8":"product_cat-termovizie","9":"product_cat-termovizne-monokulary","10":"product_tag-pard","11":"product_tag-ta32","12":"product_tag-termovizny-monokular","14":"first","15":"instock","16":"taxable","17":"shipping-taxable","18":"purchasable","19":"product-type-simple"},"ct_brands":[{"id":308,"name":"Pard","slug":"pard"}],"_links":{"self":[{"href":"https:\/\/zbranebudai.sk\/hu\/wp-json\/wp\/v2\/product\/3570","targetHints":{"allow":["GET"]}}],"collection":[{"href":"https:\/\/zbranebudai.sk\/hu\/wp-json\/wp\/v2\/product"}],"about":[{"href":"https:\/\/zbranebudai.sk\/hu\/wp-json\/wp\/v2\/types\/product"}],"wp:featuredmedia":[{"embeddable":true,"href":"https:\/\/zbranebudai.sk\/hu\/wp-json\/wp\/v2\/media\/3710"}],"wp:attachment":[{"href":"https:\/\/zbranebudai.sk\/hu\/wp-json\/wp\/v2\/media?parent=3570"}],"wp:term":[{"taxonomy":"product_brand","embeddable":true,"href":"https:\/\/zbranebudai.sk\/hu\/wp-json\/wp\/v2\/product_brand?post=3570"},{"taxonomy":"product_cat","embeddable":true,"href":"https:\/\/zbranebudai.sk\/hu\/wp-json\/wp\/v2\/product_cat?post=3570"},{"taxonomy":"product_tag","embeddable":true,"href":"https:\/\/zbranebudai.sk\/hu\/wp-json\/wp\/v2\/product_tag?post=3570"}],"curies":[{"name":"wp","href":"https:\/\/api.w.org\/{rel}","templated":true}]}}