{"id":3534,"date":"2025-02-01T20:59:50","date_gmt":"2025-02-01T18:59:50","guid":{"rendered":"https:\/\/zbranebudai.sk\/?post_type=product&#038;p=3534"},"modified":"2025-08-31T03:54:31","modified_gmt":"2025-08-31T01:54:31","slug":"pard-nv008sp2-850-ejjellato-celtavcso-6x","status":"publish","type":"product","link":"https:\/\/zbranebudai.sk\/hu\/product\/pard-nv008sp2-850-ejjellato-celtavcso-6x\/","title":{"rendered":"Pard NV008SP2 850 6x \u00e9jjell\u00e1t\u00f3 l\u00e1tcs\u0151"},"content":{"rendered":"<p>A PARD bemutatja az NV008SP2 l\u00e1tcs\u0151 \u00faj v\u00e1ltozat\u00e1t. Az el\u0151z\u0151 modellhez, az NV008S-hez k\u00e9pest nagyobb kijelz\u0151vel \u00e9s QHD felbont\u00e1s\u00fa CMOS-\u00e9rz\u00e9kel\u0151vel rendelkezik. K\u00f6nny\u0171 k\u00e9sz\u00fcl\u00e9k, gy\u00f6ny\u00f6r\u0171 tiszta k\u00e9ppel \u00e9s egy\u00e9b el\u0151ny\u00f6kkel a legpontosabb l\u00f6v\u00e9s \u00e9rdek\u00e9ben m\u00e9g teljes s\u00f6t\u00e9ts\u00e9gben is.<\/p>\n<p><strong>QHD CMOS \u00e9rz\u00e9kel\u0151<\/strong><br \/>\n<strong>Optikai nagy\u00edt\u00e1s:<\/strong> 4,3x vagy 6x<br \/>\n<strong>H\u00e1rom intenzit\u00e1si szint:<\/strong> 850 nm<br \/>\n<strong>Ultra HD vide\u00f3<\/strong><br \/>\n<strong>T\u00e1vols\u00e1g\u00e9rz\u00e9kel\u00e9s:<\/strong> 350 m\u00e9terig<\/p>\n<p>A nagy kontraszt\u00fa 1440\u00d71080 px OLED kijelz\u0151 \u00e9s a 2688\u00d71520 px CMOS digit\u00e1lis \u00e9rz\u00e9kel\u0151 kombin\u00e1ci\u00f3ja hihetetlen\u00fcl r\u00e9szletes k\u00e9peket k\u00e9sz\u00edt mind az \u00e9jszakai (fekete-feh\u00e9r), mind a nappali (sz\u00ednes) megjelen\u00edt\u00e9shez.<\/p>\n<p>A l\u00e1tv\u00e1nyt pontosan az \u00d6n ig\u00e9nyeinek megfelel\u0151en v\u00e1laszthatja ki. V\u00e1laszthat olyan k\u00e9sz\u00fcl\u00e9ket, amelynek lencs\u00e9je f\u00f3kuszt\u00e1vols\u00e1ggal rendelkezik. <strong>50 mm<\/strong> optikai nagy\u00edt\u00e1ssal <strong>4,3x<\/strong> \u00e9s nagyobb l\u00e1t\u00f3mez\u0151vel, vagy olyan objekt\u00edvvel, amelynek gy\u00fajt\u00f3t\u00e1vols\u00e1ga <strong>70 mm<\/strong> optikai nagy\u00edt\u00e1ssal <strong>6x<\/strong> \u00e9s kisebb l\u00e1t\u00f3mez\u0151vel.<\/p>\n<p>Az \u00e9rz\u00e9kel\u00e9si t\u00e1vols\u00e1g a lencse m\u00e9ret\u00e9b\u0151l ad\u00f3dik. Elvileg min\u00e9l nagyobb a lencse, ann\u00e1l nagyobb az \u00e9szlel\u00e9si t\u00e1vols\u00e1g, de a l\u00e1t\u00f3mez\u0151 rov\u00e1s\u00e1ra. V\u00e1lasszon k\u00e9sz\u00fcl\u00e9ket pontosan a k\u00f6r\u00fclm\u00e9nyeknek megfelel\u0151en - ak\u00e1r erd\u0151ben, ak\u00e1r terepen vad\u00e1szik.<\/p>\n<p><strong>Digit\u00e1lis zoom<\/strong> k\u00e9tszeresen l\u00e9pcs\u0151s, \u00edgy a teljes nagy\u00edt\u00e1st felviszi <strong>8,6x vagy 12x<\/strong>.<\/p>\n<p>Hull\u00e1mhossz\u00fa megvil\u00e1g\u00edt\u00e1s <strong>850 nm<\/strong> a legjobb felismer\u00e9st \u00e9ri el, \u00e9s hihetetlen\u00fcl tiszta k\u00e9pet k\u00f6zvet\u00edt. Az \u00d6n k\u00e9nyelme \u00e9rdek\u00e9ben a megvil\u00e1g\u00edt\u00f3 is rendelkezik <strong>h\u00e1rom \u00e1ll\u00edthat\u00f3 intenzit\u00e1si szint<\/strong>.<\/p>\n<p>Telep\u00edt\u00e9s ut\u00e1n <strong>microSD k\u00e1rty\u00e1k<\/strong> legfeljebb <strong>128 GB<\/strong> (nem tartoz\u00e9k) seg\u00edts\u00e9g\u00e9vel vide\u00f3kat k\u00e9sz\u00edthet. A keres\u0151 nagyon hasznos funkci\u00f3ja a keres\u0151 is <strong>automatikus felv\u00e9tel a felv\u00e9tel ut\u00e1n<\/strong> a <strong>k\u00e9p a k\u00e9pben<\/strong>. A k\u00e9sz\u00fcl\u00e9ket sz\u00e1m\u00edt\u00f3g\u00e9phez csatlakoztathatja a <strong>USB-C<\/strong> k\u00e1bellel, vagy csatlakoztassa mobiltelefonj\u00e1hoz az alkalmaz\u00e1son kereszt\u00fcl. <strong>PardVision<\/strong>.<\/p>\n<p>A l\u00e1tv\u00e1ny <strong>ellen\u00e1ll\u00f3 az IP67 v\u00e9delmi fokozatnak k\u00f6sz\u00f6nhet\u0151en<\/strong> (v\u00edzbe mer\u00fcl\u00e9s elleni v\u00e9delem, 30 percig 1 m\u00e9ter m\u00e9lys\u00e9gig t\u00f6rt\u00e9n\u0151 mer\u00edt\u00e9s). Az \u00e1ramell\u00e1t\u00e1sr\u00f3l gondoskodik <strong>egy 18650-es \u00fajrat\u00f6lthet\u0151 akkumul\u00e1tor<\/strong> kitart\u00e1ssal <strong>8 \u00f3ra<\/strong>. K\u00f6sz\u00f6n\u00f6m <strong>alv\u00f3 \u00fczemm\u00f3d<\/strong> megtakar\u00edtja az akkumul\u00e1tort, \u00e9s lehet\u0151s\u00e9g van csatlakoztatni <strong>powerbanks<\/strong>.<\/p>\n<table dir=\"ltr\" border=\"1\" cellspacing=\"0\" cellpadding=\"0\" data-sheets-root=\"1\" data-sheets-baot=\"1\">\n<colgroup>\n<col width=\"375\" \/>\n<col width=\"437\" \/><\/colgroup>\n<tbody>\n<tr>\n<td>Wi-Fi<\/td>\n<td>Igen<\/td>\n<\/tr>\n<tr>\n<td>\u00c9rz\u00e9kel\u0151<\/td>\n<td>2688 \u00d7 1520 px<\/td>\n<\/tr>\n<tr>\n<td>Kijelz\u0151 felbont\u00e1sa<\/td>\n<td>1440 \u00d7 1080 px<\/td>\n<\/tr>\n<tr>\n<td>Objekt\u00edv<\/td>\n<td>50 mm \/ 70 mm<\/td>\n<\/tr>\n<tr>\n<td>L\u00e1t\u00f3mez\u0151 (50 mm)<\/td>\n<td>6,3\u00b0 \u00d7 4,8\u00b0<\/td>\n<\/tr>\n<tr>\n<td>L\u00e1t\u00f3mez\u0151 (70 mm)<\/td>\n<td>4,6\u00b0 \u00d7 3,4\u00b0<\/td>\n<\/tr>\n<tr>\n<td>Optikai nagy\u00edt\u00e1s (50 mm)<\/td>\n<td>4,3x<\/td>\n<\/tr>\n<tr>\n<td>Optikai nagy\u00edt\u00e1s (70 mm)<\/td>\n<td>6x<\/td>\n<\/tr>\n<tr>\n<td>Digit\u00e1lis zoom<\/td>\n<td>2x<\/td>\n<\/tr>\n<tr>\n<td>Dioptri\u00e1s korrekci\u00f3<\/td>\n<td>\u00b1 5<\/td>\n<\/tr>\n<tr>\n<td>Vide\u00f3 felbont\u00e1s<\/td>\n<td>2560 \u00d7 1440 px<\/td>\n<\/tr>\n<tr>\n<td>\u00c9rz\u00e9kel\u00e9s<\/td>\n<td>350 m<\/td>\n<\/tr>\n<tr>\n<td>Infravet\u0151<\/td>\n<td>850 nm<\/td>\n<\/tr>\n<tr>\n<td>V\u00e9delmi fokozat<\/td>\n<td>IP67<\/td>\n<\/tr>\n<tr>\n<td>Mem\u00f3ria<\/td>\n<td>microSD, legfeljebb 128 GB<\/td>\n<\/tr>\n<tr>\n<td>\u00dczemi h\u0151m\u00e9rs\u00e9klet<\/td>\n<td>-20\u00b0C \u00e9s 50\u00b0C k\u00f6z\u00f6tt<\/td>\n<\/tr>\n<tr>\n<td>Akkumul\u00e1tor<\/td>\n<td>1x Li-ion 18650<\/td>\n<\/tr>\n<tr>\n<td>Az akkumul\u00e1tor \u00e9lettartama<\/td>\n<td>8 \u00f3ra<\/td>\n<\/tr>\n<tr>\n<td>S\u00faly<\/td>\n<td>447 g<\/td>\n<\/tr>\n<\/tbody>\n<\/table>\n<p><a href=\"https:\/\/pard.com\/store\/nv008sp2-night-vision-rifle-scope\/\">https:\/\/pard.com\/store\/nv008sp2-night-vision-rifle-scope\/<\/a><\/p>","protected":false},"excerpt":{"rendered":"<p>Digit\u00e1lis \u00e9jjell\u00e1t\u00f3 - c\u00e9lz\u00f3berendez\u00e9s. Nappali\/\u00e9jszakai \u00fczemm\u00f3d - nappal sz\u00ednes, \u00e9jszaka fekete-feh\u00e9r. Objekt\u00edv: 50\/70 mm. \u00c9rz\u00e9kel\u00e9si t\u00e1vols\u00e1g: legfeljebb 350 m. Optikai nagy\u00edt\u00e1s: 4,3\/6x. Digit\u00e1lis zoom: 2x. Q<span data-darkreader-inline-bgcolor=\"\">HD<\/span>\u00a0CMOS \u00e9rz\u00e9kel\u0151 az \u00e9jszakai megfigyel\u00e9shez. Vide\u00f3felv\u00e9teli funkci\u00f3. Vide\u00f3felbont\u00e1s: Ultra HD hanggal. Energiatakar\u00e9kos \u00fczemm\u00f3d (alv\u00f3 \u00fczemm\u00f3d). Az akkumul\u00e1tor \u00e9lettartama: legfeljebb 8 \u00f3ra. Energiaell\u00e1t\u00e1s: 1x Li-ion 18650 akkumul\u00e1tor. Men\u00fc \u00e9s haszn\u00e1lati utas\u00edt\u00e1s cseh \u00e9s szlov\u00e1k nyelven.<\/p>","protected":false},"featured_media":3696,"template":"","meta":{"_gspb_post_css":""},"product_brand":[308],"product_cat":[145,21,332],"product_tag":[325,371,229,312],"class_list":{"0":"post-3534","1":"product","2":"type-product","3":"status-publish","4":"has-post-thumbnail","6":"product_brand-pard","7":"product_cat-nocne-videnie","8":"product_cat-optika","9":"product_cat-zameriavace-s-nocnym-videnim","10":"product_tag-nocne-videnie","11":"product_tag-nv008sp2","12":"product_tag-pard","13":"product_tag-zameriavac","15":"first","16":"instock","17":"taxable","18":"shipping-taxable","19":"purchasable","20":"product-type-simple"},"ct_brands":[{"id":308,"name":"Pard","slug":"pard"}],"_links":{"self":[{"href":"https:\/\/zbranebudai.sk\/hu\/wp-json\/wp\/v2\/product\/3534","targetHints":{"allow":["GET"]}}],"collection":[{"href":"https:\/\/zbranebudai.sk\/hu\/wp-json\/wp\/v2\/product"}],"about":[{"href":"https:\/\/zbranebudai.sk\/hu\/wp-json\/wp\/v2\/types\/product"}],"wp:featuredmedia":[{"embeddable":true,"href":"https:\/\/zbranebudai.sk\/hu\/wp-json\/wp\/v2\/media\/3696"}],"wp:attachment":[{"href":"https:\/\/zbranebudai.sk\/hu\/wp-json\/wp\/v2\/media?parent=3534"}],"wp:term":[{"taxonomy":"product_brand","embeddable":true,"href":"https:\/\/zbranebudai.sk\/hu\/wp-json\/wp\/v2\/product_brand?post=3534"},{"taxonomy":"product_cat","embeddable":true,"href":"https:\/\/zbranebudai.sk\/hu\/wp-json\/wp\/v2\/product_cat?post=3534"},{"taxonomy":"product_tag","embeddable":true,"href":"https:\/\/zbranebudai.sk\/hu\/wp-json\/wp\/v2\/product_tag?post=3534"}],"curies":[{"name":"wp","href":"https:\/\/api.w.org\/{rel}","templated":true}]}}