{"id":3515,"date":"2025-02-01T20:58:33","date_gmt":"2025-02-01T18:58:33","guid":{"rendered":"https:\/\/zbranebudai.sk\/?post_type=product&#038;p=3515"},"modified":"2025-08-31T03:54:31","modified_gmt":"2025-08-31T01:54:31","slug":"pard-fd1-940-ejjellato-kereso-celtavcso-elotet-74-mm","status":"publish","type":"product","link":"https:\/\/zbranebudai.sk\/hu\/product\/pard-fd1-940-ejjellato-kereso-celtavcso-elotet-74-mm\/","title":{"rendered":"Pard FD1 940nm 3in1 el\u00fcls\u0151 l\u00e1t\u00f3sz\u00f6g, puska t\u00e1vcs\u0151, \u00e9jszakai monokul\u00e1r"},"content":{"rendered":"<p><strong>Gyors csatlakoztat\u00e1s \u00e9s lev\u00e1laszt\u00e1s<\/strong><\/p>\n<p>Az FD1 tartoz\u00e9ka egy gyorscsatlakoz\u00f3 adapter (42-62 mm), amellyel gyorsan v\u00e1lthat a hagyom\u00e1nyos t\u00e1vcs\u0151 \u00e9s az \u00e9jjell\u00e1t\u00f3 t\u00e1vcs\u0151 k\u00f6z\u00f6tt, ha a f\u00e9nyviszonyok megv\u00e1ltoznak.<\/p>\n<p><strong>H\u00e1rom az egyben - k\u00fcl\u00f6nb\u00f6z\u0151 felhaszn\u00e1l\u00e1si m\u00f3dok \u00e9s funkci\u00f3k<\/strong><\/p>\n<p>Az FD1 nem csak egy el\u00fcls\u0151 ir\u00e1nyz\u00e9k, hanem egy digit\u00e1lis monokul\u00e1r a hat\u00e9kony \u00e9jszakai l\u00e1t\u00e1s\u00e9rt \u00e9s egy digit\u00e1lis c\u00e9lt\u00e1vcs\u0151 a prec\u00edzi\u00f3s l\u00f6v\u00e9szethez.<\/p>\n<p><strong>Kompakt \u00e9s hordozhat\u00f3<\/strong><\/p>\n<p>Az FD1 kompakt kialak\u00edt\u00e1s\u00fa \u00e9s mind\u00f6ssze 328 g s\u00faly\u00fa.<\/p>\n<p><strong>Innovat\u00edv ballisztikai sz\u00e1m\u00edt\u00e1si technol\u00f3gia<\/strong><\/p>\n<p>Az FD1 digit\u00e1lis \u00e9jjell\u00e1t\u00f3 t\u00e1vcs\u0151k\u00e9nt \u00e9s prec\u00edzi\u00f3s ballisztikai sz\u00e1mol\u00f3g\u00e9pk\u00e9nt \u00f6t ballisztikai adatprofilt \u00e9s egy val\u00f3s idej\u0171 t\u00e1vols\u00e1gm\u00e9r\u0151t biztos\u00edt, ami prec\u00edzi\u00f3s l\u00f6v\u00e9szeti megold\u00e1sokat tesz lehet\u0151v\u00e9.<\/p>\n<p><strong>OLED kijelz\u0151<\/strong><\/p>\n<p>Az FD1 rendk\u00edv\u00fcl nagy felbont\u00e1s\u00fa, 1440\u00d71080 px OLED-k\u00e9perny\u0151vel rendelkezik, amely kiv\u00e9telesen f\u00e9nyes k\u00e9pet ny\u00fajt.<\/p>\n<p><strong>CMOS \u00e9rz\u00e9kel\u0151<\/strong><\/p>\n<p>Az FD1 1920\u00d71080 px felbont\u00e1s\u00fa CMOS-\u00e9rz\u00e9kel\u0151vel rendelkezik, amelynek \u00e9rz\u00e9kenys\u00e9ge 0,001 lux, \u00edgy m\u00e9g gyenge f\u00e9nyviszonyok mellett is tiszta k\u00e9peket k\u00e9sz\u00edt.<\/p>\n<p><strong>L\u00e1that\u00f3 f\u00e9nyer\u0151s\u00edt\u00e9s (VLEA)<\/strong><\/p>\n<p>A PARD k\u00e9pjav\u00edt\u00f3 technol\u00f3gia n\u00f6veli a tisztas\u00e1got, cs\u00f6kkenti a zajt, jav\u00edtja a min\u0151s\u00e9get, \u00e9s seg\u00edt a c\u00e9lpont hat\u00e9kony \u00e9rt\u00e9kel\u00e9s\u00e9ben.<\/p>\n<p><strong>K\u00e9p a k\u00e9pben (PiP) m\u00f3d<\/strong><\/p>\n<p>A kijelz\u0151 tetej\u00e9n egy 2x-es nagy\u00edt\u00e1s\u00fa ter\u00fcletet biztos\u00edt, amely lehet\u0151v\u00e9 teszi a c\u00e9lpontok jobb azonos\u00edt\u00e1s\u00e1t an\u00e9lk\u00fcl, hogy korl\u00e1tozn\u00e1 a teljes l\u00e1t\u00f3mez\u0151t.<\/p>\n<p><strong>\u00c1ll\u00edthat\u00f3 IR-vil\u00e1g\u00edt\u00f3 350 m-es hat\u00f3t\u00e1vols\u00e1ggal<\/strong><\/p>\n<p>A PARD infrav\u00f6r\u00f6s vil\u00e1g\u00edt\u00f3test 350 m\u00e9teres hat\u00f3t\u00e1vols\u00e1ggal rendelkezik, \u00e9s h\u00e1rom intenzit\u00e1si szintet k\u00edn\u00e1l a k\u00fcl\u00f6nb\u00f6z\u0151 vad\u00e1szati k\u00f6r\u00fclm\u00e9nyekhez. K\u00e9t hull\u00e1mhossz \u00e1ll rendelkez\u00e9sre:<\/p>\n<ul>\n<li><strong>850 nm<\/strong> - a f\u00e9nyesebb \u00e9s hosszabb megvil\u00e1g\u00edt\u00e1s\u00e9rt<\/li>\n<li><strong>940 nm<\/strong> - l\u00e1thatatlan az \u00e1llatok sz\u00e1m\u00e1ra<\/li>\n<\/ul>\n<p><strong>A felv\u00e9teli pillanatok automatikus r\u00f6gz\u00edt\u00e9se<\/strong><\/p>\n<p>Az FD1 intelligensen \u00e9rz\u00e9keli a felv\u00e9telt, \u00e9s automatikusan 20 m\u00e1sodperces vide\u00f3t r\u00f6gz\u00edt, minden fontos pillanatot meg\u00f6r\u00f6k\u00edtve.<\/p>\n<p><strong>\u00dajrat\u00f6lthet\u0151 18650 l\u00edtium akkumul\u00e1tor<\/strong><\/p>\n<p>Az FD1 nagy kapacit\u00e1s\u00fa, hossz\u00fa \u00e9lettartam\u00fa 18650 l\u00edtium akkumul\u00e1torokat haszn\u00e1l, amelyek ak\u00e1r 500 t\u00f6lt\u00e9si ciklust is kib\u00edrnak.<\/p>\n<p><strong>Wi-Fi kapcsolat<\/strong><\/p>\n<p>A PardVision alkalmaz\u00e1snak k\u00f6sz\u00f6nhet\u0151en az FD1-et Wi-Fi-n kereszt\u00fcl csatlakoztathatja okostelefonj\u00e1hoz, \u00e9s a felv\u00e9teleket a mobileszk\u00f6z\u00e9n n\u00e9zheti.<\/p>\n<p><strong>6000J visszar\u00fag\u00e1s\u00e1ll\u00f3s\u00e1g<\/strong><\/p>\n<p>A nagy \u00fct\u00e9s\u00e1ll\u00f3s\u00e1g m\u00e9g er\u0151s visszar\u00fag\u00e1s eset\u00e9n is biztos\u00edtja a pontos c\u00e9lba\u00e1ll\u00edt\u00e1st.<\/p>\n<p><strong>V\u00e9detts\u00e9gi fok IP67<\/strong><\/p>\n<p>Az FD1 IP67 szabv\u00e1ny szerinti v\u00edz- \u00e9s por\u00e1ll\u00f3, \u00edgy ellen\u00e1ll a sz\u00e9ls\u0151s\u00e9ges k\u00f6r\u00fclm\u00e9nyeknek is.<\/p>\n<p><strong>Nagyfelbont\u00e1s\u00fa felv\u00e9tel \u00e9s lej\u00e1tsz\u00e1s<\/strong><\/p>\n<p>Az FD1 lehet\u0151v\u00e9 teszi a Full HD (1920\u00d71080 px) felv\u00e9telt \u00e9s lej\u00e1tsz\u00e1st, \u00edgy \u00e9les \u00e9s sima videofelv\u00e9teleket k\u00e9sz\u00edthet vad\u00e1szkalandjair\u00f3l.<\/p>\n<p><a href=\"https:\/\/pard.com\/store\/fd1-lrf-night-vision-front-clip-on\/\">https:\/\/pard.com\/store\/fd1-lrf-night-vision-front-clip-on\/<\/a><\/p>","protected":false},"excerpt":{"rendered":"<p><strong>El\u00fcls\u0151 l\u00e1tcs\u0151 - \u00e9jjell\u00e1t\u00f3 PARD FD1<\/strong> \u00fagy tervezt\u00e9k, hogy b\u00e1rmelyik c\u00e9lt\u00e1vcs\u00f6vet cs\u00facsmin\u0151s\u00e9g\u0171 \u00e9jjell\u00e1t\u00f3 t\u00e1vcs\u0151v\u00e9 alak\u00edtsa \u00e1t.<br \/>\n<strong>3v1<\/strong>: el\u00fcls\u0151 l\u00e1tcs\u0151, el\u00fcls\u0151 l\u00e1tcs\u0151, \u00e9jszakai monokul\u00e1r.<\/p>","protected":false},"featured_media":3670,"template":"","meta":{"_gspb_post_css":""},"product_brand":[308],"product_cat":[335,145,21,334,331],"product_tag":[287,188,325,229,323,324],"class_list":{"0":"post-3515","1":"product","2":"type-product","3":"status-publish","4":"has-post-thumbnail","6":"product_brand-pard","7":"product_cat-monokulare-s-nocnym-videnim","8":"product_cat-nocne-videnie","9":"product_cat-optika","10":"product_cat-predsadky-s-nocnym-videnim","11":"product_cat-puskohlady-s-nocnym-videnim","12":"product_tag-fd1","13":"product_tag-monokular","14":"product_tag-nocne-videnie","15":"product_tag-pard","16":"product_tag-predsadka","17":"product_tag-puskohlad","19":"first","20":"instock","21":"taxable","22":"shipping-taxable","23":"purchasable","24":"product-type-simple"},"ct_brands":[{"id":308,"name":"Pard","slug":"pard"}],"_links":{"self":[{"href":"https:\/\/zbranebudai.sk\/hu\/wp-json\/wp\/v2\/product\/3515","targetHints":{"allow":["GET"]}}],"collection":[{"href":"https:\/\/zbranebudai.sk\/hu\/wp-json\/wp\/v2\/product"}],"about":[{"href":"https:\/\/zbranebudai.sk\/hu\/wp-json\/wp\/v2\/types\/product"}],"wp:featuredmedia":[{"embeddable":true,"href":"https:\/\/zbranebudai.sk\/hu\/wp-json\/wp\/v2\/media\/3670"}],"wp:attachment":[{"href":"https:\/\/zbranebudai.sk\/hu\/wp-json\/wp\/v2\/media?parent=3515"}],"wp:term":[{"taxonomy":"product_brand","embeddable":true,"href":"https:\/\/zbranebudai.sk\/hu\/wp-json\/wp\/v2\/product_brand?post=3515"},{"taxonomy":"product_cat","embeddable":true,"href":"https:\/\/zbranebudai.sk\/hu\/wp-json\/wp\/v2\/product_cat?post=3515"},{"taxonomy":"product_tag","embeddable":true,"href":"https:\/\/zbranebudai.sk\/hu\/wp-json\/wp\/v2\/product_tag?post=3515"}],"curies":[{"name":"wp","href":"https:\/\/api.w.org\/{rel}","templated":true}]}}