{"id":3497,"date":"2025-02-01T20:56:55","date_gmt":"2025-02-01T18:56:55","guid":{"rendered":"https:\/\/zbranebudai.sk\/?post_type=product&#038;p=3497"},"modified":"2025-08-31T03:54:32","modified_gmt":"2025-08-31T01:54:32","slug":"pard-nv009-digitalis-ejjellato-kereso-940nm-vetovel","status":"publish","type":"product","link":"https:\/\/zbranebudai.sk\/hu\/product\/pard-nv009-digitalis-ejjellato-kereso-940nm-vetovel\/","title":{"rendered":"Pard NV009 940nm-es monokul\u00e1r \u00e9jjell\u00e1t\u00f3val"},"content":{"rendered":"<p>A monokul\u00e1r nappal nagy felbont\u00e1s\u00fa sz\u00ednes k\u00e9pet, \u00e9jszaka pedig fekete-feh\u00e9r k\u00e9pet biztos\u00edt a k\u00f6vetkez\u0151knek k\u00f6sz\u00f6nhet\u0151en <strong>Full HD CMOS \u00e9rz\u00e9kel\u0151<\/strong>.<\/p>\n<p>\u00c1tm\u00e9r\u0151j\u0171 lencse <strong>22 mm<\/strong> optikai nagy\u00edt\u00e1st k\u00edn\u00e1l <strong>4,7x<\/strong> \u00e9s a digit\u00e1lis zoomol\u00e1s lehet\u0151s\u00e9ge l\u00e9pcs\u0151zetesen: <strong>1,5x; 2x; 2,5x; 3x<\/strong>.<\/p>\n<p>\u00c9jjell\u00e1t\u00f3 hull\u00e1mhossz\u00fa vil\u00e1g\u00edt\u00f3test <strong>940 nm<\/strong> lehet\u0151v\u00e9 teszi a f\u00e9nyk\u00fap be\u00e1ll\u00edt\u00e1s\u00e1t a t\u00e1vols\u00e1gba a <strong>h\u00e1rom intenzit\u00e1si szint<\/strong>. A monokul\u00e1r \u00e9rz\u00e9kel\u00e9si t\u00e1vols\u00e1ga <strong>400 m\u00e9terig<\/strong>.<\/p>\n<p>Miut\u00e1n behelyezett egy microSD-k\u00e1rty\u00e1t, amelynek kapacit\u00e1sa <strong>ak\u00e1r 128 GB<\/strong> (nem tartoz\u00e9k) seg\u00edts\u00e9g\u00e9vel kiv\u00e1l\u00f3 min\u0151s\u00e9g\u0171 f\u00e9nyk\u00e9peket \u00e9s vide\u00f3kat r\u00f6gz\u00edthet. A r\u00f6gz\u00edtett felv\u00e9teleket b\u00e1rmikor megtekintheti vagy t\u00f6r\u00f6lheti. <strong>Videokimenet<\/strong> lehet\u0151v\u00e9 teszi a TV-hez val\u00f3 csatlakoz\u00e1st a <strong>USB-C port<\/strong> a sz\u00e1m\u00edt\u00f3g\u00e9p\u00e9re, vagy egy okostelefonon vagy t\u00e1blag\u00e9pen l\u00e9v\u0151 alkalmaz\u00e1son kereszt\u00fcl.<\/p>\n<p>A l\u00e9tes\u00edtm\u00e9nyt v\u00e9detts\u00e9gi fokozattal v\u00e9dik <strong>IP67<\/strong>, ami por- \u00e9s v\u00edz\u00e1ll\u00f3v\u00e1 teszi. Az \u00e1ramell\u00e1t\u00e1st a k\u00f6vetkez\u0151 biztos\u00edtja <strong>18650 \u00fajrat\u00f6lthet\u0151 akkumul\u00e1tor<\/strong> (a csomag r\u00e9sze). K\u00f6sz\u00f6net a <strong>alv\u00f3 \u00fczemm\u00f3d<\/strong> k\u00edm\u00e9li az akkumul\u00e1tort \u00e9s lehet\u0151v\u00e9 teszi a csatlakoztathat\u00f3s\u00e1got <strong>powerbanks<\/strong>.<\/p>\n<table dir=\"ltr\" border=\"1\" cellspacing=\"0\" cellpadding=\"0\" data-sheets-root=\"1\" data-sheets-baot=\"1\">\n<colgroup>\n<col width=\"375\" \/>\n<col width=\"437\" \/><\/colgroup>\n<tbody>\n<tr>\n<td>Wi-Fi<\/td>\n<td>Igen<\/td>\n<\/tr>\n<tr>\n<td>\u00c9rz\u00e9kel\u0151<\/td>\n<td>1920 \u00d7 1080 px<\/td>\n<\/tr>\n<tr>\n<td>Kijelz\u0151 felbont\u00e1sa<\/td>\n<td>1024 \u00d7 768 px<\/td>\n<\/tr>\n<tr>\n<td>Lencse<\/td>\n<td>22 mm<\/td>\n<\/tr>\n<tr>\n<td>L\u00e1t\u00f3mez\u0151<\/td>\n<td>9,1\u00b0 \u00d7 5,1\u00b0<\/td>\n<\/tr>\n<tr>\n<td>Optikai nagy\u00edt\u00e1s<\/td>\n<td>4,7x<\/td>\n<\/tr>\n<tr>\n<td>Digit\u00e1lis zoom<\/td>\n<td>3x<\/td>\n<\/tr>\n<tr>\n<td>Dioptri\u00e1s korrekci\u00f3<\/td>\n<td>\u00b1 5D<\/td>\n<\/tr>\n<tr>\n<td>F\u00e9nyk\u00e9p felbont\u00e1sa<\/td>\n<td>2592 \u00d7 1944 px<\/td>\n<\/tr>\n<tr>\n<td>Vide\u00f3 felbont\u00e1s<\/td>\n<td>1920 \u00d7 1080 px<\/td>\n<\/tr>\n<tr>\n<td>\u00c9rz\u00e9kel\u00e9s<\/td>\n<td>350 m<\/td>\n<\/tr>\n<tr>\n<td>Infravet\u0151<\/td>\n<td>940 nm<\/td>\n<\/tr>\n<tr>\n<td>V\u00e9delmi fokozat<\/td>\n<td>IP67<\/td>\n<\/tr>\n<tr>\n<td>Mem\u00f3ria<\/td>\n<td>microSD, 128 GB<\/td>\n<\/tr>\n<tr>\n<td>\u00dczemi h\u0151m\u00e9rs\u00e9klet<\/td>\n<td>-20\u00b0C \u00e9s 50\u00b0C k\u00f6z\u00f6tt<\/td>\n<\/tr>\n<tr>\n<td>Akkumul\u00e1tor<\/td>\n<td>\u00dajrat\u00f6lthet\u0151 18650<\/td>\n<\/tr>\n<tr>\n<td>Az akkumul\u00e1tor \u00e9lettartama<\/td>\n<td>8 \u00f3ra<\/td>\n<\/tr>\n<tr>\n<td>S\u00faly<\/td>\n<td>306 g<\/td>\n<\/tr>\n<tr>\n<td>M\u00e9retek<\/td>\n<td>150 \u00d7 70 \u00d7 38 mm<\/td>\n<\/tr>\n<\/tbody>\n<\/table>\n<p><a href=\"https:\/\/pard.com\/store\/nv009-night-vision-monocular\/\">https:\/\/pard.com\/store\/nv009-night-vision-monocular\/<\/a><\/p>","protected":false},"excerpt":{"rendered":"<p>Kiv\u00e1l\u00f3 min\u0151s\u00e9g\u0171, kompakt \u00e9s k\u00f6nny\u0171 digit\u00e1lis \u00e9jjell\u00e1t\u00f3 monokul\u00e1r, amelyet a vadvil\u00e1g \u00e9s a term\u00e9szet megfigyel\u00e9s\u00e9nek t\u00f6k\u00e9letes eszk\u00f6zek\u00e9nt terveztek.<\/p>\n<p>F\u0151 jellemz\u0151k:<\/p>\n<p>\u2705 Full HD \u00e9rz\u00e9kel\u0151<br \/>\n\u2705 Optikai nagy\u00edt\u00e1s 4.7x<br \/>\n\u2705 940 nm-es megvil\u00e1g\u00edt\u00e1s<br \/>\n\u2705 5 Mpx-es fot\u00f3k \u00e9s Full HD vide\u00f3k<br \/>\n\u2705 \u00c9rz\u00e9kel\u00e9s 400 m\u00e9terig<\/p>","protected":false},"featured_media":3651,"template":"","meta":{"_gspb_post_css":""},"product_brand":[308],"product_cat":[335,145,21],"product_tag":[188,325,376,229],"class_list":{"0":"post-3497","1":"product","2":"type-product","3":"status-publish","4":"has-post-thumbnail","6":"product_brand-pard","7":"product_cat-monokulare-s-nocnym-videnim","8":"product_cat-nocne-videnie","9":"product_cat-optika","10":"product_tag-monokular","11":"product_tag-nocne-videnie","12":"product_tag-nv009","13":"product_tag-pard","15":"first","16":"instock","17":"taxable","18":"shipping-taxable","19":"purchasable","20":"product-type-simple"},"ct_brands":[{"id":308,"name":"Pard","slug":"pard"}],"_links":{"self":[{"href":"https:\/\/zbranebudai.sk\/hu\/wp-json\/wp\/v2\/product\/3497","targetHints":{"allow":["GET"]}}],"collection":[{"href":"https:\/\/zbranebudai.sk\/hu\/wp-json\/wp\/v2\/product"}],"about":[{"href":"https:\/\/zbranebudai.sk\/hu\/wp-json\/wp\/v2\/types\/product"}],"wp:featuredmedia":[{"embeddable":true,"href":"https:\/\/zbranebudai.sk\/hu\/wp-json\/wp\/v2\/media\/3651"}],"wp:attachment":[{"href":"https:\/\/zbranebudai.sk\/hu\/wp-json\/wp\/v2\/media?parent=3497"}],"wp:term":[{"taxonomy":"product_brand","embeddable":true,"href":"https:\/\/zbranebudai.sk\/hu\/wp-json\/wp\/v2\/product_brand?post=3497"},{"taxonomy":"product_cat","embeddable":true,"href":"https:\/\/zbranebudai.sk\/hu\/wp-json\/wp\/v2\/product_cat?post=3497"},{"taxonomy":"product_tag","embeddable":true,"href":"https:\/\/zbranebudai.sk\/hu\/wp-json\/wp\/v2\/product_tag?post=3497"}],"curies":[{"name":"wp","href":"https:\/\/api.w.org\/{rel}","templated":true}]}}