{"id":3414,"date":"2025-02-01T20:50:23","date_gmt":"2025-02-01T18:50:23","guid":{"rendered":"https:\/\/zbranebudai.sk\/?post_type=product&#038;p=3414"},"modified":"2025-08-31T03:54:32","modified_gmt":"2025-08-31T01:54:32","slug":"pard-ds35-lrf-940nm-56x-ejjellato-celtavcso-fenyvetovel-es-tavmerovel","status":"publish","type":"product","link":"https:\/\/zbranebudai.sk\/hu\/product\/pard-ds35-lrf-940nm-56x-ejjellato-celtavcso-fenyvetovel-es-tavmerovel\/","title":{"rendered":"Pard DS35 LRF 940nm 5.6x \u00e9jjell\u00e1t\u00f3 c\u00e9lt\u00e1vcs\u0151 t\u00e1vols\u00e1gm\u00e9r\u0151vel"},"content":{"rendered":"<p><strong>Pard DS35 LRF 940nm 5.6x \u00e9jjell\u00e1t\u00f3 c\u00e9lt\u00e1vcs\u0151 t\u00e1vols\u00e1gm\u00e9r\u0151vel<\/strong><\/p>\n<p><strong>Pard DS35 940 nm<\/strong>\u00a0az optikai nagy\u00edt\u00e1snak megfelel\u0151en k\u00e9tf\u00e9le v\u00e1ltozatban kaphat\u00f3: 4x vagy 5,6x. A 4x-es nagy\u00edt\u00e1s r\u00f6videbb, kb. 100 m-es t\u00e1vols\u00e1gig terjed\u0151 vad\u00e1szathoz alkalmas, ahol ez a nagy\u00edt\u00e1s biztos\u00edtja a legsz\u00e9lesebb l\u00e1t\u00f3mez\u0151t. Nagyobb t\u00e1vols\u00e1gokra t\u00f6rt\u00e9n\u0151 vad\u00e1szatn\u00e1l biztosan el\u0151ny\u00f6s az 5,6x-os nagy\u00edt\u00e1s.<\/p>\n<p><strong>\u00daj IPS LCD kijelz\u0151:\u00a0<\/strong>A kijelz\u0151 nagy tisztas\u00e1g\u00fa, nagy kontraszt\u00fa k\u00e9pet biztos\u00edt, kiv\u00e9telesen sz\u00e9les l\u00e1t\u00f3mez\u0151vel a jobb helyzetfelismer\u00e9s \u00e9rdek\u00e9ben. A n\u00e9z\u00e9st m\u00e9g term\u00e9szetesebb\u00e9 teszi a gyors reakci\u00f3, amelyet \u00fagy \u00e9rz\u00e9kel az ember, mintha hagyom\u00e1nyos nappali optik\u00e1n kereszt\u00fcl n\u00e9zne.<\/p>\n<p><strong>Innovat\u00edv l\u00f6v\u00e9szet:\u00a0<\/strong>Mostant\u00f3l minden eddigin\u00e9l k\u00f6nnyebben l\u0151hetsz \u00e9jjell\u00e1t\u00f3val. A kerek kijelz\u0151nek k\u00f6sz\u00f6nhet\u0151en a c\u00e9lz\u00e1si pont korrig\u00e1l\u00e1sakor m\u00e1r nem a sz\u00e1lkeresztet, hanem a k\u00e9pet mozgatja. \u00cdgy a c\u00e9lkereszt mindig t\u00f6k\u00e9letesen k\u00f6z\u00e9pen marad, \u00e9s megmarad a teljes l\u00e1t\u00f3mez\u0151. A PARD DS35 6 k\u00fcl\u00f6nb\u00f6z\u0151 sz\u00e1lkeresztet, 4 sz\u00ednt \u00e9s 5 lehets\u00e9ges l\u00f6v\u00e9si profilt k\u00edn\u00e1l.<\/p>\n<p><strong>L\u00e9zeres t\u00e1vols\u00e1gm\u00e9r\u0151 \u00e9s ballisztikus sz\u00e1mol\u00f3g\u00e9p:\u00a0<\/strong>A be\u00e9p\u00edtett ballisztikus sz\u00e1mol\u00f3g\u00e9p egy 1000 m-es l\u00e9zeres t\u00e1vols\u00e1gm\u00e9r\u0151vel egy\u00fctt automatikusan kisz\u00e1m\u00edtja a rak\u00e9ta r\u00f6pp\u00e1ly\u00e1j\u00e1t, \u00e9s a m\u0171szer kijelz\u0151j\u00e9n megjelen\u00edti a becsap\u00f3d\u00e1s hely\u00e9t. Ez a fejlett technol\u00f3gia nagyban seg\u00edti a tal\u00e1lati pontoss\u00e1got.<\/p>\n<p><strong>\u00c9jszakai megfigyel\u00e9si hat\u00f3t\u00e1vols\u00e1g ak\u00e1r 500 m:\u00a0<\/strong>A PARD DS35-\u00f6t \u00fagy tervezt\u00e9k, hogy ak\u00e1r 500 m\u00e9teres t\u00e1vols\u00e1gban is t\u00f6k\u00e9letesen \u00e9rz\u00e9kelje a k\u00fcl\u00f6nb\u00f6z\u0151 c\u00e9lpontokat, \u00e9s a QHD \u00e9rz\u00e9kel\u0151vel \u00e9s az \u00faj, kiv\u00e1l\u00f3 min\u0151s\u00e9g\u0171 LCD-kijelz\u0151vel kombin\u00e1lva t\u00f6bb l\u00e9p\u00e9ssel a versenyt\u00e1rsak el\u0151tt j\u00e1r. A 940 nm-es IR-vil\u00e1g\u00edt\u00f3 h\u00e1rom megvil\u00e1g\u00edt\u00e1si intenzit\u00e1ssal \u00e9s \u00e1ll\u00edthat\u00f3 f\u00e9nyk\u00fappal rendelkezik a t\u00f6k\u00e9letes c\u00e9lmegfigyel\u00e9s legjobb biztos\u00edt\u00e1sa \u00e9rdek\u00e9ben.<\/p>\n<p><strong>Automatikus felv\u00e9tel a felv\u00e9tel ut\u00e1n:\u00a0<\/strong>Amint a k\u00e9sz\u00fcl\u00e9k \u00e9rz\u00e9keli a visszar\u00fag\u00e1st, automatikusan r\u00f6gz\u00edt egy 20 m\u00e1sodperces vide\u00f3t, amelyet mind\u00f6ssze 8 m\u00e1sodperccel a t\u00e9nyleges l\u00f6v\u00e9s el\u0151tt r\u00f6gz\u00edt. A videofelv\u00e9tel teljesen manu\u00e1lisan is vez\u00e9relhet\u0151, a felv\u00e9tel hossza tetsz\u0151leges. A Pard DS35 nagy felbont\u00e1s\u00fa felv\u00e9telek k\u00e9sz\u00edt\u00e9s\u00e9re is lehet\u0151s\u00e9get k\u00edn\u00e1l. A k\u00e9sz\u00fcl\u00e9kr\u0151l Wi-Fi kapcsolaton kereszt\u00fcl \u00e9l\u0151 vide\u00f3t streamelhet a telefonj\u00e1ra.<\/p>\n<p><strong>Innovat\u00edv vez\u00e9rl\u00e9s:<\/strong>\u00a0Az \u00faj forgat\u00f3gomb nagyon egyszer\u0171v\u00e9, gyorsabb\u00e1 \u00e9s intuit\u00edvabb\u00e1 teszi a kezel\u00e9st. K\u00fcl\u00f6n\u00f6sen \u00e9rt\u00e9kelni fogja az \u00faj vez\u00e9rl\u00e9st a felv\u00e9telek k\u00e9sz\u00edt\u00e9sekor \u00e9s a k\u00e9sz\u00fcl\u00e9k be\u00e1ll\u00edt\u00e1sakor, ahol ez a folyamat jelent\u0151sen felgyorsul.<\/p>\n<p><strong>\u00daj sz\u00ednm\u00f3dok:\u00a0<\/strong>A k\u00e9pet a kiv\u00e1lasztott sz\u00ednm\u00f3dnak megfelel\u0151en \u00e1ll\u00edthatja be, \u00edgy kiv\u00e9teles alkalmazkod\u00f3k\u00e9pess\u00e9get biztos\u00edt a legk\u00fcl\u00f6nb\u00f6z\u0151bb k\u00f6rnyezetekben.<\/p>\n<p><strong>Tartalmazza a cseh nyelv\u0171 men\u00fct \u00e9s cseh nyelv\u0171 utas\u00edt\u00e1sokat.<\/strong><\/p>\n<table border=\"0\" cellspacing=\"0\">\n<colgroup span=\"4\" width=\"85\"><\/colgroup>\n<tbody>\n<tr>\n<td colspan=\"2\" align=\"left\" height=\"32\"><b><span style=\"font-family: Liberation Serif\">V\u00e1ltozat\u00a0<\/span><\/b><\/td>\n<td align=\"left\"><span style=\"font-family: Liberation Serif\">50 mm<\/span><\/td>\n<td align=\"left\"><b><span style=\"font-family: Liberation Serif\">70 mm<\/span><\/b><\/td>\n<\/tr>\n<tr>\n<td colspan=\"2\" align=\"left\" height=\"17\"><b><span style=\"font-family: Liberation Serif\">Nagy\u00edt\u00e1s<\/span><\/b><\/td>\n<td align=\"left\"><span style=\"font-family: Liberation Serif\">4 - 8x.<\/span><\/td>\n<td align=\"left\"><b><span style=\"font-family: Liberation Serif\">5,6 - 11,5x<\/span><\/b><\/td>\n<\/tr>\n<tr>\n<td rowspan=\"3\" align=\"left\" height=\"81\"><b><span style=\"font-family: Liberation Serif\">L\u00e1t\u00f3mez\u0151<\/span><\/b><\/td>\n<td align=\"left\"><b><span style=\"font-family: Liberation Serif\">V\u00edzszintes<\/span><\/b><\/td>\n<td align=\"left\"><span style=\"font-family: Liberation Serif\">4,8\u00b0<\/span><\/td>\n<td align=\"left\"><b><span style=\"font-family: Liberation Serif\">3,4\u00b0<\/span><\/b><\/td>\n<\/tr>\n<tr>\n<td align=\"left\"><b><span style=\"font-family: Liberation Serif\">F\u00fcgg\u0151leges<\/span><\/b><\/td>\n<td align=\"left\"><span style=\"font-family: Liberation Serif\">4,8\u00b0<\/span><\/td>\n<td align=\"left\"><b><span style=\"font-family: Liberation Serif\">3,4\u00b0<\/span><\/b><\/td>\n<\/tr>\n<tr>\n<td align=\"left\"><b><span style=\"font-family: Liberation Serif\">Diagon\u00e1lis<\/span><\/b><\/td>\n<td align=\"left\"><span style=\"font-family: Liberation Serif\">6,8\u00b0<\/span><\/td>\n<td align=\"left\"><b><span style=\"font-family: Liberation Serif\">4,8\u00b0<\/span><\/b><\/td>\n<\/tr>\n<tr>\n<td colspan=\"2\" align=\"left\" height=\"32\"><b><span style=\"font-family: Liberation Serif\">\u00c9rz\u00e9kel\u0151 felbont\u00e1sa<\/span><\/b><\/td>\n<td align=\"left\"><span style=\"font-family: Liberation Serif\">Pard 2K, 2560*1440<\/span><\/td>\n<td align=\"left\"><span style=\"font-family: Liberation Serif\">Pard 2K, 2560*1440<\/span><\/td>\n<\/tr>\n<tr>\n<td colspan=\"2\" align=\"left\" height=\"17\"><b><span style=\"font-family: Liberation Serif\">Pixel m\u00e9ret<\/span><\/b><\/td>\n<td colspan=\"2\" align=\"left\"><span style=\"font-family: Liberation Serif\">2.9 um<\/span><\/td>\n<\/tr>\n<tr>\n<td colspan=\"2\" align=\"left\" height=\"17\"><b><span style=\"font-family: Liberation Serif\">\u00c9rz\u00e9kenys\u00e9g<\/span><\/b><\/td>\n<td colspan=\"2\" align=\"left\"><span style=\"font-family: Liberation Serif\">0,001 lux<\/span><\/td>\n<\/tr>\n<tr>\n<td colspan=\"2\" align=\"left\" height=\"32\"><b><span style=\"font-family: Liberation Serif\">K\u00e9pfeldolgoz\u00f3 algoritmus<\/span><\/b><\/td>\n<td colspan=\"2\" align=\"left\"><span style=\"font-family: Liberation Serif\">Pard VLEA<\/span><\/td>\n<\/tr>\n<tr>\n<td colspan=\"2\" align=\"left\" height=\"32\"><b><span style=\"font-family: Liberation Serif\">M\u00f3d<\/span><\/b><\/td>\n<td colspan=\"2\" align=\"left\"><span style=\"font-family: Liberation Serif\">Sz\u00edn\/fekete\/feh\u00e9r\/z\u00f6ld\/s\u00e1rga<\/span><\/td>\n<\/tr>\n<tr>\n<td colspan=\"2\" align=\"left\" height=\"32\"><b><span style=\"font-family: Liberation Serif\">Kijelz\u0151\u00a0<\/span><\/b><\/td>\n<td colspan=\"2\" align=\"left\"><span style=\"font-family: Liberation Serif\">Kerek IPS LCD 800 \u00d7 800 px<\/span><\/td>\n<\/tr>\n<tr>\n<td colspan=\"2\" align=\"left\" height=\"17\"><b><span style=\"font-family: Liberation Serif\">dioptri\u00e1s korrekci\u00f3<\/span><\/b><\/td>\n<td colspan=\"2\" align=\"left\"><span style=\"font-family: Liberation Serif\">-5D ~ +5D<\/span><\/td>\n<\/tr>\n<tr>\n<td colspan=\"2\" align=\"left\" height=\"17\"><b><span style=\"font-family: Liberation Serif\">L\u00e9zeres t\u00e1vols\u00e1gm\u00e9r\u0151.<\/span><\/b><\/td>\n<td colspan=\"2\" align=\"left\"><span style=\"font-family: Liberation Serif\">Igen, 1 000 m<\/span><\/td>\n<\/tr>\n<tr>\n<td colspan=\"2\" align=\"left\" height=\"17\"><b><span style=\"font-family: Liberation Serif\">Ballisztikus sz\u00e1mol\u00f3g\u00e9p<\/span><\/b><\/td>\n<td colspan=\"2\" align=\"left\"><span style=\"font-family: Liberation Serif\">Igen<\/span><\/td>\n<\/tr>\n<tr>\n<td colspan=\"2\" align=\"left\" height=\"17\"><b><span style=\"font-family: Liberation Serif\">PIP<\/span><\/b><\/td>\n<td colspan=\"2\" align=\"left\"><span style=\"font-family: Liberation Serif\">Igen<\/span><\/td>\n<\/tr>\n<tr>\n<td colspan=\"2\" align=\"left\" height=\"17\"><b><span style=\"font-family: Liberation Serif\">Wi-fi<\/span><\/b><\/td>\n<td colspan=\"2\" align=\"left\"><span style=\"font-family: Liberation Serif\">Igen<\/span><\/td>\n<\/tr>\n<tr>\n<td colspan=\"2\" align=\"left\" height=\"17\"><b><span style=\"font-family: Liberation Serif\">Micro-SD k\u00e1rtya<\/span><\/b><\/td>\n<td colspan=\"2\" align=\"left\"><span style=\"font-family: Liberation Serif\">128 GB (max.)<\/span><\/td>\n<\/tr>\n<tr>\n<td colspan=\"2\" align=\"left\" height=\"17\"><b><span style=\"font-family: Liberation Serif\">Gyroszk\u00f3p<\/span><\/b><\/td>\n<td colspan=\"2\" align=\"left\"><span style=\"font-family: Liberation Serif\">Igen<\/span><\/td>\n<\/tr>\n<tr>\n<td colspan=\"2\" align=\"left\" height=\"32\"><b><span style=\"font-family: Liberation Serif\">Automatikus videofelv\u00e9tel<\/span><\/b><\/td>\n<td colspan=\"2\" align=\"left\"><span style=\"font-family: Liberation Serif\">Igen<\/span><\/td>\n<\/tr>\n<tr>\n<td colspan=\"2\" align=\"left\" height=\"32\"><b><span style=\"font-family: Liberation Serif\">F\u00e9nyk\u00e9pek \u00e9s vide\u00f3k k\u00e9sz\u00edt\u00e9se<\/span><\/b><\/td>\n<td colspan=\"2\" align=\"left\"><span style=\"font-family: Liberation Serif\">Igen<\/span><\/td>\n<\/tr>\n<tr>\n<td colspan=\"2\" align=\"left\" height=\"17\"><b><span style=\"font-family: Liberation Serif\">Ir\u00e1nyt\u0171<\/span><\/b><\/td>\n<td colspan=\"2\" align=\"left\"><span style=\"font-family: Liberation Serif\">Elektronikus<\/span><\/td>\n<\/tr>\n<tr>\n<td colspan=\"2\" align=\"left\" height=\"17\"><b><span style=\"font-family: Liberation Serif\">Mikrofon\u00a0<\/span><\/b><\/td>\n<td colspan=\"2\" align=\"left\"><span style=\"font-family: Liberation Serif\">Igen\u00a0<\/span><\/td>\n<\/tr>\n<tr>\n<td colspan=\"2\" align=\"left\" height=\"17\"><b><span style=\"font-family: Liberation Serif\">USB t\u00edpus<\/span><\/b><\/td>\n<td colspan=\"2\" align=\"left\"><span style=\"font-family: Liberation Serif\">C t\u00edpus<\/span><\/td>\n<\/tr>\n<tr>\n<td colspan=\"2\" align=\"left\" height=\"17\"><b><span style=\"font-family: Liberation Serif\">HDMI kimenet<\/span><\/b><\/td>\n<td colspan=\"2\" align=\"left\"><span style=\"font-family: Liberation Serif\">Igen<\/span><\/td>\n<\/tr>\n<tr>\n<td colspan=\"2\" align=\"left\" height=\"17\"><b><span style=\"font-family: Liberation Serif\">Infravet\u0151<\/span><\/b><\/td>\n<td colspan=\"2\" align=\"left\"><span style=\"font-family: Liberation Serif\">940 nm, 5 W<\/span><\/td>\n<\/tr>\n<tr>\n<td colspan=\"2\" align=\"left\" height=\"17\"><b><span style=\"font-family: Liberation Serif\">A megvil\u00e1g\u00edt\u00e1s t\u00e1vols\u00e1ga<\/span><\/b><\/td>\n<td colspan=\"2\" align=\"left\"><span style=\"font-family: Liberation Serif\">500 m-ig<\/span><\/td>\n<\/tr>\n<tr>\n<td colspan=\"2\" align=\"left\" height=\"17\"><b><span style=\"font-family: Liberation Serif\">Akkumul\u00e1tor t\u00edpusa<\/span><\/b><\/td>\n<td colspan=\"2\" align=\"left\"><span style=\"font-family: Liberation Serif\">L\u00edtium-ion 18650<\/span><\/td>\n<\/tr>\n<tr>\n<td colspan=\"2\" align=\"left\" height=\"17\"><b><span style=\"font-family: Liberation Serif\">Az akkumul\u00e1tor \u00e9lettartama<\/span><\/b><\/td>\n<td colspan=\"2\" align=\"left\"><span style=\"font-family: Liberation Serif\">8 \u00f3ra<\/span><\/td>\n<\/tr>\n<tr>\n<td colspan=\"2\" align=\"left\" height=\"17\"><b><span style=\"font-family: Liberation Serif\">Rugalmass\u00e1g<\/span><\/b><\/td>\n<td colspan=\"2\" align=\"left\"><span style=\"font-family: Liberation Serif\">IP67<\/span><\/td>\n<\/tr>\n<tr>\n<td colspan=\"2\" align=\"left\" height=\"17\"><b><span style=\"font-family: Liberation Serif\">\u00dczemi h\u0151m\u00e9rs\u00e9klet<\/span><\/b><\/td>\n<td colspan=\"2\" align=\"left\"><span style=\"font-family: Liberation Serif\">-20 \u00b0C ~ 50 \u00b0C<\/span><\/td>\n<\/tr>\n<tr>\n<td colspan=\"2\" align=\"left\" height=\"17\"><b><span style=\"font-family: Liberation Serif\">M\u00e9retek<\/span><\/b><\/td>\n<td colspan=\"2\" align=\"left\"><span style=\"font-family: Liberation Serif\">396 mm * 125 mm * 110 mm<\/span><\/td>\n<\/tr>\n<tr>\n<td colspan=\"2\" align=\"left\" height=\"17\"><b><span style=\"font-family: Liberation Serif\">S\u00faly<\/span><\/b><\/td>\n<td colspan=\"2\" align=\"left\"><span style=\"font-family: Liberation Serif\">680 g<\/span><\/td>\n<\/tr>\n<\/tbody>\n<\/table>\n<p>Hivatalos m\u00e1rkaoldal: <a href=\"https:\/\/pard.com\/europe\/store\/ds35-night-vision-scope\/\">https:\/\/pard.com\/europe\/store\/ds35-night-vision-scope\/<\/a><\/p>\n<p><strong>A csomag tartalma:<\/strong><\/p>\n<ul>\n<li>L\u00e1tv\u00e1ny PARD DS35 LRF<\/li>\n<li>Kiv\u00e1l\u00f3 min\u0151s\u00e9g\u0171 sz\u00e1ll\u00edt\u00f3t\u00e1ska<\/li>\n<li>USB-C csatlakoz\u00f3k\u00e1bel<\/li>\n<li>Cseh nyelv\u0171 utas\u00edt\u00e1sok<\/li>\n<li>Tiszt\u00edt\u00f3 kend\u0151 optik\u00e1hoz<\/li>\n<li>1\u00d7 18650 \u00fajrat\u00f6lthet\u0151 akkumul\u00e1tor<\/li>\n<li>Szerel\u00e9s (2\u00d730 mm-es gy\u0171r\u0171k)<\/li>\n<\/ul>","protected":false},"excerpt":{"rendered":"<p><strong>PARD<\/strong>\u00a0egy \u00faj digit\u00e1lis \u00e9jjell\u00e1t\u00f3 t\u00e1vcs\u0151vel \u00e9rkezik, puskat\u00e1vcs\u0151 form\u00e1j\u00e1ban.\u00a0<strong>PARD DS35 LRF<\/strong>. Ez egy t\u00f6bbfunkci\u00f3s nappali \u00e9s \u00e9jszakai l\u00e1tcs\u0151, cs\u00facstechnol\u00f3gi\u00e1val. A DS35 egy l\u00e9p\u00e9ssel a versenyt\u00e1rsak el\u0151tt j\u00e1r, mivel a piacon els\u0151k\u00e9nt haszn\u00e1lja az \u00faj <strong>k\u00f6r alak\u00fa IPS LCD kijelz\u0151<\/strong> 800 \u00d7 800 px felbont\u00e1ssal, amely egy klasszikus c\u00e9lt\u00e1vcs\u0151 \u00e9lm\u00e9ny\u00e9t \u00e9s maxim\u00e1lis l\u00e1t\u00f3mez\u0151t biztos\u00edt. Az eredm\u00e9ny egy nagyobb felbont\u00e1s\u00fa k\u00e9p, kombin\u00e1lva egy nagy \u00e9rz\u00e9kenys\u00e9g\u0171 <strong>QHD CMOS \u00e9rz\u00e9kel\u0151 2560 \u00d7 1440 px felbont\u00e1ssal<\/strong>.\u00a0<strong>L\u00e9zeres t\u00e1vols\u00e1gm\u00e9r\u0151 1 000 m-es hat\u00f3t\u00e1vols\u00e1ggal \u00e9s ballisztikus sz\u00e1mol\u00f3g\u00e9ppel<\/strong>\u00a0minden k\u00f6r\u00fclm\u00e9nyek k\u00f6z\u00f6tt pontosabb tal\u00e1latot garant\u00e1l.<\/p>","protected":false},"featured_media":3541,"template":"","meta":{"_gspb_post_css":""},"product_brand":[308],"product_cat":[145,21,331],"product_tag":[364,347,325,229,324],"class_list":{"0":"post-3414","1":"product","2":"type-product","3":"status-publish","4":"has-post-thumbnail","6":"product_brand-pard","7":"product_cat-nocne-videnie","8":"product_cat-optika","9":"product_cat-puskohlady-s-nocnym-videnim","10":"product_tag-ds35","11":"product_tag-laserovy-dialkomer","12":"product_tag-nocne-videnie","13":"product_tag-pard","14":"product_tag-puskohlad","16":"first","17":"instock","18":"taxable","19":"shipping-taxable","20":"purchasable","21":"product-type-simple"},"ct_brands":[{"id":308,"name":"Pard","slug":"pard"}],"_links":{"self":[{"href":"https:\/\/zbranebudai.sk\/hu\/wp-json\/wp\/v2\/product\/3414","targetHints":{"allow":["GET"]}}],"collection":[{"href":"https:\/\/zbranebudai.sk\/hu\/wp-json\/wp\/v2\/product"}],"about":[{"href":"https:\/\/zbranebudai.sk\/hu\/wp-json\/wp\/v2\/types\/product"}],"wp:featuredmedia":[{"embeddable":true,"href":"https:\/\/zbranebudai.sk\/hu\/wp-json\/wp\/v2\/media\/3541"}],"wp:attachment":[{"href":"https:\/\/zbranebudai.sk\/hu\/wp-json\/wp\/v2\/media?parent=3414"}],"wp:term":[{"taxonomy":"product_brand","embeddable":true,"href":"https:\/\/zbranebudai.sk\/hu\/wp-json\/wp\/v2\/product_brand?post=3414"},{"taxonomy":"product_cat","embeddable":true,"href":"https:\/\/zbranebudai.sk\/hu\/wp-json\/wp\/v2\/product_cat?post=3414"},{"taxonomy":"product_tag","embeddable":true,"href":"https:\/\/zbranebudai.sk\/hu\/wp-json\/wp\/v2\/product_tag?post=3414"}],"curies":[{"name":"wp","href":"https:\/\/api.w.org\/{rel}","templated":true}]}}