{"id":3392,"date":"2025-02-01T20:48:43","date_gmt":"2025-02-01T18:48:43","guid":{"rendered":"https:\/\/zbranebudai.sk\/?post_type=product&#038;p=3392"},"modified":"2025-08-31T03:54:32","modified_gmt":"2025-08-31T01:54:32","slug":"infiray-saim-nv-scd35-ejjellato","status":"publish","type":"product","link":"https:\/\/zbranebudai.sk\/hu\/product\/infiray-saim-nv-scd35-ejjellato\/","title":{"rendered":"InfiRay SAIM SCD35 \u00e9jjell\u00e1t\u00f3 l\u00e1tcs\u0151"},"content":{"rendered":"<p><span data-darkreader-inline-color=\"\">A tov\u00e1bbfejlesztett 1080P \u00e9rz\u00e9kel\u0151 kiv\u00e1l\u00f3 ultra-alacsony megvil\u00e1g\u00edt\u00e1s\u00fa teljes\u00edtm\u00e9ny\u00e9nek titka az \u00e9rz\u00e9kel\u0151 4\u00d74 \u03bcm-es pixelm\u00e9rete \u00e9s felbont\u00e1s\u00e1nak teljes kihaszn\u00e1l\u00e1sa. Fokozott \u00e9rz\u00e9kenys\u00e9get biztos\u00edt az \u00e9jszakai vad\u00e1szathoz, amikor a piacon kaphat\u00f3 t\u00f6bbi norm\u00e1l CMOS-\u00e9rz\u00e9kel\u0151vel \u00f6sszehasonl\u00edtva halv\u00e1nyabb f\u00e9nyt r\u00f6gz\u00edt. Kiv\u00e1l\u00f3 min\u0151s\u00e9g\u0171 NV objekt\u00edvekkel kombin\u00e1lva professzion\u00e1lis \u00e9jszakai \u00e9lm\u00e9nyt ny\u00fajt.<\/span><\/p>\n<p><span data-darkreader-inline-color=\"\"><strong>Kulcsfontoss\u00e1g\u00fa jellemz\u0151k:<\/strong><\/span><\/p>\n<ul>\n<li><span data-darkreader-inline-color=\"\"><strong>Optika:<\/strong>\u00a0A keres\u0151 35 mm-es objekt\u00edvlencse F1,4-es rekeszny\u00edl\u00e1ssal rendelkezik, 3x-os optikai nagy\u00edt\u00e1st biztos\u00edt, amely digit\u00e1lisan 12x-re n\u00f6velhet\u0151.<\/span><\/li>\n<li><span data-darkreader-inline-color=\"\"><strong>Megjelen\u00edt\u00e9s:<\/strong>\u00a0A 0,39 h\u00fcvelykes, 1280\u00d7960 pixel felbont\u00e1s\u00fa FLCOS kijelz\u0151 kiv\u00e1l\u00f3 min\u0151s\u00e9g\u0171 megjelen\u00edt\u00e9st biztos\u00edt.<\/span><\/li>\n<li><span data-darkreader-inline-color=\"\"><strong>Pr\u00edsvit:<\/strong>\u00a0A k\u00e9sz\u00fcl\u00e9khez opcion\u00e1lisan 850 nm-es vagy 940 nm-es hull\u00e1mhossz\u00fa infrav\u00f6r\u00f6s megvil\u00e1g\u00edt\u00f3 k\u00e9sz\u00fcl\u00e9k is rendelhet\u0151, amely jav\u00edtja a l\u00e1that\u00f3s\u00e1got teljes s\u00f6t\u00e9ts\u00e9gben.<\/span><\/li>\n<li><span data-darkreader-inline-color=\"\"><strong>Megjelen\u00edt\u00e9si m\u00f3dok:<\/strong>\u00a0H\u00e1rom \u00fczemm\u00f3d - nappal, sz\u00fcrk\u00fclet \u00e9s \u00e9jszaka - lehet\u0151v\u00e9 teszi, hogy a k\u00e9pet az aktu\u00e1lis f\u00e9nyviszonyokhoz igaz\u00edtsa.<\/span><\/li>\n<li><span data-darkreader-inline-color=\"\"><strong>K\u00e9p a k\u00e9pben (PIP) funkci\u00f3:<\/strong>\u00a0Ez a funkci\u00f3 a kijelz\u0151 tetej\u00e9n egy 2x-es nagy\u00edt\u00e1s\u00fa k\u00e9pet jelen\u00edt meg a c\u00e9lpontr\u00f3l, ami n\u00f6veli a c\u00e9lz\u00e1s pontoss\u00e1g\u00e1t an\u00e9lk\u00fcl, hogy a teljes l\u00e1t\u00f3mez\u0151 cs\u00f6kkenne.<\/span><\/li>\n<li><span data-darkreader-inline-color=\"\"><strong>Felv\u00e9tel \u00e9s csatlakoz\u00e1s:<\/strong>\u00a0A be\u00e9p\u00edtett 16 GB mem\u00f3ria lehet\u0151v\u00e9 teszi a f\u00e9nyk\u00e9pek \u00e9s vide\u00f3k t\u00e1rol\u00e1s\u00e1t. A be\u00e9p\u00edtett Wi-Fi modul t\u00e1mogatja az InfiRay Outdoor mobilalkalmaz\u00e1shoz val\u00f3 csatlakoz\u00e1st, \u00edgy lehet\u0151v\u00e9 teszi a felv\u00e9telek megoszt\u00e1s\u00e1t \u00e9s a k\u00e9sz\u00fcl\u00e9k t\u00e1vvez\u00e9rl\u00e9s\u00e9t.<\/span><\/li>\n<li><span data-darkreader-inline-color=\"\"><strong>T\u00e1pegys\u00e9g:<\/strong>\u00a0A k\u00e9sz\u00fcl\u00e9k k\u00e9t CR123 elemmel m\u0171k\u00f6dik, az akkumul\u00e1tor \u00e9lettartama k\u00f6r\u00fclbel\u00fcl 3,5 \u00f3ra. K\u00e9t 16650-es elem \u00e9s egy hosszabb\u00edt\u00f3 sapka haszn\u00e1lat\u00e1val az akkumul\u00e1tor \u00e9lettartama 7 \u00f3r\u00e1ra hosszabbodik.<\/span><\/li>\n<li><span data-darkreader-inline-color=\"\"><strong>Rugalmass\u00e1g:<\/strong>\u00a0A Saim NV SCD35 IP66-os besorol\u00e1s\u00fa, ami azt jelenti, hogy por- \u00e9s v\u00edz\u00e1ll\u00f3, \u00edgy a legk\u00fcl\u00f6nb\u00f6z\u0151bb id\u0151j\u00e1r\u00e1si k\u00f6r\u00fclm\u00e9nyek k\u00f6z\u00f6tt haszn\u00e1lhat\u00f3.<\/span><\/li>\n<\/ul>\n<p><span data-darkreader-inline-color=\"\">Az InfiRay Saim CD35 h\u00e1rom k\u00e9pm\u00f3ddal rendelkezik - nappal\/sz\u00fcrk\u00fclet\/\u00e9jszaka - a nap meghat\u00e1rozott id\u0151szakaiban felmer\u00fcl\u0151 k\u00f6vetelm\u00e9nyekhez, kihaszn\u00e1lva az \u00e9rz\u00e9kel\u0151 teljes\u00edtm\u00e9ny\u00e9t, valamint a hardver \u00e9s a szoftver kiv\u00e1l\u00f3 kombin\u00e1ci\u00f3j\u00e1t. A felhaszn\u00e1l\u00f3k m\u00e9g sz\u00fcrk\u00fcletben is l\u00e1thatj\u00e1k a k\u00f6rnyezet\u00fck sz\u00edneit.\u00a0<\/span><\/p>\n<p>&nbsp;<\/p>\n<table border=\"1\" cellspacing=\"0\" cellpadding=\"0\">\n<tbody>\n<tr>\n<td class=\"xl63\" width=\"394\" height=\"22\"><span data-darkreader-inline-color=\"\">T\u00edpus<\/span><\/td>\n<td class=\"xl64\" width=\"418\"><span data-darkreader-inline-color=\"\">HD CMOS<\/span><\/td>\n<\/tr>\n<tr>\n<td class=\"xl63\" width=\"394\" height=\"22\"><span data-darkreader-inline-color=\"\">Felbont\u00e1s<\/span><\/td>\n<td class=\"xl64\" width=\"418\"><span data-darkreader-inline-color=\"\">1920 x 1080<\/span><\/td>\n<\/tr>\n<tr>\n<td class=\"xl63\" width=\"394\" height=\"22\"><span data-darkreader-inline-color=\"\">Pixel \u00e9rz\u00e9kel\u0151k\u00a0<\/span><\/td>\n<td class=\"xl64\" width=\"418\"><span data-darkreader-inline-color=\"\">4 \u03bcm<\/span><\/td>\n<\/tr>\n<tr>\n<td class=\"xl67\" colspan=\"2\" width=\"812\" height=\"22\"><span data-darkreader-inline-color=\"\">Optikai specifik\u00e1ci\u00f3k<\/span><\/td>\n<\/tr>\n<tr>\n<td class=\"xl63\" width=\"394\" height=\"22\"><span data-darkreader-inline-color=\"\">Objekt\u00edv f\u00f3kuszt\u00e1vols\u00e1g, mm<\/span><\/td>\n<td class=\"xl64\" width=\"418\"><span data-darkreader-inline-color=\"\">35 mm<\/span><\/td>\n<\/tr>\n<tr>\n<td class=\"xl63\" width=\"394\" height=\"22\"><span data-darkreader-inline-color=\"\">F-sz\u00e1m<\/span><\/td>\n<td class=\"xl64\" width=\"418\"><span data-darkreader-inline-color=\"\">1.4<\/span><\/td>\n<\/tr>\n<tr>\n<td class=\"xl63\" width=\"394\" height=\"22\"><span data-darkreader-inline-color=\"\">Optikai nagy\u00edt\u00e1s, X<\/span><\/td>\n<td class=\"xl64\" width=\"418\"><span data-darkreader-inline-color=\"\">3X ~ 12X<\/span><\/td>\n<\/tr>\n<tr>\n<td class=\"xl63\" width=\"394\" height=\"22\"><span data-darkreader-inline-color=\"\">L\u00e1t\u00f3mez\u0151,\u00b0<\/span><\/td>\n<td class=\"xl64\" width=\"418\"><span data-darkreader-inline-color=\"\">8,4\u00b0\u00d76,3\u00b0<\/span><\/td>\n<\/tr>\n<tr>\n<td class=\"xl63\" width=\"394\" height=\"22\"><span data-darkreader-inline-color=\"\">Digit\u00e1lis zoom<\/span><\/td>\n<td class=\"xl64\" width=\"418\"><span data-darkreader-inline-color=\"\">1X\/2X\/3X\/4X<\/span><\/td>\n<\/tr>\n<tr>\n<td class=\"xl63\" width=\"394\" height=\"22\"><span data-darkreader-inline-color=\"\">Kimeneti pupillat\u00e1vols\u00e1g, mm<\/span><\/td>\n<td class=\"xl64\" width=\"418\"><span data-darkreader-inline-color=\"\">35 mm<\/span><\/td>\n<\/tr>\n<tr>\n<td class=\"xl63\" width=\"394\" height=\"22\"><span data-darkreader-inline-color=\"\">Dioptri\u00e1k, D<\/span><\/td>\n<td class=\"xl64\" width=\"418\"><span data-darkreader-inline-color=\"\">-7 D~+3D<\/span><\/td>\n<\/tr>\n<tr>\n<td class=\"xl67\" colspan=\"2\" width=\"812\" height=\"22\"><span data-darkreader-inline-color=\"\">A  megtekint\u00e9se<\/span><\/td>\n<\/tr>\n<tr>\n<td class=\"xl63\" width=\"394\" height=\"22\"><span data-darkreader-inline-color=\"\">T\u00edpus<\/span><\/td>\n<td class=\"xl64\" width=\"418\"><span data-darkreader-inline-color=\"\">FLCOS<\/span><\/td>\n<\/tr>\n<tr>\n<td class=\"xl63\" width=\"394\" height=\"22\"><span data-darkreader-inline-color=\"\">Felbont\u00e1s<\/span><\/td>\n<td class=\"xl64\" width=\"418\"><span data-darkreader-inline-color=\"\">1280 x 960<\/span><\/td>\n<\/tr>\n<tr>\n<td class=\"xl63\" width=\"394\" height=\"22\"><span data-darkreader-inline-color=\"\">Dimenzi\u00f3<\/span><\/td>\n<td class=\"xl64\" width=\"418\"><span data-darkreader-inline-color=\"\">0,39\u2033<\/span><\/td>\n<\/tr>\n<tr>\n<td class=\"xl67\" colspan=\"2\" width=\"812\" height=\"22\"><span data-darkreader-inline-color=\"\">elemek<\/span><\/td>\n<\/tr>\n<tr>\n<td class=\"xl63\" width=\"394\" height=\"22\"><span data-darkreader-inline-color=\"\">Akkumul\u00e1tor t\u00edpusa<\/span><\/td>\n<td class=\"xl64\" width=\"418\"><span data-darkreader-inline-color=\"\">CR123\uff083.7V\uff09* 2 \/ 16650 * 2<\/span><\/td>\n<\/tr>\n<tr>\n<td class=\"xl63\" width=\"394\" height=\"22\"><span data-darkreader-inline-color=\"\">K\u00fcls\u0151 fesz\u00fclts\u00e9g, V<\/span><\/td>\n<td class=\"xl64\" width=\"418\"><span data-darkreader-inline-color=\"\">5V (USB Type-C)<\/span><\/td>\n<\/tr>\n<tr>\n<td class=\"xl63\" width=\"394\" height=\"22\"><span data-darkreader-inline-color=\"\">Az akkumul\u00e1tor \u00e9lettartama, h<\/span><\/td>\n<td class=\"xl64\" width=\"418\"><span data-darkreader-inline-color=\"\">3,5 \u00f3ra (CR123) \/ 7 \u00f3ra (16650)<\/span><\/td>\n<\/tr>\n<tr>\n<td class=\"xl67\" colspan=\"2\" width=\"812\" height=\"22\"><span data-darkreader-inline-color=\"\">Fizikai specifik\u00e1ci\u00f3<\/span><\/td>\n<\/tr>\n<tr>\n<td class=\"xl63\" width=\"394\" height=\"22\"><span data-darkreader-inline-color=\"\">\u00c9rz\u00e9kel\u00e9si tartom\u00e1ny, m<\/span><\/td>\n<td class=\"xl64\" width=\"418\"><span data-darkreader-inline-color=\"\">200 m<\/span><\/td>\n<\/tr>\n<tr>\n<td class=\"xl63\" width=\"394\" height=\"22\"><span data-darkreader-inline-color=\"\">V\u00e9detts\u00e9gi fok, IP-k\u00f3d<\/span><\/td>\n<td class=\"xl64\" width=\"418\"><span data-darkreader-inline-color=\"\">IP66<\/span><\/td>\n<\/tr>\n<tr>\n<td class=\"xl63\" width=\"394\" height=\"22\"><span data-darkreader-inline-color=\"\">Mem\u00f3ria kapacit\u00e1s, GB<\/span><\/td>\n<td class=\"xl64\" width=\"418\"><span data-darkreader-inline-color=\"\">16 GB<\/span><\/td>\n<\/tr>\n<tr>\n<td><span data-darkreader-inline-color=\"\">Wifi*<\/span><\/td>\n<td><span data-darkreader-inline-color=\"\">Ism\u00e9t<\/span><\/td>\n<\/tr>\n<tr>\n<td class=\"xl63\" width=\"394\" height=\"22\"><span data-darkreader-inline-color=\"\">\u00dczemi h\u0151m\u00e9rs\u00e9klet, \u2103<\/span><\/td>\n<td class=\"xl64\" width=\"418\"><span data-darkreader-inline-color=\"\">-20 \u2103 ~ + 50 \u2103<\/span><\/td>\n<\/tr>\n<tr>\n<td class=\"xl63\" width=\"394\" height=\"22\"><span data-darkreader-inline-color=\"\">Max. A visszar\u00fag\u00e1s ereje egy puskafegyver eset\u00e9ben<\/span><\/td>\n<td class=\"xl64\" width=\"418\"><span data-darkreader-inline-color=\"\">1000 g\/s\u00b2<\/span><\/td>\n<\/tr>\n<tr>\n<td class=\"xl63\" width=\"394\" height=\"22\"><span data-darkreader-inline-color=\"\">\u00c9rz\u00e9kel\u00e9s\/video felbont\u00e1s<\/span><\/td>\n<td class=\"xl64\" width=\"418\"><span data-darkreader-inline-color=\"\">1280 x 960<\/span><\/td>\n<\/tr>\n<tr>\n<td class=\"xl63\" width=\"394\" height=\"22\"><span data-darkreader-inline-color=\"\">T\u00f6meg, g<\/span><\/td>\n<td class=\"xl64\" width=\"418\"><span data-darkreader-inline-color=\"\">430 g<\/span><\/td>\n<\/tr>\n<tr>\n<td class=\"xl63\" width=\"394\" height=\"22\"><span data-darkreader-inline-color=\"\">M\u00e9ret, mm<\/span><\/td>\n<td class=\"xl64\" width=\"418\"><span data-darkreader-inline-color=\"\">195\u00d761\u00d761\u00a0<\/span><\/td>\n<\/tr>\n<tr>\n<td class=\"xl67\" colspan=\"2\" width=\"812\" height=\"22\"><span data-darkreader-inline-color=\"\">IR sug\u00e1rz\u00f3<\/span><\/td>\n<\/tr>\n<tr>\n<td class=\"xl63\" width=\"394\" height=\"22\"><span data-darkreader-inline-color=\"\">Hull\u00e1mhossz, nm<\/span><\/td>\n<td class=\"xl64\" width=\"418\"><span data-darkreader-inline-color=\"\">940nm\/850nm<\/span><\/td>\n<\/tr>\n<tr>\n<td class=\"xl63\" width=\"394\" height=\"22\"><span data-darkreader-inline-color=\"\">Akkumul\u00e1tor t\u00edpusa<\/span><\/td>\n<td class=\"xl64\" width=\"418\"><span data-darkreader-inline-color=\"\">18650<\/span><\/td>\n<\/tr>\n<tr>\n<td class=\"xl63\" width=\"394\" height=\"22\"><span data-darkreader-inline-color=\"\">Maxim\u00e1lis teljes\u00edtm\u00e9ny<\/span><\/td>\n<td class=\"xl64\" width=\"418\"><span data-darkreader-inline-color=\"\">1,5 h\u00fcvelyk<\/span><\/td>\n<\/tr>\n<\/tbody>\n<\/table>\n<p><a href=\"https:\/\/www.infirayoutdoor.com\/saim-nv-scd35-digital-day-and-night-riflescope\">https:\/\/www.infirayoutdoor.com\/saim-nv-scd35-digital-day-and-night-riflescope<\/a><\/p>","protected":false},"excerpt":{"rendered":"<p>Az InfiRay Saim NV SCD35 egy nappali \u00e9s \u00e9jszakai haszn\u00e1latra tervezett digit\u00e1lis c\u00e9lt\u00e1vcs\u0151, amely a nagy teljes\u00edtm\u00e9nyt kompakt kialak\u00edt\u00e1ssal kombin\u00e1lja.<\/p>","protected":false},"featured_media":3594,"template":"","meta":{"_gspb_post_css":""},"product_brand":[314],"product_cat":[145,21,332],"product_tag":[170,325,194,312],"class_list":{"0":"post-3392","1":"product","2":"type-product","3":"status-publish","4":"has-post-thumbnail","6":"product_brand-infiray","7":"product_cat-nocne-videnie","8":"product_cat-optika","9":"product_cat-zameriavace-s-nocnym-videnim","10":"product_tag-infiray","11":"product_tag-nocne-videnie","12":"product_tag-saim","13":"product_tag-zameriavac","15":"first","16":"instock","17":"taxable","18":"shipping-taxable","19":"purchasable","20":"product-type-simple"},"ct_brands":[{"id":314,"name":"Infiray","slug":"infiray"}],"_links":{"self":[{"href":"https:\/\/zbranebudai.sk\/hu\/wp-json\/wp\/v2\/product\/3392","targetHints":{"allow":["GET"]}}],"collection":[{"href":"https:\/\/zbranebudai.sk\/hu\/wp-json\/wp\/v2\/product"}],"about":[{"href":"https:\/\/zbranebudai.sk\/hu\/wp-json\/wp\/v2\/types\/product"}],"wp:featuredmedia":[{"embeddable":true,"href":"https:\/\/zbranebudai.sk\/hu\/wp-json\/wp\/v2\/media\/3594"}],"wp:attachment":[{"href":"https:\/\/zbranebudai.sk\/hu\/wp-json\/wp\/v2\/media?parent=3392"}],"wp:term":[{"taxonomy":"product_brand","embeddable":true,"href":"https:\/\/zbranebudai.sk\/hu\/wp-json\/wp\/v2\/product_brand?post=3392"},{"taxonomy":"product_cat","embeddable":true,"href":"https:\/\/zbranebudai.sk\/hu\/wp-json\/wp\/v2\/product_cat?post=3392"},{"taxonomy":"product_tag","embeddable":true,"href":"https:\/\/zbranebudai.sk\/hu\/wp-json\/wp\/v2\/product_tag?post=3392"}],"curies":[{"name":"wp","href":"https:\/\/api.w.org\/{rel}","templated":true}]}}