{"id":3375,"date":"2025-02-01T20:47:32","date_gmt":"2025-02-01T18:47:32","guid":{"rendered":"https:\/\/zbranebudai.sk\/?post_type=product&#038;p=3375"},"modified":"2025-08-31T03:54:32","modified_gmt":"2025-08-31T01:54:32","slug":"infiray-psii-zzr-hokamera","status":"publish","type":"product","link":"https:\/\/zbranebudai.sk\/hu\/product\/infiray-psii-zzr-hokamera\/","title":{"rendered":"Infiray ZZR h\u0151kamer\u00e1s c\u00e9lt\u00e1vcs\u0151"},"content":{"rendered":"<table dir=\"ltr\" border=\"1\" cellspacing=\"0\" cellpadding=\"0\" data-sheets-root=\"1\" data-sheets-baot=\"1\">\n<colgroup>\n<col width=\"375\" \/>\n<col width=\"437\" \/><\/colgroup>\n<tbody>\n<tr>\n<td>Core<\/td>\n<td>640\u00d7512\/12um<\/td>\n<\/tr>\n<tr>\n<td>Lencse lencse \u00e1tm\u00e9r\u0151je<\/td>\n<td>75mm<\/td>\n<\/tr>\n<tr>\n<td>NETD<\/td>\n<td>\u226435 mK<\/td>\n<\/tr>\n<tr>\n<td>K\u00e9pfrekvencia<\/td>\n<td>50 Hz<\/td>\n<\/tr>\n<tr>\n<td>L\u00e1t\u00f3mez\u0151<\/td>\n<td>5,8\u00b0\u00d74,6\u00b0<\/td>\n<\/tr>\n<tr>\n<td>Szemkiemel\u00e9s<\/td>\n<td>6-55 mm<\/td>\n<\/tr>\n<tr>\n<td>T\u00e1vm\u00e9r\u0151<\/td>\n<td>20 - 3000m\/\u00b11m<\/td>\n<\/tr>\n<tr>\n<td>Dioptri\u00e1s korrekci\u00f3<\/td>\n<td>-4 \u00e9s +4 dioptria k\u00f6z\u00f6tt<\/td>\n<\/tr>\n<tr>\n<td>Optikai nagy\u00edt\u00e1s<\/td>\n<td>4x - 32x<\/td>\n<\/tr>\n<tr>\n<td>Wifi<\/td>\n<td>Nem<\/td>\n<\/tr>\n<tr>\n<td>Fot\u00f3\/Vide\u00f3<\/td>\n<td>Nem<\/td>\n<\/tr>\n<tr>\n<td>K\u00e9szenl\u00e9tbe!<\/td>\n<td>Nem<\/td>\n<\/tr>\n<tr>\n<td>Ballisztikus kalkul\u00e1tor<\/td>\n<td>Igen<\/td>\n<\/tr>\n<tr>\n<td>Nagy\u00edt\u00e1s (digit\u00e1lis)<\/td>\n<td>1x \/ 2x \/ 4x \/ 8x<\/td>\n<\/tr>\n<tr>\n<td>Akkumul\u00e1tor t\u00edpusa \/ akkumul\u00e1tor \u00e9lettartama<\/td>\n<td>1x 18650 (18x65mm) \/ 4h<\/td>\n<\/tr>\n<tr>\n<td>S\u00faly<\/td>\n<td>1110g<\/td>\n<\/tr>\n<tr>\n<td>Dimenzi\u00f3<\/td>\n<td>220x120x90mm<\/td>\n<\/tr>\n<tr>\n<td>Visszar\u00fag\u00e1ssal szembeni ellen\u00e1ll\u00e1s<\/td>\n<td>1600 g\/0,3ms - T\u00f6bb mint 9000J<\/td>\n<\/tr>\n<tr>\n<td>\u00dczemi h\u0151m\u00e9rs\u00e9klet<\/td>\n<td>-40\u00b0C \/ +55\u00b0C<\/td>\n<\/tr>\n<tr>\n<td>4o mini<\/td>\n<td><\/td>\n<\/tr>\n<\/tbody>\n<\/table>","protected":false},"excerpt":{"rendered":"<p class=\"page-title\">Professzion\u00e1lis nagy hat\u00f3t\u00e1vols\u00e1g\u00fa vad\u00e1szok sz\u00e1m\u00e1ra tervezett h\u0151kamer\u00e1s c\u00e9lt\u00e1vcs\u0151. A 75 mm-es objekt\u00edvnek k\u00f6sz\u00f6nhet\u0151en nagy t\u00e1vols\u00e1gb\u00f3l is k\u00e9pes \u00e9rz\u00e9kelni a t\u00e1rgyat.<\/p>","protected":false},"featured_media":3582,"template":"","meta":{"_gspb_post_css":""},"product_brand":[314],"product_cat":[21,144,329],"product_tag":[170,324,345,373],"class_list":{"0":"post-3375","1":"product","2":"type-product","3":"status-publish","4":"has-post-thumbnail","6":"product_brand-infiray","7":"product_cat-optika","8":"product_cat-termovizie","9":"product_cat-termovizne-puskohlady","10":"product_tag-infiray","11":"product_tag-puskohlad","12":"product_tag-termovizny-zameriavac","13":"product_tag-zzr","15":"first","16":"instock","17":"taxable","18":"shipping-taxable","19":"purchasable","20":"product-type-simple"},"ct_brands":[{"id":314,"name":"Infiray","slug":"infiray"}],"_links":{"self":[{"href":"https:\/\/zbranebudai.sk\/hu\/wp-json\/wp\/v2\/product\/3375","targetHints":{"allow":["GET"]}}],"collection":[{"href":"https:\/\/zbranebudai.sk\/hu\/wp-json\/wp\/v2\/product"}],"about":[{"href":"https:\/\/zbranebudai.sk\/hu\/wp-json\/wp\/v2\/types\/product"}],"wp:featuredmedia":[{"embeddable":true,"href":"https:\/\/zbranebudai.sk\/hu\/wp-json\/wp\/v2\/media\/3582"}],"wp:attachment":[{"href":"https:\/\/zbranebudai.sk\/hu\/wp-json\/wp\/v2\/media?parent=3375"}],"wp:term":[{"taxonomy":"product_brand","embeddable":true,"href":"https:\/\/zbranebudai.sk\/hu\/wp-json\/wp\/v2\/product_brand?post=3375"},{"taxonomy":"product_cat","embeddable":true,"href":"https:\/\/zbranebudai.sk\/hu\/wp-json\/wp\/v2\/product_cat?post=3375"},{"taxonomy":"product_tag","embeddable":true,"href":"https:\/\/zbranebudai.sk\/hu\/wp-json\/wp\/v2\/product_tag?post=3375"}],"curies":[{"name":"wp","href":"https:\/\/api.w.org\/{rel}","templated":true}]}}