{"id":3374,"date":"2025-02-01T20:47:32","date_gmt":"2025-02-01T18:47:32","guid":{"rendered":"https:\/\/zbranebudai.sk\/?post_type=product&#038;p=3374"},"modified":"2025-08-31T03:54:32","modified_gmt":"2025-08-31T01:54:32","slug":"pard-nv007sp-940-lrf-ejjellato-celtavcso-utantet-48-mm","status":"publish","type":"product","link":"https:\/\/zbranebudai.sk\/hu\/product\/pard-nv007sp-940-lrf-ejjellato-celtavcso-utantet-48-mm\/","title":{"rendered":"Pard NV007SP 940 LRF 48 mm-es \u00e9jjell\u00e1t\u00f3 puskat\u00e1vcs\u0151"},"content":{"rendered":"<p>Az 1 097 m-es l\u00e9zeres t\u00e1vols\u00e1gm\u00e9r\u0151 \u00fajdons\u00e1ga ennek a modellnek, amelyet \u00e9rt\u00e9kelni fog, ha nagyobb t\u00e1vols\u00e1gokra vagy ismeretlen k\u00f6rnyezetben vad\u00e1szik. Nagy el\u0151nye a m\u00e9rete \u00e9s elhelyezked\u00e9se, amely nem zavarja a k\u00e9sz\u00fcl\u00e9k \u00e1ltal\u00e1nos kompakts\u00e1g\u00e1t. A l\u00e9zeres t\u00e1vols\u00e1gm\u00e9r\u0151t akkor is \u00e9rt\u00e9kelni fogja, ha monokul\u00e1rk\u00e9nt haszn\u00e1lja.<\/p>\n<p>Az \u00faj NV007SP el\u0151dj\u00e9hez k\u00e9pest sokkal nagyobb objekt\u00edvvel is rendelkezik, amely k\u00fcl\u00f6n\u00f6sen \u00e9jszaka t\u00f6bb marad\u00e9k f\u00e9nyt r\u00f6gz\u00edt, \u00e9s t\u00f6k\u00e9letesen lefedi a c\u00e9lt\u00e1vcs\u0151 teljes l\u00e1t\u00f3mezej\u00e9t. A k\u00e9sz\u00fcl\u00e9ket a mell\u00e9kelt 45 vagy 48 mm-es bajonettr\u00f6gz\u00edt\u0151vel alapfelszerelts\u00e9gk\u00e9nt a c\u00e9lt\u00e1vcs\u0151h\u00f6z r\u00f6gz\u00edti. H\u00e1rom kalibr\u00e1ci\u00f3s gy\u0171r\u0171 (1 mm, 2 mm, 3 mm) is rendelkez\u00e9sre \u00e1ll arra az esetre, ha a ferrule nem illeszkedne t\u00f6k\u00e9letesen pontosan. El\u0151nye, hogy az eszk\u00f6z puskapuskak\u00e9nt val\u00f3 haszn\u00e1lata nem v\u00e1ltoztatja meg a c\u00e9lz\u00e1si pont helyzet\u00e9t, \u00e9s a fegyvert nem kell \u00fajrat\u00f6lteni. Az eszk\u00f6z monokul\u00e1rk\u00e9nt is m\u0171k\u00f6dik, \u00e9s nappal is, amikor a k\u00e9p sz\u00ednes, egyenletes \u00e9s \u00e9l\u00e9nk sz\u00ednvisszaad\u00e1s\u00fa.<\/p>\n<p>A Pard NV007SP el\u0151dj\u00e9hez hasonl\u00f3an be\u00e9p\u00edtett vil\u00e1g\u00edt\u00f3testtel rendelkezik, amely 3 \u00e1ll\u00edthat\u00f3 szinttel rendelkezik, hogy mindig a legjobb megvil\u00e1g\u00edt\u00e1st biztos\u00edtsa a t\u00e9ma sz\u00e1m\u00e1ra.<\/p>\n<p>A microSD-k\u00e1rtya behelyez\u00e9se ut\u00e1n (nem tartoz\u00e9k, de megv\u00e1s\u00e1rolhat\u00f3 a boltban) f\u00e9nyk\u00e9pezhet vagy vide\u00f3zhat. A videokimeneten kereszt\u00fcl az USB-C porton kereszt\u00fcl csatlakoztathatja a k\u00e9sz\u00fcl\u00e9ket a t\u00e9v\u00e9hez vagy a sz\u00e1m\u00edt\u00f3g\u00e9phez. A Wi-Fi \u00e9s a PardVision alkalmaz\u00e1s seg\u00edts\u00e9g\u00e9vel egyszer\u0171en csatlakoztathatja a k\u00e9sz\u00fcl\u00e9ket a telefonj\u00e1hoz.<\/p>\n<p>Az NV007SP v\u00e1ltoz\u00f3 nagy\u00edt\u00e1s\u00fa c\u00e9lt\u00e1vcs\u00f6vekhez \u00e9s legfeljebb 4x-es fix nagy\u00edt\u00e1s\u00fa c\u00e9lt\u00e1vcs\u00f6vekhez aj\u00e1nlott. Nagyobb nagy\u00edt\u00e1s eset\u00e9n a sz\u00e1lkereszt nem f\u00f3kusz\u00e1lhat\u00f3.<\/p>\n<table dir=\"ltr\" border=\"1\" cellspacing=\"0\" cellpadding=\"0\" data-sheets-root=\"1\" data-sheets-baot=\"1\">\n<colgroup>\n<col width=\"375\" \/>\n<col width=\"437\" \/><\/colgroup>\n<tbody>\n<tr>\n<td>\u00c9rz\u00e9kel\u0151<\/td>\n<td>UHD 2560x1440px<\/td>\n<\/tr>\n<tr>\n<td>L\u00e9zeres megvil\u00e1g\u00edt\u00e1s<\/td>\n<td>940nm<\/td>\n<\/tr>\n<tr>\n<td>L\u00e9zeres t\u00e1vols\u00e1gm\u00e9r\u0151<\/td>\n<td>Igen, 1 097 m<\/td>\n<\/tr>\n<tr>\n<td>\u00c9rz\u00e9kel\u00e9s<\/td>\n<td>350 m-ig<\/td>\n<\/tr>\n<tr>\n<td>Optikai nagy\u00edt\u00e1s<\/td>\n<td>2x<\/td>\n<\/tr>\n<tr>\n<td>L\u00e1t\u00f3mez\u0151 (v\u00edzszintes)<\/td>\n<td>22\u00b0<\/td>\n<\/tr>\n<tr>\n<td>L\u00e1t\u00f3mez\u0151 (f\u00fcgg\u0151leges)<\/td>\n<td>12\u00b0<\/td>\n<\/tr>\n<tr>\n<td>L\u00e1t\u00f3mez\u0151 (\u00e1tl\u00f3s)<\/td>\n<td>25\u00b0<\/td>\n<\/tr>\n<tr>\n<td>\u00c9rz\u00e9kenys\u00e9g<\/td>\n<td>0.001lux<\/td>\n<\/tr>\n<tr>\n<td>Friss\u00edt\u00e9si sebess\u00e9g<\/td>\n<td>30 Hz<\/td>\n<\/tr>\n<tr>\n<td>Digit\u00e1lis zoom<\/td>\n<td>1-3,5x<\/td>\n<\/tr>\n<tr>\n<td>Dioptri\u00e1s korrekci\u00f3<\/td>\n<td>-5D\uff5e+5D<\/td>\n<\/tr>\n<tr>\n<td>M\u00f3d<\/td>\n<td>Sz\u00edn\/Fekete \u00e9s feh\u00e9r<\/td>\n<\/tr>\n<tr>\n<td>Kijelz\u0151<\/td>\n<td>OLED 0.39\u2033 1024*768<\/td>\n<\/tr>\n<tr>\n<td>A f\u0171z\u0151lyuk \u00e1tm\u00e9r\u0151je<\/td>\n<td>25 mm<\/td>\n<\/tr>\n<tr>\n<td>Kimeneti lencse<\/td>\n<td>22,5 mm<\/td>\n<\/tr>\n<tr>\n<td>Wi-Fi<\/td>\n<td>Igen<\/td>\n<\/tr>\n<tr>\n<td>Micro-SD k\u00e1rtya<\/td>\n<td>Igen, 128GB Max<\/td>\n<\/tr>\n<tr>\n<td>\u00c1ll\u00edthat\u00f3 megvil\u00e1g\u00edt\u00e1s<\/td>\n<td>Igen<\/td>\n<\/tr>\n<tr>\n<td>Fot\u00f3 \u00e9s vide\u00f3<\/td>\n<td>Igen<\/td>\n<\/tr>\n<tr>\n<td>USB t\u00edpus<\/td>\n<td>C t\u00edpus<\/td>\n<\/tr>\n<tr>\n<td>HDMI kimenet<\/td>\n<td>Igen<\/td>\n<\/tr>\n<tr>\n<td>Akkumul\u00e1tor t\u00edpusa<\/td>\n<td>L\u00edtium-ion 18650*1<\/td>\n<\/tr>\n<tr>\n<td>Az akkumul\u00e1tor \u00e9lettartama<\/td>\n<td>8 \u00f3ra<\/td>\n<\/tr>\n<tr>\n<td>Rugalmass\u00e1g<\/td>\n<td>IP67<\/td>\n<\/tr>\n<tr>\n<td>\u00dczemi h\u0151m\u00e9rs\u00e9klet<\/td>\n<td>-20\u2103\uff5e40\u2103<\/td>\n<\/tr>\n<tr>\n<td>M\u00e9retek<\/td>\n<td>105 mm * 120 mm * 71 mm<\/td>\n<\/tr>\n<tr>\n<td>S\u00faly<\/td>\n<td>355 g<\/td>\n<\/tr>\n<\/tbody>\n<\/table>\n<p><a href=\"https:\/\/pard.com\/nv007sp\/\">https:\/\/pard.com\/nv007sp\/<\/a><\/p>","protected":false},"excerpt":{"rendered":"<p>A PARD NV007SP a nagyon n\u00e9pszer\u0171 NV007S kieg\u00e9sz\u00edt\u0151 ut\u00f3dja, amely m\u00e9g tov\u00e1bb n\u00f6veli a k\u00e9pess\u00e9geit \u00e9s a vad\u00e1szat \u00e9lm\u00e9ny\u00e9t. Az \u00faj modell a j\u00f3l ismert NV007S v\u00e1zra \u00e9p\u00fcl, de az akkumul\u00e1tor hely\u00e9t az ellenkez\u0151 oldalra helyezt\u00e9k \u00e1t, \u00edgy az m\u00e1r nem zavarja a z\u00e1rszerkezetet. A megvil\u00e1g\u00edt\u00e1si rendszer is friss\u00edt\u00e9sre ker\u00fclt, \u00e9s l\u00e9zeres t\u00e1vols\u00e1gm\u00e9r\u0151vel (LRF) eg\u00e9sz\u00fclt ki. A legjelent\u0151sebb fejleszt\u00e9s az \u00faj, 2560x1440px felbont\u00e1s\u00fa Ultra HD \u00e9rz\u00e9kel\u0151, amely sokkal jobb min\u0151s\u00e9g\u0171 \u00e9s tiszt\u00e1bb k\u00e9pet biztos\u00edt, mint el\u0151dje.<\/p>","protected":false},"featured_media":3579,"template":"","meta":{"_gspb_post_css":""},"product_brand":[308],"product_cat":[145,21,333],"product_tag":[325,372,229,348],"class_list":{"0":"post-3374","1":"product","2":"type-product","3":"status-publish","4":"has-post-thumbnail","6":"product_brand-pard","7":"product_cat-nocne-videnie","8":"product_cat-optika","9":"product_cat-zasadky-s-nocnym-videnim","10":"product_tag-nocne-videnie","11":"product_tag-nv007sp","12":"product_tag-pard","13":"product_tag-zasadka","15":"first","16":"instock","17":"taxable","18":"shipping-taxable","19":"purchasable","20":"product-type-simple"},"ct_brands":[{"id":308,"name":"Pard","slug":"pard"}],"_links":{"self":[{"href":"https:\/\/zbranebudai.sk\/hu\/wp-json\/wp\/v2\/product\/3374","targetHints":{"allow":["GET"]}}],"collection":[{"href":"https:\/\/zbranebudai.sk\/hu\/wp-json\/wp\/v2\/product"}],"about":[{"href":"https:\/\/zbranebudai.sk\/hu\/wp-json\/wp\/v2\/types\/product"}],"wp:featuredmedia":[{"embeddable":true,"href":"https:\/\/zbranebudai.sk\/hu\/wp-json\/wp\/v2\/media\/3579"}],"wp:attachment":[{"href":"https:\/\/zbranebudai.sk\/hu\/wp-json\/wp\/v2\/media?parent=3374"}],"wp:term":[{"taxonomy":"product_brand","embeddable":true,"href":"https:\/\/zbranebudai.sk\/hu\/wp-json\/wp\/v2\/product_brand?post=3374"},{"taxonomy":"product_cat","embeddable":true,"href":"https:\/\/zbranebudai.sk\/hu\/wp-json\/wp\/v2\/product_cat?post=3374"},{"taxonomy":"product_tag","embeddable":true,"href":"https:\/\/zbranebudai.sk\/hu\/wp-json\/wp\/v2\/product_tag?post=3374"}],"curies":[{"name":"wp","href":"https:\/\/api.w.org\/{rel}","templated":true}]}}