{"id":3356,"date":"2025-02-01T20:46:12","date_gmt":"2025-02-01T18:46:12","guid":{"rendered":"https:\/\/zbranebudai.sk\/?post_type=product&#038;p=3356"},"modified":"2025-08-31T03:54:32","modified_gmt":"2025-08-31T01:54:32","slug":"pard-nv008sp2-940-ejjellato-celtavcso-6x","status":"publish","type":"product","link":"https:\/\/zbranebudai.sk\/hu\/product\/pard-nv008sp2-940-ejjellato-celtavcso-6x\/","title":{"rendered":"Pard NV008SP2 940 6x \u00e9jjell\u00e1t\u00f3 l\u00e1tcs\u0151"},"content":{"rendered":"<p data-sanitized-data-mce-fragment=\"1\">A PARD bemutatja az NV008SP2 l\u00e1tcs\u0151 \u00faj v\u00e1ltozat\u00e1t. Az el\u0151z\u0151 modellhez, az NV008S-hez k\u00e9pest nagyobb kijelz\u0151vel \u00e9s QHD felbont\u00e1s\u00fa CMOS-\u00e9rz\u00e9kel\u0151vel rendelkezik. K\u00f6nny\u0171 k\u00e9sz\u00fcl\u00e9k, gy\u00f6ny\u00f6r\u0171 tiszta k\u00e9ppel \u00e9s egy\u00e9b el\u0151ny\u00f6kkel a legpontosabb l\u00f6v\u00e9s \u00e9rdek\u00e9ben m\u00e9g teljes s\u00f6t\u00e9ts\u00e9gben is.<\/p>\n<ul>\n<li data-sanitized-data-mce-fragment=\"1\">QHD CMOS \u00e9rz\u00e9kel\u0151<\/li>\n<li data-sanitized-data-mce-fragment=\"1\">Optikai nagy\u00edt\u00e1s 4,3 vagy 6x<\/li>\n<li data-sanitized-data-mce-fragment=\"1\">H\u00e1rom 940 nm-es intenzit\u00e1si szint<\/li>\n<li data-sanitized-data-mce-fragment=\"1\">Ultra HD vide\u00f3<\/li>\n<li data-sanitized-data-mce-fragment=\"1\">\u00c9rz\u00e9kel\u00e9s 350 m\u00e9terig<\/li>\n<\/ul>\n<p data-sanitized-data-mce-fragment=\"1\">Nagy kontraszt\u00fa kijelz\u0151 csatlakoztat\u00e1sa<strong>\u00a01440\u00d71080 px OLED<\/strong>\u00a0a<strong>\u00a0CMOS digit\u00e1lis \u00e9rz\u00e9kel\u0151 2688 \u00d7 1520 px<\/strong>\u00a0hihetetlen\u00fcl r\u00e9szletes k\u00e9pet alkot a\u00a0<strong>megfigyel\u00e9s \u00e9jjel (fekete-feh\u00e9r) \u00e9s nappal (sz\u00ednes) \u00fczemm\u00f3dban egyar\u00e1nt<\/strong>.<\/p>\n<p data-sanitized-data-mce-fragment=\"1\">A l\u00e1tv\u00e1nyt pontosan az \u00d6n ig\u00e9nyeinek megfelel\u0151en v\u00e1laszthatja ki. Itt v\u00e1laszthat egy olyan k\u00e9sz\u00fcl\u00e9ket, amely\u00a0<strong>50 mm-es gy\u00fajt\u00f3t\u00e1vols\u00e1g\u00fa objekt\u00edv 4,3-szoros optikai nagy\u00edt\u00e1ssal<\/strong>\u00a0\u00e9s nagyobb l\u00e1t\u00f3mez\u0151vel vagy\u00a0<strong>objekt\u00edv f\u00f3kuszt\u00e1vols\u00e1ggal<\/strong><strong>\u00a070 mm, 6x optikai nagy\u00edt\u00e1ssal<\/strong>\u00a0\u00e9s kisebb l\u00e1t\u00f3mez\u0151vel.<\/p>\n<p data-sanitized-data-mce-fragment=\"1\">Az \u00e9rz\u00e9kel\u00e9si t\u00e1vols\u00e1g a lencse m\u00e9ret\u00e9b\u0151l ad\u00f3dik. Alapvet\u0151en min\u00e9l nagyobb a lencse, ann\u00e1l nagyobb az \u00e9szlel\u00e9si t\u00e1vols\u00e1g, de a l\u00e1t\u00f3mez\u0151 rov\u00e1s\u00e1ra. V\u00e1lassza ki a megfelel\u0151 k\u00e9sz\u00fcl\u00e9ket a k\u00f6r\u00fclm\u00e9nyekhez - ak\u00e1r erd\u0151ben, ak\u00e1r terepen vad\u00e1szik vadra.<\/p>\n<p data-sanitized-data-mce-fragment=\"1\"><strong>Digit\u00e1lis zoom<\/strong>\u00a0A\u00a0<strong>dupla l\u00e9pcs\u0151z\u00e9s<\/strong>, \u00edgy ak\u00e1r 8,6x-os vagy 12x-es teljes nagy\u00edt\u00e1st biztos\u00edt.<\/p>\n<p data-sanitized-data-mce-fragment=\"1\"><strong>A 940 nm-es hull\u00e1mhossz l\u00e1thatatlan a vadon \u00e9l\u0151 \u00e1llatok sz\u00e1m\u00e1ra.<\/strong>. Az \u00d6n k\u00e9nyelme \u00e9rdek\u00e9ben a vil\u00e1g\u00edt\u00f3test h\u00e1rom \u00e1ll\u00edthat\u00f3 intenzit\u00e1sszinttel is rendelkezik.<\/p>\n<p data-sanitized-data-mce-fragment=\"1\">Egy legfeljebb 128 GB-os microSD-k\u00e1rtya (nem tartoz\u00e9k) telep\u00edt\u00e9s\u00e9vel haszn\u00e1lhatja a<strong>vide\u00f3k k\u00e9sz\u00edt\u00e9se<\/strong>. Nagyon hasznos funkci\u00f3ja a l\u00e1tv\u00e1nynak az is\u00a0<strong>automatikus felv\u00e9tel a felv\u00e9tel ut\u00e1n \u00e9s k\u00e9p a k\u00e9pben<\/strong>. Az eszk\u00f6z USB-C k\u00e1bellel csatlakoztathat\u00f3 sz\u00e1m\u00edt\u00f3g\u00e9phez, vagy a PardVision alkalmaz\u00e1son kereszt\u00fcl mobiltelefonhoz kapcsolhat\u00f3.<\/p>\n<p data-sanitized-data-mce-fragment=\"1\">A l\u00e1tcs\u0151 IP67-es v\u00e9detts\u00e9g\u0171 (v\u00edzbe mer\u00edt\u00e9s elleni v\u00e9delem, 30 percig 1 m\u00e9ter m\u00e9lys\u00e9gig t\u00f6rt\u00e9n\u0151 mer\u00edt\u00e9s). Az \u00e1ramell\u00e1t\u00e1st egyetlen 18650-es \u00fajrat\u00f6lthet\u0151 akkumul\u00e1tor biztos\u00edtja, amelynek \u00e9lettartama 8 \u00f3ra. Az alv\u00f3 \u00fczemm\u00f3dnak k\u00f6sz\u00f6nhet\u0151en takar\u00e9koskodhat az akkumul\u00e1torral, \u00e9s lehet\u0151s\u00e9g van power bank csatlakoztat\u00e1s\u00e1ra.<\/p>\n<p><strong>2 \u00e9v garanci\u00e1t \u00e9s szervizel\u00e9s eset\u00e9n cseregaranci\u00e1t biztos\u00edtunk.<\/strong><\/p>\n<p><span data-darkreader-inline-color=\"\"><strong>Specifik\u00e1ci\u00f3k:<\/strong><\/span><\/p>\n<table border=\"1\">\n<tbody>\n<tr>\n<td>Wi-Fi<\/td>\n<td colspan=\"2\">Igen<\/td>\n<\/tr>\n<tr>\n<td>\u00c9rz\u00e9kel\u0151<\/td>\n<td colspan=\"2\">2688 \u00d7 1520 px<\/td>\n<\/tr>\n<tr>\n<td>Kijelz\u0151 felbont\u00e1sa<\/td>\n<td colspan=\"2\">1440 \u00d7 1080 px<\/td>\n<\/tr>\n<tr>\n<td>Objekt\u00edv<\/td>\n<td>50 mm<\/td>\n<td>70 mm<\/td>\n<\/tr>\n<tr>\n<td>L\u00e1t\u00f3mez\u0151<\/td>\n<td>6,3\u00b0 \u00d7 4,8\u00b0<\/td>\n<td>4,6\u00b0 \u00d7 3,4\u00b0<\/td>\n<\/tr>\n<tr>\n<td>Optikai nagy\u00edt\u00e1s<\/td>\n<td>4,3x<\/td>\n<td>6x<\/td>\n<\/tr>\n<tr>\n<td>Digit\u00e1lis zoom<\/td>\n<td>2x<\/td>\n<td>2x<\/td>\n<\/tr>\n<tr>\n<td>Dioptri\u00e1s korrekci\u00f3<\/td>\n<td colspan=\"2\">\u00b1 5<\/td>\n<\/tr>\n<tr>\n<td>Vide\u00f3 felbont\u00e1s<\/td>\n<td colspan=\"2\">2560 \u00d7 1440 px<\/td>\n<\/tr>\n<tr>\n<td>\u00c9rz\u00e9kel\u00e9s<\/td>\n<td colspan=\"2\">350 m<\/td>\n<\/tr>\n<tr>\n<td>Infravet\u0151<\/td>\n<td colspan=\"2\">940 nm<\/td>\n<\/tr>\n<tr>\n<td>V\u00e9delmi fokozat<\/td>\n<td colspan=\"2\">IP67<\/td>\n<\/tr>\n<tr>\n<td>Mem\u00f3ria<\/td>\n<td colspan=\"2\">microSD, 128 GB<\/td>\n<\/tr>\n<tr>\n<td>\u00dczemi h\u0151m\u00e9rs\u00e9klet<\/td>\n<td colspan=\"2\">-20\u00b0C \u00e9s 50\u00b0C k\u00f6z\u00f6tt<\/td>\n<\/tr>\n<tr>\n<td>Akkumul\u00e1torok<\/td>\n<td colspan=\"2\">1x Li-ion 18650<\/td>\n<\/tr>\n<tr>\n<td>Az akkumul\u00e1tor \u00e9lettartama<\/td>\n<td colspan=\"2\">8 \u00f3ra<\/td>\n<\/tr>\n<tr>\n<td>S\u00faly<\/td>\n<td colspan=\"2\">447 g<\/td>\n<\/tr>\n<\/tbody>\n<\/table>\n<p><a href=\"https:\/\/pard.com\/store\/nv008sp2-night-vision-rifle-scope\/\">https:\/\/pard.com\/store\/nv008sp2-night-vision-rifle-scope\/<\/a><\/p>","protected":false},"excerpt":{"rendered":"<p>Digit\u00e1lis \u00e9jjell\u00e1t\u00f3 - c\u00e9lz\u00f3berendez\u00e9s. Nappali\/\u00e9jszakai \u00fczemm\u00f3d - nappal sz\u00ednes, \u00e9jszaka fekete-feh\u00e9r. Objekt\u00edv: 50\/70 mm. \u00c9rz\u00e9kel\u00e9si t\u00e1vols\u00e1g: legfeljebb 350 m. Optikai nagy\u00edt\u00e1s: 4,3\/6x. Sima digit\u00e1lis zoom: 2x. 940 nm-es megvil\u00e1g\u00edt\u00e1si intenzit\u00e1s 3 fokozatban. QHD CMOS \u00e9rz\u00e9kel\u0151 az \u00e9jszakai l\u00e1t\u00e1shoz. Vide\u00f3felv\u00e9teli funkci\u00f3. Vide\u00f3felbont\u00e1s: Ultra HD hanggal. Energiatakar\u00e9kos \u00fczemm\u00f3d (alv\u00f3 \u00fczemm\u00f3d). Az akkumul\u00e1tor \u00e9lettartama: legfeljebb 8 \u00f3ra. Energiaell\u00e1t\u00e1s: 1x Li-ion 18650 akkumul\u00e1tor. Men\u00fc \u00e9s haszn\u00e1lati utas\u00edt\u00e1s cseh \u00e9s szlov\u00e1k nyelven.<\/p>","protected":false},"featured_media":3564,"template":"","meta":{"_gspb_post_css":""},"product_brand":[308],"product_cat":[145,21,332],"product_tag":[325,371,229,312],"class_list":{"0":"post-3356","1":"product","2":"type-product","3":"status-publish","4":"has-post-thumbnail","6":"product_brand-pard","7":"product_cat-nocne-videnie","8":"product_cat-optika","9":"product_cat-zameriavace-s-nocnym-videnim","10":"product_tag-nocne-videnie","11":"product_tag-nv008sp2","12":"product_tag-pard","13":"product_tag-zameriavac","15":"first","16":"instock","17":"taxable","18":"shipping-taxable","19":"purchasable","20":"product-type-simple"},"ct_brands":[{"id":308,"name":"Pard","slug":"pard"}],"_links":{"self":[{"href":"https:\/\/zbranebudai.sk\/hu\/wp-json\/wp\/v2\/product\/3356","targetHints":{"allow":["GET"]}}],"collection":[{"href":"https:\/\/zbranebudai.sk\/hu\/wp-json\/wp\/v2\/product"}],"about":[{"href":"https:\/\/zbranebudai.sk\/hu\/wp-json\/wp\/v2\/types\/product"}],"wp:featuredmedia":[{"embeddable":true,"href":"https:\/\/zbranebudai.sk\/hu\/wp-json\/wp\/v2\/media\/3564"}],"wp:attachment":[{"href":"https:\/\/zbranebudai.sk\/hu\/wp-json\/wp\/v2\/media?parent=3356"}],"wp:term":[{"taxonomy":"product_brand","embeddable":true,"href":"https:\/\/zbranebudai.sk\/hu\/wp-json\/wp\/v2\/product_brand?post=3356"},{"taxonomy":"product_cat","embeddable":true,"href":"https:\/\/zbranebudai.sk\/hu\/wp-json\/wp\/v2\/product_cat?post=3356"},{"taxonomy":"product_tag","embeddable":true,"href":"https:\/\/zbranebudai.sk\/hu\/wp-json\/wp\/v2\/product_tag?post=3356"}],"curies":[{"name":"wp","href":"https:\/\/api.w.org\/{rel}","templated":true}]}}