{"id":3314,"date":"2025-02-01T20:43:34","date_gmt":"2025-02-01T18:43:34","guid":{"rendered":"https:\/\/zbranebudai.sk\/?post_type=product&#038;p=3314"},"modified":"2025-02-08T22:25:41","modified_gmt":"2025-02-08T20:25:41","slug":"infiray-rico-rh50-pro-hokamera-celtavcso","status":"publish","type":"product","link":"https:\/\/zbranebudai.sk\/hu\/product\/infiray-rico-rh50-pro-hokamera-celtavcso\/","title":{"rendered":"Infiray RICO RH50 PRO h\u0151kamer\u00e1s l\u00e1t\u00f3sz\u00f6g"},"content":{"rendered":"<p>A RICO RH50 PRO meglep a kett\u0151s objekt\u00edvvel, az intuit\u00edv vez\u00e9rl\u00e9ssel, a k\u00e9nyelmes parallaxiskorrekci\u00f3val, a hangfelv\u00e9tellel \u00e9s a hihetetlen \u00e9rz\u00e9kel\u00e9si t\u00e1vols\u00e1ggal. Tov\u00e1bbi jelent\u0151s el\u0151nyei k\u00f6z\u00e9 tartozik az adapt\u00edv t\u00e1vols\u00e1gm\u00e9r\u0151 lehet\u0151s\u00e9ge, amely a s\u00falycs\u00f6kkent\u00e9s \u00e9rdek\u00e9ben sz\u00fcks\u00e9g eset\u00e9n k\u00f6nnyen elt\u00e1vol\u00edthat\u00f3. A RICO RH50 PRO k\u00e9t kivehet\u0151 akkumul\u00e1tortart\u00e1llyal is rendelkezik, amelyek teljes m\u00e9rt\u00e9kben kompatibilisek a ZOOM monokul\u00e1rral. A RICO RH50 PRO felhaszn\u00e1l\u00f3k preferenci\u00e1ja teh\u00e1t egy\u00e9rtelm\u0171, amikor a monokul\u00e1r kiv\u00e1laszt\u00e1s\u00e1r\u00f3l van sz\u00f3.<\/p>\n<p><a href=\"https:\/\/www.infirayoutdoor.com\/rh50pro\">https:\/\/www.infirayoutdoor.com\/rh50pro<\/a><\/p>","protected":false},"excerpt":{"rendered":"<p>A RICO RH50 PRO a cs\u00facspontj\u00e1t k\u00e9pviseli egy olyan c\u00e9lt\u00e1rgycsal\u00e1dnak, amelyet a maxim\u00e1lis teljes\u00edtm\u00e9nyre \u00e9s a maxim\u00e1lis tart\u00f3ss\u00e1gra helyezve fejlesztettek ki, amit egy massz\u00edv, robosztus \u00e9s hossz\u00fa \u00e9lettartam\u00fa<br \/>\nrep\u00fcl\u0151g\u00e9pipari \u00f6tv\u00f6zetb\u0151l k\u00e9sz\u00fclt h\u00e1zszerkezet. Az RH50 PRO ma az InfiRay term\u00e9kcsal\u00e1d Mercedes modellje.<\/p>","protected":false},"featured_media":3519,"template":"","meta":{"_gspb_post_css":""},"product_brand":[314],"product_cat":[21,144,326],"product_tag":[170,211,345],"class_list":{"0":"post-3314","1":"product","2":"type-product","3":"status-publish","4":"has-post-thumbnail","6":"product_brand-infiray","7":"product_cat-optika","8":"product_cat-termovizie","9":"product_cat-termovizne-zameriavace","10":"product_tag-infiray","11":"product_tag-rico","12":"product_tag-termovizny-zameriavac","14":"first","15":"instock","16":"taxable","17":"shipping-taxable","18":"purchasable","19":"product-type-simple"},"ct_brands":[{"id":314,"name":"Infiray","slug":"infiray"}],"_links":{"self":[{"href":"https:\/\/zbranebudai.sk\/hu\/wp-json\/wp\/v2\/product\/3314","targetHints":{"allow":["GET"]}}],"collection":[{"href":"https:\/\/zbranebudai.sk\/hu\/wp-json\/wp\/v2\/product"}],"about":[{"href":"https:\/\/zbranebudai.sk\/hu\/wp-json\/wp\/v2\/types\/product"}],"wp:featuredmedia":[{"embeddable":true,"href":"https:\/\/zbranebudai.sk\/hu\/wp-json\/wp\/v2\/media\/3519"}],"wp:attachment":[{"href":"https:\/\/zbranebudai.sk\/hu\/wp-json\/wp\/v2\/media?parent=3314"}],"wp:term":[{"taxonomy":"product_brand","embeddable":true,"href":"https:\/\/zbranebudai.sk\/hu\/wp-json\/wp\/v2\/product_brand?post=3314"},{"taxonomy":"product_cat","embeddable":true,"href":"https:\/\/zbranebudai.sk\/hu\/wp-json\/wp\/v2\/product_cat?post=3314"},{"taxonomy":"product_tag","embeddable":true,"href":"https:\/\/zbranebudai.sk\/hu\/wp-json\/wp\/v2\/product_tag?post=3314"}],"curies":[{"name":"wp","href":"https:\/\/api.w.org\/{rel}","templated":true}]}}