{"id":3313,"date":"2025-02-01T20:43:34","date_gmt":"2025-02-01T18:43:34","guid":{"rendered":"https:\/\/zbranebudai.sk\/?post_type=product&#038;p=3313"},"modified":"2025-08-31T03:55:31","modified_gmt":"2025-08-31T01:55:31","slug":"infiray-ibp-2-tolto-kabinkereso-ii","status":"publish","type":"product","link":"https:\/\/zbranebudai.sk\/hu\/product\/infiray-ibp-2-tolto-cabin-finder-ii\/","title":{"rendered":"InfiRay t\u00f6lt\u0151 FINDER"},"content":{"rendered":"<table dir=\"ltr\" border=\"1\" cellspacing=\"0\" cellpadding=\"0\" data-sheets-root=\"1\" data-sheets-baot=\"1\">\n<colgroup>\n<col width=\"375\" \/>\n<col width=\"437\" \/><\/colgroup>\n<tbody>\n<tr>\n<td>Egy\u00e9b jellemz\u0151k<\/td>\n<td>5 V bemeneti fesz\u00fclts\u00e9g<\/td>\n<\/tr>\n<tr>\n<td>Teljes\u00edtm\u00e9ny<\/td>\n<td>110 - 230 V<\/td>\n<\/tr>\n<tr>\n<td>Gy\u00e1rt\u00f3<\/td>\n<td>InfiRay<\/td>\n<\/tr>\n<tr>\n<td>Gy\u00e1rt\u00f3i garancia<\/td>\n<td>1 \u00e9v<\/td>\n<\/tr>\n<tr>\n<td>Kimeneti \u00e9rt\u00e9kek<\/td>\n<td>4.2 K<\/td>\n<\/tr>\n<tr>\n<td>Kompatibilit\u00e1s<\/td>\n<td>InfiRay Cabin, Finder II akkumul\u00e1tor<\/td>\n<\/tr>\n<tr>\n<td>\u00dczemi\/t\u00e1rol\u00e1si h\u0151m\u00e9rs\u00e9klet<\/td>\n<td>0 ... 45\u00b0C \/ -20 ... +60\u00b0C<\/td>\n<\/tr>\n<tr>\n<td>Sz\u00ednes<\/td>\n<td>Fekete<\/td>\n<\/tr>\n<tr>\n<td>Tartoz\u00e9kok<\/td>\n<td>akkumul\u00e1tort\u00f6lt\u0151<\/td>\n<\/tr>\n<tr>\n<td>T\u00f6meg (g)<\/td>\n<td>50<\/td>\n<\/tr>\n<\/tbody>\n<\/table>\n<p><a href=\"https:\/\/www.infirayoutdoor.com\/thermal-imaging-scope-finder-fh35rfl35rseries\">https:\/\/www.infirayoutdoor.com\/thermal-imaging-scope-finder-fh35rfl35rseries<\/a><\/p>","protected":false},"excerpt":{"rendered":"<p>USB-C k\u00e1bel, adapter \u00e9s t\u00f6lt\u0151\u00e1llom\u00e1s k\u00e9t akkumul\u00e1tor sz\u00e1m\u00e1ra. Az elemek nem tartoznak a csomagba.<\/p>","protected":false},"featured_media":3517,"template":"","meta":{"_gspb_post_css":""},"product_brand":[314],"product_cat":[21,354],"product_tag":[191,170,370],"class_list":{"0":"post-3313","1":"product","2":"type-product","3":"status-publish","4":"has-post-thumbnail","6":"product_brand-infiray","7":"product_cat-optika","8":"product_cat-prislusenstvo","9":"product_tag-finder","10":"product_tag-infiray","11":"product_tag-nabijacka","13":"first","14":"instock","15":"taxable","16":"shipping-taxable","17":"purchasable","18":"product-type-simple"},"ct_brands":[{"id":314,"name":"Infiray","slug":"infiray"}],"_links":{"self":[{"href":"https:\/\/zbranebudai.sk\/hu\/wp-json\/wp\/v2\/product\/3313","targetHints":{"allow":["GET"]}}],"collection":[{"href":"https:\/\/zbranebudai.sk\/hu\/wp-json\/wp\/v2\/product"}],"about":[{"href":"https:\/\/zbranebudai.sk\/hu\/wp-json\/wp\/v2\/types\/product"}],"wp:featuredmedia":[{"embeddable":true,"href":"https:\/\/zbranebudai.sk\/hu\/wp-json\/wp\/v2\/media\/3517"}],"wp:attachment":[{"href":"https:\/\/zbranebudai.sk\/hu\/wp-json\/wp\/v2\/media?parent=3313"}],"wp:term":[{"taxonomy":"product_brand","embeddable":true,"href":"https:\/\/zbranebudai.sk\/hu\/wp-json\/wp\/v2\/product_brand?post=3313"},{"taxonomy":"product_cat","embeddable":true,"href":"https:\/\/zbranebudai.sk\/hu\/wp-json\/wp\/v2\/product_cat?post=3313"},{"taxonomy":"product_tag","embeddable":true,"href":"https:\/\/zbranebudai.sk\/hu\/wp-json\/wp\/v2\/product_tag?post=3313"}],"curies":[{"name":"wp","href":"https:\/\/api.w.org\/{rel}","templated":true}]}}