{"id":3312,"date":"2025-02-01T20:43:34","date_gmt":"2025-02-01T18:43:34","guid":{"rendered":"https:\/\/zbranebudai.sk\/?post_type=product&#038;p=3312"},"modified":"2025-08-31T03:55:31","modified_gmt":"2025-08-31T01:55:31","slug":"infiray-ibp-1-akkumulator-rico-zoom-hibrid-egyedulallo","status":"publish","type":"product","link":"https:\/\/zbranebudai.sk\/hu\/product\/infiray-ibp-1-akkumulator-rico-zoom-hybrid-unique\/","title":{"rendered":"InfiRay akkumul\u00e1tor RICO, ZOOM, HYBRID, UNIQUE"},"content":{"rendered":"<p><a href=\"https:\/\/www.infirayoutdoor.com\/thermal-imaging-riflescope-rico-series\">https:\/\/www.infirayoutdoor.com\/thermal-imaging-riflescope-rico-series<\/a><\/p>","protected":false},"excerpt":{"rendered":"<p>Eredeti cser\u00e9lhet\u0151 akkumul\u00e1tor az InfiRay Rico, Zoom \u00e9s Unique k\u00e9sz\u00fcl\u00e9kekhez. Kiv\u00e1l\u00f3 min\u0151s\u00e9g\u0171 \u00e9s tart\u00f3s kivitel.<\/p>","protected":false},"featured_media":3516,"template":"","meta":{"_gspb_post_css":""},"product_brand":[314],"product_cat":[21,354],"product_tag":[355,212,170,211,207,208],"class_list":{"0":"post-3312","1":"product","2":"type-product","3":"status-publish","4":"has-post-thumbnail","6":"product_brand-infiray","7":"product_cat-optika","8":"product_cat-prislusenstvo","9":"product_tag-akumulator","10":"product_tag-hybrid","11":"product_tag-infiray","12":"product_tag-rico","13":"product_tag-unique","14":"product_tag-zoom","16":"first","17":"instock","18":"taxable","19":"shipping-taxable","20":"purchasable","21":"product-type-simple"},"ct_brands":[{"id":314,"name":"Infiray","slug":"infiray"}],"_links":{"self":[{"href":"https:\/\/zbranebudai.sk\/hu\/wp-json\/wp\/v2\/product\/3312","targetHints":{"allow":["GET"]}}],"collection":[{"href":"https:\/\/zbranebudai.sk\/hu\/wp-json\/wp\/v2\/product"}],"about":[{"href":"https:\/\/zbranebudai.sk\/hu\/wp-json\/wp\/v2\/types\/product"}],"wp:featuredmedia":[{"embeddable":true,"href":"https:\/\/zbranebudai.sk\/hu\/wp-json\/wp\/v2\/media\/3516"}],"wp:attachment":[{"href":"https:\/\/zbranebudai.sk\/hu\/wp-json\/wp\/v2\/media?parent=3312"}],"wp:term":[{"taxonomy":"product_brand","embeddable":true,"href":"https:\/\/zbranebudai.sk\/hu\/wp-json\/wp\/v2\/product_brand?post=3312"},{"taxonomy":"product_cat","embeddable":true,"href":"https:\/\/zbranebudai.sk\/hu\/wp-json\/wp\/v2\/product_cat?post=3312"},{"taxonomy":"product_tag","embeddable":true,"href":"https:\/\/zbranebudai.sk\/hu\/wp-json\/wp\/v2\/product_tag?post=3312"}],"curies":[{"name":"wp","href":"https:\/\/api.w.org\/{rel}","templated":true}]}}