{"id":3311,"date":"2025-02-01T20:43:34","date_gmt":"2025-02-01T18:43:34","guid":{"rendered":"https:\/\/zbranebudai.sk\/?post_type=product&#038;p=3311"},"modified":"2025-08-31T03:55:31","modified_gmt":"2025-08-31T01:55:31","slug":"infiray-hibrid-lr1000-lezeres-tavmero","status":"publish","type":"product","link":"https:\/\/zbranebudai.sk\/hu\/product\/infiray-hybrid-lr1000-lezeres-tavmero\/","title":{"rendered":"InfiRay HYBRID LRF modul"},"content":{"rendered":"<p>K\u00f6nnyen csatlakoztathat\u00f3, USB-C-n kereszt\u00fcl csatlakozik a hibridhez. Rendk\u00edv\u00fcli pontoss\u00e1ggal m\u0171k\u00f6dik.<\/p>\n<p><strong>Kompatibilis eszk\u00f6z:<\/strong> InfiRay Hybrid HYH50W.<\/p>\n<table dir=\"ltr\" border=\"1\" cellspacing=\"0\" cellpadding=\"0\" data-sheets-root=\"1\" data-sheets-baot=\"1\">\n<colgroup>\n<col width=\"375\" \/>\n<col width=\"437\" \/><\/colgroup>\n<tbody>\n<tr>\n<td>Egy\u00e9b jellemz\u0151k<\/td>\n<td>\n<div>\n<div>M\u00e9r\u00e9si tartom\u00e1ny: 5 - 1000 m, pontoss\u00e1g: \u00b1(1+L*0.25%)m, hull\u00e1mhossz: 905 nm \u00b115 nm<\/div>\n<\/div>\n<\/td>\n<\/tr>\n<tr>\n<td>Teljes\u00edtm\u00e9ny<\/td>\n<td>USB-C; 3V-5V EGYEN\u00c1RAM; \u22640,6 W<\/td>\n<\/tr>\n<tr>\n<td>Gy\u00e1rt\u00f3<\/td>\n<td>InfiRay<\/td>\n<\/tr>\n<tr>\n<td>Gy\u00e1rt\u00f3i garancia<\/td>\n<td>3 \u00e9v<\/td>\n<\/tr>\n<tr>\n<td>M\u00e9retek<\/td>\n<td>34\u00d730\u00d780 mm<\/td>\n<\/tr>\n<tr>\n<td>Sz\u00ednes<\/td>\n<td>Fekete<\/td>\n<\/tr>\n<tr>\n<td>T\u00e1vm\u00e9r\u0151<\/td>\n<td>LRF l\u00e9zer<\/td>\n<\/tr>\n<tr>\n<td>T\u00f6meg (g)<\/td>\n<td>155<\/td>\n<\/tr>\n<tr>\n<td>V\u00edzhatlan<\/td>\n<td>IP67<\/td>\n<\/tr>\n<\/tbody>\n<\/table>\n<p><a href=\"https:\/\/www.infirayoutdoor.com\/thermal-imaging-riflescope-hybrid-series-hyh75w\">https:\/\/www.infirayoutdoor.com\/thermal-imaging-riflescope-hybrid-series-hyh75w<\/a><\/p>","protected":false},"excerpt":{"rendered":"<p>L\u00e9zeres t\u00e1vols\u00e1gm\u00e9r\u0151 1000 m-ig a HYBRID h\u0151kamer\u00e1s c\u00e9lz\u00f3k\u00e9sz\u00fcl\u00e9khez \u00b11 m pontoss\u00e1ggal.<\/p>","protected":false},"featured_media":3510,"template":"","meta":{"_gspb_post_css":""},"product_brand":[314],"product_cat":[21,354],"product_tag":[212,170,312],"class_list":{"0":"post-3311","1":"product","2":"type-product","3":"status-publish","4":"has-post-thumbnail","6":"product_brand-infiray","7":"product_cat-optika","8":"product_cat-prislusenstvo","9":"product_tag-hybrid","10":"product_tag-infiray","11":"product_tag-zameriavac","13":"first","14":"instock","15":"taxable","16":"shipping-taxable","17":"purchasable","18":"product-type-simple"},"ct_brands":[{"id":314,"name":"Infiray","slug":"infiray"}],"_links":{"self":[{"href":"https:\/\/zbranebudai.sk\/hu\/wp-json\/wp\/v2\/product\/3311","targetHints":{"allow":["GET"]}}],"collection":[{"href":"https:\/\/zbranebudai.sk\/hu\/wp-json\/wp\/v2\/product"}],"about":[{"href":"https:\/\/zbranebudai.sk\/hu\/wp-json\/wp\/v2\/types\/product"}],"wp:featuredmedia":[{"embeddable":true,"href":"https:\/\/zbranebudai.sk\/hu\/wp-json\/wp\/v2\/media\/3510"}],"wp:attachment":[{"href":"https:\/\/zbranebudai.sk\/hu\/wp-json\/wp\/v2\/media?parent=3311"}],"wp:term":[{"taxonomy":"product_brand","embeddable":true,"href":"https:\/\/zbranebudai.sk\/hu\/wp-json\/wp\/v2\/product_brand?post=3311"},{"taxonomy":"product_cat","embeddable":true,"href":"https:\/\/zbranebudai.sk\/hu\/wp-json\/wp\/v2\/product_cat?post=3311"},{"taxonomy":"product_tag","embeddable":true,"href":"https:\/\/zbranebudai.sk\/hu\/wp-json\/wp\/v2\/product_tag?post=3311"}],"curies":[{"name":"wp","href":"https:\/\/api.w.org\/{rel}","templated":true}]}}