{"id":3300,"date":"2025-02-01T20:42:54","date_gmt":"2025-02-01T18:42:54","guid":{"rendered":"https:\/\/zbranebudai.sk\/?post_type=product&#038;p=3300"},"modified":"2025-08-31T03:55:31","modified_gmt":"2025-08-31T01:55:31","slug":"infiray-mate-lezeres-tavmero-modul-ilr-1200-2","status":"publish","type":"product","link":"https:\/\/zbranebudai.sk\/hu\/product\/infiray-mate-lezeres-tavmero-modul-ilr-1200-2\/","title":{"rendered":"InfiRay MATE LRF modul"},"content":{"rendered":"<p>A powerbank funkci\u00f3 haszn\u00e1lat\u00e1val jelent\u0151sen megn\u00f6velheti az InfiRay Mate sorozat\u00fa modellek kapacit\u00e1s\u00e1t. Ha csak LRF-k\u00e9nt, k\u00e1belcsatlakoz\u00e1s n\u00e9lk\u00fcl haszn\u00e1lja a t\u00e1vols\u00e1gm\u00e9r\u0151 ak\u00e1r 20 \u00f3r\u00e1s \u00fczemid\u0151t is el\u00e9rhet. Ha LRF + el\u0151re be\u00e1ll\u00edtott eszk\u00f6zk\u00e9nt haszn\u00e1ljuk powerbankkal \u00e9s USB-C k\u00e1bellel csatlakoztatva, ak\u00e1r 4 \u00f3r\u00e1val meghosszabb\u00edthatja az el\u0151re be\u00e1ll\u00edtott eszk\u00f6z m\u0171k\u00f6d\u00e9si idej\u00e9t.<\/p>\n<p><strong>Kompatibilis eszk\u00f6z\u00f6k:<\/strong> InfiRay Mate MAL25, Mate MAL38, Mate MAH50.<\/p>\n<table dir=\"ltr\" border=\"1\" cellspacing=\"0\" cellpadding=\"0\" data-sheets-root=\"1\" data-sheets-baot=\"1\">\n<colgroup>\n<col width=\"375\" \/>\n<col width=\"437\" \/><\/colgroup>\n<tbody>\n<tr>\n<td>Egy\u00e9b jellemz\u0151k<\/td>\n<td>\n<div>\n<div>M\u00e9r\u00e9si tartom\u00e1ny: 5 - 1200 m, pontoss\u00e1g: \u00b11m @ 100m, hull\u00e1mhossz: 900-908 nm<\/div>\n<\/div>\n<\/td>\n<\/tr>\n<tr>\n<td>Teljes\u00edtm\u00e9ny<\/td>\n<td>Cser\u00e9lhet\u0151 18650 mAh akkumul\u00e1tor<\/td>\n<\/tr>\n<tr>\n<td>Gy\u00e1rt\u00f3<\/td>\n<td>InfiRay<\/td>\n<\/tr>\n<tr>\n<td>Gy\u00e1rt\u00f3i garancia<\/td>\n<td>3 \u00e9v a k\u00e9sz\u00fcl\u00e9kre, 10 \u00e9v az \u00e9rz\u00e9kel\u0151re, 2 \u00e9v az akkumul\u00e1torra.<\/td>\n<\/tr>\n<tr>\n<td>M\u00e9retek<\/td>\n<td>88x62x53 mm<\/td>\n<\/tr>\n<tr>\n<td>Sz\u00ednes<\/td>\n<td>Fekete<\/td>\n<\/tr>\n<tr>\n<td>T\u00e1vm\u00e9r\u0151<\/td>\n<td>LRF l\u00e9zer<\/td>\n<\/tr>\n<tr>\n<td>S\u00faly<\/td>\n<td>240 g<\/td>\n<\/tr>\n<tr>\n<td>M\u0171k\u00f6d\u00e9si id\u0151<\/td>\n<td>Ak\u00e1r 20 \u00f3ra (4 \u00f3ra power bankk\u00e9nt)<\/td>\n<\/tr>\n<tr>\n<td>V\u00edzhatlan<\/td>\n<td>IP67<\/td>\n<\/tr>\n<\/tbody>\n<\/table>\n<p><a href=\"https:\/\/www.infirayoutdoor.com\/laser-range-finder-accessory-for-mate-series\">https:\/\/www.infirayoutdoor.com\/laser-range-finder-accessory-for-mate-series<\/a><\/p>","protected":false},"excerpt":{"rendered":"<p>L\u00e9zeres t\u00e1vols\u00e1gm\u00e9r\u0151 a MATE-el\u0151k\u00e9szletekhez 1200 m-es hat\u00f3t\u00e1vols\u00e1ggal \u00e9s \u00b11 m-es m\u00e9r\u00e9si pontoss\u00e1ggal. A t\u00e1vols\u00e1gm\u00e9r\u0151 k\u00fcls\u0151, \u00fajrat\u00f6lthet\u0151 18650-es akkumul\u00e1torral van felszerelve, amely nemcsak a t\u00e1vols\u00e1gm\u00e9r\u0151 energiaell\u00e1t\u00e1s\u00e1ra szolg\u00e1l, hanem a MATE-el\u0151k\u00e9szletek \u00fajrat\u00f6lthet\u0151 energiabankjak\u00e9nt is. Ez a funkci\u00f3 ak\u00e1r 4 \u00f3r\u00e1val meghosszabb\u00edtja az el\u0151re be\u00e1ll\u00edtott eszk\u00f6z \u00fczemidej\u00e9t.<\/p>","protected":false},"featured_media":3498,"template":"","meta":{"_gspb_post_css":""},"product_brand":[314],"product_cat":[21,354],"product_tag":[170,214,312],"class_list":{"0":"post-3300","1":"product","2":"type-product","3":"status-publish","4":"has-post-thumbnail","6":"product_brand-infiray","7":"product_cat-optika","8":"product_cat-prislusenstvo","9":"product_tag-infiray","10":"product_tag-mate","11":"product_tag-zameriavac","13":"first","14":"instock","15":"taxable","16":"shipping-taxable","17":"purchasable","18":"product-type-simple"},"ct_brands":[{"id":314,"name":"Infiray","slug":"infiray"}],"_links":{"self":[{"href":"https:\/\/zbranebudai.sk\/hu\/wp-json\/wp\/v2\/product\/3300","targetHints":{"allow":["GET"]}}],"collection":[{"href":"https:\/\/zbranebudai.sk\/hu\/wp-json\/wp\/v2\/product"}],"about":[{"href":"https:\/\/zbranebudai.sk\/hu\/wp-json\/wp\/v2\/types\/product"}],"wp:featuredmedia":[{"embeddable":true,"href":"https:\/\/zbranebudai.sk\/hu\/wp-json\/wp\/v2\/media\/3498"}],"wp:attachment":[{"href":"https:\/\/zbranebudai.sk\/hu\/wp-json\/wp\/v2\/media?parent=3300"}],"wp:term":[{"taxonomy":"product_brand","embeddable":true,"href":"https:\/\/zbranebudai.sk\/hu\/wp-json\/wp\/v2\/product_brand?post=3300"},{"taxonomy":"product_cat","embeddable":true,"href":"https:\/\/zbranebudai.sk\/hu\/wp-json\/wp\/v2\/product_cat?post=3300"},{"taxonomy":"product_tag","embeddable":true,"href":"https:\/\/zbranebudai.sk\/hu\/wp-json\/wp\/v2\/product_tag?post=3300"}],"curies":[{"name":"wp","href":"https:\/\/api.w.org\/{rel}","templated":true}]}}