{"id":3284,"date":"2025-02-01T20:41:42","date_gmt":"2025-02-01T18:41:42","guid":{"rendered":"https:\/\/zbranebudai.sk\/?post_type=product&#038;p=3284"},"modified":"2025-08-31T03:55:31","modified_gmt":"2025-08-31T01:55:31","slug":"infiray-mate-klipszes-okular-4x24-mate-cl42-ch50-ch50-w","status":"publish","type":"product","link":"https:\/\/zbranebudai.sk\/hu\/product\/infiray-mate-clip-okular-4x24-mate-cl42-ch50-ch50-w\/","title":{"rendered":"InfiRay MATE Clip okul\u00e1r 4\u00d724 (Mate\/CL42\/CH50\/CH50 W)"},"content":{"rendered":"<table dir=\"ltr\" border=\"1\" cellspacing=\"0\" cellpadding=\"0\" data-sheets-root=\"1\" data-sheets-baot=\"1\">\n<colgroup>\n<col width=\"375\" \/>\n<col width=\"437\" \/><\/colgroup>\n<tbody>\n<tr>\n<td>Nagy\u00edt\u00e1si tartom\u00e1ny (x)<\/td>\n<td>4 - 4<\/td>\n<\/tr>\n<tr>\n<td>Alapnagy\u00edt\u00e1s (x)<\/td>\n<td>4<\/td>\n<\/tr>\n<tr>\n<td>\u00c1ll\u00edthat\u00f3 f\u0171z\u0151lyuk<\/td>\n<td>Igen<\/td>\n<\/tr>\n<tr>\n<td>Anyag<\/td>\n<td>m\u0171anyag, gumi<\/td>\n<\/tr>\n<tr>\n<td>EAN-k\u00f3d<\/td>\n<td>6973202304594<\/td>\n<\/tr>\n<tr>\n<td>Gy\u00e1rt\u00f3<\/td>\n<td>InfiRay<\/td>\n<\/tr>\n<tr>\n<td>Gy\u00e1rt\u00f3i garancia<\/td>\n<td>3 \u00e9v<\/td>\n<\/tr>\n<tr>\n<td>M\u00e9retek<\/td>\n<td>58x58x126 mm<\/td>\n<\/tr>\n<tr>\n<td>Nagy\u00edt\u00e1s<\/td>\n<td>4<\/td>\n<\/tr>\n<tr>\n<td>Sz\u00ednes<\/td>\n<td>Fekete<\/td>\n<\/tr>\n<tr>\n<td>T\u00f6meg (g)<\/td>\n<td>200<\/td>\n<\/tr>\n<tr>\n<td>V\u00edzhatlan<\/td>\n<td>IP67<\/td>\n<\/tr>\n<\/tbody>\n<\/table>\n<p><a href=\"https:\/\/www.infirayoutdoor.com\/monocular-handle-for-mate-series\">https:\/\/www.infirayoutdoor.com\/monocular-handle-for-mate-series<\/a><\/p>","protected":false},"excerpt":{"rendered":"<div class=\"flex max-w-full flex-col flex-grow\">\n<div class=\"min-h-8 text-message flex w-full flex-col items-end gap-2 whitespace-normal break-words text-start [.text-message+&amp;]:mt-5\" dir=\"auto\" data-message-author-role=\"assistant\" data-message-id=\"ce197b35-fda2-42d0-a793-4292379ce4ba\" data-message-model-slug=\"gpt-4o\">\n<div class=\"flex w-full flex-col gap-1 empty:hidden first:pt-[3px]\">\n<div class=\"markdown prose w-full break-words dark:prose-invert dark\">\n<p>Okul\u00e1r so 4-n\u00e1sobn\u00fdm zv\u00e4\u010d\u0161en\u00edm pre nasleduj\u00face preds\u00e1dky InfiRay:<\/p>\n<ul>\n<li><strong>InfiRay Mate<\/strong> MAL25 \/ MAL38 \/ MAH50<\/li>\n<li><strong>InfiRay Clip<\/strong> CH50 V2.0 \/ CH50 W<\/li>\n<li><strong>InfiRay Clip<\/strong> CL42 \/ CL42 V2.0<\/li>\n<\/ul>\n<\/div>\n<\/div>\n<\/div>\n<\/div>\n<div class=\"mb-2 flex gap-3 empty:hidden -ml-2\"><\/div>\n","protected":false},"featured_media":3481,"template":"","meta":{"_gspb_post_css":""},"product_brand":[314],"product_cat":[21,354],"product_tag":[170,214,221],"class_list":{"0":"post-3284","1":"product","2":"type-product","3":"status-publish","4":"has-post-thumbnail","6":"product_brand-infiray","7":"product_cat-optika","8":"product_cat-prislusenstvo","9":"product_tag-infiray","10":"product_tag-mate","11":"product_tag-okular","13":"first","14":"instock","15":"taxable","16":"shipping-taxable","17":"purchasable","18":"product-type-simple"},"ct_brands":[{"id":314,"name":"Infiray","slug":"infiray"}],"_links":{"self":[{"href":"https:\/\/zbranebudai.sk\/hu\/wp-json\/wp\/v2\/product\/3284","targetHints":{"allow":["GET"]}}],"collection":[{"href":"https:\/\/zbranebudai.sk\/hu\/wp-json\/wp\/v2\/product"}],"about":[{"href":"https:\/\/zbranebudai.sk\/hu\/wp-json\/wp\/v2\/types\/product"}],"wp:featuredmedia":[{"embeddable":true,"href":"https:\/\/zbranebudai.sk\/hu\/wp-json\/wp\/v2\/media\/3481"}],"wp:attachment":[{"href":"https:\/\/zbranebudai.sk\/hu\/wp-json\/wp\/v2\/media?parent=3284"}],"wp:term":[{"taxonomy":"product_brand","embeddable":true,"href":"https:\/\/zbranebudai.sk\/hu\/wp-json\/wp\/v2\/product_brand?post=3284"},{"taxonomy":"product_cat","embeddable":true,"href":"https:\/\/zbranebudai.sk\/hu\/wp-json\/wp\/v2\/product_cat?post=3284"},{"taxonomy":"product_tag","embeddable":true,"href":"https:\/\/zbranebudai.sk\/hu\/wp-json\/wp\/v2\/product_tag?post=3284"}],"curies":[{"name":"wp","href":"https:\/\/api.w.org\/{rel}","templated":true}]}}