{"id":3277,"date":"2025-02-01T20:41:14","date_gmt":"2025-02-01T18:41:14","guid":{"rendered":"https:\/\/zbranebudai.sk\/?post_type=product&#038;p=3277"},"modified":"2025-08-31T03:55:31","modified_gmt":"2025-08-31T01:55:31","slug":"infiray-lezeres-tavmero-modul-rico","status":"publish","type":"product","link":"https:\/\/zbranebudai.sk\/hu\/product\/infiray-lezeres-tavmero-modul-rico\/","title":{"rendered":"InfiRay RICO LRF modul L\u00e1t\u00f3t\u00e1vols\u00e1g"},"content":{"rendered":"<p><a href=\"https:\/\/www.infirayoutdoor.com\/thermal-imaging-riflescope-rico-series\">https:\/\/www.infirayoutdoor.com\/thermal-imaging-riflescope-rico-series\u00a0<\/a><\/p>","protected":false},"excerpt":{"rendered":"<p>Egyszeri \u00e9s folyamatos m\u00e9r\u00e9sre egyar\u00e1nt alkalmas. A k\u00e9sz\u00fcl\u00e9ket a men\u00fcben kell be\u00e1ll\u00edtani. K\u00f6nnyen csatlakoztathat\u00f3, \u00e9s az USB-C csatlakoz\u00f3 seg\u00edts\u00e9g\u00e9vel csatlakozik a Rico k\u00e9sz\u00fcl\u00e9khez. Rendk\u00edv\u00fcli pontoss\u00e1ggal m\u0171k\u00f6dik.<\/p>","protected":false},"featured_media":3478,"template":"","meta":{"_gspb_post_css":""},"product_brand":[314],"product_cat":[21,354],"product_tag":[170,211,312],"class_list":{"0":"post-3277","1":"product","2":"type-product","3":"status-publish","4":"has-post-thumbnail","6":"product_brand-infiray","7":"product_cat-optika","8":"product_cat-prislusenstvo","9":"product_tag-infiray","10":"product_tag-rico","11":"product_tag-zameriavac","13":"first","14":"instock","15":"taxable","16":"shipping-taxable","17":"purchasable","18":"product-type-simple"},"ct_brands":[{"id":314,"name":"Infiray","slug":"infiray"}],"_links":{"self":[{"href":"https:\/\/zbranebudai.sk\/hu\/wp-json\/wp\/v2\/product\/3277","targetHints":{"allow":["GET"]}}],"collection":[{"href":"https:\/\/zbranebudai.sk\/hu\/wp-json\/wp\/v2\/product"}],"about":[{"href":"https:\/\/zbranebudai.sk\/hu\/wp-json\/wp\/v2\/types\/product"}],"wp:featuredmedia":[{"embeddable":true,"href":"https:\/\/zbranebudai.sk\/hu\/wp-json\/wp\/v2\/media\/3478"}],"wp:attachment":[{"href":"https:\/\/zbranebudai.sk\/hu\/wp-json\/wp\/v2\/media?parent=3277"}],"wp:term":[{"taxonomy":"product_brand","embeddable":true,"href":"https:\/\/zbranebudai.sk\/hu\/wp-json\/wp\/v2\/product_brand?post=3277"},{"taxonomy":"product_cat","embeddable":true,"href":"https:\/\/zbranebudai.sk\/hu\/wp-json\/wp\/v2\/product_cat?post=3277"},{"taxonomy":"product_tag","embeddable":true,"href":"https:\/\/zbranebudai.sk\/hu\/wp-json\/wp\/v2\/product_tag?post=3277"}],"curies":[{"name":"wp","href":"https:\/\/api.w.org\/{rel}","templated":true}]}}