{"id":3270,"date":"2025-02-01T20:40:39","date_gmt":"2025-02-01T18:40:39","guid":{"rendered":"https:\/\/zbranebudai.sk\/?post_type=product&#038;p=3270"},"modified":"2025-08-31T03:55:31","modified_gmt":"2025-08-31T01:55:31","slug":"infiray-tube-td70l-v2-ejjellato-celtavcso-940-lezeres-fenyveto-akku-szett-szett","status":"publish","type":"product","link":"https:\/\/zbranebudai.sk\/hu\/product\/infiray-tube-td70l-v2-ejjellato-celtavcso-940-lezeres-fenyveto-akku-szett\/","title":{"rendered":"InfiRay TUBE TD70L V2 \u00e9jjell\u00e1t\u00f3 c\u00e9lz\u00f3berendez\u00e9s"},"content":{"rendered":"<p>Az InfiRay Tube TD70L V2 az InfiRay els\u0151 igaz\u00e1n nagy dob\u00e1sa az \u00e9jjell\u00e1t\u00f3 technol\u00f3gia ter\u00fclet\u00e9n. Az \u00fajdons\u00e1g egy nagy teljes\u00edtm\u00e9ny\u0171 digit\u00e1lis \u00e9jjell\u00e1t\u00f3 t\u00e1vcs\u0151, amely tov\u00e1bbra is a hagyom\u00e1nyos nappali t\u00e1vcs\u00f6vek tubusszerkezet\u00e9vel k\u00e9sz\u00fcl, \u00edgy optim\u00e1lisan haszn\u00e1lhat\u00f3 k\u00f6r alak\u00fa nappali t\u00e1vcs\u0151foglalatokon.\u00a0<strong>A TD70L V2 m\u00e1r az InfiRay m\u00e1sodik gener\u00e1ci\u00f3s \u00e9jjell\u00e1t\u00f3 rendszere,<\/strong>\u00a0A kor\u00e1bbi TD50L rendk\u00edv\u00fcl m\u00f3dos\u00edtott v\u00e1ltozata, hosszabb f\u00f3kuszt\u00e1vols\u00e1ggal, ez\u00e1ltal nagyobb nagy\u00edt\u00e1si tartom\u00e1nyban, jobb kezelhet\u0151s\u00e9ggel, t\u00e1pegys\u00e9ggel.\u00a0<strong>\u00e9s ami a legfontosabb: jobb k\u00e9pmin\u0151s\u00e9g\u0171 \u00e9s \u00e9rz\u00e9kel\u00e9si t\u00e1vols\u00e1ggal rendelkez\u0151 gener\u00e1ci\u00f3k.\u00a0<\/strong>Ez a k\u00e9sz\u00fcl\u00e9k bev\u00e1ltja az \u00edg\u00e9ret\u00e9t: ez akar a v\u00e9gs\u0151 digit\u00e1lis \u00e9jjell\u00e1t\u00f3 optika lenni az ig\u00e9nyes vad\u00e1szok sz\u00e1m\u00e1ra, akik \u00e9rt\u00e9kelik a klasszikus eleganci\u00e1t \u00e9s kiv\u00e1l\u00f3 f\u00e9ny\u00e9rz\u00e9kenys\u00e9get keresnek. Ak\u00e1r 9 \u00f3r\u00e1s akkumul\u00e1tor-\u00fczemid\u0151vel \u00e9s IP67-es min\u0151s\u00edt\u00e9ssel a TD70L V2 szinte b\u00e1rmilyen vad\u00e1szati k\u00f6r\u00fclm\u00e9nyek k\u00f6z\u00f6tt b\u00e9k\u00e9sen kib\u00edrja az \u00e9jszak\u00e1t.<\/p>\n<p><strong>Kiv\u00e1l\u00f3 \u00e9jjell\u00e1t\u00f3 k\u00e9pess\u00e9g<br \/>\n<\/strong><br \/>\nA nagym\u00e9ret\u0171 \u00e9s kiv\u00e1l\u00f3 min\u0151s\u00e9g\u0171 70 mm\/F1.8 objekt\u00edv, az 1920 x 1080 felbont\u00e1s\u00fa \u00e9rz\u00e9kel\u0151 4 mikronra nagy\u00edtott pixelekkel, a rendk\u00edv\u00fcl nagy f\u00e9ny\u00e9rz\u00e9kenys\u00e9g, a nagy felbont\u00e1s\u00fa kijelz\u0151 \u00e9s a rendk\u00edv\u00fcl hat\u00e9kony algoritmus teszi a TD70L V2-t a t\u00f6k\u00e9letes digit\u00e1lis \u00e9jjell\u00e1t\u00f3 eszk\u00f6zz\u00e9. Kiv\u00e1l\u00f3 f\u00e9ny\u00e9rz\u00e9kenys\u00e9ge m\u00e9g holdtalan \u00e9jszak\u00e1kon is kiv\u00e9teles. A dolog l\u00e9nyege, hogy m\u00edg a h\u0151kamer\u00e1kn\u00e1l az \u00e9rz\u00e9kel\u0151 pixelm\u00e9rete egyre zsugorodik, itt a n\u00f6veked\u00e9s l\u00e9nyegesen t\u00f6bb f\u00e9nyt k\u00e9pes r\u00f6gz\u00edteni. A hull\u00e1mz\u00e1s technol\u00f3gi\u00e1ja \u00e9s logik\u00e1ja hasonl\u00f3 a James Webb teleszk\u00f3p nagy \u00e9rz\u00e9kenys\u00e9g\u0171, de alacsony megapixeles kamer\u00e1ihoz, amelyek az \u0171r s\u00f6t\u00e9tj\u00e9t k\u00e9pezik le. \u00cdgy a felhaszn\u00e1l\u00f3 ak\u00e1r 1 \u00f3r\u00e1val napnyugta ut\u00e1n is sz\u00ednes k\u00e9pet l\u00e1that, \u00e9s a Hold \u00fczemm\u00f3dban l\u00e1tott k\u00e9p \u00f3ri\u00e1si m\u00e9rt\u00e9kben javult.<\/p>\n<p>Egy\u00e9bk\u00e9nt az \u00faj l\u00e9zerprojektor seg\u00edt a k\u00e9sz\u00fcl\u00e9knek a m\u00e9g jobb \u00e9rz\u00e9kel\u00e9sben.<\/p>\n<p><strong>K\u00e9t k\u00e9pm\u00f3d<\/strong><\/p>\n<p>A TD70L V2 be\u00e1ll\u00edt\u00e1saiban k\u00e9t k\u00e9pm\u00f3d \u00e1ll rendelkez\u00e9sre. Nappali \u00e9s Hold \u00fczemm\u00f3dban haszn\u00e1lhat\u00f3. Nappali \u00fczemm\u00f3dban a k\u00e9sz\u00fcl\u00e9k eddig nem l\u00e1tott sz\u00ednh\u0171 sz\u00ednvisszaad\u00e1st biztos\u00edt. Hold \u00fczemm\u00f3dban a TD70L V2 nemcsak a t\u00f6k\u00e9letes \u00e9jszakai l\u00e1tv\u00e1nyt k\u00edv\u00e1nja biztos\u00edtani a felhaszn\u00e1l\u00f3k sz\u00e1m\u00e1ra, hanem kellemes l\u00e1t\u00f3t\u00e1vols\u00e1g\u00fa k\u00e9pmegjelen\u00edt\u00e9st is k\u00edn\u00e1l kiv\u00e1l\u00f3 k\u00e9pfriss\u00edt\u00e9si sebess\u00e9ggel.<\/p>\n<p><strong>1:1 jelenetek vesztes\u00e9gmentes k\u00e9p\u00e1tvitellel<\/strong><\/p>\n<p>Krist\u00e1lytiszta r\u00e9szletess\u00e9g a teljes l\u00e1t\u00f3mez\u0151ben - az el\u00e9rhet\u0151 legpontosabb inform\u00e1ci\u00f3k\u00e9rt.<\/p>\n<p>A TD70L V2 t\u00f6k\u00e9letes eszk\u00f6z olyan c\u00e9lpontok felder\u00edt\u00e9s\u00e9re, mint p\u00e9ld\u00e1ul a vaddiszn\u00f3k, amelyek p\u00e9ld\u00e1ul a 850 nm-es kivet\u00edt\u0151vel \u00e9jszaka ak\u00e1r 600 m\u00e9teres t\u00e1vols\u00e1gb\u00f3l is felder\u00edthet\u0151k (a 940 nm-es l\u00e1thatatlan l\u00e9zerrel 350-400 m\u00e9ter igaz\u00e1n leny\u0171g\u00f6z\u0151). A nagy teljes\u00edtm\u00e9ny\u0171 k\u00fcls\u0151, levehet\u0151 infrav\u00f6r\u00f6s reflektor m\u00e9g holdtalan \u00e9jszak\u00e1kon is biztos\u00edtja a sikert, \u00e9s k\u00fcls\u0151 18650-es akkumul\u00e1torral m\u0171k\u00f6dtethet\u0151.<\/p>\n<p><strong>5.5x-22x\u00a0<\/strong><strong>folyamatos zoom forg\u00f3t\u00e1rcs\u00e1val<br \/>\n<\/strong><br \/>\nA TD70L V2 alapnagy\u00edt\u00e1sa n\u00e9gyszeres\u00e9re n\u0151tt. Az 5,5x optikair\u00f3l a digit\u00e1lisan l\u00e9trehozott 22x-re. A TD70L V2 folyamatos nagy\u00edt\u00e1st tesz lehet\u0151v\u00e9 5,5x-t\u0151l 22x-ig, ami azt jelenti, hogy a kijelz\u0151 mindig a jelenetnek megfelel\u0151 l\u00e1t\u00f3mez\u0151t biztos\u00edt. Az \u00e9jszakai vagy keszty\u0171s haszn\u00e1lathoz az \u00faj vez\u00e9rl\u0151gombok a torony bal oldal\u00e1ra ker\u00fcltek, \u00edgy azonnali hozz\u00e1f\u00e9r\u00e9st biztos\u00edtanak a fot\u00f3\/vide\u00f3 \u00fczemm\u00f3dokhoz \u00e9s a men\u00fcb\u0151l val\u00f3 kil\u00e9p\u00e9shez.<\/p>\n<p><strong>Kompatibilis a szabv\u00e1nyos 30 mm-es gy\u0171r\u0171s foganty\u00fakkal<br \/>\n<\/strong><br \/>\nA torony k\u00f6r\u00fcli kiv\u00e1l\u00f3 min\u0151s\u00e9g\u0171, kifinomult, 30 mm \u00e1tm\u00e9r\u0151j\u0171 cs\u0151 kialak\u00edt\u00e1sa lehet\u0151v\u00e9 teszi, hogy a TD70L V2 a szabv\u00e1nyos 30 mm-es gy\u0171r\u0171s r\u00f6gz\u00edt\u00e9s\u0171 Picatinny s\u00ednes fegyverrendszerre szerelhet\u0151 legyen a k\u00f6nny\u0171 kezelhet\u0151s\u00e9g, stabilit\u00e1s \u00e9s megb\u00edzhat\u00f3s\u00e1g \u00e9rdek\u00e9ben. Klasszikus, praktikus kialak\u00edt\u00e1s.<\/p>\n<table dir=\"ltr\" border=\"1\" cellspacing=\"0\" cellpadding=\"0\" data-sheets-root=\"1\" data-sheets-baot=\"1\">\n<colgroup>\n<col width=\"375\" \/>\n<col width=\"437\" \/><\/colgroup>\n<tbody>\n<tr>\n<td>\u00c9rz\u00e9kel\u0151 felbont\u00e1sa<\/td>\n<td>1920x1080px<\/td>\n<\/tr>\n<tr>\n<td>Pixel m\u00e9ret<\/td>\n<td>4\u00b5m<\/td>\n<\/tr>\n<tr>\n<td>Friss\u00edt\u00e9si sebess\u00e9g<\/td>\n<td>50Hz<\/td>\n<\/tr>\n<tr>\n<td>Lencse lencse<\/td>\n<td>50mm<\/td>\n<\/tr>\n<tr>\n<td>Gy\u00fajt\u00f3t\u00e1vols\u00e1g<\/td>\n<td>70mm<\/td>\n<\/tr>\n<tr>\n<td>L\u00e1t\u00f3mez\u0151<\/td>\n<td>4,7\u00b0 x 3,5\u00b0<\/td>\n<\/tr>\n<tr>\n<td>Alapvet\u0151 nagy\u00edt\u00e1s<\/td>\n<td>5,5x<\/td>\n<\/tr>\n<tr>\n<td>Szemkiemel\u00e9s<\/td>\n<td>45mm<\/td>\n<\/tr>\n<tr>\n<td>Dioptri\u00e1s korrekci\u00f3<\/td>\n<td>\u00b14D<\/td>\n<\/tr>\n<tr>\n<td>\u00c9rz\u00e9kel\u00e9s<\/td>\n<td>300m<\/td>\n<\/tr>\n<tr>\n<td>Megjelen\u00edt\u00e9s t\u00edpusa<\/td>\n<td>OLED, 1440x1080px<\/td>\n<\/tr>\n<tr>\n<td>Az akkumul\u00e1tor \u00e9lettartama<\/td>\n<td>8h<\/td>\n<\/tr>\n<tr>\n<td>Akkumul\u00e1tor<\/td>\n<td>Bels\u0151, 6600mAh<\/td>\n<\/tr>\n<tr>\n<td>Korrig\u00e1l\u00e1s (1 kattint\u00e1s\/100m)<\/td>\n<td>5.6mm<\/td>\n<\/tr>\n<tr>\n<td>Test anyaga<\/td>\n<td>Alum\u00ednium<\/td>\n<\/tr>\n<tr>\n<td>Wi-Fi<\/td>\n<td>Igen<\/td>\n<\/tr>\n<tr>\n<td>Hangfelv\u00e9tel<\/td>\n<td>Igen<\/td>\n<\/tr>\n<tr>\n<td>Funkci\u00f3 (RAV)<\/td>\n<td>Igen<\/td>\n<\/tr>\n<tr>\n<td>L\u00e9zeres megvil\u00e1g\u00edt\u00e1s<\/td>\n<td>940nm<\/td>\n<\/tr>\n<tr>\n<td>Csatlakoz\u00e1s t\u00edpusa<\/td>\n<td>USB-C<\/td>\n<\/tr>\n<tr>\n<td>T\u00e1rhely<\/td>\n<td>32GB<\/td>\n<\/tr>\n<tr>\n<td>V\u00edzhatlan<\/td>\n<td>IP67<\/td>\n<\/tr>\n<tr>\n<td>S\u00faly<\/td>\n<td>945g<\/td>\n<\/tr>\n<tr>\n<td>M\u00e9retek<\/td>\n<td>383 x 86 x 75 mm<\/td>\n<\/tr>\n<\/tbody>\n<\/table>\n<p><a href=\"https:\/\/www.infirayoutdoor.com\/tube-td50l-digital-night-vision-riflescope-1\">https:\/\/www.infirayoutdoor.com\/tube-td50l-digital-night-vision-riflescope-1<\/a><\/p>","protected":false},"excerpt":{"rendered":"<p>TUBE TD70L V2 1980x1080px-es, 4\u03bcm-es \u00e9rz\u00e9kel\u0151vel, sz\u00ednes OLED kijelz\u0151vel, ak\u00e1r 8 \u00f3r\u00e1s akkumul\u00e1tor-\u00fczemid\u0151vel, 940nm-es megvil\u00e1g\u00edt\u00e1ssal \u00e9s sz\u00e1mos felhaszn\u00e1l\u00f3bar\u00e1t funkci\u00f3val.<\/p>","protected":false},"featured_media":3467,"template":"","meta":{"_gspb_post_css":""},"product_brand":[314],"product_cat":[145,21,332],"product_tag":[170,325,206,312],"class_list":{"0":"post-3270","1":"product","2":"type-product","3":"status-publish","4":"has-post-thumbnail","6":"product_brand-infiray","7":"product_cat-nocne-videnie","8":"product_cat-optika","9":"product_cat-zameriavace-s-nocnym-videnim","10":"product_tag-infiray","11":"product_tag-nocne-videnie","12":"product_tag-tube","13":"product_tag-zameriavac","15":"first","16":"instock","17":"taxable","18":"shipping-taxable","19":"purchasable","20":"product-type-simple"},"ct_brands":[{"id":314,"name":"Infiray","slug":"infiray"}],"_links":{"self":[{"href":"https:\/\/zbranebudai.sk\/hu\/wp-json\/wp\/v2\/product\/3270","targetHints":{"allow":["GET"]}}],"collection":[{"href":"https:\/\/zbranebudai.sk\/hu\/wp-json\/wp\/v2\/product"}],"about":[{"href":"https:\/\/zbranebudai.sk\/hu\/wp-json\/wp\/v2\/types\/product"}],"wp:featuredmedia":[{"embeddable":true,"href":"https:\/\/zbranebudai.sk\/hu\/wp-json\/wp\/v2\/media\/3467"}],"wp:attachment":[{"href":"https:\/\/zbranebudai.sk\/hu\/wp-json\/wp\/v2\/media?parent=3270"}],"wp:term":[{"taxonomy":"product_brand","embeddable":true,"href":"https:\/\/zbranebudai.sk\/hu\/wp-json\/wp\/v2\/product_brand?post=3270"},{"taxonomy":"product_cat","embeddable":true,"href":"https:\/\/zbranebudai.sk\/hu\/wp-json\/wp\/v2\/product_cat?post=3270"},{"taxonomy":"product_tag","embeddable":true,"href":"https:\/\/zbranebudai.sk\/hu\/wp-json\/wp\/v2\/product_tag?post=3270"}],"curies":[{"name":"wp","href":"https:\/\/api.w.org\/{rel}","templated":true}]}}