{"id":3251,"date":"2025-02-01T20:39:09","date_gmt":"2025-02-01T18:39:09","guid":{"rendered":"https:\/\/zbranebudai.sk\/?post_type=product&#038;p=3251"},"modified":"2025-08-31T03:55:31","modified_gmt":"2025-08-31T01:55:31","slug":"infiray-mate-mah50r-hokamera-celtavcso-elotet","status":"publish","type":"product","link":"https:\/\/zbranebudai.sk\/hu\/product\/infiray-mate-mah50r-hokamera-celtavcso-elotet\/","title":{"rendered":"Infiray MATE MAH50R h\u0151kamera"},"content":{"rendered":"<p>Az el\u0151szerelv\u00e9nyek k\u00f6z\u00fcl a legnagyobb teljes\u00edtm\u00e9ny\u00e9vel t\u0171nik ki, \u00e9s joggal \u00e9rdemelte ki azonnal a hely\u00e9t a vil\u00e1gpiacokon. A kiv\u00e9telesen \u00e9les k\u00e9p lehet\u0151v\u00e9 teszi, hogy ak\u00e1r 12x-es nagy\u00edt\u00e1sn\u00e1l is k\u00e9nyelmesen, a k\u00e9pmin\u0151s\u00e9g jelent\u0151s roml\u00e1sa n\u00e9lk\u00fcl vad\u00e1szhasson, \u00edgy az \u00edj\u00e1szok sz\u00e1m\u00e1ra a vad\u00e1szati t\u00e1vols\u00e1gban nem jelent korl\u00e1tokat. A be\u00e9p\u00edtett l\u00e9zeres t\u00e1vols\u00e1gm\u00e9r\u0151 jelenleg egyed\u00fcl\u00e1ll\u00f3 az el\u0151ret\u00f6lt\u00e9sek k\u00f6z\u00f6tt, \u00e9s nagy l\u00e9p\u00e9st tesz el\u0151re a termikus el\u0151ret\u00f6lt\u00e9ssel t\u00f6rt\u00e9n\u0151 vad\u00e1szat lehet\u0151s\u00e9geiben. \u00c9s ez volt a f\u0151 c\u00e9l a MATE sorozat fejleszt\u00e9se sor\u00e1n.<\/p>\n<table dir=\"ltr\" border=\"1\" cellspacing=\"0\" cellpadding=\"0\" data-sheets-root=\"1\" data-sheets-baot=\"1\">\n<colgroup>\n<col width=\"375\" \/>\n<col width=\"437\" \/><\/colgroup>\n<tbody>\n<tr>\n<td>\u00c9rz\u00e9kel\u0151 felbont\u00e1sa<\/td>\n<td>640x512px<\/td>\n<\/tr>\n<tr>\n<td>Pixel m\u00e9ret<\/td>\n<td>12\u00b5m<\/td>\n<\/tr>\n<tr>\n<td>NETD - \u00c9rz\u00e9kel\u0151 \u00e9rz\u00e9kenys\u00e9ge (mK)<\/td>\n<td>&lt;18mK<\/td>\n<\/tr>\n<tr>\n<td>Friss\u00edt\u00e9si sebess\u00e9g (Hz)<\/td>\n<td>50Hz<\/td>\n<\/tr>\n<tr>\n<td>Objekt\u00edv lencse (mm)<\/td>\n<td>50mm<\/td>\n<\/tr>\n<tr>\n<td>Haszn\u00e1lhat\u00f3 nagy\u00edt\u00e1s a c\u00e9lt\u00e1vcs\u00f6v\u00f6n<\/td>\n<td>1x-10x<\/td>\n<\/tr>\n<tr>\n<td>L\u00e1t\u00f3mez\u0151<\/td>\n<td>8,8\u00b0x7,0\u00b0<\/td>\n<\/tr>\n<tr>\n<td>Nagy\u00edt\u00e1s monokul\u00e1ris \u00fczemm\u00f3dban<\/td>\n<td>1-4x<\/td>\n<\/tr>\n<tr>\n<td>\u00c9rz\u00e9kel\u00e9s<\/td>\n<td>2600m<\/td>\n<\/tr>\n<tr>\n<td>Megjelen\u00edt\u00e9s t\u00edpusa<\/td>\n<td>AMOLED<\/td>\n<\/tr>\n<tr>\n<td>Kijelz\u0151 felbont\u00e1sa<\/td>\n<td>1024x768px<\/td>\n<\/tr>\n<tr>\n<td>Akkumul\u00e1tor t\u00edpusa<\/td>\n<td>Bels\u0151 (4 \u00f3ra) + k\u00fcls\u0151 akkumul\u00e1tor (5 \u00f3ra)<\/td>\n<\/tr>\n<tr>\n<td>Az akkumul\u00e1tor \u00e9lettartama<\/td>\n<td>11h<\/td>\n<\/tr>\n<tr>\n<td>Wi-Fi<\/td>\n<td>Igen<\/td>\n<\/tr>\n<tr>\n<td>Fot\u00f3\/Vide\u00f3<\/td>\n<td>Igen<\/td>\n<\/tr>\n<tr>\n<td>Hangfelv\u00e9tel<\/td>\n<td>Igen<\/td>\n<\/tr>\n<tr>\n<td>L\u00e9zeres t\u00e1vols\u00e1gm\u00e9r\u0151<\/td>\n<td>Igen, 1200 m-ig<\/td>\n<\/tr>\n<tr>\n<td>Csatlakoz\u00e1s t\u00edpusa<\/td>\n<td>USB-C<\/td>\n<\/tr>\n<tr>\n<td>V\u00edz\u00e1ll\u00f3<\/td>\n<td>IP67<\/td>\n<\/tr>\n<tr>\n<td>S\u00faly<\/td>\n<td>500g<\/td>\n<\/tr>\n<tr>\n<td>M\u00e9retek<\/td>\n<td>147x75x73mm<\/td>\n<\/tr>\n<tr>\n<td>Pontoss\u00e1g<\/td>\n<td>1MOA<\/td>\n<\/tr>\n<\/tbody>\n<\/table>\n<p><a href=\"https:\/\/www.infirayoutdoor.com\/thermal-imaging-attachment-mate-series-mah50r\">https:\/\/www.infirayoutdoor.com\/thermal-imaging-attachment-mate-series-mah50r<\/a><\/p>","protected":false},"excerpt":{"rendered":"<p>T\u00f6k\u00e9letes v\u00e1laszt\u00e1s az el\u0151re be\u00e1ll\u00edtott k\u00e9sz\u00fcl\u00e9kek szerelmeseinek, akik nem k\u00f6tnek kompromisszumot a felszerelts\u00e9g ter\u00e9n, \u00e9s a p\u00e9nz\u00fck\u00e9rt maxim\u00e1lis min\u0151s\u00e9get k\u00f6vetelnek. A k\u00f6nny\u0171 s\u00faly \u00e9s a nagyon vonz\u00f3 kialak\u00edt\u00e1s a kivehet\u0151 kezel\u0151panellel, t\u00e1vols\u00e1gm\u00e9r\u0151vel \u00e9s ballisztikus sz\u00e1mol\u00f3g\u00e9ppel egy\u00fctt a MATE MAH 50 R-t egy agilis, f\u00e9ny\u0171z\u0151 megjelen\u00e9s\u0171 t\u00e1rss\u00e1 teszi nem csak az \u00e9jszakai vad\u00e1szathoz.<\/p>","protected":false},"featured_media":3445,"template":"","meta":{"_gspb_post_css":""},"product_brand":[314],"product_cat":[21,144,328],"product_tag":[170,214,352],"class_list":{"0":"post-3251","1":"product","2":"type-product","3":"status-publish","4":"has-post-thumbnail","6":"product_brand-infiray","7":"product_cat-optika","8":"product_cat-termovizie","9":"product_cat-termovizne-predsadky","10":"product_tag-infiray","11":"product_tag-mate","12":"product_tag-termovizna-predsadka","14":"first","15":"instock","16":"taxable","17":"shipping-taxable","18":"purchasable","19":"product-type-simple"},"ct_brands":[{"id":314,"name":"Infiray","slug":"infiray"}],"_links":{"self":[{"href":"https:\/\/zbranebudai.sk\/hu\/wp-json\/wp\/v2\/product\/3251","targetHints":{"allow":["GET"]}}],"collection":[{"href":"https:\/\/zbranebudai.sk\/hu\/wp-json\/wp\/v2\/product"}],"about":[{"href":"https:\/\/zbranebudai.sk\/hu\/wp-json\/wp\/v2\/types\/product"}],"wp:featuredmedia":[{"embeddable":true,"href":"https:\/\/zbranebudai.sk\/hu\/wp-json\/wp\/v2\/media\/3445"}],"wp:attachment":[{"href":"https:\/\/zbranebudai.sk\/hu\/wp-json\/wp\/v2\/media?parent=3251"}],"wp:term":[{"taxonomy":"product_brand","embeddable":true,"href":"https:\/\/zbranebudai.sk\/hu\/wp-json\/wp\/v2\/product_brand?post=3251"},{"taxonomy":"product_cat","embeddable":true,"href":"https:\/\/zbranebudai.sk\/hu\/wp-json\/wp\/v2\/product_cat?post=3251"},{"taxonomy":"product_tag","embeddable":true,"href":"https:\/\/zbranebudai.sk\/hu\/wp-json\/wp\/v2\/product_tag?post=3251"}],"curies":[{"name":"wp","href":"https:\/\/api.w.org\/{rel}","templated":true}]}}