{"id":3241,"date":"2025-02-01T20:38:16","date_gmt":"2025-02-01T18:38:16","guid":{"rendered":"https:\/\/zbranebudai.sk\/?post_type=product&#038;p=3241"},"modified":"2025-08-31T03:55:31","modified_gmt":"2025-08-31T01:55:31","slug":"infiray-mate-mah50-hokamera-celtavcso-elotet","status":"publish","type":"product","link":"https:\/\/zbranebudai.sk\/hu\/product\/infiray-mate-mah50-hokamera-celtavcso-elotet\/","title":{"rendered":"Infiray MATE MAH50 h\u0151kamera"},"content":{"rendered":"<p><span data-darkreader-inline-color=\"\">A k\u00e9pmin\u0151s\u00e9g leny\u0171g\u00f6z\u0151 a Mate MAH50 eset\u00e9ben. A kijelz\u0151 \u00e1ltal ny\u00fajtott \u00e9lm\u00e9ny minden eddigin\u00e9l r\u00e9szletesebb, pontosabb \u00e9s l\u00e1tv\u00e1nyosabb.  El\u0151dj\u00e9hez k\u00e9pest a tov\u00e1bbfejlesztett OLED kijelz\u0151 \u00faj szintre emeli a k\u00e9pmin\u0151s\u00e9get.\u00a0<strong><\/p>\n<p><\/strong>Tekintettel az \u00e9rz\u00e9kel\u0151 felbont\u00e1s\u00e1ra, itt elfelejthetj\u00fck a k\u00e9p pixelesed\u00e9s\u00e9t. \u00c9jszaka vagy kedvez\u0151tlen k\u00f6r\u00fclm\u00e9nyek k\u00f6z\u00f6tt is haszn\u00e1lhat\u00f3 a f\u0171vel, bokrokkal \u00e9s fa\u00e1gakkal bor\u00edtott ter\u00fcleteken l\u00e9v\u0151 objektumok megfigyel\u00e9s\u00e9re, ak\u00e1r es\u0151s, k\u00f6d\u00f6s \u00e9s szmogos k\u00f6r\u00fclm\u00e9nyek k\u00f6z\u00f6tt is. Ennek jav\u00edt\u00e1s\u00e1ra a gy\u00e1rt\u00f3 k\u00fcl\u00f6n men\u00fcpontot helyezett el a k\u00e9sz\u00fcl\u00e9kben. Ez a m\u0171szer alapesetben 1x-es nagy\u00edt\u00e1s\u00fa, de a k\u00fcl\u00f6n megv\u00e1s\u00e1rolhat\u00f3, opcion\u00e1lis 4x-es alapnagy\u00edt\u00e1s\u00fa okul\u00e1rral a szoftver 2x-es vagy 4x-es digit\u00e1lis nagy\u00edt\u00e1st is lehet\u0151v\u00e9 tesz. A szenzor - pixelm\u00e9ret - f\u00f3kuszt\u00e1vols\u00e1g ar\u00e1nyoss\u00e1ga miatt nagyobb t\u00e1vols\u00e1gok lefed\u00e9s\u00e9re alkalmas, m\u00e9rs\u00e9kelten sz\u0171k l\u00e1t\u00f3mez\u0151vel.<\/span><\/p>\n<p><span data-darkreader-inline-color=\"\">A Mate legnagyobb v\u00e1ltozata leny\u0171g\u00f6z\u0151 teljes\u00edtm\u00e9nyre \u00e9s pontoss\u00e1gra k\u00e9pes a t\u00e1vols\u00e1gm\u00e9r\u0151n\u00e9l.<\/span><\/p>\n<p><span data-darkreader-inline-color=\"\">El\u0151fut\u00f3k\u00e9nt val\u00f3 haszn\u00e1lat eset\u00e9n\u00a0<strong>ak\u00e1r 10x-es nagy\u00edt\u00e1s is haszn\u00e1lhat\u00f3 min\u0151s\u00e9gi optik\u00e1val.<\/strong><\/span><\/p>\n<p><span data-darkreader-inline-color=\"\">A rendk\u00edv\u00fcl nagy szil\u00e1rds\u00e1g\u00fa magn\u00e9zium\u00f6tv\u00f6zetb\u0151l k\u00e9sz\u00fclt Mate testet a legkem\u00e9nyebb haszn\u00e1lati k\u00f6r\u00fclm\u00e9nyekre tervezt\u00e9k. Kompakt m\u00e9rete \u00e9s s\u00falya praktikuss\u00e1 teszi az el\u0151k\u00e9sz\u00fcl\u00e9kk\u00e9nt val\u00f3 haszn\u00e1latot. Nappali t\u00e1vcs\u00f6v\u00fcnk egy szempillant\u00e1s alatt \u00e1talak\u00edthat\u00f3 h\u0151kamer\u00e1s t\u00e1vcs\u0151v\u00e9. A Mate igaz\u00e1n nagy el\u0151nye a k\u00e9sz\u00fcl\u00e9kfed\u00e9l tetej\u00e9n m\u00e1gnessel r\u00f6gz\u00edtett gombsorozat, amelyhez a gy\u00e1rt\u00f3 a fegyverre er\u0151s\u00edthet\u0151 m\u00e1gneses adaptert is k\u00edn\u00e1l, \u00edgy a k\u00e9pbe\u00e1ll\u00edt\u00e1s mindig a terepen legk\u00e9nyelmesebb poz\u00edci\u00f3b\u00f3l v\u00e1ltoztathat\u00f3 - vezet\u00e9k n\u00e9lk\u00fcl.<\/span><\/p>\n<table dir=\"ltr\" border=\"1\" cellspacing=\"0\" cellpadding=\"0\" data-sheets-root=\"1\" data-sheets-baot=\"1\">\n<colgroup>\n<col width=\"375\" \/>\n<col width=\"437\" \/><\/colgroup>\n<tbody>\n<tr>\n<td>\u00c9rz\u00e9kel\u0151 felbont\u00e1sa<\/td>\n<td>640x512px<\/td>\n<\/tr>\n<tr>\n<td>Pixel m\u00e9ret<\/td>\n<td>12\u00b5m<\/td>\n<\/tr>\n<tr>\n<td>NETD - \u00c9rz\u00e9kel\u0151 \u00e9rz\u00e9kenys\u00e9ge (mK)<\/td>\n<td>&lt;25mK<\/td>\n<\/tr>\n<tr>\n<td>Friss\u00edt\u00e9si sebess\u00e9g (Hz)<\/td>\n<td>50Hz<\/td>\n<\/tr>\n<tr>\n<td>Objekt\u00edv lencse (mm)<\/td>\n<td>50mm<\/td>\n<\/tr>\n<tr>\n<td>Haszn\u00e1lhat\u00f3 nagy\u00edt\u00e1s a c\u00e9lt\u00e1vcs\u00f6v\u00f6n<\/td>\n<td>1x-10x<\/td>\n<\/tr>\n<tr>\n<td>L\u00e1t\u00f3mez\u0151<\/td>\n<td>8,8\u00b0x7,0\u00b0<\/td>\n<\/tr>\n<tr>\n<td>Nagy\u00edt\u00e1s monokul\u00e1ris \u00fczemm\u00f3dban<\/td>\n<td>1-4x<\/td>\n<\/tr>\n<tr>\n<td>\u00c9rz\u00e9kel\u00e9s<\/td>\n<td>2600m<\/td>\n<\/tr>\n<tr>\n<td>Megjelen\u00edt\u00e9s t\u00edpusa<\/td>\n<td>OLED<\/td>\n<\/tr>\n<tr>\n<td>Kijelz\u0151 felbont\u00e1sa<\/td>\n<td>1024x768px<\/td>\n<\/tr>\n<tr>\n<td>Akkumul\u00e1tor t\u00edpusa<\/td>\n<td>Bels\u0151 (4 \u00f3ra) + k\u00fcls\u0151 akkumul\u00e1tor (7 \u00f3ra)<\/td>\n<\/tr>\n<tr>\n<td>Az akkumul\u00e1tor \u00e9lettartama<\/td>\n<td>11h<\/td>\n<\/tr>\n<tr>\n<td>Wi-Fi<\/td>\n<td>Igen<\/td>\n<\/tr>\n<tr>\n<td>Fot\u00f3\/Vide\u00f3<\/td>\n<td>Igen<\/td>\n<\/tr>\n<tr>\n<td>Hangfelv\u00e9tel<\/td>\n<td>Igen<\/td>\n<\/tr>\n<tr>\n<td>L\u00e9zeres t\u00e1vols\u00e1gm\u00e9r\u0151<\/td>\n<td>Igen, opcion\u00e1lis - megv\u00e1s\u00e1rolhat\u00f3<\/td>\n<\/tr>\n<tr>\n<td>Csatlakoz\u00e1s t\u00edpusa<\/td>\n<td>USB-C<\/td>\n<\/tr>\n<tr>\n<td>V\u00edz\u00e1ll\u00f3<\/td>\n<td>IP67<\/td>\n<\/tr>\n<tr>\n<td>S\u00faly<\/td>\n<td>530g<\/td>\n<\/tr>\n<tr>\n<td>M\u00e9retek<\/td>\n<td>146x62x73mm<\/td>\n<\/tr>\n<tr>\n<td>Pontoss\u00e1g<\/td>\n<td>1MOA<\/td>\n<\/tr>\n<\/tbody>\n<\/table>\n<p><a href=\"https:\/\/www.infirayoutdoor.com\/thermal-imaging-attachment-mate-series\">https:\/\/www.infirayoutdoor.com\/thermal-imaging-attachment-mate-series<\/a><\/p>","protected":false},"excerpt":{"rendered":"<p>InfiRay Mate MAH50 a k\u00f6vetkez\u0151\u00a0\u00a0<strong>egys\u00e9g a h\u0151kamer\u00e1kban<\/strong>\u00a0egy olyan \u00e9rz\u00e9kel\u0151vel felszerelve, amelyet minden r\u00e9szlet\u00e9ben t\u00f6k\u00e9letesre csiszoltak \u00e9s t\u00f6k\u00e9letes\u00edtettek, \u00e9s amelynek teste a v\u00e1s\u00e1rl\u00f3i visszajelz\u00e9sek alapj\u00e1n innovat\u00edv v\u00e1ltoztat\u00e1sokon ment kereszt\u00fcl. Rendk\u00edv\u00fcl kompakt, extra k\u00f6nny\u0171, rendk\u00edv\u00fcl robusztus kialak\u00edt\u00e1s. K\u00e9palkot\u00f3 technol\u00f3gi\u00e1j\u00e1nak k\u00f6sz\u00f6nhet\u0151en - az \u00e9jjell\u00e1t\u00f3 k\u00e9sz\u00fcl\u00e9kekkel ellent\u00e9tben - nem ig\u00e9nyel k\u00fcls\u0151 f\u00e9nyforr\u00e1st, \u00e9s m\u0171k\u00f6d\u00e9s\u00e9t az er\u0151s f\u00e9nyhat\u00e1sok sem befoly\u00e1solj\u00e1k h\u00e1tr\u00e1nyosan.<\/p>","protected":false},"featured_media":3436,"template":"","meta":{"_gspb_post_css":""},"product_brand":[314],"product_cat":[21,144,328],"product_tag":[170,214,352],"class_list":{"0":"post-3241","1":"product","2":"type-product","3":"status-publish","4":"has-post-thumbnail","6":"product_brand-infiray","7":"product_cat-optika","8":"product_cat-termovizie","9":"product_cat-termovizne-predsadky","10":"product_tag-infiray","11":"product_tag-mate","12":"product_tag-termovizna-predsadka","14":"first","15":"instock","16":"taxable","17":"shipping-taxable","18":"purchasable","19":"product-type-simple"},"ct_brands":[{"id":314,"name":"Infiray","slug":"infiray"}],"_links":{"self":[{"href":"https:\/\/zbranebudai.sk\/hu\/wp-json\/wp\/v2\/product\/3241","targetHints":{"allow":["GET"]}}],"collection":[{"href":"https:\/\/zbranebudai.sk\/hu\/wp-json\/wp\/v2\/product"}],"about":[{"href":"https:\/\/zbranebudai.sk\/hu\/wp-json\/wp\/v2\/types\/product"}],"wp:featuredmedia":[{"embeddable":true,"href":"https:\/\/zbranebudai.sk\/hu\/wp-json\/wp\/v2\/media\/3436"}],"wp:attachment":[{"href":"https:\/\/zbranebudai.sk\/hu\/wp-json\/wp\/v2\/media?parent=3241"}],"wp:term":[{"taxonomy":"product_brand","embeddable":true,"href":"https:\/\/zbranebudai.sk\/hu\/wp-json\/wp\/v2\/product_brand?post=3241"},{"taxonomy":"product_cat","embeddable":true,"href":"https:\/\/zbranebudai.sk\/hu\/wp-json\/wp\/v2\/product_cat?post=3241"},{"taxonomy":"product_tag","embeddable":true,"href":"https:\/\/zbranebudai.sk\/hu\/wp-json\/wp\/v2\/product_tag?post=3241"}],"curies":[{"name":"wp","href":"https:\/\/api.w.org\/{rel}","templated":true}]}}