{"id":3223,"date":"2025-02-01T20:36:56","date_gmt":"2025-02-01T18:36:56","guid":{"rendered":"https:\/\/zbranebudai.sk\/?post_type=product&#038;p=3223"},"modified":"2025-02-08T17:00:47","modified_gmt":"2025-02-08T15:00:47","slug":"infiray-mate-mal25-hokamera-celtavcso-elotet","status":"publish","type":"product","link":"https:\/\/zbranebudai.sk\/hu\/product\/infiray-mate-mal25-hokamera-celtavcso-elotet\/","title":{"rendered":"Infiray MATE MAL25 h\u0151kamera"},"content":{"rendered":"<table dir=\"ltr\" border=\"1\" cellspacing=\"0\" cellpadding=\"0\" data-sheets-root=\"1\" data-sheets-baot=\"1\">\n<colgroup>\n<col width=\"375\" \/>\n<col width=\"437\" \/><\/colgroup>\n<tbody>\n<tr>\n<td>\u00c9rz\u00e9kel\u0151 felbont\u00e1sa<\/td>\n<td>384x288px<\/td>\n<\/tr>\n<tr>\n<td>Pixel m\u00e9ret<\/td>\n<td>12\u00b5m<\/td>\n<\/tr>\n<tr>\n<td>NETD - \u00c9rz\u00e9kel\u0151 \u00e9rz\u00e9kenys\u00e9ge (mK)<\/td>\n<td>&lt;25mK<\/td>\n<\/tr>\n<tr>\n<td>Friss\u00edt\u00e9si sebess\u00e9g (Hz)<\/td>\n<td>50Hz<\/td>\n<\/tr>\n<tr>\n<td>Objekt\u00edv lencse (mm)<\/td>\n<td>25mm<\/td>\n<\/tr>\n<tr>\n<td>Haszn\u00e1lhat\u00f3 nagy\u00edt\u00e1s a c\u00e9lt\u00e1vcs\u00f6v\u00f6n<\/td>\n<td>1x-5x<\/td>\n<\/tr>\n<tr>\n<td>L\u00e1t\u00f3mez\u0151<\/td>\n<td>10,6\u00b0x7,9\u00b0<\/td>\n<\/tr>\n<tr>\n<td>Nagy\u00edt\u00e1s monokul\u00e1ris \u00fczemm\u00f3dban<\/td>\n<td>1-4x<\/td>\n<\/tr>\n<tr>\n<td>\u00c9rz\u00e9kel\u00e9s<\/td>\n<td>1300m<\/td>\n<\/tr>\n<tr>\n<td>Megjelen\u00edt\u00e9s t\u00edpusa<\/td>\n<td>OLED<\/td>\n<\/tr>\n<tr>\n<td>Kijelz\u0151 felbont\u00e1sa<\/td>\n<td>1024x768px<\/td>\n<\/tr>\n<tr>\n<td>Akkumul\u00e1tor t\u00edpusa<\/td>\n<td>Bels\u0151 (4 \u00f3ra) + k\u00fcls\u0151 akkumul\u00e1tor dokkol\u00f3 (7 \u00f3ra)<\/td>\n<\/tr>\n<tr>\n<td>Az akkumul\u00e1tor \u00e9lettartama<\/td>\n<td>11h<\/td>\n<\/tr>\n<tr>\n<td>Wi-Fi<\/td>\n<td>Igen<\/td>\n<\/tr>\n<tr>\n<td>Fot\u00f3\/Vide\u00f3<\/td>\n<td>Igen<\/td>\n<\/tr>\n<tr>\n<td>Hangfelv\u00e9tel<\/td>\n<td>Igen<\/td>\n<\/tr>\n<tr>\n<td>L\u00e9zeres t\u00e1vols\u00e1gm\u00e9r\u0151<\/td>\n<td>Igen, opcion\u00e1lis - megv\u00e1s\u00e1rolhat\u00f3<\/td>\n<\/tr>\n<tr>\n<td>Csatlakoz\u00e1s t\u00edpusa<\/td>\n<td>USB-C<\/td>\n<\/tr>\n<tr>\n<td>V\u00edz\u00e1ll\u00f3<\/td>\n<td>IP67<\/td>\n<\/tr>\n<tr>\n<td>S\u00faly<\/td>\n<td>460g<\/td>\n<\/tr>\n<tr>\n<td>M\u00e9retek<\/td>\n<td>132x62x68mm<\/td>\n<\/tr>\n<tr>\n<td>Pontoss\u00e1g<\/td>\n<td>1.5MOA<\/td>\n<\/tr>\n<\/tbody>\n<\/table>\n<p><a href=\"https:\/\/www.infirayoutdoor.com\/thermal-imaging-attachment-mate-series\">https:\/\/www.infirayoutdoor.com\/thermal-imaging-attachment-mate-series<\/a><\/p>","protected":false},"excerpt":{"rendered":"<p>Ez egy nagyszer\u0171 gazdas\u00e1gos v\u00e1laszt\u00e1s az el\u00fcls\u0151 l\u00e1tcs\u00f6vek kedvel\u0151inek, akik p\u00e9ld\u00e1ul a t\u00f6bbnapos t\u00e1vcs\u00f6veken val\u00f3 forgat\u00e1s miatt kedvelik \u0151ket. A k\u00f6nny\u0171 s\u00faly \u00e9s a nagyon vonz\u00f3 kialak\u00edt\u00e1s, valamint a levehet\u0151 vez\u00e9rl\u0151panel a MATE sorozat\u00fa puskat\u00e1vcs\u00f6veket nemcsak az \u00e9jszakai vad\u00e1szathoz teszi praktikus t\u00e1rss\u00e1.<\/p>","protected":false},"featured_media":3422,"template":"","meta":{"_gspb_post_css":""},"product_brand":[314],"product_cat":[21,144,328],"product_tag":[170,214,352],"class_list":{"0":"post-3223","1":"product","2":"type-product","3":"status-publish","4":"has-post-thumbnail","6":"product_brand-infiray","7":"product_cat-optika","8":"product_cat-termovizie","9":"product_cat-termovizne-predsadky","10":"product_tag-infiray","11":"product_tag-mate","12":"product_tag-termovizna-predsadka","14":"first","15":"instock","16":"taxable","17":"shipping-taxable","18":"purchasable","19":"product-type-simple"},"ct_brands":[{"id":314,"name":"Infiray","slug":"infiray"}],"_links":{"self":[{"href":"https:\/\/zbranebudai.sk\/hu\/wp-json\/wp\/v2\/product\/3223","targetHints":{"allow":["GET"]}}],"collection":[{"href":"https:\/\/zbranebudai.sk\/hu\/wp-json\/wp\/v2\/product"}],"about":[{"href":"https:\/\/zbranebudai.sk\/hu\/wp-json\/wp\/v2\/types\/product"}],"wp:featuredmedia":[{"embeddable":true,"href":"https:\/\/zbranebudai.sk\/hu\/wp-json\/wp\/v2\/media\/3422"}],"wp:attachment":[{"href":"https:\/\/zbranebudai.sk\/hu\/wp-json\/wp\/v2\/media?parent=3223"}],"wp:term":[{"taxonomy":"product_brand","embeddable":true,"href":"https:\/\/zbranebudai.sk\/hu\/wp-json\/wp\/v2\/product_brand?post=3223"},{"taxonomy":"product_cat","embeddable":true,"href":"https:\/\/zbranebudai.sk\/hu\/wp-json\/wp\/v2\/product_cat?post=3223"},{"taxonomy":"product_tag","embeddable":true,"href":"https:\/\/zbranebudai.sk\/hu\/wp-json\/wp\/v2\/product_tag?post=3223"}],"curies":[{"name":"wp","href":"https:\/\/api.w.org\/{rel}","templated":true}]}}