{"id":3212,"date":"2025-02-01T20:36:23","date_gmt":"2025-02-01T18:36:23","guid":{"rendered":"https:\/\/zbranebudai.sk\/?post_type=product&#038;p=3212"},"modified":"2025-08-31T03:55:31","modified_gmt":"2025-08-31T01:55:31","slug":"infiray-hibrid-hyh50w-640-hokamera-celtavcso","status":"publish","type":"product","link":"https:\/\/zbranebudai.sk\/hu\/product\/infiray-hybrid-hyh50w-640-hokamera-celtavcso\/","title":{"rendered":"InfiRay HYBRID H50W h\u0151kamer\u00e1s l\u00e1tcs\u0151"},"content":{"rendered":"<p>A felhaszn\u00e1l\u00f3 m\u00e9g saj\u00e1t ballisztikus keresztj\u00e9t is testre szabhatja \u00e9s felt\u00f6ltheti az APP-on kereszt\u00fcl, ami p\u00e9ld\u00e1tlan lehet\u0151s\u00e9g. A Hybrid nevet kett\u0151s felhaszn\u00e1l\u00e1s\u00e1r\u00f3l kapta. Val\u00f3j\u00e1ban a gombok egy megnyom\u00e1s\u00e1val el\u0151fegyverr\u00e9 v\u00e1lik. A nagy AMOLED kijelz\u0151n megjelen\u0151 hihetetlen\u00fcl \u00e9les k\u00e9p \u00e9s a kifinomultan tov\u00e1bbfejlesztett, k\u00e9proml\u00e1st elnyom\u00f3 digit\u00e1lis zoom egy\u00e9rtelm\u0171en a Hybrid HYH50-et olyan vad\u00e1szok sz\u00e1m\u00e1ra sz\u00e1nta, akiknek a l\u0151t\u00e1vols\u00e1gok tekintet\u00e9ben egy\u00e1ltal\u00e1n nincsenek korl\u00e1tai.<\/p>\n<table dir=\"ltr\" border=\"1\" cellspacing=\"0\" cellpadding=\"0\" data-sheets-root=\"1\" data-sheets-baot=\"1\">\n<colgroup>\n<col width=\"375\" \/>\n<col width=\"437\" \/><\/colgroup>\n<tbody>\n<tr>\n<td>\u00c9rz\u00e9kel\u0151 felbont\u00e1sa<\/td>\n<td>640x480px<\/td>\n<\/tr>\n<tr>\n<td>Pixel m\u00e9ret<\/td>\n<td>12\u00b5m<\/td>\n<\/tr>\n<tr>\n<td>NETD - H\u0151m\u00e9rs\u00e9klet-k\u00fcl\u00f6nbs\u00e9ggel egyen\u00e9rt\u00e9k\u0171 zaj (mK)<\/td>\n<td>&lt;40mK<\/td>\n<\/tr>\n<tr>\n<td>Friss\u00edt\u00e9si sebess\u00e9g (Hz)<\/td>\n<td>50Hz<\/td>\n<\/tr>\n<tr>\n<td>Objekt\u00edv lencse (mm)<\/td>\n<td>50mm<\/td>\n<\/tr>\n<tr>\n<td>Digit\u00e1lis nagy\u00edt\u00e1s<\/td>\n<td>1-8x<\/td>\n<\/tr>\n<tr>\n<td>L\u00e1t\u00f3mez\u0151<\/td>\n<td>8,8\u00b0x6,6\u00b0<\/td>\n<\/tr>\n<tr>\n<td>Dioptri\u00e1s korrekci\u00f3<\/td>\n<td>+\/- 5<\/td>\n<\/tr>\n<tr>\n<td>\u00c9rz\u00e9kel\u00e9s<\/td>\n<td>2600m<\/td>\n<\/tr>\n<tr>\n<td>Megjelen\u00edt\u00e9s t\u00edpusa<\/td>\n<td>AMOLED<\/td>\n<\/tr>\n<tr>\n<td>Kijelz\u0151 felbont\u00e1sa<\/td>\n<td>2560x1920px<\/td>\n<\/tr>\n<tr>\n<td>Akkumul\u00e1tor t\u00edpusa<\/td>\n<td>2xdock 4400 mAh<\/td>\n<\/tr>\n<tr>\n<td>Az akkumul\u00e1tor \u00e9lettartama<\/td>\n<td>6h<\/td>\n<\/tr>\n<tr>\n<td>Wi-Fi<\/td>\n<td>Igen<\/td>\n<\/tr>\n<tr>\n<td>Fot\u00f3\/Vide\u00f3<\/td>\n<td>Igen<\/td>\n<\/tr>\n<tr>\n<td>Hangfelv\u00e9tel<\/td>\n<td>Igen<\/td>\n<\/tr>\n<tr>\n<td>Automatikus videofelv\u00e9tel a felv\u00e9tel ut\u00e1n<\/td>\n<td>Igen<\/td>\n<\/tr>\n<tr>\n<td>Automatikus alv\u00f3 \u00fczemm\u00f3d<\/td>\n<td>Igen<\/td>\n<\/tr>\n<tr>\n<td>Ballisztikus sz\u00e1m\u00edt\u00f3g\u00e9p<\/td>\n<td>Igen<\/td>\n<\/tr>\n<tr>\n<td>L\u00e9zeres t\u00e1vols\u00e1gm\u00e9r\u0151<\/td>\n<td>Igen, opcion\u00e1lis - 1000\/2000m-ig megv\u00e1s\u00e1rolhat\u00f3.<\/td>\n<\/tr>\n<tr>\n<td>Csatlakoz\u00e1s t\u00edpusa<\/td>\n<td>USB-C<\/td>\n<\/tr>\n<tr>\n<td>V\u00edz\u00e1ll\u00f3s\u00e1g<\/td>\n<td>IP67<\/td>\n<\/tr>\n<tr>\n<td>S\u00faly<\/td>\n<td>940g<\/td>\n<\/tr>\n<tr>\n<td>M\u00e9retek<\/td>\n<td>280x77x76mm<\/td>\n<\/tr>\n<\/tbody>\n<\/table>\n<p><a href=\"https:\/\/www.infirayoutdoor.com\/thermal-imaging-riflescopeclip-on\"> https:\/\/www.infirayoutdoor.com\/thermal-imaging-riflescopeclip-on<\/a><\/p>","protected":false},"excerpt":{"rendered":"<p>Rendk\u00edv\u00fcli t\u00e1vols\u00e1gokra t\u00f6rt\u00e9n\u0151 vad\u00e1szatra tervezt\u00e9k nagyon er\u0151s kaliber\u0171 fegyverekkel. Ennek teljes m\u00e9rt\u00e9kben megfelel a v\u00e9gs\u0151 tart\u00f3ss\u00e1g, a szokatlanul nagy szemt\u00e1vols\u00e1g \u00e9s a katonai megjelen\u00e9s. A Hybrid egy kifinomult ballisztikai kalkul\u00e1torral rendelkezik, amely a t\u00e1vols\u00e1g m\u00e9r\u00e9se ut\u00e1n k\u00f6zvetlen\u00fcl a kijelz\u0151n adja meg a ballisztikai korrekci\u00f3t a pontos l\u00f6v\u00e9s \u00e9rdek\u00e9ben. Ugyanakkor a ballisztikai adatok szerkeszthet\u0151k \u00e9s a profilok k\u00f6zvetlen\u00fcl az InfiRay Outdoor alkalmaz\u00e1sban m\u00f3dos\u00edthat\u00f3k.<\/p>","protected":false},"featured_media":3407,"template":"","meta":{"_gspb_post_css":""},"product_brand":[314],"product_cat":[21,144,329,326],"product_tag":[212,170,337,362],"class_list":{"0":"post-3212","1":"product","2":"type-product","3":"status-publish","4":"has-post-thumbnail","6":"product_brand-infiray","7":"product_cat-optika","8":"product_cat-termovizie","9":"product_cat-termovizne-puskohlady","10":"product_cat-termovizne-zameriavace","11":"product_tag-hybrid","12":"product_tag-infiray","13":"product_tag-termovizny-monokular","14":"product_tag-termovizny-puskohlad","16":"first","17":"instock","18":"taxable","19":"shipping-taxable","20":"purchasable","21":"product-type-simple"},"ct_brands":[{"id":314,"name":"Infiray","slug":"infiray"}],"_links":{"self":[{"href":"https:\/\/zbranebudai.sk\/hu\/wp-json\/wp\/v2\/product\/3212","targetHints":{"allow":["GET"]}}],"collection":[{"href":"https:\/\/zbranebudai.sk\/hu\/wp-json\/wp\/v2\/product"}],"about":[{"href":"https:\/\/zbranebudai.sk\/hu\/wp-json\/wp\/v2\/types\/product"}],"wp:featuredmedia":[{"embeddable":true,"href":"https:\/\/zbranebudai.sk\/hu\/wp-json\/wp\/v2\/media\/3407"}],"wp:attachment":[{"href":"https:\/\/zbranebudai.sk\/hu\/wp-json\/wp\/v2\/media?parent=3212"}],"wp:term":[{"taxonomy":"product_brand","embeddable":true,"href":"https:\/\/zbranebudai.sk\/hu\/wp-json\/wp\/v2\/product_brand?post=3212"},{"taxonomy":"product_cat","embeddable":true,"href":"https:\/\/zbranebudai.sk\/hu\/wp-json\/wp\/v2\/product_cat?post=3212"},{"taxonomy":"product_tag","embeddable":true,"href":"https:\/\/zbranebudai.sk\/hu\/wp-json\/wp\/v2\/product_tag?post=3212"}],"curies":[{"name":"wp","href":"https:\/\/api.w.org\/{rel}","templated":true}]}}