{"id":3211,"date":"2025-02-01T20:36:23","date_gmt":"2025-02-01T18:36:23","guid":{"rendered":"https:\/\/zbranebudai.sk\/?post_type=product&#038;p=3211"},"modified":"2025-08-31T03:55:31","modified_gmt":"2025-08-31T01:55:31","slug":"infiray-rico-2-rh50r-hokamera-celtavcso","status":"publish","type":"product","link":"https:\/\/zbranebudai.sk\/hu\/product\/infiray-rico-2-rh50r-hokamera-celtavcso\/","title":{"rendered":"InfiRay RICO 2 RH50R h\u0151kamer\u00e1s l\u00e1tcs\u0151"},"content":{"rendered":"<p>RICO 2 RH50R patr\u00ed bezpochyby k najlep\u0161\u00edm termov\u00edznym zameriava\u010dom s\u00fa\u010dasnosti v ponuke InfiRay. To predov\u0161etk\u00fdm v\u010faka svojmu dokonal\u00e9mu obrazu, praktick\u00e9mu dia\u013ekomeru, balistick\u00e9mu kalkul\u00e1toru, ultim\u00e1tnej v\u00fddr\u017ei bat\u00e9rie a skuto\u010dne ve\u013emi vysokej odolnosti. RICO 2 je nov\u00fd termov\u00edzny zameriava\u010d, ktor\u00fd si V\u00e1s ihne\u010f z\u00edska.<\/p>\n<div class=\"flex max-w-full flex-col flex-grow\">\n<div class=\"min-h-8 text-message flex w-full flex-col items-end gap-2 whitespace-normal break-words text-start [.text-message+&amp;]:mt-5\" dir=\"auto\" data-message-author-role=\"assistant\" data-message-id=\"b2105a8c-3384-4334-93f9-f70d21359734\" data-message-model-slug=\"gpt-4o-mini\">\n<div class=\"flex w-full flex-col gap-1 empty:hidden first:pt-[3px]\">\n<div class=\"markdown prose w-full break-words dark:prose-invert dark\">\n<table style=\"height: 683px;\" width=\"1008\">\n<tbody>\n<tr>\n<td><strong>Rozl\u00ed\u0161enie senzora<\/strong><\/td>\n<td>640x512px<\/td>\n<\/tr>\n<tr>\n<td><strong>Ve\u013ekos\u0165 pixelu<\/strong><\/td>\n<td>12\u00b5m<\/td>\n<\/tr>\n<tr>\n<td><strong>NETD &#8211; Citlivos\u0165 senzora (mK)<\/strong><\/td>\n<td>&lt;20mK<\/td>\n<\/tr>\n<tr>\n<td><strong>Obnovovacia frekvencia (Hz)<\/strong><\/td>\n<td>50Hz<\/td>\n<\/tr>\n<tr>\n<td><strong>\u0160o\u0161ovka objekt\u00edvu (mm)<\/strong><\/td>\n<td>50mm<\/td>\n<\/tr>\n<tr>\n<td><strong>Zv\u00e4\u010d\u0161enie<\/strong><\/td>\n<td>3-12x<\/td>\n<\/tr>\n<tr>\n<td><strong>Zorn\u00e9 pole<\/strong><\/td>\n<td>8,8\u00b0 x 7,0\u00b0<\/td>\n<\/tr>\n<tr>\n<td><strong>O\u010dn\u00fd reli\u00e9f<\/strong><\/td>\n<td>60mm<\/td>\n<\/tr>\n<tr>\n<td><strong>Priemer o\u010dn\u00e9ho reli\u00e9fu<\/strong><\/td>\n<td>23mm<\/td>\n<\/tr>\n<tr>\n<td><strong>Dioptrick\u00e1 korekcia<\/strong><\/td>\n<td>-5D \/ +5D<\/td>\n<\/tr>\n<tr>\n<td><strong>Detekcia<\/strong><\/td>\n<td>2600m<\/td>\n<\/tr>\n<tr>\n<td><strong>Typ displeja<\/strong><\/td>\n<td>OLED<\/td>\n<\/tr>\n<tr>\n<td><strong>Rozl\u00ed\u0161enie displeja<\/strong><\/td>\n<td>2560x2560px<\/td>\n<\/tr>\n<tr>\n<td><strong>Typ bat\u00e9rie<\/strong><\/td>\n<td>2x Bat\u00e9riov\u00fd kontajner 3,7V 4400mAh<\/td>\n<\/tr>\n<tr>\n<td><strong>V\u00fddr\u017e bat\u00e9rie<\/strong><\/td>\n<td>2x6h<\/td>\n<\/tr>\n<tr>\n<td><strong>Wi-Fi<\/strong><\/td>\n<td>\u00c1no<\/td>\n<\/tr>\n<tr>\n<td><strong>Aplik\u00e1cia<\/strong><\/td>\n<td>\u00c1no<\/td>\n<\/tr>\n<tr>\n<td><strong>Foto\/Video<\/strong><\/td>\n<td>\u00c1no<\/td>\n<\/tr>\n<tr>\n<td><strong>Nahr\u00e1vanie zvuku<\/strong><\/td>\n<td>\u00c1no<\/td>\n<\/tr>\n<tr>\n<td><strong>Balistick\u00fd kalkul\u00e1tor<\/strong><\/td>\n<td>\u00c1no<\/td>\n<\/tr>\n<tr>\n<td><strong>Laserov\u00fd dia\u013ekomer<\/strong><\/td>\n<td>\u00c1no, do 1200m<\/td>\n<\/tr>\n<tr>\n<td><strong>Typ pripojenia<\/strong><\/td>\n<td>USB-C<\/td>\n<\/tr>\n<tr>\n<td><strong>Vodoodolnos\u0165<\/strong><\/td>\n<td>IP67<\/td>\n<\/tr>\n<tr>\n<td><strong>V\u00e1ha<\/strong><\/td>\n<td>926g<\/td>\n<\/tr>\n<tr>\n<td><strong>Rozmery<\/strong><\/td>\n<td>296x78x76mm<\/td>\n<\/tr>\n<\/tbody>\n<\/table>\n<\/div>\n<\/div>\n<\/div>\n<\/div>\n<div class=\"mb-2 flex gap-3 empty:hidden -ml-2\">\n<div class=\"items-center justify-start rounded-xl p-1 flex\"><\/div>\n<\/div>\n<p><a href=\"https:\/\/www.infirayoutdoor.com\/thermal-imaging-riflescope-rico2-series-rh50r\">https:\/\/www.infirayoutdoor.com\/thermal-imaging-riflescope-rico2-series-rh50r<\/a><\/p>\n","protected":false},"excerpt":{"rendered":"<p>640x512px-es \u00e9rz\u00e9kel\u0151, &lt;25mK NETD, 50mm-es objekt\u00edv, AMOLED kijelz\u0151, Wi-Fi, Bluetooth, ballisztikus sz\u00e1mol\u00f3g\u00e9p, l\u00e9zeres t\u00e1vols\u00e1gm\u00e9r\u0151 1200m-ig \u00e9s sok m\u00e1s praktikus funkci\u00f3. Ismerje meg az \u00faj RICO 2 RH50R-t.<\/p>","protected":false},"featured_media":3394,"template":"","meta":{"_gspb_post_css":""},"product_brand":[314],"product_cat":[21,144,326],"product_tag":[170,211,345],"class_list":{"0":"post-3211","1":"product","2":"type-product","3":"status-publish","4":"has-post-thumbnail","6":"product_brand-infiray","7":"product_cat-optika","8":"product_cat-termovizie","9":"product_cat-termovizne-zameriavace","10":"product_tag-infiray","11":"product_tag-rico","12":"product_tag-termovizny-zameriavac","14":"first","15":"instock","16":"taxable","17":"shipping-taxable","18":"purchasable","19":"product-type-simple"},"ct_brands":[{"id":314,"name":"Infiray","slug":"infiray"}],"_links":{"self":[{"href":"https:\/\/zbranebudai.sk\/hu\/wp-json\/wp\/v2\/product\/3211","targetHints":{"allow":["GET"]}}],"collection":[{"href":"https:\/\/zbranebudai.sk\/hu\/wp-json\/wp\/v2\/product"}],"about":[{"href":"https:\/\/zbranebudai.sk\/hu\/wp-json\/wp\/v2\/types\/product"}],"wp:featuredmedia":[{"embeddable":true,"href":"https:\/\/zbranebudai.sk\/hu\/wp-json\/wp\/v2\/media\/3394"}],"wp:attachment":[{"href":"https:\/\/zbranebudai.sk\/hu\/wp-json\/wp\/v2\/media?parent=3211"}],"wp:term":[{"taxonomy":"product_brand","embeddable":true,"href":"https:\/\/zbranebudai.sk\/hu\/wp-json\/wp\/v2\/product_brand?post=3211"},{"taxonomy":"product_cat","embeddable":true,"href":"https:\/\/zbranebudai.sk\/hu\/wp-json\/wp\/v2\/product_cat?post=3211"},{"taxonomy":"product_tag","embeddable":true,"href":"https:\/\/zbranebudai.sk\/hu\/wp-json\/wp\/v2\/product_tag?post=3211"}],"curies":[{"name":"wp","href":"https:\/\/api.w.org\/{rel}","templated":true}]}}