{"id":3205,"date":"2025-02-01T20:36:03","date_gmt":"2025-02-01T18:36:03","guid":{"rendered":"https:\/\/zbranebudai.sk\/?post_type=product&#038;p=3205"},"modified":"2025-02-08T14:49:14","modified_gmt":"2025-02-08T12:49:14","slug":"infiray-rico-rh50-hokamera-celtavcso","status":"publish","type":"product","link":"https:\/\/zbranebudai.sk\/hu\/product\/infiray-rico-rh50-hokamera-celtavcso\/","title":{"rendered":"InfiRay RICO RH50 h\u0151kamer\u00e1s l\u00e1tcs\u0151"},"content":{"rendered":"<p>A RICO nemcsak az intuit\u00edv vez\u00e9rl\u00e9ssel, a k\u00e9nyelmes parallaxiskorrekci\u00f3val, a hangfelv\u00e9tellel vagy a hihetetlen \u00e9rz\u00e9kel\u00e9si t\u00e1vols\u00e1ggal okoz meglepet\u00e9st. Tov\u00e1bbi jelent\u0151s el\u0151nyei k\u00f6z\u00e9 tartozik az adapt\u00edv t\u00e1vols\u00e1gm\u00e9r\u0151 lehet\u0151s\u00e9ge is, amely sz\u00fcks\u00e9g eset\u00e9n k\u00f6nnyen elt\u00e1vol\u00edthat\u00f3, \u00edgy cs\u00f6kkentve a k\u00e9sz\u00fcl\u00e9k teljes s\u00faly\u00e1t.<\/p>\n<p>A RICO emellett k\u00e9t kivehet\u0151 akkumul\u00e1tortart\u00e1llyal van felszerelve, amelyek teljes m\u00e9rt\u00e9kben kompatibilisek a ZOOM monokul\u00e1rral. A RICO sight felhaszn\u00e1l\u00f3inak preferenci\u00e1i a monokul\u00e1r kiv\u00e1laszt\u00e1sakor teh\u00e1t egy\u00e9rtelm\u0171ek.<\/p>\n<table dir=\"ltr\" border=\"1\" cellspacing=\"0\" cellpadding=\"0\" data-sheets-root=\"1\" data-sheets-baot=\"1\">\n<colgroup>\n<col width=\"375\" \/>\n<col width=\"437\" \/><\/colgroup>\n<tbody>\n<tr>\n<td>\u00c9rz\u00e9kel\u0151 felbont\u00e1sa<\/td>\n<td>640\u00d7512 px<\/td>\n<\/tr>\n<tr>\n<td>Pixel m\u00e9ret<\/td>\n<td>12 \u00b5m<\/td>\n<\/tr>\n<tr>\n<td>NETD - A h\u0151m\u00e9rs\u00e9klet-k\u00fcl\u00f6nbs\u00e9gnek megfelel\u0151 zaj<\/td>\n<td>&lt;40 mK<\/td>\n<\/tr>\n<tr>\n<td>Friss\u00edt\u00e9si sebess\u00e9g<\/td>\n<td>50 Hz<\/td>\n<\/tr>\n<tr>\n<td>Lencse lencse<\/td>\n<td>50 mm<\/td>\n<\/tr>\n<tr>\n<td>Nagy\u00edt\u00e1s<\/td>\n<td>3-12x<\/td>\n<\/tr>\n<tr>\n<td>L\u00e1t\u00f3mez\u0151<\/td>\n<td>5,3\u00b0 x 4,0\u00b0<\/td>\n<\/tr>\n<tr>\n<td>Szemkiemel\u00e9s<\/td>\n<td>55 mm<\/td>\n<\/tr>\n<tr>\n<td>Szemt\u00e1vols\u00e1g \u00e1tm\u00e9r\u0151je<\/td>\n<td>6 mm<\/td>\n<\/tr>\n<tr>\n<td>\u00c9rz\u00e9kel\u00e9s<\/td>\n<td>2600 m<\/td>\n<\/tr>\n<tr>\n<td>Megjelen\u00edt\u00e9s t\u00edpusa<\/td>\n<td>OLED<\/td>\n<\/tr>\n<tr>\n<td>Kijelz\u0151 felbont\u00e1sa<\/td>\n<td>1024\u00d7768 px<\/td>\n<\/tr>\n<tr>\n<td>Akkumul\u00e1tor t\u00edpusa<\/td>\n<td>3.7V 4400mAh<\/td>\n<\/tr>\n<tr>\n<td>Az akkumul\u00e1tor \u00e9lettartama<\/td>\n<td>2\u00d76 h<\/td>\n<\/tr>\n<tr>\n<td>Wi-Fi<\/td>\n<td>Igen<\/td>\n<\/tr>\n<tr>\n<td>Fot\u00f3\/Vide\u00f3<\/td>\n<td>Igen<\/td>\n<\/tr>\n<tr>\n<td>Hangfelv\u00e9tel<\/td>\n<td>Nem<\/td>\n<\/tr>\n<tr>\n<td>L\u00e9zeres t\u00e1vols\u00e1gm\u00e9r\u0151<\/td>\n<td>Igen (LRF verzi\u00f3)<\/td>\n<\/tr>\n<tr>\n<td>Csatlakoz\u00e1s t\u00edpusa<\/td>\n<td>USB-C<\/td>\n<\/tr>\n<tr>\n<td>V\u00edz\u00e1ll\u00f3<\/td>\n<td>IP67<\/td>\n<\/tr>\n<tr>\n<td>S\u00faly<\/td>\n<td>840 g<\/td>\n<\/tr>\n<tr>\n<td>M\u00e9retek<\/td>\n<td>251x61x58 mm<\/td>\n<\/tr>\n<\/tbody>\n<\/table>\n<p><a href=\"https:\/\/www.infirayoutdoor.com\/thermal-imaging-riflescope-rico-series#parentHorizontalTab053\">https:\/\/www.infirayoutdoor.com\/thermal-imaging-riflescope-rico-series#parentHorizontalTab053<\/a><\/p>","protected":false},"excerpt":{"rendered":"<p>A Rico RH50 egy olyan c\u00e9lz\u00f3k\u00e9sz\u00fcl\u00e9k-csal\u00e1d cs\u00facs\u00e1t k\u00e9pviseli, amelyet a maxim\u00e1lis teljes\u00edtm\u00e9nyre \u00e9s tart\u00f3ss\u00e1gra helyezve fejlesztettek ki, amit a robusztus rep\u00fcl\u0151g\u00e9p-\u0171rhaj\u00f3z\u00e1si \u00f6tv\u00f6zetb\u0151l k\u00e9sz\u00fclt testszerkezetnek k\u00f6sz\u00f6nhet\u0151en \u00e9rtek el. Az RH50 ma az InfiRay k\u00edn\u00e1lat\u00e1nak cs\u00facsmodellje.<\/p>","protected":false},"featured_media":3386,"template":"","meta":{"_gspb_post_css":""},"product_brand":[314],"product_cat":[21,144,326],"product_tag":[170,211,345],"class_list":{"0":"post-3205","1":"product","2":"type-product","3":"status-publish","4":"has-post-thumbnail","6":"product_brand-infiray","7":"product_cat-optika","8":"product_cat-termovizie","9":"product_cat-termovizne-zameriavace","10":"product_tag-infiray","11":"product_tag-rico","12":"product_tag-termovizny-zameriavac","14":"first","15":"instock","16":"taxable","17":"shipping-taxable","18":"purchasable","19":"product-type-simple"},"ct_brands":[{"id":314,"name":"Infiray","slug":"infiray"}],"_links":{"self":[{"href":"https:\/\/zbranebudai.sk\/hu\/wp-json\/wp\/v2\/product\/3205","targetHints":{"allow":["GET"]}}],"collection":[{"href":"https:\/\/zbranebudai.sk\/hu\/wp-json\/wp\/v2\/product"}],"about":[{"href":"https:\/\/zbranebudai.sk\/hu\/wp-json\/wp\/v2\/types\/product"}],"wp:featuredmedia":[{"embeddable":true,"href":"https:\/\/zbranebudai.sk\/hu\/wp-json\/wp\/v2\/media\/3386"}],"wp:attachment":[{"href":"https:\/\/zbranebudai.sk\/hu\/wp-json\/wp\/v2\/media?parent=3205"}],"wp:term":[{"taxonomy":"product_brand","embeddable":true,"href":"https:\/\/zbranebudai.sk\/hu\/wp-json\/wp\/v2\/product_brand?post=3205"},{"taxonomy":"product_cat","embeddable":true,"href":"https:\/\/zbranebudai.sk\/hu\/wp-json\/wp\/v2\/product_cat?post=3205"},{"taxonomy":"product_tag","embeddable":true,"href":"https:\/\/zbranebudai.sk\/hu\/wp-json\/wp\/v2\/product_tag?post=3205"}],"curies":[{"name":"wp","href":"https:\/\/api.w.org\/{rel}","templated":true}]}}