{"id":3200,"date":"2025-02-01T20:35:38","date_gmt":"2025-02-01T18:35:38","guid":{"rendered":"https:\/\/zbranebudai.sk\/?post_type=product&#038;p=3200"},"modified":"2025-08-31T03:55:31","modified_gmt":"2025-08-31T01:55:31","slug":"infiray-rico-rl42-hokamera-celtavcso","status":"publish","type":"product","link":"https:\/\/zbranebudai.sk\/hu\/product\/infiray-rico-rl42-hokamera-celtavcso\/","title":{"rendered":"InfiRay RICO RL42 h\u0151kamer\u00e1s l\u00e1tcs\u0151"},"content":{"rendered":"<p>Az InfiRay meghallotta a vad\u00e1szok k\u00e9r\u00e9s\u00e9t, \u00e9s olyan term\u00e9ket hozott l\u00e9tre, amely t\u00f6k\u00e9letesen megfelel az ig\u00e9nyeiknek. A RICO RL42 LRF-nek k\u00f6sz\u00f6nhet\u0151en<br \/>\nAz \u00faj 384x288px-es, 12 \u00b5m-es VOx \u00e9rz\u00e9kel\u0151, az 1024x768px-es OLED kijelz\u0151 \u00e9s a 42 mm-es lencse nagyon \u00e9les, r\u00e9szletgazdag k\u00e9pet biztos\u00edt. Nagyon intuit\u00edv m\u0171k\u00f6d\u00e9s,<br \/>\nk\u00e9t akkumul\u00e1tor dokkol\u00f3 a csomagban, k\u00fcls\u0151 t\u00e1vols\u00e1gm\u00e9r\u0151, videofelv\u00e9tel, Wi-Fi kapcsolat a mobiltelefonhoz, UltraClear \u00fczemm\u00f3d, \u00faj \u00e9rz\u00e9kel\u0151 algoritmus<br \/>\na ter\u00fclet szakemberei \u00e1ltal tervezett, mindez a RICA-t nagyon hasznos \u00e9s praktikus seg\u00edt\u0151j\u00e9v\u00e9 teszi minden vad\u00e1szati helyzetben.<\/p>\n<table dir=\"ltr\" border=\"1\" cellspacing=\"0\" cellpadding=\"0\" data-sheets-root=\"1\" data-sheets-baot=\"1\">\n<colgroup>\n<col width=\"375\" \/>\n<col width=\"437\" \/><\/colgroup>\n<tbody>\n<tr>\n<td>\u00c9rz\u00e9kel\u0151 felbont\u00e1sa<\/td>\n<td>384\u00d7288 px<\/td>\n<\/tr>\n<tr>\n<td>Pixel m\u00e9ret<\/td>\n<td>12 \u00b5m<\/td>\n<\/tr>\n<tr>\n<td>NETD - H\u0151m\u00e9rs\u00e9klet-k\u00fcl\u00f6nbs\u00e9ggel egyen\u00e9rt\u00e9k\u0171 zaj (mK)<\/td>\n<td>&lt;40mK<\/td>\n<\/tr>\n<tr>\n<td>Friss\u00edt\u00e9si sebess\u00e9g<\/td>\n<td>50Hz<\/td>\n<\/tr>\n<tr>\n<td>Lencse lencse<\/td>\n<td>42 mm<\/td>\n<\/tr>\n<tr>\n<td>Nagy\u00edt\u00e1s<\/td>\n<td>4-16x<\/td>\n<\/tr>\n<tr>\n<td>Szemkiemel\u00e9s<\/td>\n<td>55 mm<\/td>\n<\/tr>\n<tr>\n<td>Szemt\u00e1vols\u00e1g \u00e1tm\u00e9r\u0151je<\/td>\n<td>6 mm<\/td>\n<\/tr>\n<tr>\n<td>\u00c9rz\u00e9kel\u00e9s<\/td>\n<td>2200 m<\/td>\n<\/tr>\n<tr>\n<td>Megjelen\u00edt\u00e9s t\u00edpusa<\/td>\n<td>OLED<\/td>\n<\/tr>\n<tr>\n<td>Kijelz\u0151 felbont\u00e1sa<\/td>\n<td>1024\u00d7768 px<\/td>\n<\/tr>\n<tr>\n<td>Akkumul\u00e1tor t\u00edpusa<\/td>\n<td>3.7V 4400mAh<\/td>\n<\/tr>\n<tr>\n<td>Az akkumul\u00e1tor \u00e9lettartama<\/td>\n<td>2\u00d76 h<\/td>\n<\/tr>\n<tr>\n<td>Wi-Fi<\/td>\n<td>Igen<\/td>\n<\/tr>\n<tr>\n<td>Fot\u00f3\/Vide\u00f3<\/td>\n<td>Igen<\/td>\n<\/tr>\n<tr>\n<td>Hangfelv\u00e9tel<\/td>\n<td>Nem<\/td>\n<\/tr>\n<tr>\n<td>L\u00e9zeres t\u00e1vols\u00e1gm\u00e9r\u0151<\/td>\n<td>Igen, 1000 m-ig<\/td>\n<\/tr>\n<tr>\n<td>Csatlakoz\u00e1s t\u00edpusa<\/td>\n<td>USB-C<\/td>\n<\/tr>\n<tr>\n<td>V\u00edz\u00e1ll\u00f3<\/td>\n<td>IP67<\/td>\n<\/tr>\n<tr>\n<td>S\u00faly<\/td>\n<td>830 g<\/td>\n<\/tr>\n<tr>\n<td>M\u00e9retek<\/td>\n<td>251x65x58 mm<\/td>\n<\/tr>\n<\/tbody>\n<\/table>\n<p><a href=\"https:\/\/www.infirayoutdoor.com\/thermal-imaging-riflescope-rico-series\">https:\/\/www.infirayoutdoor.com\/thermal-imaging-riflescope-rico-series<\/a><\/p>","protected":false},"excerpt":{"rendered":"<p>A nagyon n\u00e9pszer\u0171 RICO RL42 LRF h\u0151kamer\u00e1s l\u00e1tcs\u0151 384x288px,12 \u00b5m felbont\u00e1s\u00fa InfiRay VOx \u00e9rz\u00e9kel\u0151vel, 1024x768px-es OLED kijelz\u0151vel, 42mm-es 42mm-es<br \/>\nobjekt\u00edv, Wi-Fi, k\u00fcls\u0151 t\u00e1vols\u00e1gm\u00e9r\u0151, 4x optikai zoom, digit\u00e1lis nagy\u00edt\u00e1s . A RICO RL42 LRF az ig\u00e9nyes vad\u00e1szokn\u00e1l tal\u00e1lta meg alkalmaz\u00e1s\u00e1t, akiknek sz\u00fcks\u00e9ge van<br \/>\na k\u00e9sz\u00fcl\u00e9k maxim\u00e1lis k\u00e9pmin\u0151s\u00e9ge \u00e9s tart\u00f3ss\u00e1ga.<\/p>","protected":false},"featured_media":3382,"template":"","meta":{"_gspb_post_css":""},"product_brand":[314],"product_cat":[21,144,326],"product_tag":[170,211,345],"class_list":{"0":"post-3200","1":"product","2":"type-product","3":"status-publish","4":"has-post-thumbnail","6":"product_brand-infiray","7":"product_cat-optika","8":"product_cat-termovizie","9":"product_cat-termovizne-zameriavace","10":"product_tag-infiray","11":"product_tag-rico","12":"product_tag-termovizny-zameriavac","14":"first","15":"instock","16":"taxable","17":"shipping-taxable","18":"purchasable","19":"product-type-simple"},"ct_brands":[{"id":314,"name":"Infiray","slug":"infiray"}],"_links":{"self":[{"href":"https:\/\/zbranebudai.sk\/hu\/wp-json\/wp\/v2\/product\/3200","targetHints":{"allow":["GET"]}}],"collection":[{"href":"https:\/\/zbranebudai.sk\/hu\/wp-json\/wp\/v2\/product"}],"about":[{"href":"https:\/\/zbranebudai.sk\/hu\/wp-json\/wp\/v2\/types\/product"}],"wp:featuredmedia":[{"embeddable":true,"href":"https:\/\/zbranebudai.sk\/hu\/wp-json\/wp\/v2\/media\/3382"}],"wp:attachment":[{"href":"https:\/\/zbranebudai.sk\/hu\/wp-json\/wp\/v2\/media?parent=3200"}],"wp:term":[{"taxonomy":"product_brand","embeddable":true,"href":"https:\/\/zbranebudai.sk\/hu\/wp-json\/wp\/v2\/product_brand?post=3200"},{"taxonomy":"product_cat","embeddable":true,"href":"https:\/\/zbranebudai.sk\/hu\/wp-json\/wp\/v2\/product_cat?post=3200"},{"taxonomy":"product_tag","embeddable":true,"href":"https:\/\/zbranebudai.sk\/hu\/wp-json\/wp\/v2\/product_tag?post=3200"}],"curies":[{"name":"wp","href":"https:\/\/api.w.org\/{rel}","templated":true}]}}