{"id":3198,"date":"2025-02-01T20:35:37","date_gmt":"2025-02-01T18:35:37","guid":{"rendered":"https:\/\/zbranebudai.sk\/?post_type=product&#038;p=3198"},"modified":"2025-08-31T03:55:32","modified_gmt":"2025-08-31T01:55:32","slug":"infiray-cso-th35-v2-hokamera-celtavcso","status":"publish","type":"product","link":"https:\/\/zbranebudai.sk\/hu\/product\/infiray-tube-th35-v2-hokamera-celtavcso\/","title":{"rendered":"InfiRay TUBE TH35 V2 h\u0151kamer\u00e1s l\u00e1tcs\u0151"},"content":{"rendered":"<p><strong>Jellemz\u0151k:<\/strong><\/p>\n<ul>\n<li>h\u0151kamera c\u00e9lt\u00e1vcs\u0151<\/li>\n<li>nagy teljes\u00edtm\u00e9ny\u0171 mag 12 \u03bcm pixeloszt\u00e1ssal<\/li>\n<li>hib\u00e1tlan m\u0171k\u00f6d\u00e9s m\u00e9g sz\u00e9ls\u0151s\u00e9ges id\u0151j\u00e1r\u00e1si vagy h\u0151m\u00e9rs\u00e9kleti k\u00f6r\u00fclm\u00e9nyek k\u00f6z\u00f6tt is<\/li>\n<li>Az 1,03\"-os innovat\u00edv k\u00f6r alak\u00fa kijelz\u0151 kiterjeszti a l\u00e1t\u00f3mez\u0151t, jav\u00edtja a k\u00e9p tisztas\u00e1g\u00e1t \u00e9s kontrasztj\u00e1t, nagym\u00e9rt\u00e9kben n\u00f6veli a c\u00e9lpontok megtekint\u00e9s\u00e9nek k\u00e9nyelm\u00e9t.<\/li>\n<li>\u00d6t sz\u00ednes k\u00e9pm\u00f3d, bele\u00e9rtve a c\u00e9lkiemel\u0151 m\u00f3dot is<\/li>\n<li>a sz\u00e1nd\u00e9kos l\u00e1ncszemek t\u00edpus\u00e1nak \u00e9s sz\u00edn\u00e9nek be\u00e1ll\u00edt\u00e1si lehet\u0151s\u00e9ge<\/li>\n<li>Folyamatos digit\u00e1lis zoom 2,5 - 10 x l\u00e9p\u00e9sekben<\/li>\n<li>germ\u00e1nium optikai lencse<\/li>\n<li>felhaszn\u00e1l\u00f3bar\u00e1t fel\u00fclet<\/li>\n<li>PIP funkci\u00f3 (a megfigyelt k\u00e9p 2x nagy\u00edtott szelete a kijelz\u0151 tetej\u00e9n, mik\u00f6zben a teljes l\u00e1t\u00f3mez\u0151 l\u00e1that\u00f3s\u00e1ga megmarad)<\/li>\n<li>integr\u00e1lt ar\u00e1ny\u00fa t\u00e1vols\u00e1gm\u00e9r\u0151<\/li>\n<li>integr\u00e1lt d\u0151l\u00e9s\u00e9rz\u00e9kel\u0151, digit\u00e1lis ir\u00e1nyt\u0171<\/li>\n<li>Feh\u00e9r \u00fczemm\u00f3d be\u00e1ll\u00edt\u00e1sa (meleg feh\u00e9r \u00e9s hideg feh\u00e9r \u00fczemm\u00f3d)<\/li>\n<li>automatikus \u00e1llapotsor elrejt\u00e9se funkci\u00f3<\/li>\n<li>Ultraclear \u00fczemm\u00f3d, amely m\u00e9g rossz id\u0151j\u00e1r\u00e1si k\u00f6r\u00fclm\u00e9nyek k\u00f6z\u00f6tt, p\u00e9ld\u00e1ul k\u00f6dben vagy es\u0151ben is kiv\u00e1l\u00f3 min\u0151s\u00e9g\u0171 \u00e9s r\u00e9szletes k\u00e9peket biztos\u00edt.<\/li>\n<li>k\u00f6nny\u0171 alum\u00edniumb\u00f3l k\u00e9sz\u00fclt, teljesen f\u00e9mb\u0151l k\u00e9sz\u00fclt tart\u00f3s test<\/li>\n<li>r\u00f6gz\u00edt\u00e9s szabv\u00e1nyos 30 mm-es gy\u0171r\u0171vel a Picatinny s\u00ednre szerelve<\/li>\n<li>kett\u0151s t\u00e1pegys\u00e9g opci\u00f3 - hosszabb \u00fczemid\u0151<\/li>\n<li>nagy \u00e9rz\u00e9kel\u00e9si t\u00e1vols\u00e1g, ak\u00e1r 1816 m<\/li>\n<li>k\u00e9pek \u00e9s vide\u00f3k k\u00e9sz\u00edt\u00e9se<\/li>\n<li>videokimenet<\/li>\n<li>Wi-Fi kapcsolat, APP t\u00e1mogat\u00e1s<\/li>\n<li>32 GB bels\u0151 t\u00e1rhely vide\u00f3k vagy k\u00e9pek t\u00e1rol\u00e1s\u00e1ra<\/li>\n<li>magas visszar\u00fag\u00e1s\u00e1ll\u00f3s\u00e1g<\/li>\n<\/ul>\n<p>&nbsp;<\/p>\n<p><strong>Specifik\u00e1ci\u00f3:<\/strong><\/p>\n<table border=\"1\" cellspacing=\"1\" cellpadding=\"1\">\n<tbody>\n<tr>\n<td colspan=\"2\"><strong>InfiRay TH35 V2<\/strong><\/td>\n<\/tr>\n<tr>\n<td>Magt\u00edpus<\/td>\n<td>h\u0171t\u00e9s n\u00e9lk\u00fcl, VOx<\/td>\n<\/tr>\n<tr>\n<td>Magfelbont\u00e1s<\/td>\n<td>640 x 512 px<\/td>\n<\/tr>\n<tr>\n<td>Pixel m\u00e9ret<\/td>\n<td>12 \u03bcm<\/td>\n<\/tr>\n<tr>\n<td>NETD, ml<\/td>\n<td>\u226440<\/td>\n<\/tr>\n<tr>\n<td>Friss\u00edt\u00e9si sebess\u00e9g<\/td>\n<td>50<\/td>\n<\/tr>\n<tr>\n<td colspan=\"2\"><strong>Optikai r\u00e9sz<\/strong><\/td>\n<\/tr>\n<tr>\n<td>Lencse<\/td>\n<td>35 mm<\/td>\n<\/tr>\n<tr>\n<td>L\u00e1t\u00f3mez\u0151<\/td>\n<td>12,5 x 10\u00b0<\/td>\n<\/tr>\n<tr>\n<td>Optikai nagy\u00edt\u00e1s<\/td>\n<td>2,5 - 10 x<\/td>\n<\/tr>\n<tr>\n<td>Digit\u00e1lis zoom<\/td>\n<td>1 - 4x<\/td>\n<\/tr>\n<tr>\n<td>Szemkiemel\u00e9s<\/td>\n<td>50 mm<\/td>\n<\/tr>\n<tr>\n<td>Dioptri\u00e1s korrekci\u00f3<\/td>\n<td>-5 \/ + 3,5<\/td>\n<\/tr>\n<tr>\n<td>\u00c9rz\u00e9kel\u00e9si t\u00e1vols\u00e1g (c\u00e9lpont 1,7m x 0,5m, Pn=99%)<\/td>\n<td>1816 m<\/td>\n<\/tr>\n<tr>\n<td colspan=\"2\"><strong>Kijelz\u0151<\/strong><\/td>\n<\/tr>\n<tr>\n<td>Megjelen\u00edt\u00e9s t\u00edpusa<\/td>\n<td>OLED \/ 2560\u00d72560<\/td>\n<\/tr>\n<tr>\n<td>Kijelz\u0151 m\u00e9rete<\/td>\n<td>1.03\u2033 (k\u00f6r alak\u00fa)<\/td>\n<\/tr>\n<tr>\n<td colspan=\"2\"><strong>M\u0171k\u00f6d\u00e9si jellemz\u0151k<\/strong><\/td>\n<\/tr>\n<tr>\n<td>Akkumul\u00e1torok<\/td>\n<td>Be\u00e9p\u00edtett, 18500-as t\u00edpus\u00fa tartal\u00e9k \u00fajrat\u00f6lthet\u0151 akkumul\u00e1torral (nem tartoz\u00e9k).<\/td>\n<\/tr>\n<tr>\n<td>Maxim\u00e1lis \u00fczemid\u0151 (22\u00b0C-on)*<\/td>\n<td>10 \u00f3ra<\/td>\n<\/tr>\n<tr>\n<td>K\u00fcls\u0151 t\u00e1pegys\u00e9g<\/td>\n<td>5V (USB Type-C)<\/td>\n<\/tr>\n<tr>\n<td>Test \u00e1tm\u00e9r\u0151je<\/td>\n<td>30 mm<\/td>\n<\/tr>\n<tr>\n<td>Max. visszar\u00fag\u00e1s<\/td>\n<td>1000 g\/s2<\/td>\n<\/tr>\n<tr>\n<td>K\u00f6rnyezeti ellen\u00e1ll\u00e1s<\/td>\n<td>IP67<\/td>\n<\/tr>\n<tr>\n<td>\u00dczemi h\u0151m\u00e9rs\u00e9klet<\/td>\n<td>-20 \u00e9s +50\u00b0C k\u00f6z\u00f6tt<\/td>\n<\/tr>\n<tr>\n<td>S\u00faly<\/td>\n<td>&lt; 910 g<\/td>\n<\/tr>\n<tr>\n<td>Testm\u00e9ret<\/td>\n<td>365 x 85 x 75 mm<\/td>\n<\/tr>\n<tr>\n<td>Interf\u00e9sz<\/td>\n<td>USB Type-C<\/td>\n<\/tr>\n<\/tbody>\n<\/table>\n<p>*A teljes akkumul\u00e1tor \u00e9lettartam\u00e1t cs\u00f6kkenti a bekapcsolt Wi-Fi, a videofelv\u00e9tel, az alacsony h\u0151m\u00e9rs\u00e9klet stb.<\/p>\n<p><a href=\"https:\/\/www.infirayoutdoor.com\/thermal-imaging-riflescope-tube-th35-series-bolt-in-the-us\">https:\/\/www.infirayoutdoor.com\/thermal-imaging-riflescope-tube-th35-series-bolt-in-the-us<\/a><\/p>","protected":false},"excerpt":{"rendered":"<p>H\u0151kamer\u00e1s l\u00e1t\u00f3t\u00e1vols\u00e1g\u00a0<strong>\u00a0InfiRay cs\u0151<\/strong>\u00a0\u00a0sorozat a nappali c\u00e9lt\u00e1vcs\u00f6vekhez hasonl\u00f3 megjelen\u00e9s\u0171 m\u0171szereket k\u00e9pvisel. Az id\u0151t\u00e1ll\u00f3 diz\u00e1jnt, a legmodernebb technol\u00f3gia alkalmaz\u00e1s\u00e1t \u00e9s a sz\u00e9ls\u0151s\u00e9ges k\u00f6r\u00fclm\u00e9nyek k\u00f6z\u00f6tt is hib\u00e1tlan m\u0171k\u00f6d\u00e9st m\u00e9g a hivat\u00e1sos vad\u00e1szok is \u00e9rt\u00e9kelni fogj\u00e1k.<\/p>","protected":false},"featured_media":3369,"template":"","meta":{"_gspb_post_css":""},"product_brand":[314],"product_cat":[21,144,326],"product_tag":[170,345,206],"class_list":{"0":"post-3198","1":"product","2":"type-product","3":"status-publish","4":"has-post-thumbnail","6":"product_brand-infiray","7":"product_cat-optika","8":"product_cat-termovizie","9":"product_cat-termovizne-zameriavace","10":"product_tag-infiray","11":"product_tag-termovizny-zameriavac","12":"product_tag-tube","14":"first","15":"instock","16":"taxable","17":"shipping-taxable","18":"purchasable","19":"product-type-simple"},"ct_brands":[{"id":314,"name":"Infiray","slug":"infiray"}],"_links":{"self":[{"href":"https:\/\/zbranebudai.sk\/hu\/wp-json\/wp\/v2\/product\/3198","targetHints":{"allow":["GET"]}}],"collection":[{"href":"https:\/\/zbranebudai.sk\/hu\/wp-json\/wp\/v2\/product"}],"about":[{"href":"https:\/\/zbranebudai.sk\/hu\/wp-json\/wp\/v2\/types\/product"}],"wp:featuredmedia":[{"embeddable":true,"href":"https:\/\/zbranebudai.sk\/hu\/wp-json\/wp\/v2\/media\/3369"}],"wp:attachment":[{"href":"https:\/\/zbranebudai.sk\/hu\/wp-json\/wp\/v2\/media?parent=3198"}],"wp:term":[{"taxonomy":"product_brand","embeddable":true,"href":"https:\/\/zbranebudai.sk\/hu\/wp-json\/wp\/v2\/product_brand?post=3198"},{"taxonomy":"product_cat","embeddable":true,"href":"https:\/\/zbranebudai.sk\/hu\/wp-json\/wp\/v2\/product_cat?post=3198"},{"taxonomy":"product_tag","embeddable":true,"href":"https:\/\/zbranebudai.sk\/hu\/wp-json\/wp\/v2\/product_tag?post=3198"}],"curies":[{"name":"wp","href":"https:\/\/api.w.org\/{rel}","templated":true}]}}