{"id":3185,"date":"2025-02-01T20:35:04","date_gmt":"2025-02-01T18:35:04","guid":{"rendered":"https:\/\/zbranebudai.sk\/?post_type=product&#038;p=3185"},"modified":"2025-08-31T03:55:32","modified_gmt":"2025-08-31T01:55:32","slug":"infiray-zoom-zh-50-v2-hokamera","status":"publish","type":"product","link":"https:\/\/zbranebudai.sk\/hu\/product\/infiray-zoom-zh-50-v2-hokamera\/","title":{"rendered":"InfiRay ZOOM ZH 50 V2 h\u0151kamer\u00e1s monokul\u00e1r"},"content":{"rendered":"<div class=\"product-specification-title\"><strong><span data-darkreader-inline-color=\"\">TERM\u00c9KLE\u00cdR\u00c1S<\/span><\/strong><\/div>\n<div class=\"product-specification-title\"><\/div>\n<div class=\"product-specification-content\">\n<table border=\"1\">\n<tbody>\n<tr>\n<td><span data-darkreader-inline-color=\"\">\u00c9rz\u00e9kel\u0151 felbont\u00e1sa<\/span><\/td>\n<td><span data-darkreader-inline-color=\"\">640x512px<\/span><\/td>\n<\/tr>\n<tr>\n<td><span data-darkreader-inline-color=\"\">Pixel m\u00e9ret<\/span><\/td>\n<td><span data-darkreader-inline-color=\"\">12\u00b5m<\/span><\/td>\n<\/tr>\n<tr>\n<td><span data-darkreader-inline-color=\"\">NETD - H\u0151m\u00e9rs\u00e9klet-k\u00fcl\u00f6nbs\u00e9ggel egyen\u00e9rt\u00e9k\u0171 zaj (mK)<\/span><\/td>\n<td><span data-darkreader-inline-color=\"\">&lt;25mK<\/span><\/td>\n<\/tr>\n<tr>\n<td><span data-darkreader-inline-color=\"\">Friss\u00edt\u00e9si sebess\u00e9g (Hz)<\/span><\/td>\n<td><span data-darkreader-inline-color=\"\">50Hz<\/span><\/td>\n<\/tr>\n<tr>\n<td><span data-darkreader-inline-color=\"\">Objekt\u00edv lencse (mm)<\/span><\/td>\n<td><span data-darkreader-inline-color=\"\">25\/50mm<\/span><\/td>\n<\/tr>\n<tr>\n<td><span data-darkreader-inline-color=\"\">L\u00e1t\u00f3mez\u0151<\/span><\/td>\n<td><span data-darkreader-inline-color=\"\">17.5\u00b0 x 13.1\u00b0 \/ 8.7\u00b0 x 6.6\u00b0<\/span><\/td>\n<\/tr>\n<tr>\n<td><span data-darkreader-inline-color=\"\">Alapvet\u0151 nagy\u00edt\u00e1s<\/span><\/td>\n<td><span data-darkreader-inline-color=\"\">2x\/4x<\/span><\/td>\n<\/tr>\n<tr>\n<td><span data-darkreader-inline-color=\"\">Digit\u00e1lis nagy\u00edt\u00e1s<\/span><\/td>\n<td><span data-darkreader-inline-color=\"\">1x-4x<\/span><\/td>\n<\/tr>\n<tr>\n<td><span data-darkreader-inline-color=\"\">Szemt\u00e1vols\u00e1g \u00e1tm\u00e9r\u0151je<\/span><\/td>\n<td><span data-darkreader-inline-color=\"\">5.5mm<\/span><\/td>\n<\/tr>\n<tr>\n<td><span data-darkreader-inline-color=\"\">Dioptri\u00e1s korrekci\u00f3<\/span><\/td>\n<td><span data-darkreader-inline-color=\"\">5D<\/span><\/td>\n<\/tr>\n<tr>\n<td><span data-darkreader-inline-color=\"\">\u00c9rz\u00e9kel\u00e9s\u00a0<\/span><\/td>\n<td><span data-darkreader-inline-color=\"\">1200-2600m<\/span><\/td>\n<\/tr>\n<tr>\n<td><span data-darkreader-inline-color=\"\">Megjelen\u00edt\u00e9s t\u00edpusa<\/span><\/td>\n<td><span data-darkreader-inline-color=\"\">FHD AMOLED<\/span><\/td>\n<\/tr>\n<tr>\n<td><span data-darkreader-inline-color=\"\">Az akkumul\u00e1tor \u00e9lettartama<\/span><\/td>\n<td><span data-darkreader-inline-color=\"\">2x10h<\/span><\/td>\n<\/tr>\n<tr>\n<td><span data-darkreader-inline-color=\"\">Digit\u00e1lis ir\u00e1nyt\u0171<\/span><\/td>\n<td><span data-darkreader-inline-color=\"\">Igen<\/span><\/td>\n<\/tr>\n<tr>\n<td><span data-darkreader-inline-color=\"\">Wi-Fi<\/span><\/td>\n<td><span data-darkreader-inline-color=\"\">Igen<\/span><\/td>\n<\/tr>\n<tr>\n<td><span data-darkreader-inline-color=\"\">Hangfelv\u00e9tel<\/span><\/td>\n<td><span data-darkreader-inline-color=\"\">Igen<\/span><\/td>\n<\/tr>\n<tr>\n<td><span data-darkreader-inline-color=\"\">Alkalmaz\u00e1s<\/span><\/td>\n<td><span data-darkreader-inline-color=\"\">Igen<\/span><\/td>\n<\/tr>\n<tr>\n<td><span data-darkreader-inline-color=\"\">Csatlakoz\u00e1s t\u00edpusa<\/span><\/td>\n<td><span data-darkreader-inline-color=\"\">USB-C<\/span><\/td>\n<\/tr>\n<tr>\n<td><span data-darkreader-inline-color=\"\">T\u00e1rhely\u00a0<\/span><\/td>\n<td><span data-darkreader-inline-color=\"\">32GB<\/span><\/td>\n<\/tr>\n<tr>\n<td><span data-darkreader-inline-color=\"\">V\u00edz\u00e1ll\u00f3<\/span><\/td>\n<td><span data-darkreader-inline-color=\"\">IP67<\/span><\/td>\n<\/tr>\n<tr>\n<td><span data-darkreader-inline-color=\"\">S\u00faly<\/span><\/td>\n<td><span data-darkreader-inline-color=\"\">710g<\/span><\/td>\n<\/tr>\n<tr>\n<td><span data-darkreader-inline-color=\"\">M\u00e9retek<\/span><\/td>\n<td><span data-darkreader-inline-color=\"\">220x59x75mm<\/span><\/td>\n<\/tr>\n<\/tbody>\n<\/table>\n<\/div>\n<p><a href=\"https:\/\/www.infirayoutdoor.com\/thermal-imaging-monocular-zoom-zh50-v2\">https:\/\/www.infirayoutdoor.com\/thermal-imaging-monocular-zoom-zh50-v2<\/a>.<\/p>","protected":false},"excerpt":{"rendered":"<p>A ZOOM ZH50 V2 \u00faj, 640x512px felbont\u00e1s\u00fa InfiRay \u00e9rz\u00e9kel\u0151vel \u00e9s 25-50 mm-es v\u00e1ltoztathat\u00f3 objekt\u00edvvel rendelkezik, amely \u00faj szintre emeli a megfigyel\u0151 h\u0151kamer\u00e1s k\u00e9palkot\u00e1s hat\u00e1rait. Ez\u00e1ltal kiv\u00e1l\u00f3an alkalmas az ig\u00e9nyes vad\u00e1szok sz\u00e1m\u00e1ra, akiknek nagy l\u00e1t\u00f3mez\u0151re van sz\u00fcks\u00e9g\u00fck a gyors terepi t\u00e1j\u00e9koz\u00f3d\u00e1shoz, mik\u00f6zben nagy t\u00e1vols\u00e1gokra is felder\u00edtik a vadat a k\u00e9pmin\u0151s\u00e9g fel\u00e1ldoz\u00e1sa n\u00e9lk\u00fcl.<\/p>","protected":false},"featured_media":3358,"template":"","meta":{"_gspb_post_css":""},"product_brand":[314],"product_cat":[21,144,327],"product_tag":[170,337,208],"class_list":{"0":"post-3185","1":"product","2":"type-product","3":"status-publish","4":"has-post-thumbnail","6":"product_brand-infiray","7":"product_cat-optika","8":"product_cat-termovizie","9":"product_cat-termovizne-monokulary","10":"product_tag-infiray","11":"product_tag-termovizny-monokular","12":"product_tag-zoom","14":"first","15":"instock","16":"taxable","17":"shipping-taxable","18":"purchasable","19":"product-type-simple"},"ct_brands":[{"id":314,"name":"Infiray","slug":"infiray"}],"_links":{"self":[{"href":"https:\/\/zbranebudai.sk\/hu\/wp-json\/wp\/v2\/product\/3185","targetHints":{"allow":["GET"]}}],"collection":[{"href":"https:\/\/zbranebudai.sk\/hu\/wp-json\/wp\/v2\/product"}],"about":[{"href":"https:\/\/zbranebudai.sk\/hu\/wp-json\/wp\/v2\/types\/product"}],"wp:featuredmedia":[{"embeddable":true,"href":"https:\/\/zbranebudai.sk\/hu\/wp-json\/wp\/v2\/media\/3358"}],"wp:attachment":[{"href":"https:\/\/zbranebudai.sk\/hu\/wp-json\/wp\/v2\/media?parent=3185"}],"wp:term":[{"taxonomy":"product_brand","embeddable":true,"href":"https:\/\/zbranebudai.sk\/hu\/wp-json\/wp\/v2\/product_brand?post=3185"},{"taxonomy":"product_cat","embeddable":true,"href":"https:\/\/zbranebudai.sk\/hu\/wp-json\/wp\/v2\/product_cat?post=3185"},{"taxonomy":"product_tag","embeddable":true,"href":"https:\/\/zbranebudai.sk\/hu\/wp-json\/wp\/v2\/product_tag?post=3185"}],"curies":[{"name":"wp","href":"https:\/\/api.w.org\/{rel}","templated":true}]}}