{"id":3184,"date":"2025-02-01T20:35:04","date_gmt":"2025-02-01T18:35:04","guid":{"rendered":"https:\/\/zbranebudai.sk\/?post_type=product&#038;p=3184"},"modified":"2025-02-08T14:17:12","modified_gmt":"2025-02-08T12:17:12","slug":"infiray-zoom-zh38-hokamera","status":"publish","type":"product","link":"https:\/\/zbranebudai.sk\/hu\/product\/infiray-zoom-zh38-hokamera\/","title":{"rendered":"Infiray ZOOM ZH38 h\u0151kamer\u00e1s monokul\u00e1r"},"content":{"rendered":"<h3><span class=\"VIiyi\" lang=\"sk\"><span class=\"JLqJ4b\" data-language-for-alternatives=\"sk\" data-language-to-translate-into=\"cs\" data-phrase-index=\"0\" data-number-of-phrases=\"1\">Nagy felbont\u00e1s\u00fa 1440\u00d71080-as kijelz\u0151<\/span><\/span><\/h3>\n<p><span class=\"VIiyi\" lang=\"sk\"><span class=\"JLqJ4b\" data-language-for-alternatives=\"sk\" data-language-to-translate-into=\"cs\" data-phrase-index=\"0\" data-number-of-phrases=\"1\">A ZH38 be\u00e9p\u00edtett, nagy felbont\u00e1s\u00fa, ak\u00e1r 1440\u00d71080-as felbont\u00e1s\u00fa, sz\u00ednes kijelz\u0151vel rendelkezik, amelyhez 20-szoros nagy\u00edt\u00e1s\u00fa okul\u00e1r p\u00e1rosul, \u00e9s t\u00e1mogatja az elektronikus zoomot a f\u00e9nyesebb \u00e9s k\u00e9nyelmesebb megtekint\u00e9s \u00e9rdek\u00e9ben, ami nagyban jav\u00edtja az emberi szem megtekint\u00e9si \u00e9lm\u00e9ny\u00e9t.<\/span><\/span><\/p>\n<h3><span class=\"VIiyi\" lang=\"sk\"><span class=\"JLqJ4b\" data-language-for-alternatives=\"sk\" data-language-to-translate-into=\"cs\" data-phrase-index=\"0\" data-number-of-phrases=\"1\">Z\u00e1r\u00f3 n\u00e9lk\u00fcli funkci\u00f3<\/span><\/span><\/h3>\n<p><span class=\"VIiyi\" lang=\"sk\"><span class=\"JLqJ4b\" data-language-for-alternatives=\"sk\" data-language-to-translate-into=\"cs\" data-phrase-index=\"0\" data-number-of-phrases=\"1\">A shutterless core modul a shutter kalibr\u00e1ci\u00f3 vissza\u00e1ll\u00edt\u00e1s\u00e1ra, a m\u0171k\u00f6d\u00e9s egyszer\u0171s\u00edt\u00e9s\u00e9re \u00e9s az energiafogyaszt\u00e1s cs\u00f6kkent\u00e9s\u00e9re szolg\u00e1l, \u00edgy a k\u00e9palkot\u00e1s csendesebb\u00e9 \u00e9s line\u00e1risabb\u00e1 v\u00e1lik. Magas k\u00e9pmin\u0151s\u00e9g NETD \u226425mk \u00e9rt\u00e9kkel A ZOOM sorozat k\u00e9palkot\u00f3 hat\u00e1sa mint mindig, most is meg\u00e1llja a hely\u00e9t.<\/span><\/span><\/p>\n<h3><span class=\"VIiyi\" lang=\"sk\"><span class=\"JLqJ4b\" data-language-for-alternatives=\"sk\" data-language-to-translate-into=\"cs\" data-phrase-index=\"0\" data-number-of-phrases=\"1\">InfiRay ZOOM ZH38<\/span><\/span><\/h3>\n<p><span class=\"VIiyi\" lang=\"sk\"><span class=\"JLqJ4b\" data-language-for-alternatives=\"sk\" data-language-to-translate-into=\"cs\" data-phrase-index=\"0\" data-number-of-phrases=\"1\">egy h\u0171t\u00e9s n\u00e9lk\u00fcli Vox 12\u03bcm-es, nagy felbont\u00e1s\u00fa 640\u00d7512-es \u00e9rz\u00e9kel\u0151vel van felszerelve, NETD \u226425mk (25 \u00b0C, F#=1,0). Az ultraf\u00e9nyes funkci\u00f3val pedig m\u00e9g a legrosszabb id\u0151j\u00e1r\u00e1si k\u00f6r\u00fclm\u00e9nyek sem \u00e1ll\u00edthatj\u00e1k meg a kalandoz\u00e1s\u00e1t. A jobb k\u00e9pmin\u0151s\u00e9get a nagy teljes\u00edtm\u00e9ny\u0171 \u00e9rz\u00e9kel\u0151 \u00e9s a k\u00e9pi algoritmusok biztos\u00edtj\u00e1k, amelyek egy m\u00e1sfajta, tiszta szabadt\u00e9ri \u00e9lm\u00e9nyt ny\u00fajtanak. 10 \u00f3ra \u00d7 2 akkumul\u00e1tor<\/span><\/span><\/p>\n<h3><span class=\"VIiyi\" lang=\"sk\"><span class=\"JLqJ4b\" data-language-for-alternatives=\"sk\" data-language-to-translate-into=\"cs\" data-phrase-index=\"0\" data-number-of-phrases=\"1\">ZOOM sorozat<\/span><\/span><\/h3>\n<p><span class=\"VIiyi\" lang=\"sk\"><span class=\"JLqJ4b\" data-language-for-alternatives=\"sk\" data-language-to-translate-into=\"cs\" data-phrase-index=\"0\" data-number-of-phrases=\"1\">Alacsony fogyaszt\u00e1s\u00fa, kisebb energiaig\u00e9ny\u0171 alkatr\u00e9szeket haszn\u00e1l, cser\u00e9lhet\u0151 4400mAh nagy kapacit\u00e1s\u00fa l\u00edtium akkumul\u00e1torral, az akkumul\u00e1tor \u00e9lettartama ak\u00e1r 10 \u00f3ra, egy kieg\u00e9sz\u00edt\u0151 akkumul\u00e1tor alapfelszerelts\u00e9gk\u00e9nt, az akkumul\u00e1tor \u00e9lettartama ak\u00e1r 20 \u00f3ra, hogy a hossz\u00fa t\u00e1v\u00fa k\u00fclt\u00e9ri \u00fczemm\u00f3dot gond n\u00e9lk\u00fcl el\u00e9rje. 32 GB t\u00e1rhely A ZH38 32 GB-os t\u00e1rol\u00f3val van felszerelve, amely t\u00e1mogatja a vide\u00f3 \u00e9s a k\u00e9p t\u00e1rol\u00e1s\u00e1t, m\u00edg a be\u00e9p\u00edtett WiFi modul t\u00e1mogatja az APP alkalmaz\u00e1sokat.<\/span><\/span><\/p>\n<h3><span class=\"VIiyi\" lang=\"sk\"><span class=\"JLqJ4b\" data-language-for-alternatives=\"sk\" data-language-to-translate-into=\"cs\" data-phrase-index=\"0\" data-number-of-phrases=\"1\">PIP funkci\u00f3<\/span><\/span><\/h3>\n<p><span class=\"VIiyi\" lang=\"sk\"><span class=\"JLqJ4b\" data-language-for-alternatives=\"sk\" data-language-to-translate-into=\"cs\" data-phrase-index=\"0\" data-number-of-phrases=\"1\">A ZH38 be\u00e9p\u00edtett k\u00e9p a k\u00e9pben funkci\u00f3ja jav\u00edtja a pontoss\u00e1got, mivel a kijelz\u0151 tetej\u00e9n 2x-es nagy\u00edt\u00e1s\u00fa k\u00e9pet ad a sz\u00e1lkeresztmetszetr\u0151l. Seg\u00edt a felhaszn\u00e1l\u00f3knak a c\u00e9lpontok nagy\u00edt\u00e1s\u00e1ban, mik\u00f6zben a l\u00e1t\u00f3mez\u0151 t\u00f6bbi r\u00e9sze tov\u00e1bbra is l\u00e1that\u00f3 marad. 5 sz\u00ednpaletta A k\u00fcl\u00f6nb\u00f6z\u0151 vad\u00e1szati k\u00f6rnyezetekhez \u00e9s szem\u00e9lyes szok\u00e1sokhoz a ZOOM sorozat tov\u00e1bbra is 5 sz\u00ednm\u00f3dot tartalmaz: feh\u00e9r forr\u00f3, fekete forr\u00f3, v\u00f6r\u00f6s forr\u00f3, sz\u00ednes \u00e9s forr\u00f3 c\u00e9lpont kiemel\u00e9s. K\u00fcl\u00f6n\u00f6sen a forr\u00f3 c\u00e9lpont kiemel\u00e9sn\u00e9l a k\u00f6rnyezet legforr\u00f3bb pontja automatikusan \u00e9s gyorsan r\u00f6gz\u00edthet\u0151, \u00edgy a c\u00e9lpont megtal\u00e1lhat\u00f3.<\/p>\n<p><\/span><\/span><\/p>\n<table dir=\"ltr\" border=\"1\" cellspacing=\"0\" cellpadding=\"0\" data-sheets-root=\"1\" data-sheets-baot=\"1\">\n<colgroup>\n<col width=\"375\" \/>\n<col width=\"437\" \/><\/colgroup>\n<tbody>\n<tr>\n<td>\u00c9rz\u00e9kel\u0151 felbont\u00e1sa<\/td>\n<td>640x512px<\/td>\n<\/tr>\n<tr>\n<td>Pixel m\u00e9ret<\/td>\n<td>12\u00b5m<\/td>\n<\/tr>\n<tr>\n<td>NETD - \u00c9rz\u00e9kel\u0151 \u00e9rz\u00e9kenys\u00e9ge a h\u0151m\u00e9rs\u00e9klet-k\u00fcl\u00f6nbs\u00e9gekre<\/td>\n<td>&lt;25mK<\/td>\n<\/tr>\n<tr>\n<td>Friss\u00edt\u00e9si sebess\u00e9g (Hz)<\/td>\n<td>50Hz<\/td>\n<\/tr>\n<tr>\n<td>Objekt\u00edv lencse (mm)<\/td>\n<td>19mm (f\/0.8) \/ 38mm (f\/1.0)<\/td>\n<\/tr>\n<tr>\n<td>L\u00e1t\u00f3mez\u0151<\/td>\n<td>22.9\u00b0 x 17.2\u00b0 \/ 11.5\u00b0 x 8.7\u00b0<\/td>\n<\/tr>\n<tr>\n<td>Alapvet\u0151 nagy\u00edt\u00e1s<\/td>\n<td>1,1x<\/td>\n<\/tr>\n<tr>\n<td>Digit\u00e1lis nagy\u00edt\u00e1s<\/td>\n<td>1x-4x<\/td>\n<\/tr>\n<tr>\n<td>Szemt\u00e1vols\u00e1g \u00e1tm\u00e9r\u0151je<\/td>\n<td>5.5mm<\/td>\n<\/tr>\n<tr>\n<td>Dioptri\u00e1s korrekci\u00f3<\/td>\n<td>5D<\/td>\n<\/tr>\n<tr>\n<td>\u00c9rz\u00e9kel\u00e9s<\/td>\n<td>1000-2200m<\/td>\n<\/tr>\n<tr>\n<td>Megjelen\u00edt\u00e9s t\u00edpusa<\/td>\n<td>FHD AMOLED<\/td>\n<\/tr>\n<tr>\n<td>Az akkumul\u00e1tor \u00e9lettartama<\/td>\n<td>2x10h<\/td>\n<\/tr>\n<tr>\n<td>Digit\u00e1lis ir\u00e1nyt\u0171<\/td>\n<td>Igen<\/td>\n<\/tr>\n<tr>\n<td>Wi-Fi<\/td>\n<td>Igen<\/td>\n<\/tr>\n<tr>\n<td>Hangfelv\u00e9tel<\/td>\n<td>Igen<\/td>\n<\/tr>\n<tr>\n<td>Alkalmaz\u00e1s<\/td>\n<td>Igen<\/td>\n<\/tr>\n<tr>\n<td>Csatlakoz\u00e1s t\u00edpusa<\/td>\n<td>USB-C<\/td>\n<\/tr>\n<tr>\n<td>T\u00e1rhely<\/td>\n<td>32GB<\/td>\n<\/tr>\n<tr>\n<td>V\u00edzhatlan<\/td>\n<td>IP67<\/td>\n<\/tr>\n<tr>\n<td>S\u00faly<\/td>\n<td>580g<\/td>\n<\/tr>\n<tr>\n<td>M\u00e9retek<\/td>\n<td>190x65x60mm<\/td>\n<\/tr>\n<\/tbody>\n<\/table>\n<p><a href=\"https:\/\/www.infirayoutdoor.com\/thermal-imaging-monocular-series.\">https:\/\/www.infirayoutdoor.com\/thermal-imaging-monocular-series.<\/a><\/p>","protected":false},"excerpt":{"rendered":"<p><span class=\"VIiyi\" lang=\"sk\"><span class=\"JLqJ4b ChMk0b\" data-language-for-alternatives=\"sk\" data-language-to-translate-into=\"cs\" data-phrase-index=\"2\" data-number-of-phrases=\"6\"><strong>InfiRay ZOOM ZH38<\/strong>\u00a0egy cs\u00facskateg\u00f3ri\u00e1s termikus monokul\u00e1r k\u00fclt\u00e9ri haszn\u00e1latra.<\/span>\u00a0<\/span><span class=\"VIiyi\" lang=\"sk\"><span class=\"JLqJ4b ChMk0b\" data-language-for-alternatives=\"sk\" data-language-to-translate-into=\"cs\" data-phrase-index=\"3\" data-number-of-phrases=\"6\">H\u00e1rom \"<strong>FIRST BEST<\/strong>\" ebben a szegmensben, amelyek a kett\u0151s l\u00e1t\u00f3mez\u0151 (FOV), a nagy felbont\u00e1s\u00fa 1440\u00d71080 px kijelz\u0151 \u00e9s a kalibr\u00e1ci\u00f3mentes technol\u00f3gia.<\/span>\u00a0<span class=\"JLqJ4b ChMk0b\" data-language-for-alternatives=\"sk\" data-language-to-translate-into=\"cs\" data-phrase-index=\"4\" data-number-of-phrases=\"6\">A tiszta k\u00e9p el\u0151nyeinek fenntart\u00e1sa mellett a ZH38 sz\u00e1mos sz\u00ednv\u00e1laszt\u00e1si lehet\u0151s\u00e9ggel, PIP funkci\u00f3val, digit\u00e1lis zoommal, akt\u00edv pontk\u00f6vet\u00e9ssel, ar\u00e1nyos t\u00e1vols\u00e1gm\u00e9r\u0151vel \u00e9s egy\u00e9b funkci\u00f3kkal is rendelkezik.<\/span>\u00a0<span class=\"JLqJ4b ChMk0b\" data-language-for-alternatives=\"sk\" data-language-to-translate-into=\"cs\" data-phrase-index=\"5\" data-number-of-phrases=\"6\">Sz\u00e9les k\u00f6rben haszn\u00e1lhat\u00f3 \u00e9jszakai vad\u00e1szathoz, terepmegfigyel\u00e9shez \u00e9s -meghat\u00e1roz\u00e1shoz, keres\u00e9shez \u00e9s ment\u00e9shez stb.<\/span><\/span><\/p>","protected":false},"featured_media":3357,"template":"","meta":{"_gspb_post_css":""},"product_brand":[314],"product_cat":[21,144,327],"product_tag":[170,337,208],"class_list":{"0":"post-3184","1":"product","2":"type-product","3":"status-publish","4":"has-post-thumbnail","6":"product_brand-infiray","7":"product_cat-optika","8":"product_cat-termovizie","9":"product_cat-termovizne-monokulary","10":"product_tag-infiray","11":"product_tag-termovizny-monokular","12":"product_tag-zoom","14":"first","15":"instock","16":"taxable","17":"shipping-taxable","18":"purchasable","19":"product-type-simple"},"ct_brands":[{"id":314,"name":"Infiray","slug":"infiray"}],"_links":{"self":[{"href":"https:\/\/zbranebudai.sk\/hu\/wp-json\/wp\/v2\/product\/3184","targetHints":{"allow":["GET"]}}],"collection":[{"href":"https:\/\/zbranebudai.sk\/hu\/wp-json\/wp\/v2\/product"}],"about":[{"href":"https:\/\/zbranebudai.sk\/hu\/wp-json\/wp\/v2\/types\/product"}],"wp:featuredmedia":[{"embeddable":true,"href":"https:\/\/zbranebudai.sk\/hu\/wp-json\/wp\/v2\/media\/3357"}],"wp:attachment":[{"href":"https:\/\/zbranebudai.sk\/hu\/wp-json\/wp\/v2\/media?parent=3184"}],"wp:term":[{"taxonomy":"product_brand","embeddable":true,"href":"https:\/\/zbranebudai.sk\/hu\/wp-json\/wp\/v2\/product_brand?post=3184"},{"taxonomy":"product_cat","embeddable":true,"href":"https:\/\/zbranebudai.sk\/hu\/wp-json\/wp\/v2\/product_cat?post=3184"},{"taxonomy":"product_tag","embeddable":true,"href":"https:\/\/zbranebudai.sk\/hu\/wp-json\/wp\/v2\/product_tag?post=3184"}],"curies":[{"name":"wp","href":"https:\/\/api.w.org\/{rel}","templated":true}]}}