{"id":3183,"date":"2025-02-01T20:35:04","date_gmt":"2025-02-01T18:35:04","guid":{"rendered":"https:\/\/zbranebudai.sk\/?post_type=product&#038;p=3183"},"modified":"2025-08-31T03:55:32","modified_gmt":"2025-08-31T01:55:32","slug":"infiray-egyedi-uh50-hokamera","status":"publish","type":"product","link":"https:\/\/zbranebudai.sk\/hu\/product\/infiray-unique-uh50-hokamera\/","title":{"rendered":"Infiray UNIQUE UH50 h\u0151kamer\u00e1s monokul\u00e1r"},"content":{"rendered":"<table dir=\"ltr\" border=\"1\" cellspacing=\"0\" cellpadding=\"0\" data-sheets-root=\"1\" data-sheets-baot=\"1\">\n<colgroup>\n<col width=\"375\" \/>\n<col width=\"437\" \/><\/colgroup>\n<tbody>\n<tr>\n<td>\u00c9rz\u00e9kel\u0151 felbont\u00e1sa<\/td>\n<td>640x512px<\/td>\n<\/tr>\n<tr>\n<td>Pixel m\u00e9ret<\/td>\n<td>12\u00b5m<\/td>\n<\/tr>\n<tr>\n<td>NETD - H\u0151m\u00e9rs\u00e9klet-k\u00fcl\u00f6nbs\u00e9ggel egyen\u00e9rt\u00e9k\u0171 zaj (mK)<\/td>\n<td>&lt;25mK<\/td>\n<\/tr>\n<tr>\n<td>Friss\u00edt\u00e9si sebess\u00e9g (Hz)<\/td>\n<td>50Hz<\/td>\n<\/tr>\n<tr>\n<td>Objekt\u00edv lencse (mm)<\/td>\n<td>50mm<\/td>\n<\/tr>\n<tr>\n<td>L\u00e1t\u00f3mez\u0151<\/td>\n<td>8,8\u00b0 x 6,6\u00b0<\/td>\n<\/tr>\n<tr>\n<td>Alapvet\u0151 nagy\u00edt\u00e1s<\/td>\n<td>4x<\/td>\n<\/tr>\n<tr>\n<td>Digit\u00e1lis nagy\u00edt\u00e1s<\/td>\n<td>1x-4x<\/td>\n<\/tr>\n<tr>\n<td>Szemt\u00e1vols\u00e1g \u00e1tm\u00e9r\u0151je<\/td>\n<td>5.5mm<\/td>\n<\/tr>\n<tr>\n<td>Dioptri\u00e1s korrekci\u00f3<\/td>\n<td>5D<\/td>\n<\/tr>\n<tr>\n<td>\u00c9rz\u00e9kel\u00e9s<\/td>\n<td>2600m<\/td>\n<\/tr>\n<tr>\n<td>Megjelen\u00edt\u00e9s t\u00edpusa<\/td>\n<td>AMOLED<\/td>\n<\/tr>\n<tr>\n<td>Az akkumul\u00e1tor \u00e9lettartama<\/td>\n<td>2x10h<\/td>\n<\/tr>\n<tr>\n<td>Digit\u00e1lis ir\u00e1nyt\u0171<\/td>\n<td>Igen<\/td>\n<\/tr>\n<tr>\n<td>Wi-Fi<\/td>\n<td>Igen<\/td>\n<\/tr>\n<tr>\n<td>Hangfelv\u00e9tel<\/td>\n<td>Igen<\/td>\n<\/tr>\n<tr>\n<td>Alkalmaz\u00e1s<\/td>\n<td>Igen<\/td>\n<\/tr>\n<tr>\n<td>Csatlakoz\u00e1s t\u00edpusa<\/td>\n<td>USB-C<\/td>\n<\/tr>\n<tr>\n<td>T\u00e1rhely<\/td>\n<td>32GB<\/td>\n<\/tr>\n<tr>\n<td>V\u00edzhatlan<\/td>\n<td>IP67<\/td>\n<\/tr>\n<tr>\n<td>S\u00faly<\/td>\n<td>650g<\/td>\n<\/tr>\n<tr>\n<td>M\u00e9retek<\/td>\n<td>205x65x60mm<\/td>\n<\/tr>\n<\/tbody>\n<\/table>\n<p><a href=\"https:\/\/www.infirayoutdoor.com\/thermal-imaging-monocular-unique-series\">https:\/\/www.infirayoutdoor.com\/thermal-imaging-monocular-unique-series<\/a>.<\/p>","protected":false},"excerpt":{"rendered":"<p>Az UNIQUE egy h\u0151kamer\u00e1s monokul\u00e1r az ig\u00e9nyes felhaszn\u00e1l\u00f3k sz\u00e1m\u00e1ra, akiknek tiszta \u00e9s vil\u00e1gos, r\u00e9szletgazdag k\u00e9pre van sz\u00fcks\u00e9g\u00fck. Az Unique \u00faj 640x512px felbont\u00e1s\u00fa \u00e9rz\u00e9kel\u0151vel \u00e9s sz\u00ednes AMOLED kijelz\u0151vel van felszerelve. Ide\u00e1lis seg\u00edt\u0151je azoknak, akik monokul\u00e1rt keresnek nagy hat\u00f3t\u00e1vols\u00e1g\u00fa vad azonos\u00edt\u00e1s\u00e1ra.<\/p>","protected":false},"featured_media":3349,"template":"","meta":{"_gspb_post_css":""},"product_brand":[314],"product_cat":[21,144,327],"product_tag":[170,337,207],"class_list":{"0":"post-3183","1":"product","2":"type-product","3":"status-publish","4":"has-post-thumbnail","6":"product_brand-infiray","7":"product_cat-optika","8":"product_cat-termovizie","9":"product_cat-termovizne-monokulary","10":"product_tag-infiray","11":"product_tag-termovizny-monokular","12":"product_tag-unique","14":"first","15":"instock","16":"taxable","17":"shipping-taxable","18":"purchasable","19":"product-type-simple"},"ct_brands":[{"id":314,"name":"Infiray","slug":"infiray"}],"_links":{"self":[{"href":"https:\/\/zbranebudai.sk\/hu\/wp-json\/wp\/v2\/product\/3183","targetHints":{"allow":["GET"]}}],"collection":[{"href":"https:\/\/zbranebudai.sk\/hu\/wp-json\/wp\/v2\/product"}],"about":[{"href":"https:\/\/zbranebudai.sk\/hu\/wp-json\/wp\/v2\/types\/product"}],"wp:featuredmedia":[{"embeddable":true,"href":"https:\/\/zbranebudai.sk\/hu\/wp-json\/wp\/v2\/media\/3349"}],"wp:attachment":[{"href":"https:\/\/zbranebudai.sk\/hu\/wp-json\/wp\/v2\/media?parent=3183"}],"wp:term":[{"taxonomy":"product_brand","embeddable":true,"href":"https:\/\/zbranebudai.sk\/hu\/wp-json\/wp\/v2\/product_brand?post=3183"},{"taxonomy":"product_cat","embeddable":true,"href":"https:\/\/zbranebudai.sk\/hu\/wp-json\/wp\/v2\/product_cat?post=3183"},{"taxonomy":"product_tag","embeddable":true,"href":"https:\/\/zbranebudai.sk\/hu\/wp-json\/wp\/v2\/product_tag?post=3183"}],"curies":[{"name":"wp","href":"https:\/\/api.w.org\/{rel}","templated":true}]}}