{"id":3173,"date":"2025-02-01T20:34:39","date_gmt":"2025-02-01T18:34:39","guid":{"rendered":"https:\/\/zbranebudai.sk\/?post_type=product&#038;p=3173"},"modified":"2025-08-31T03:55:32","modified_gmt":"2025-08-31T01:55:32","slug":"infiray-tubus-tl50-hokamera-celtavcso","status":"publish","type":"product","link":"https:\/\/zbranebudai.sk\/hu\/product\/infiray-tube-tl50-hokamera-celtavcso\/","title":{"rendered":"Infiray TUBE TL50 h\u0151kamer\u00e1s l\u00e1tcs\u0151"},"content":{"rendered":"<table dir=\"ltr\" border=\"1\" cellspacing=\"0\" cellpadding=\"0\" data-sheets-root=\"1\" data-sheets-baot=\"1\">\n<colgroup>\n<col width=\"375\" \/>\n<col width=\"437\" \/><\/colgroup>\n<tbody>\n<tr>\n<td>Term\u00e9kle\u00edr\u00e1s<\/td>\n<td>\u00c9rt\u00e9k<\/td>\n<\/tr>\n<tr>\n<td>\u00c9rz\u00e9kel\u0151 felbont\u00e1sa<\/td>\n<td>384x288px<\/td>\n<\/tr>\n<tr>\n<td>Pixel m\u00e9ret<\/td>\n<td>12\u00b5m<\/td>\n<\/tr>\n<tr>\n<td>NETD - \u00c9rz\u00e9kel\u0151 \u00e9rz\u00e9kenys\u00e9ge a h\u0151m\u00e9rs\u00e9klet-k\u00fcl\u00f6nbs\u00e9gekre<\/td>\n<td>&lt;40mK<\/td>\n<\/tr>\n<tr>\n<td>Friss\u00edt\u00e9si sebess\u00e9g (Hz)<\/td>\n<td>50Hz<\/td>\n<\/tr>\n<tr>\n<td>Objekt\u00edv lencse (mm)<\/td>\n<td>50mm<\/td>\n<\/tr>\n<tr>\n<td>L\u00e1t\u00f3mez\u0151<\/td>\n<td>5,2\u00b0 x 4,0\u00b0<\/td>\n<\/tr>\n<tr>\n<td>Nagy\u00edt\u00e1s<\/td>\n<td>4x-16x<\/td>\n<\/tr>\n<tr>\n<td>Szemkiemel\u00e9s<\/td>\n<td>70mm<\/td>\n<\/tr>\n<tr>\n<td>Szemt\u00e1vols\u00e1g \u00e1tm\u00e9r\u0151je<\/td>\n<td>6mm<\/td>\n<\/tr>\n<tr>\n<td>Dioptri\u00e1s korrekci\u00f3<\/td>\n<td>-4 - +4<\/td>\n<\/tr>\n<tr>\n<td>\u00c9rz\u00e9kel\u00e9s<\/td>\n<td>2600m<\/td>\n<\/tr>\n<tr>\n<td>Megjelen\u00edt\u00e9s t\u00edpusa<\/td>\n<td>AMOLED<\/td>\n<\/tr>\n<tr>\n<td>Kijelz\u0151 felbont\u00e1sa<\/td>\n<td>1024x768px<\/td>\n<\/tr>\n<tr>\n<td>Akkumul\u00e1tor t\u00edpusa<\/td>\n<td>1. bels\u0151 (6600mAh) + 2. cser\u00e9lhet\u0151 18500<\/td>\n<\/tr>\n<tr>\n<td>Az akkumul\u00e1tor \u00e9lettartama<\/td>\n<td>15h (bels\u0151 + k\u00fcls\u0151)<\/td>\n<\/tr>\n<tr>\n<td>Wi-Fi<\/td>\n<td>Igen<\/td>\n<\/tr>\n<tr>\n<td>Fot\u00f3\/Vide\u00f3<\/td>\n<td>Igen<\/td>\n<\/tr>\n<tr>\n<td>Hangfelv\u00e9tel<\/td>\n<td>Igen<\/td>\n<\/tr>\n<tr>\n<td>Bluetooth<\/td>\n<td>Igen<\/td>\n<\/tr>\n<tr>\n<td>L\u00e9zeres t\u00e1vols\u00e1gm\u00e9r\u0151<\/td>\n<td>Igen, opcion\u00e1lis - megv\u00e1s\u00e1rolhat\u00f3<\/td>\n<\/tr>\n<tr>\n<td>Csatlakoz\u00e1s t\u00edpusa<\/td>\n<td>USB-C<\/td>\n<\/tr>\n<tr>\n<td>T\u00e1rhely<\/td>\n<td>32GB<\/td>\n<\/tr>\n<tr>\n<td>V\u00edz\u00e1ll\u00f3<\/td>\n<td>IP67<\/td>\n<\/tr>\n<tr>\n<td>S\u00faly<\/td>\n<td>985g<\/td>\n<\/tr>\n<tr>\n<td>M\u00e9retek<\/td>\n<td>390x85x75mm<\/td>\n<\/tr>\n<tr>\n<td>Cs\u0151 \u00e1tm\u00e9r\u0151je<\/td>\n<td>30mm<\/td>\n<\/tr>\n<\/tbody>\n<\/table>\n<p><span style=\"font-weight: 400;\"><br \/>\n<\/span><a href=\"https:\/\/www.infirayoutdoor.com\/thermal-imaging-riflescope-tube-tl50tl35v2\">https:\/\/www.infirayoutdoor.com\/thermal-imaging-riflescope-tube-tl50tl35v2<\/a>.<\/p>","protected":false},"excerpt":{"rendered":"<p>A TUBE TL50 V2 be\u00e9p\u00edtett mikrofonnal rendelkezik a m\u00e9g nagyobb vad\u00e1sz\u00e9lm\u00e9ny \u00e9rdek\u00e9ben, nagy felbont\u00e1s\u00fa AMOLED kijelz\u0151vel, \u00e9s ami a legfontosabb, egy k\u00fcls\u0151 t\u00e1vols\u00e1gm\u00e9r\u0151 csatlakoztat\u00e1s\u00e1nak lehet\u0151s\u00e9g\u00e9vel, amely Bluetooth technol\u00f3gi\u00e1n kereszt\u00fcl kommunik\u00e1l a k\u00e9sz\u00fcl\u00e9kkel. Mostant\u00f3l semmi sem fogja korl\u00e1tozni a vad\u00e1szat sor\u00e1n. A TUBE h\u0151t\u00e1vcs\u00f6vek nagy k\u00e9nyelmet ny\u00fajtanak c\u00e9lz\u00e1s k\u00f6zben, k\u00f6sz\u00f6nhet\u0151en a fegyveren l\u00e9v\u0151 kis s\u00falynak, a kiv\u00e1l\u00f3 s\u00falyeloszt\u00e1snak \u00e9s a kateg\u00f3ri\u00e1j\u00e1ban legjobb param\u00e9tereknek.<\/p>","protected":false},"featured_media":3343,"template":"","meta":{"_gspb_post_css":""},"product_brand":[314],"product_cat":[21,144,329,326],"product_tag":[170,362,345,206],"class_list":{"0":"post-3173","1":"product","2":"type-product","3":"status-publish","4":"has-post-thumbnail","6":"product_brand-infiray","7":"product_cat-optika","8":"product_cat-termovizie","9":"product_cat-termovizne-puskohlady","10":"product_cat-termovizne-zameriavace","11":"product_tag-infiray","12":"product_tag-termovizny-puskohlad","13":"product_tag-termovizny-zameriavac","14":"product_tag-tube","16":"first","17":"instock","18":"taxable","19":"shipping-taxable","20":"purchasable","21":"product-type-simple"},"ct_brands":[{"id":314,"name":"Infiray","slug":"infiray"}],"_links":{"self":[{"href":"https:\/\/zbranebudai.sk\/hu\/wp-json\/wp\/v2\/product\/3173","targetHints":{"allow":["GET"]}}],"collection":[{"href":"https:\/\/zbranebudai.sk\/hu\/wp-json\/wp\/v2\/product"}],"about":[{"href":"https:\/\/zbranebudai.sk\/hu\/wp-json\/wp\/v2\/types\/product"}],"wp:featuredmedia":[{"embeddable":true,"href":"https:\/\/zbranebudai.sk\/hu\/wp-json\/wp\/v2\/media\/3343"}],"wp:attachment":[{"href":"https:\/\/zbranebudai.sk\/hu\/wp-json\/wp\/v2\/media?parent=3173"}],"wp:term":[{"taxonomy":"product_brand","embeddable":true,"href":"https:\/\/zbranebudai.sk\/hu\/wp-json\/wp\/v2\/product_brand?post=3173"},{"taxonomy":"product_cat","embeddable":true,"href":"https:\/\/zbranebudai.sk\/hu\/wp-json\/wp\/v2\/product_cat?post=3173"},{"taxonomy":"product_tag","embeddable":true,"href":"https:\/\/zbranebudai.sk\/hu\/wp-json\/wp\/v2\/product_tag?post=3173"}],"curies":[{"name":"wp","href":"https:\/\/api.w.org\/{rel}","templated":true}]}}