{"id":3164,"date":"2025-02-01T20:34:13","date_gmt":"2025-02-01T18:34:13","guid":{"rendered":"https:\/\/zbranebudai.sk\/?post_type=product&#038;p=3164"},"modified":"2025-08-31T03:55:32","modified_gmt":"2025-08-31T01:55:32","slug":"infiray-saim-sct35-v2-hokamera-celtavcso","status":"publish","type":"product","link":"https:\/\/zbranebudai.sk\/hu\/product\/infiray-saim-sct35-v2-hokamera-celtavcso\/","title":{"rendered":"Infiray SAIM SCT35 V2 h\u0151kamer\u00e1s l\u00e1t\u00f3sz\u00f6g"},"content":{"rendered":"<p><span data-darkreader-inline-color=\"\"><strong>Jellemz\u0151k:<\/strong><\/span><\/p>\n<p><span data-darkreader-inline-color=\"\">- h\u0151kamer\u00e1s l\u00e1t\u00f3sz\u00f6g (nincs sz\u00fcks\u00e9g k\u00fcl\u00f6n enged\u00e9lyre)<\/span><br \/>\n<span data-darkreader-inline-color=\"\">- k\u00f6nny\u0171 r\u00f6gz\u00edt\u00e9s a Weaver r\u00f6gz\u00edt\u00e9ssel<\/span><br \/>\n<span data-darkreader-inline-color=\"\">- k\u00f6nny\u0171, kompakt, visszar\u00fag\u00e1s\u00e1ll\u00f3 test<\/span><br \/>\n<span data-darkreader-inline-color=\"\">- felhaszn\u00e1l\u00f3bar\u00e1t h\u00e1romgombos vez\u00e9rl\u00e9s<\/span><br \/>\n<span data-darkreader-inline-color=\"\">- Ultraclear \u00fczemm\u00f3d a maxim\u00e1lis r\u00e9szletess\u00e9ghez rossz id\u0151j\u00e1r\u00e1si k\u00f6r\u00fclm\u00e9nyek k\u00f6z\u00f6tt is<\/span><br \/>\n<span data-darkreader-inline-color=\"\">- n\u00e9gy sz\u00edn\u0171 k\u00e9ppaletta<\/span><br \/>\n<span data-darkreader-inline-color=\"\">- PIP funkci\u00f3 - k\u00e9p a k\u00e9pben<\/span><br \/>\n<span data-darkreader-inline-color=\"\">- automatikus\/manu\u00e1lis kalibr\u00e1l\u00e1s<\/span><br \/>\n<span data-darkreader-inline-color=\"\">- feh\u00e9r \u00fczemm\u00f3d be\u00e1ll\u00edt\u00e1sa<\/span><br \/>\n<span data-darkreader-inline-color=\"\">- a kijelz\u0151 f\u00e9nyerej\u00e9nek be\u00e1ll\u00edt\u00e1sa<\/span><br \/>\n<span data-darkreader-inline-color=\"\">- a k\u00e9p \u00e9less\u00e9g\u00e9nek, f\u00e9nyerej\u00e9nek \u00e9s kontrasztj\u00e1nak be\u00e1ll\u00edt\u00e1sa<\/span><br \/>\n<span data-darkreader-inline-color=\"\">- integr\u00e1lt ar\u00e1ny\u00fa t\u00e1vols\u00e1gm\u00e9r\u0151<\/span><br \/>\n<span data-darkreader-inline-color=\"\">- 4 f\u00e9le sz\u00e1nd\u00e9kos tanterv v\u00e1laszthat\u00f3 4 sz\u00ednben<\/span><br \/>\n<span data-darkreader-inline-color=\"\">- light One Shot Zero m\u00f3dszer<\/span><br \/>\n<span data-darkreader-inline-color=\"\">- 4 k\u00fcl\u00f6nb\u00f6z\u0151 l\u00f6v\u00e9s ment\u00e9se a t\u00e1vols\u00e1g, fegyvert\u00edpus, kaliber stb. szerint.<\/span><br \/>\n<span data-darkreader-inline-color=\"\">- pixelhiba-kompenz\u00e1ci\u00f3s funkci\u00f3<\/span><br \/>\n<span data-darkreader-inline-color=\"\">- a f\u00e9nyk\u00e9pez\u00e9s \u00e9s vide\u00f3z\u00e1s lehet\u0151s\u00e9ge<\/span><br \/>\n<span data-darkreader-inline-color=\"\">- videokimenet<\/span><br \/>\n<span data-darkreader-inline-color=\"\">- Wi-Fi a k\u00e9sz\u00fcl\u00e9k PC-hez, laptophoz val\u00f3 csatlakoztat\u00e1s\u00e1hoz<\/span><br \/>\n<span data-darkreader-inline-color=\"\">- Alkalmaz\u00e1s val\u00f3s idej\u0171 k\u00e9pmegfigyel\u00e9shez, \u00f6sszekapcsol\u00e1shoz \u00e9s a h\u0151kamer\u00e1s k\u00e9palkot\u00e1s vez\u00e9rl\u00e9s\u00e9hez okostelefonon kereszt\u00fcl<\/span><br \/>\n<span data-darkreader-inline-color=\"\">- digit\u00e1lis ir\u00e1nyt\u0171<\/span><br \/>\n<span data-darkreader-inline-color=\"\">- d\u0151l\u00e9s\u00e9rz\u00e9kel\u0151<\/span><br \/>\n<span data-darkreader-inline-color=\"\">- k\u00fcls\u0151 t\u00e1pegys\u00e9g haszn\u00e1lat\u00e1nak lehet\u0151s\u00e9ge<\/span><\/p>\n<table dir=\"ltr\" border=\"1\" cellspacing=\"0\" cellpadding=\"0\" data-sheets-root=\"1\" data-sheets-baot=\"1\">\n<colgroup>\n<col width=\"375\" \/>\n<col width=\"437\" \/><\/colgroup>\n<tbody>\n<tr>\n<td>Nagy\u00edt\u00e1s<\/td>\n<td>3x optikai, digit\u00e1lis 2x, 4x, PIP<\/td>\n<\/tr>\n<tr>\n<td>Felbont\u00e1s, magt\u00edpus<\/td>\n<td>384\u00d7288 px, Ker\u00e1mia VOx, 12\u03bcm<\/td>\n<\/tr>\n<tr>\n<td>Lencse lencse \u00e1tm\u00e9r\u0151je<\/td>\n<td>\u00d8 35 mm<\/td>\n<\/tr>\n<tr>\n<td>K\u00e9pfriss\u00edt\u00e9si sebess\u00e9g<\/td>\n<td>50 Hz (PAL), 60 Hz (NTSC)<\/td>\n<\/tr>\n<tr>\n<td>Megjelen\u00edt\u00e9s t\u00edpusa<\/td>\n<td>1024\u00d7768 px, OLED<\/td>\n<\/tr>\n<tr>\n<td>L\u00e1t\u00f3mez\u0151<\/td>\n<td>7,5\u00b0x5,7\u00b0<\/td>\n<\/tr>\n<tr>\n<td>\u00c9rz\u00e9kel\u00e9si t\u00e1vols\u00e1gok (m)<\/td>\n<td>C\u00e9lpont 1,7 m x 0,5 m, P(n)=99%, 1818 m<\/td>\n<\/tr>\n<tr>\n<td>K\u00e9p sz\u00ednpaletta<\/td>\n<td>4 t\u00edpus<\/td>\n<\/tr>\n<tr>\n<td>Tervezett tantervek<\/td>\n<td>4 t\u00edpus \/ 4 sz\u00edn<\/td>\n<\/tr>\n<tr>\n<td>T\u00e1vm\u00e9r\u0151<\/td>\n<td>Igen<\/td>\n<\/tr>\n<tr>\n<td>Fot\u00f3\/vide\u00f3 beszerz\u00e9se<\/td>\n<td>Igen<\/td>\n<\/tr>\n<tr>\n<td>Wi-Fi<\/td>\n<td>Igen<\/td>\n<\/tr>\n<tr>\n<td>Akkumul\u00e1torok<\/td>\n<td>2 db CR123 \/ 3,0 V vagy 3,7 V (nem tartoz\u00e9k)<\/td>\n<\/tr>\n<tr>\n<td>Akkumul\u00e1tor \u00fczemid\u0151<\/td>\n<td>\n<div>\n<div>ak\u00e1r 3,5 \u00f3ra (a k\u00f6rnyezeti k\u00f6r\u00fclm\u00e9nyekt\u0151l \u00e9s a haszn\u00e1lt funkci\u00f3k gyakoris\u00e1g\u00e1t\u00f3l f\u00fcgg\u0151en)<\/div>\n<\/div>\n<\/td>\n<\/tr>\n<tr>\n<td>\u00dczemi h\u0151m\u00e9rs\u00e9klet<\/td>\n<td>-20\u00b0C \/ +50\u00b0C<\/td>\n<\/tr>\n<tr>\n<td>V\u00edz\u00e1ll\u00f3<\/td>\n<td>IP66<\/td>\n<\/tr>\n<tr>\n<td>Dimenzi\u00f3<\/td>\n<td>195x61x61 mm<\/td>\n<\/tr>\n<tr>\n<td>T\u00f6meg akkumul\u00e1tor n\u00e9lk\u00fcl<\/td>\n<td>420 g<\/td>\n<\/tr>\n<\/tbody>\n<\/table>","protected":false},"excerpt":{"rendered":"<p>Az InfiRay Saim sorozat\u00fa h\u0151kamer\u00e1s c\u00e9lt\u00e1vcs\u00f6vek kiv\u00e1l\u00f3 v\u00e1laszt\u00e1st jelentenek a kiv\u00e1l\u00f3 k\u00e9pmin\u0151s\u00e9get, bev\u00e1lt technol\u00f3gi\u00e1t \u00e9s kiv\u00e1l\u00f3 \u00e1rat ig\u00e9nyl\u0151 \u00fcgyfelek sz\u00e1m\u00e1ra. Az InfiRay Saim sorozat\u00fa h\u0151kamer\u00e1s c\u00e9lz\u00f3k\u00e9sz\u00fcl\u00e9kek fontos el\u0151nye a kompakt test kialak\u00edt\u00e1sa, mik\u00f6zben a visszar\u00fag\u00e1s\u00e1ll\u00f3 kialak\u00edt\u00e1s megmarad. Ezek a jellemz\u0151k nem t\u00fal gyakran jelennek meg az azonos kateg\u00f3ri\u00e1j\u00fa h\u0151kamer\u00e1s c\u00e9lt\u00e1vcs\u00f6vekn\u00e9l.<\/p>","protected":false},"featured_media":3315,"template":"","meta":{"_gspb_post_css":""},"product_brand":[314],"product_cat":[21,144,326],"product_tag":[170,194,345],"class_list":{"0":"post-3164","1":"product","2":"type-product","3":"status-publish","4":"has-post-thumbnail","6":"product_brand-infiray","7":"product_cat-optika","8":"product_cat-termovizie","9":"product_cat-termovizne-zameriavace","10":"product_tag-infiray","11":"product_tag-saim","12":"product_tag-termovizny-zameriavac","14":"first","15":"instock","16":"taxable","17":"shipping-taxable","18":"purchasable","19":"product-type-simple"},"ct_brands":[{"id":314,"name":"Infiray","slug":"infiray"}],"_links":{"self":[{"href":"https:\/\/zbranebudai.sk\/hu\/wp-json\/wp\/v2\/product\/3164","targetHints":{"allow":["GET"]}}],"collection":[{"href":"https:\/\/zbranebudai.sk\/hu\/wp-json\/wp\/v2\/product"}],"about":[{"href":"https:\/\/zbranebudai.sk\/hu\/wp-json\/wp\/v2\/types\/product"}],"wp:featuredmedia":[{"embeddable":true,"href":"https:\/\/zbranebudai.sk\/hu\/wp-json\/wp\/v2\/media\/3315"}],"wp:attachment":[{"href":"https:\/\/zbranebudai.sk\/hu\/wp-json\/wp\/v2\/media?parent=3164"}],"wp:term":[{"taxonomy":"product_brand","embeddable":true,"href":"https:\/\/zbranebudai.sk\/hu\/wp-json\/wp\/v2\/product_brand?post=3164"},{"taxonomy":"product_cat","embeddable":true,"href":"https:\/\/zbranebudai.sk\/hu\/wp-json\/wp\/v2\/product_cat?post=3164"},{"taxonomy":"product_tag","embeddable":true,"href":"https:\/\/zbranebudai.sk\/hu\/wp-json\/wp\/v2\/product_tag?post=3164"}],"curies":[{"name":"wp","href":"https:\/\/api.w.org\/{rel}","templated":true}]}}