{"id":3156,"date":"2025-02-01T20:33:32","date_gmt":"2025-02-01T18:33:32","guid":{"rendered":"https:\/\/zbranebudai.sk\/?post_type=product&#038;p=3156"},"modified":"2025-08-31T03:55:32","modified_gmt":"2025-08-31T01:55:32","slug":"infiray-saim-scl35w-hokamera-celtavcso","status":"publish","type":"product","link":"https:\/\/zbranebudai.sk\/hu\/product\/infiray-saim-scl35w-hokamera-celtavcso\/","title":{"rendered":"Infiray SAIM SCL35W h\u0151kamer\u00e1s l\u00e1t\u00f3sz\u00f6g"},"content":{"rendered":"<p>Az infiRay Saim SCL35W h\u0151kamer\u00e1s l\u00e1tcs\u0151 a legr\u00e9gebbi a term\u00e9kcsal\u00e1dban, \u00e9s a legnagyobb lencs\u00e9je a ritka anyagb\u00f3l, germ\u00e1niumb\u00f3l k\u00e9sz\u00fclt, amely kiv\u00e1l\u00f3 \u00e1tviteli tulajdons\u00e1gokkal rendelkezik, \u00e9s t\u00f6k\u00e9letesen koncentr\u00e1lt adatfolyamot biztos\u00edt a VOx technol\u00f3gi\u00e1t alkalmaz\u00f3, saj\u00e1t tervez\u00e9s\u0171 m\u00e1trixba. Az \u00e9rz\u00e9kel\u0151 t\u00f6bbek k\u00f6z\u00f6tt nagy felbont\u00e1ssal \u00e9s nagy pixels\u0171r\u0171s\u00e9ggel rendelkezik, ami t\u00f6k\u00e9letesen tiszta k\u00e9pet eredm\u00e9nyez val\u00f3s id\u0151ben. A h\u0151m\u00e9rs\u00e9klet-\u00e9rz\u00e9kenys\u00e9g felel\u0151s az\u00e9rt, hogy minden, ami a l\u00e1t\u00f3mez\u0151be esik, nagy r\u00e9szletess\u00e9ggel l\u00e1that\u00f3, ami \"l\u00e1tja\" a kisebb h\u0151m\u00e9rs\u00e9klet-cs\u00f6kken\u00e9sek k\u00f6z\u00f6tti k\u00fcl\u00f6nbs\u00e9get. A gyors objektumok egyenletess\u00e9g\u00e9t, illetve a t\u00e1vcs\u0151 gyors mozg\u00e1sa eset\u00e9n az elmos\u00f3d\u00e1s hi\u00e1ny\u00e1t a k\u00e9pek magas friss\u00edt\u00e9si sebess\u00e9ge biztos\u00edtja.<\/p>\n<table dir=\"ltr\" border=\"1\" cellspacing=\"0\" cellpadding=\"0\" data-sheets-root=\"1\" data-sheets-baot=\"1\">\n<colgroup>\n<col width=\"375\" \/>\n<col width=\"437\" \/><\/colgroup>\n<tbody>\n<tr>\n<td>\u00c9rz\u00e9kel\u0151 felbont\u00e1sa<\/td>\n<td>384x288px<\/td>\n<\/tr>\n<tr>\n<td>Pixel m\u00e9ret<\/td>\n<td>17\u00b5m<\/td>\n<\/tr>\n<tr>\n<td>NETD - H\u0151m\u00e9rs\u00e9klet-k\u00fcl\u00f6nbs\u00e9ggel egyen\u00e9rt\u00e9k\u0171 zaj (mK)<\/td>\n<td>&lt;40mK<\/td>\n<\/tr>\n<tr>\n<td>Friss\u00edt\u00e9si sebess\u00e9g (Hz)<\/td>\n<td>50Hz<\/td>\n<\/tr>\n<tr>\n<td>Objekt\u00edv lencse (mm)<\/td>\n<td>35mm<\/td>\n<\/tr>\n<tr>\n<td>L\u00e1t\u00f3mez\u0151<\/td>\n<td>11\u00b0 x 8\u00b0<\/td>\n<\/tr>\n<tr>\n<td>Alapvet\u0151 nagy\u00edt\u00e1s<\/td>\n<td>2,2x<\/td>\n<\/tr>\n<tr>\n<td>Digit\u00e1lis nagy\u00edt\u00e1s<\/td>\n<td>1x-4x<\/td>\n<\/tr>\n<tr>\n<td>Szemt\u00e1vols\u00e1g \u00e1tm\u00e9r\u0151je<\/td>\n<td>48mm<\/td>\n<\/tr>\n<tr>\n<td>Dioptri\u00e1s korrekci\u00f3<\/td>\n<td>5D<\/td>\n<\/tr>\n<tr>\n<td>\u00c9rz\u00e9kel\u00e9s<\/td>\n<td>1800m<\/td>\n<\/tr>\n<tr>\n<td>Megjelen\u00edt\u00e9s t\u00edpusa<\/td>\n<td>LCOS<\/td>\n<\/tr>\n<tr>\n<td>Az akkumul\u00e1tor \u00e9lettartama<\/td>\n<td>legfeljebb 8 \u00f3ra (hosszabb\u00edt\u00f3 haszn\u00e1lata eset\u00e9n)<\/td>\n<\/tr>\n<tr>\n<td>Akkumul\u00e1tor t\u00edpusa<\/td>\n<td>2x CR123 \/ 2x 16650<\/td>\n<\/tr>\n<tr>\n<td>Digit\u00e1lis ir\u00e1nyt\u0171<\/td>\n<td>Igen<\/td>\n<\/tr>\n<tr>\n<td>Wi-Fi<\/td>\n<td>Igen<\/td>\n<\/tr>\n<tr>\n<td>Hangfelv\u00e9tel<\/td>\n<td>Nem<\/td>\n<\/tr>\n<tr>\n<td>Alkalmaz\u00e1s<\/td>\n<td>Igen<\/td>\n<\/tr>\n<tr>\n<td>Csatlakoz\u00e1s t\u00edpusa<\/td>\n<td>USB-C<\/td>\n<\/tr>\n<tr>\n<td>T\u00e1rhely<\/td>\n<td>16GB<\/td>\n<\/tr>\n<tr>\n<td>V\u00edz\u00e1ll\u00f3s\u00e1g<\/td>\n<td>IP67<\/td>\n<\/tr>\n<tr>\n<td>S\u00faly<\/td>\n<td>420g<\/td>\n<\/tr>\n<tr>\n<td>M\u00e9retek<\/td>\n<td>193x60x60mm<\/td>\n<\/tr>\n<\/tbody>\n<\/table>\n<p><a href=\"https:\/\/www.infirayoutdoor.com\/thermal-imaging-rifle-scope-saim-series\">https:\/\/www.infirayoutdoor.com\/thermal-imaging-rifle-scope-saim-series<\/a>.<\/p>","protected":false},"excerpt":{"rendered":"<p>Az infiRay Saim SCL35W h\u0151kamer\u00e1s l\u00e1tcs\u0151 a legr\u00e9gebbi a term\u00e9kcsal\u00e1dban, \u00e9s a legnagyobb lencs\u00e9je a ritka anyagb\u00f3l, germ\u00e1niumb\u00f3l k\u00e9sz\u00fclt, amely kiv\u00e1l\u00f3 \u00e1tviteli tulajdons\u00e1gokkal rendelkezik, \u00e9s t\u00f6k\u00e9letesen koncentr\u00e1lt adatfolyamot biztos\u00edt a VOx technol\u00f3gi\u00e1t alkalmaz\u00f3, saj\u00e1t tervez\u00e9s\u0171 m\u00e1trixba.<\/p>","protected":false},"featured_media":3306,"template":"","meta":{"_gspb_post_css":""},"product_brand":[314],"product_cat":[21,144,326],"product_tag":[170,194,345],"class_list":{"0":"post-3156","1":"product","2":"type-product","3":"status-publish","4":"has-post-thumbnail","6":"product_brand-infiray","7":"product_cat-optika","8":"product_cat-termovizie","9":"product_cat-termovizne-zameriavace","10":"product_tag-infiray","11":"product_tag-saim","12":"product_tag-termovizny-zameriavac","14":"first","15":"instock","16":"taxable","17":"shipping-taxable","18":"purchasable","19":"product-type-simple"},"ct_brands":[{"id":314,"name":"Infiray","slug":"infiray"}],"_links":{"self":[{"href":"https:\/\/zbranebudai.sk\/hu\/wp-json\/wp\/v2\/product\/3156","targetHints":{"allow":["GET"]}}],"collection":[{"href":"https:\/\/zbranebudai.sk\/hu\/wp-json\/wp\/v2\/product"}],"about":[{"href":"https:\/\/zbranebudai.sk\/hu\/wp-json\/wp\/v2\/types\/product"}],"wp:featuredmedia":[{"embeddable":true,"href":"https:\/\/zbranebudai.sk\/hu\/wp-json\/wp\/v2\/media\/3306"}],"wp:attachment":[{"href":"https:\/\/zbranebudai.sk\/hu\/wp-json\/wp\/v2\/media?parent=3156"}],"wp:term":[{"taxonomy":"product_brand","embeddable":true,"href":"https:\/\/zbranebudai.sk\/hu\/wp-json\/wp\/v2\/product_brand?post=3156"},{"taxonomy":"product_cat","embeddable":true,"href":"https:\/\/zbranebudai.sk\/hu\/wp-json\/wp\/v2\/product_cat?post=3156"},{"taxonomy":"product_tag","embeddable":true,"href":"https:\/\/zbranebudai.sk\/hu\/wp-json\/wp\/v2\/product_tag?post=3156"}],"curies":[{"name":"wp","href":"https:\/\/api.w.org\/{rel}","templated":true}]}}