{"id":3155,"date":"2025-02-01T20:33:32","date_gmt":"2025-02-01T18:33:32","guid":{"rendered":"https:\/\/zbranebudai.sk\/?post_type=product&#038;p=3155"},"modified":"2025-08-31T03:55:32","modified_gmt":"2025-08-31T01:55:32","slug":"infiray-saim-scl25w-hokamera-celtavcso","status":"publish","type":"product","link":"https:\/\/zbranebudai.sk\/hu\/product\/infiray-saim-scl25w-hokamera-celtavcso\/","title":{"rendered":"Infiray SAIM SCL25W h\u0151kamer\u00e1s l\u00e1tcs\u0151"},"content":{"rendered":"<table class=\"table attribute1\" style=\"height: 839px;\" width=\"971\">\n<thead>\n<tr>\n<td colspan=\"2\"><strong>M\u0171szaki adatok<\/strong><\/td>\n<\/tr>\n<\/thead>\n<tbody>\n<tr>\n<td>\u00c9rz\u00e9kel\u0151 m\u00e9rete<\/td>\n<td>384\u00d7288<\/td>\n<\/tr>\n<tr>\n<td>\u00c9rz\u00e9kel\u0151<\/td>\n<td>iRay VOx ker\u00e1mia<\/td>\n<\/tr>\n<tr>\n<td>Pixel s\u0171r\u0171s\u00e9g<\/td>\n<td>17um<\/td>\n<\/tr>\n<tr>\n<td>K\u00e9pkocka sebess\u00e9g<\/td>\n<td>50 Hz<\/td>\n<\/tr>\n<tr>\n<td>\u00c9rz\u00e9kenys\u00e9g<\/td>\n<td>&lt;40mk<\/td>\n<\/tr>\n<tr>\n<td>Lencse anyaga<\/td>\n<td>Germania<\/td>\n<\/tr>\n<tr>\n<td>Objekt\u00edv m\u00e9rete<\/td>\n<td>25 mm<\/td>\n<\/tr>\n<tr>\n<td>N\u00f6velje a  c\u00edmet.<\/td>\n<td>1,4x-5,6x<\/td>\n<\/tr>\n<tr>\n<td>N\u00e9z\u00e9si sz\u00f6g<\/td>\n<td>14.9\u00d711.2<\/td>\n<\/tr>\n<tr>\n<td>Megjelen\u00edt\u00e9s t\u00edpusa<\/td>\n<td>LCOS<\/td>\n<\/tr>\n<tr>\n<td>Kijelz\u0151 felbont\u00e1sa<\/td>\n<td>1280\u00d7960<\/td>\n<\/tr>\n<tr>\n<td>V\u00e9delmi oszt\u00e1ly<\/td>\n<td>IP66<\/td>\n<\/tr>\n<tr>\n<td>\u00dczemi h\u0151m\u00e9rs\u00e9klet<\/td>\n<td>-40C - +50C<\/td>\n<\/tr>\n<tr>\n<td>K\u00fcls\u0151 t\u00e1pl\u00e1lkoz\u00e1s<\/td>\n<td>C t\u00edpus\u00fa USB<\/td>\n<\/tr>\n<tr>\n<td>Nyitva tart\u00e1s<\/td>\n<td>Legfeljebb 4 \u00f3ra<\/td>\n<\/tr>\n<tr>\n<td>T\u00e1pl\u00e1lkoz\u00e1s<\/td>\n<td>RCR123 3.7v x2<\/td>\n<\/tr>\n<tr>\n<td>A retikul\u00e1k megfigyel\u00e9se<\/td>\n<td>4db<\/td>\n<\/tr>\n<tr>\n<td>\u00c9rz\u00e9kel\u00e9si profilok<\/td>\n<td>4db<\/td>\n<\/tr>\n<tr>\n<td>Paletta<\/td>\n<td>4db<\/td>\n<\/tr>\n<tr>\n<td>\u00dct\u00e9s\u00e1ll\u00f3s\u00e1g<\/td>\n<td>6000J<\/td>\n<\/tr>\n<tr>\n<td>T\u00e1vm\u00e9r\u0151<\/td>\n<td>Metrikus<\/td>\n<\/tr>\n<tr>\n<td>Wi-Fi modul<\/td>\n<td>Igen<\/td>\n<\/tr>\n<tr>\n<td>M\u00e9ret (mm)<\/td>\n<td>180 x 60 x 60 x 60<\/td>\n<\/tr>\n<tr>\n<td>S\u00faly<\/td>\n<td>410g<\/td>\n<\/tr>\n<tr>\n<td>Sz\u00e1rmaz\u00e1si orsz\u00e1g<\/td>\n<td>K\u00edna<\/td>\n<\/tr>\n<tr>\n<td>Garancia<\/td>\n<td>2 \u00e9v<\/td>\n<\/tr>\n<\/tbody>\n<thead>\n<tr>\n<td colspan=\"2\"><strong>Teljes\u00edtm\u00e9ny<\/strong><\/td>\n<\/tr>\n<\/thead>\n<tbody>\n<tr>\n<td>\u00c9rz\u00e9kel\u00e9s (1,7 m x 0,5 m)<\/td>\n<td>916m<\/td>\n<\/tr>\n<tr>\n<td>Felismer\u00e9s (1,7 m x 0,5 m)<\/td>\n<td>366m<\/td>\n<\/tr>\n<\/tbody>\n<tbody class=\"tmodel\">\n<tr>\n<td>Term\u00e9kk\u00f3d:<\/td>\n<td>SCL25<\/td>\n<\/tr>\n<\/tbody>\n<\/table>\n<p><a href=\"https:\/\/www.infirayoutdoor.com\/thermal-imaging-rifle-scope-saim-series\">https:\/\/www.infirayoutdoor.com\/thermal-imaging-rifle-scope-saim-series<\/a>.<\/p>","protected":false},"excerpt":{"rendered":"<p>Az UltraClear akt\u00edv k\u00e9pfeldolgoz\u00f3val a legr\u00e9szletesebb k\u00e9pet kapja. Mostant\u00f3l sokkal r\u00e9szletesebb k\u00e9pet kaphat kih\u00edv\u00e1st jelent\u0151 l\u00e1t\u00e1si k\u00f6r\u00fclm\u00e9nyek k\u00f6z\u00f6tt, es\u0151ben, k\u00f6dben, h\u00f3ban vagy homokviharban. Ak\u00e1r 20% jobb k\u00e9p az anal\u00f3gokhoz k\u00e9pest.<\/p>","protected":false},"featured_media":3305,"template":"","meta":{"_gspb_post_css":""},"product_brand":[314],"product_cat":[21,144,326],"product_tag":[170,194,345],"class_list":{"0":"post-3155","1":"product","2":"type-product","3":"status-publish","4":"has-post-thumbnail","6":"product_brand-infiray","7":"product_cat-optika","8":"product_cat-termovizie","9":"product_cat-termovizne-zameriavace","10":"product_tag-infiray","11":"product_tag-saim","12":"product_tag-termovizny-zameriavac","14":"first","15":"instock","16":"taxable","17":"shipping-taxable","18":"purchasable","19":"product-type-simple"},"ct_brands":[{"id":314,"name":"Infiray","slug":"infiray"}],"_links":{"self":[{"href":"https:\/\/zbranebudai.sk\/hu\/wp-json\/wp\/v2\/product\/3155","targetHints":{"allow":["GET"]}}],"collection":[{"href":"https:\/\/zbranebudai.sk\/hu\/wp-json\/wp\/v2\/product"}],"about":[{"href":"https:\/\/zbranebudai.sk\/hu\/wp-json\/wp\/v2\/types\/product"}],"wp:featuredmedia":[{"embeddable":true,"href":"https:\/\/zbranebudai.sk\/hu\/wp-json\/wp\/v2\/media\/3305"}],"wp:attachment":[{"href":"https:\/\/zbranebudai.sk\/hu\/wp-json\/wp\/v2\/media?parent=3155"}],"wp:term":[{"taxonomy":"product_brand","embeddable":true,"href":"https:\/\/zbranebudai.sk\/hu\/wp-json\/wp\/v2\/product_brand?post=3155"},{"taxonomy":"product_cat","embeddable":true,"href":"https:\/\/zbranebudai.sk\/hu\/wp-json\/wp\/v2\/product_cat?post=3155"},{"taxonomy":"product_tag","embeddable":true,"href":"https:\/\/zbranebudai.sk\/hu\/wp-json\/wp\/v2\/product_tag?post=3155"}],"curies":[{"name":"wp","href":"https:\/\/api.w.org\/{rel}","templated":true}]}}