{"id":3154,"date":"2025-02-01T20:33:32","date_gmt":"2025-02-01T18:33:32","guid":{"rendered":"https:\/\/zbranebudai.sk\/?post_type=product&#038;p=3154"},"modified":"2025-02-08T10:36:36","modified_gmt":"2025-02-08T08:36:36","slug":"infiray-saim-scp19w-hokamera-celtavcso","status":"publish","type":"product","link":"https:\/\/zbranebudai.sk\/hu\/product\/infiray-saim-scp19w-hokamera-celtavcso\/","title":{"rendered":"Infiray SAIM SCP19W h\u0151kamer\u00e1s l\u00e1tcs\u0151"},"content":{"rendered":"<div class=\"product-specification-title\"><strong><span data-darkreader-inline-color=\"\">TERM\u00c9KLE\u00cdR\u00c1S<\/span><\/strong><\/div>\n<div class=\"product-specification-title\"><\/div>\n<div class=\"product-specification-content\">\n<table border=\"1\">\n<tbody>\n<tr>\n<td><span data-darkreader-inline-color=\"\">\u00c9rz\u00e9kel\u0151 felbont\u00e1sa<\/span><\/td>\n<td><span data-darkreader-inline-color=\"\">256x192px<\/span><\/td>\n<\/tr>\n<tr>\n<td><span data-darkreader-inline-color=\"\">Pixel m\u00e9ret<\/span><\/td>\n<td><span data-darkreader-inline-color=\"\">12\u00b5m<\/span><\/td>\n<\/tr>\n<tr>\n<td><span data-darkreader-inline-color=\"\">NETD - H\u0151m\u00e9rs\u00e9klet-k\u00fcl\u00f6nbs\u00e9ggel egyen\u00e9rt\u00e9k\u0171 zaj (mK)<\/span><\/td>\n<td><span data-darkreader-inline-color=\"\">&lt;40mK<\/span><\/td>\n<\/tr>\n<tr>\n<td><span data-darkreader-inline-color=\"\">Friss\u00edt\u00e9si sebess\u00e9g (Hz)<\/span><\/td>\n<td><span data-darkreader-inline-color=\"\">50Hz<\/span><\/td>\n<\/tr>\n<tr>\n<td><span data-darkreader-inline-color=\"\">Objekt\u00edv lencse (mm)<\/span><\/td>\n<td><span data-darkreader-inline-color=\"\">19mm<\/span><\/td>\n<\/tr>\n<tr>\n<td><span data-darkreader-inline-color=\"\">L\u00e1t\u00f3mez\u0151<\/span><\/td>\n<td><span data-darkreader-inline-color=\"\">9,2\u00b0 x 6,9\u00b0<\/span><\/td>\n<\/tr>\n<tr>\n<td><span data-darkreader-inline-color=\"\">Alapvet\u0151 nagy\u00edt\u00e1s<\/span><\/td>\n<td><span data-darkreader-inline-color=\"\">2,3x<\/span><\/td>\n<\/tr>\n<tr>\n<td><span data-darkreader-inline-color=\"\">Digit\u00e1lis nagy\u00edt\u00e1s<\/span><\/td>\n<td><span data-darkreader-inline-color=\"\">1x-2x<\/span><\/td>\n<\/tr>\n<tr>\n<td><span data-darkreader-inline-color=\"\">Szemt\u00e1vols\u00e1g \u00e1tm\u00e9r\u0151je<\/span><\/td>\n<td><span data-darkreader-inline-color=\"\">5.5mm<\/span><\/td>\n<\/tr>\n<tr>\n<td><span data-darkreader-inline-color=\"\">Dioptri\u00e1s korrekci\u00f3<\/span><\/td>\n<td><span data-darkreader-inline-color=\"\">5D<\/span><\/td>\n<\/tr>\n<tr>\n<td><span data-darkreader-inline-color=\"\">\u00c9rz\u00e9kel\u00e9s\u00a0<\/span><\/td>\n<td><span data-darkreader-inline-color=\"\">1000m<\/span><\/td>\n<\/tr>\n<tr>\n<td><span data-darkreader-inline-color=\"\">Megjelen\u00edt\u00e9s t\u00edpusa<\/span><\/td>\n<td><span data-darkreader-inline-color=\"\">LCOS<\/span><\/td>\n<\/tr>\n<tr>\n<td><span data-darkreader-inline-color=\"\">Az akkumul\u00e1tor \u00e9lettartama<\/span><\/td>\n<td><span data-darkreader-inline-color=\"\">6 \u00f3ra CR123 haszn\u00e1lata eset\u00e9n \u00e9s legfeljebb 11 \u00f3ra hosszabb\u00edt\u00f3 haszn\u00e1lata eset\u00e9n<\/span><\/td>\n<\/tr>\n<tr>\n<td><span data-darkreader-inline-color=\"\">Digit\u00e1lis ir\u00e1nyt\u0171<\/span><\/td>\n<td><span data-darkreader-inline-color=\"\">Igen<\/span><\/td>\n<\/tr>\n<tr>\n<td><span data-darkreader-inline-color=\"\">Wi-Fi<\/span><\/td>\n<td><span data-darkreader-inline-color=\"\">Igen<\/span><\/td>\n<\/tr>\n<tr>\n<td><span data-darkreader-inline-color=\"\">Hangfelv\u00e9tel<\/span><\/td>\n<td><span data-darkreader-inline-color=\"\">Nem<\/span><\/td>\n<\/tr>\n<tr>\n<td><span data-darkreader-inline-color=\"\">Alkalmaz\u00e1s<\/span><\/td>\n<td><span data-darkreader-inline-color=\"\">Igen<\/span><\/td>\n<\/tr>\n<tr>\n<td><span data-darkreader-inline-color=\"\">Csatlakoz\u00e1s t\u00edpusa<\/span><\/td>\n<td><span data-darkreader-inline-color=\"\">USB-C<\/span><\/td>\n<\/tr>\n<tr>\n<td><span data-darkreader-inline-color=\"\">T\u00e1rhely\u00a0<\/span><\/td>\n<td><span data-darkreader-inline-color=\"\">16GB<\/span><\/td>\n<\/tr>\n<tr>\n<td><span data-darkreader-inline-color=\"\">V\u00edz\u00e1ll\u00f3<\/span><\/td>\n<td><span data-darkreader-inline-color=\"\">IP67<\/span><\/td>\n<\/tr>\n<tr>\n<td><span data-darkreader-inline-color=\"\">S\u00faly<\/span><\/td>\n<td><span data-darkreader-inline-color=\"\">370g<\/span><\/td>\n<\/tr>\n<tr>\n<td><span data-darkreader-inline-color=\"\">M\u00e9retek<\/span><\/td>\n<td><span data-darkreader-inline-color=\"\">150x60x60mm<\/span><\/td>\n<\/tr>\n<\/tbody>\n<\/table>\n<\/div>\n<p><a href=\"https:\/\/www.infirayoutdoor.com\/thermal-imaging-rifle-scope-saim-series\">https:\/\/www.infirayoutdoor.com\/thermal-imaging-rifle-scope-saim-series<\/a>.<\/p>","protected":false},"excerpt":{"rendered":"<p>A SAIM SCP19 W egy kompakt \u00e9s egyszer\u0171 modell, amely k\u00fcl\u00f6n\u00f6sen alkalmas a kezd\u0151 vad\u00e1szok sz\u00e1m\u00e1ra. A 256x192px,12\u03bcm-es \u00e9rz\u00e9kel\u0151, az 1280x960px felbont\u00e1s\u00fa LCOS kijelz\u0151 \u00e9s a 19mm-es lencse ak\u00e1r 1km-es \u00e9szlel\u00e9si t\u00e1vols\u00e1got biztos\u00edt a felhaszn\u00e1l\u00f3nak. A Freeze technol\u00f3gia gondoskodik az egyszer\u0171 felv\u00e9telk\u00e9sz\u00edt\u00e9sr\u0151l. Term\u00e9szetesen ak\u00e1r 4x-es digit\u00e1lis nagy\u00edt\u00e1s \u00e9s az \u00e9lm\u00e9nyek r\u00f6gz\u00edt\u00e9se\/f\u00e9nyk\u00e9pez\u00e9se is el\u00e9rhet\u0151. K\u00fcl\u00f6n\u00f6sen az aljn\u00f6v\u00e9nyzettel \u00e9s fiatal f\u00e1kkal teli erdei vad\u00e1szter\u00fcleteken nagyon praktikus \u00e9s hasznos seg\u00edt\u0151. A 200 m\u00e9terig t\u00f6rt\u00e9n\u0151 vad\u00e1szatn\u00e1l nagyon gyakori versenyt\u00e1rsa az azonos \u00e1rkateg\u00f3ri\u00e1j\u00fa \u00e9jjell\u00e1t\u00f3knak.<\/p>","protected":false},"featured_media":3302,"template":"","meta":{"_gspb_post_css":""},"product_brand":[314],"product_cat":[21,144,326],"product_tag":[170,194,345],"class_list":{"0":"post-3154","1":"product","2":"type-product","3":"status-publish","4":"has-post-thumbnail","6":"product_brand-infiray","7":"product_cat-optika","8":"product_cat-termovizie","9":"product_cat-termovizne-zameriavace","10":"product_tag-infiray","11":"product_tag-saim","12":"product_tag-termovizny-zameriavac","14":"first","15":"instock","16":"taxable","17":"shipping-taxable","18":"purchasable","19":"product-type-simple"},"ct_brands":[{"id":314,"name":"Infiray","slug":"infiray"}],"_links":{"self":[{"href":"https:\/\/zbranebudai.sk\/hu\/wp-json\/wp\/v2\/product\/3154","targetHints":{"allow":["GET"]}}],"collection":[{"href":"https:\/\/zbranebudai.sk\/hu\/wp-json\/wp\/v2\/product"}],"about":[{"href":"https:\/\/zbranebudai.sk\/hu\/wp-json\/wp\/v2\/types\/product"}],"wp:featuredmedia":[{"embeddable":true,"href":"https:\/\/zbranebudai.sk\/hu\/wp-json\/wp\/v2\/media\/3302"}],"wp:attachment":[{"href":"https:\/\/zbranebudai.sk\/hu\/wp-json\/wp\/v2\/media?parent=3154"}],"wp:term":[{"taxonomy":"product_brand","embeddable":true,"href":"https:\/\/zbranebudai.sk\/hu\/wp-json\/wp\/v2\/product_brand?post=3154"},{"taxonomy":"product_cat","embeddable":true,"href":"https:\/\/zbranebudai.sk\/hu\/wp-json\/wp\/v2\/product_cat?post=3154"},{"taxonomy":"product_tag","embeddable":true,"href":"https:\/\/zbranebudai.sk\/hu\/wp-json\/wp\/v2\/product_tag?post=3154"}],"curies":[{"name":"wp","href":"https:\/\/api.w.org\/{rel}","templated":true}]}}