{"id":3141,"date":"2025-02-01T20:33:10","date_gmt":"2025-02-01T18:33:10","guid":{"rendered":"https:\/\/zbranebudai.sk\/?post_type=product&#038;p=3141"},"modified":"2025-02-08T10:05:01","modified_gmt":"2025-02-08T08:05:01","slug":"infiray-iris-il35-hokamera","status":"publish","type":"product","link":"https:\/\/zbranebudai.sk\/hu\/product\/infiray-iris-il35-hokamera\/","title":{"rendered":"Infiray IRIS IL35 h\u0151kamer\u00e1s monokul\u00e1r"},"content":{"rendered":"<p>A k\u00e9p min\u0151s\u00e9ge d\u00f6nt\u0151 fontoss\u00e1g\u00fa. A felhaszn\u00e1l\u00f3nak egy\u00fctt kell \u00e9lnie vele. Az Iris nem okoz csal\u00f3d\u00e1st. A leg\u00fajabb, mesters\u00e9ges intelligenci\u00e1t haszn\u00e1l\u00f3 Reality+ k\u00e9pjav\u00edt\u00f3 algoritmusok elk\u00e9peszt\u0151 m\u00e9rt\u00e9kben jav\u00edtj\u00e1k a k\u00e9pmin\u0151s\u00e9get, \u00e9s elt\u00e1vol\u00edtj\u00e1k a k\u00e9pzajt - \u00edgy szabad\u00edtj\u00e1k fel az \u00e9rz\u00e9kel\u0151ben rejl\u0151 teljes potenci\u00e1lt.<\/p>\n<p>A rekeszny\u00edl\u00e1s sz\u00e1m\u00edt. Egy F0,9-es objekt\u00edv 20 %-tal t\u00f6bb f\u00e9nyt enged be, mint az am\u00fagy is nagyon j\u00f3 F1,0, \u00edgy az \u00e9rz\u00e9kel\u0151 l\u00e9nyegesen t\u00f6bb inform\u00e1ci\u00f3val rendelkezik, ami vil\u00e1gosabb \u00e9s tiszt\u00e1bb k\u00e9peket eredm\u00e9nyez. Nem csak egy ar\u00e1nysz\u00e1m, hanem val\u00f3di hozz\u00e1adott \u00e9rt\u00e9k.<\/p>\n<p>M\u00e1ra az InfiRay \u00e9rz\u00e9kel\u0151k legend\u00e1ss\u00e1 v\u00e1ltak, \u00e9s sok tekintetben etalonn\u00e1 v\u00e1ltak. A saj\u00e1t fejleszt\u00e9s\u0171 \u00e9rz\u00e9kel\u0151 stabil \u00e9s kiemelked\u0151 teljes\u00edtm\u00e9nyt ny\u00fajt, nagy, NETD\uff1c20 mK \u00e9rz\u00e9kenys\u00e9ggel, amely m\u00e9g zord k\u00f6r\u00fclm\u00e9nyek k\u00f6z\u00f6tt is kiv\u00e1l\u00f3 k\u00e9pet, valamint rendk\u00edv\u00fcli r\u00e9szletgazdags\u00e1got garant\u00e1l.<\/p>\n<p>A csendes gombsor teljes\u00edti, amit \u00edg\u00e9r. Egy gomb megnyom\u00e1sa nem zavarja a megfigyel\u0151t vagy a zs\u00e1km\u00e1nyt semmilyen zajjal. Sem \u00fcld\u00f6z\u00e9skor, sem v\u00e1rakoz\u00e1skor.<\/p>\n<p>Az Iris t\u00f6bb sz\u00ednpalett\u00e1val rendelkezik, amelyek k\u00f6z\u00fcl p\u00e9ld\u00e1ul a piros \u00e9s a z\u00f6ld palett\u00e1t \u00fagy tervezt\u00e9k, hogy megakad\u00e1lyozza a szem kif\u00e1rad\u00e1s\u00e1t, \u00e9s k\u00e9nyelmes, hosszan tart\u00f3 \u00e9s folyamatos haszn\u00e1latot tesz lehet\u0151v\u00e9.<\/p>\n<p>Az Iris a legk\u00e9nyelmesebb, univerz\u00e1lisan haszn\u00e1lhat\u00f3 18650-es cser\u00e9lhet\u0151 akkumul\u00e1torral van felszerelve, amely egyetlen felt\u00f6lt\u00e9ssel ak\u00e1r 5 \u00f3ra folyamatos haszn\u00e1latot biztos\u00edt. Ez azt is jelenti, hogy mindig k\u00e9zn\u00e9l lehet egy extra akkumul\u00e1tor.<\/p>\n<p>A 10 mm-es kil\u00e9p\u0151 pupilla\u00e1tm\u00e9r\u0151vel rendelkez\u0151 okul\u00e1r b\u00e1rmilyen sz\u00f6gb\u0151l, minden helyzetben \u00e9s vad\u00e1szhelyzetben k\u00e9nyelmes l\u00e1t\u00e1st biztos\u00edt. Azonnali k\u00e9nyelmes l\u00e1t\u00e1s, mint a legjobb t\u00e1vcs\u00f6vekn\u00e9l.<\/p>\n<p>A k\u00e9sz\u00fcl\u00e9k IP67-es min\u0151s\u00edt\u00e9ssel rendelkezik, \u00edgy kiv\u00e1l\u00f3an haszn\u00e1lhat\u00f3 minden id\u0151j\u00e1r\u00e1si k\u00f6r\u00fclm\u00e9nyek k\u00f6z\u00f6tt, emellett f\u00e9nyk\u00e9peket, vide\u00f3kat \u00e9s hangokat r\u00f6gz\u00edt a 32 GB-os be\u00e9p\u00edtett mem\u00f3ri\u00e1j\u00e1ra.<\/p>\n<p>Az IL35R+ egy kiv\u00e1l\u00f3 vadkamera 4x-es alapnagy\u00edt\u00e1ssal. Az InfiRay a legt\u00f6bb tapasztalatot el\u0151deivel halmozta fel, \u00e9s most \u00faj m\u00e9rc\u00e9t \u00e1ll\u00edt fel a k\u00f6z\u00e9pkateg\u00f3ri\u00e1s k\u00e9sz\u00fcl\u00e9kek k\u00f6z\u00f6tt, amelyek k\u00e9nyelmes haszn\u00e1latot biztos\u00edtanak a cser\u00e9lhet\u0151 akkumul\u00e1tor \u00e9s a mesters\u00e9ges intelligencia t\u00e1mogat\u00e1s\u00e1val.<\/p>\n<p><span style=\"background-color: var(--darkreader-background-ffffff, #181a1b); color: var(--darkreader-text-333333, #c8c3bc); --darkreader-inline-bgcolor: var(--darkreader-bg--darkreader-background-ffffff, var(--darkreader-background-181a1b, #131516)); --darkreader-inline-color: var(--darkreader-text--darkreader-text-333333, var(--darkreader-text-c8c3bc, #c1bcb4));\" data-darkreader-inline-bgcolor=\"\" data-darkreader-inline-color=\"\">TERM\u00c9KLE\u00cdR\u00c1S<\/span><\/p>\n<div id=\"artdet__data\" class=\"data\">\n<div class=\"container\">\n<div class=\"data__title main-title\">\n<div class=\"product-specification-content\">\n<table style=\"height: 513px;\" border=\"1\" width=\"1162\">\n<tbody>\n<tr>\n<td>\u00c9rz\u00e9kel\u0151 felbont\u00e1sa<\/td>\n<td>384x288px<\/td>\n<\/tr>\n<tr>\n<td>Pixel m\u00e9ret<\/td>\n<td>12\u00b5m<\/td>\n<\/tr>\n<tr>\n<td>NETD<\/td>\n<td>&lt;20mK<\/td>\n<\/tr>\n<tr>\n<td>Friss\u00edt\u00e9si sebess\u00e9g (Hz)<\/td>\n<td>50Hz<\/td>\n<\/tr>\n<tr>\n<td>Objekt\u00edv lencse (mm)<\/td>\n<td>35mm<\/td>\n<\/tr>\n<tr>\n<td>L\u00e1t\u00f3mez\u0151<\/td>\n<td>7,5\u00b0 x 5,7\u00b0<\/td>\n<\/tr>\n<tr>\n<td>Alapvet\u0151 nagy\u00edt\u00e1s<\/td>\n<td>4x<\/td>\n<\/tr>\n<tr>\n<td>Digit\u00e1lis nagy\u00edt\u00e1s<\/td>\n<td>16x<\/td>\n<\/tr>\n<tr>\n<td>Szemkiemel\u00e9s<\/td>\n<td>25mm<\/td>\n<\/tr>\n<tr>\n<td>Szemt\u00e1vols\u00e1g \u00e1tm\u00e9r\u0151je<\/td>\n<td>10mm<\/td>\n<\/tr>\n<tr>\n<td>Dioptri\u00e1s korrekci\u00f3<\/td>\n<td>+5 \/ -5<\/td>\n<\/tr>\n<tr>\n<td>\u00c9rz\u00e9kel\u00e9s<\/td>\n<td>1800m<\/td>\n<\/tr>\n<tr>\n<td>Megjelen\u00edt\u00e9s t\u00edpusa<\/td>\n<td>AMOLED, 1024x768px<\/td>\n<\/tr>\n<tr>\n<td>Az akkumul\u00e1tor \u00e9lettartama<\/td>\n<td>6h<\/td>\n<\/tr>\n<tr>\n<td>Digit\u00e1lis ir\u00e1nyt\u0171<\/td>\n<td>Igen<\/td>\n<\/tr>\n<tr>\n<td>Wi-Fi<\/td>\n<td>Igen<\/td>\n<\/tr>\n<tr>\n<td>Hangfelv\u00e9tel<\/td>\n<td>Igen<\/td>\n<\/tr>\n<tr>\n<td>Csatlakoz\u00e1s t\u00edpusa<\/td>\n<td>USB-C, gyors t\u00f6lt\u00e9s<\/td>\n<\/tr>\n<tr>\n<td>T\u00e1rhely<\/td>\n<td>32GB<\/td>\n<\/tr>\n<tr>\n<td>V\u00edz\u00e1ll\u00f3<\/td>\n<td>IP67<\/td>\n<\/tr>\n<tr>\n<td>S\u00faly<\/td>\n<td>330g<\/td>\n<\/tr>\n<tr>\n<td>M\u00e9retek<\/td>\n<td>143x47x74mm<\/td>\n<\/tr>\n<\/tbody>\n<\/table>\n<\/div>\n<\/div>\n<\/div>\n<\/div>","protected":false},"excerpt":{"rendered":"<p>Bemutatjuk az Iris sorozatot, egy \u00faj, kompakt, k\u00f6nnyen kezelhet\u0151, cser\u00e9lhet\u0151 akkumul\u00e1torral ell\u00e1tott InfiRay h\u0151kamer\u00e1s keres\u0151t.<\/p>\n<p>Az InfiRay Iris sorozat\u00fa h\u0151kamer\u00e1k kiv\u00e9teles k\u00e9pmin\u0151s\u00e9ggel \u00e9s sok mobiltelefonn\u00e1l kisebb m\u00e9rettel ker\u00fclnek piacra. A mind\u00f6ssze 330 g s\u00faly\u00fa, k\u00f6nny\u0171 kialak\u00edt\u00e1s, az IP67-es v\u00edz\u00e1ll\u00f3s\u00e1gi besorol\u00e1s \u00e9s a cser\u00e9lhet\u0151 18650-es akkumul\u00e1tor az egyik leghordozhat\u00f3bb \u00e9s legmegb\u00edzhat\u00f3bb h\u0151kamer\u00e1v\u00e1 teszi, hossz\u00fa akkumul\u00e1tor-\u00e9lettartammal.<\/p>","protected":false},"featured_media":3295,"template":"","meta":{"_gspb_post_css":""},"product_brand":[314],"product_cat":[21,144,327],"product_tag":[170,204,337],"class_list":{"0":"post-3141","1":"product","2":"type-product","3":"status-publish","4":"has-post-thumbnail","6":"product_brand-infiray","7":"product_cat-optika","8":"product_cat-termovizie","9":"product_cat-termovizne-monokulary","10":"product_tag-infiray","11":"product_tag-iris","12":"product_tag-termovizny-monokular","14":"first","15":"instock","16":"taxable","17":"shipping-taxable","18":"purchasable","19":"product-type-simple"},"ct_brands":[{"id":314,"name":"Infiray","slug":"infiray"}],"_links":{"self":[{"href":"https:\/\/zbranebudai.sk\/hu\/wp-json\/wp\/v2\/product\/3141","targetHints":{"allow":["GET"]}}],"collection":[{"href":"https:\/\/zbranebudai.sk\/hu\/wp-json\/wp\/v2\/product"}],"about":[{"href":"https:\/\/zbranebudai.sk\/hu\/wp-json\/wp\/v2\/types\/product"}],"wp:featuredmedia":[{"embeddable":true,"href":"https:\/\/zbranebudai.sk\/hu\/wp-json\/wp\/v2\/media\/3295"}],"wp:attachment":[{"href":"https:\/\/zbranebudai.sk\/hu\/wp-json\/wp\/v2\/media?parent=3141"}],"wp:term":[{"taxonomy":"product_brand","embeddable":true,"href":"https:\/\/zbranebudai.sk\/hu\/wp-json\/wp\/v2\/product_brand?post=3141"},{"taxonomy":"product_cat","embeddable":true,"href":"https:\/\/zbranebudai.sk\/hu\/wp-json\/wp\/v2\/product_cat?post=3141"},{"taxonomy":"product_tag","embeddable":true,"href":"https:\/\/zbranebudai.sk\/hu\/wp-json\/wp\/v2\/product_tag?post=3141"}],"curies":[{"name":"wp","href":"https:\/\/api.w.org\/{rel}","templated":true}]}}