{"id":3140,"date":"2025-02-01T20:33:10","date_gmt":"2025-02-01T18:33:10","guid":{"rendered":"https:\/\/zbranebudai.sk\/?post_type=product&#038;p=3140"},"modified":"2025-08-31T03:55:32","modified_gmt":"2025-08-31T01:55:32","slug":"infiray-iris-il19-hokamera","status":"publish","type":"product","link":"https:\/\/zbranebudai.sk\/hu\/product\/infiray-iris-il19-hokamera\/","title":{"rendered":"Infiray IRIS IL19 h\u0151kamer\u00e1s monokul\u00e1r"},"content":{"rendered":"<div class=\"product-specification-title\"><span data-darkreader-inline-color=\"\"><strong>TERM\u00c9KLE\u00cdR\u00c1S<\/strong><\/span><\/div>\n<div class=\"product-specification-title\"><\/div>\n<div class=\"product-specification-content\">\n<table border=\"1\">\n<tbody>\n<tr>\n<td><span data-darkreader-inline-color=\"\">\u00c9rz\u00e9kel\u0151 felbont\u00e1sa<\/span><\/td>\n<td><span data-darkreader-inline-color=\"\">384x288px<\/span><\/td>\n<\/tr>\n<tr>\n<td><span data-darkreader-inline-color=\"\">Pixel m\u00e9ret<\/span><\/td>\n<td><span data-darkreader-inline-color=\"\">12\u00b5m<\/span><\/td>\n<\/tr>\n<tr>\n<td><span data-darkreader-inline-color=\"\">NETD<\/span><\/td>\n<td><span data-darkreader-inline-color=\"\">&lt;20mK<\/span><\/td>\n<\/tr>\n<tr>\n<td><span data-darkreader-inline-color=\"\">Friss\u00edt\u00e9si sebess\u00e9g (Hz)<\/span><\/td>\n<td><span data-darkreader-inline-color=\"\">50Hz<\/span><\/td>\n<\/tr>\n<tr>\n<td><span data-darkreader-inline-color=\"\">Objekt\u00edv lencse (mm)<\/span><\/td>\n<td><span data-darkreader-inline-color=\"\">19mm<\/span><\/td>\n<\/tr>\n<tr>\n<td><span data-darkreader-inline-color=\"\">L\u00e1t\u00f3mez\u0151<\/span><\/td>\n<td><span data-darkreader-inline-color=\"\">13,8 \u00b0 x 10,4 \u00b0<\/span><\/td>\n<\/tr>\n<tr>\n<td><span data-darkreader-inline-color=\"\">Alapvet\u0151 nagy\u00edt\u00e1s<\/span><\/td>\n<td><span data-darkreader-inline-color=\"\">2x<\/span><\/td>\n<\/tr>\n<tr>\n<td><span data-darkreader-inline-color=\"\">Digit\u00e1lis nagy\u00edt\u00e1s<\/span><\/td>\n<td><span data-darkreader-inline-color=\"\">8x<\/span><\/td>\n<\/tr>\n<tr>\n<td><span data-darkreader-inline-color=\"\">Szemkiemel\u00e9s<\/span><\/td>\n<td><span data-darkreader-inline-color=\"\">25mm<\/span><\/td>\n<\/tr>\n<tr>\n<td><span data-darkreader-inline-color=\"\">Szemt\u00e1vols\u00e1g \u00e1tm\u00e9r\u0151je<\/span><\/td>\n<td><span data-darkreader-inline-color=\"\">10mm<\/span><\/td>\n<\/tr>\n<tr>\n<td><span data-darkreader-inline-color=\"\">Dioptri\u00e1s korrekci\u00f3<\/span><\/td>\n<td><span data-darkreader-inline-color=\"\">+5 \/ -5<\/span><\/td>\n<\/tr>\n<tr>\n<td><span data-darkreader-inline-color=\"\">\u00c9rz\u00e9kel\u00e9s\u00a0<\/span><\/td>\n<td><span data-darkreader-inline-color=\"\">980m<\/span><\/td>\n<\/tr>\n<tr>\n<td><span data-darkreader-inline-color=\"\">Megjelen\u00edt\u00e9s t\u00edpusa<\/span><\/td>\n<td><span data-darkreader-inline-color=\"\">AMOLED, 1024x768px<\/span><\/td>\n<\/tr>\n<tr>\n<td><span data-darkreader-inline-color=\"\">Az akkumul\u00e1tor \u00e9lettartama<\/span><\/td>\n<td><span data-darkreader-inline-color=\"\">6h<\/span><\/td>\n<\/tr>\n<tr>\n<td><span data-darkreader-inline-color=\"\">Digit\u00e1lis ir\u00e1nyt\u0171<\/span><\/td>\n<td><span data-darkreader-inline-color=\"\">Igen<\/span><\/td>\n<\/tr>\n<tr>\n<td><span data-darkreader-inline-color=\"\">Wi-Fi<\/span><\/td>\n<td><span data-darkreader-inline-color=\"\">Igen<\/span><\/td>\n<\/tr>\n<tr>\n<td><span data-darkreader-inline-color=\"\">Hangfelv\u00e9tel<\/span><\/td>\n<td><span data-darkreader-inline-color=\"\">Igen<\/span><\/td>\n<\/tr>\n<tr>\n<td><span data-darkreader-inline-color=\"\">Csatlakoz\u00e1s t\u00edpusa<\/span><\/td>\n<td><span data-darkreader-inline-color=\"\">USB-C, gyors t\u00f6lt\u00e9s<\/span><\/td>\n<\/tr>\n<tr>\n<td><span data-darkreader-inline-color=\"\">T\u00e1rhely\u00a0<\/span><\/td>\n<td><span data-darkreader-inline-color=\"\">32GB<\/span><\/td>\n<\/tr>\n<tr>\n<td><span data-darkreader-inline-color=\"\">V\u00edz\u00e1ll\u00f3<\/span><\/td>\n<td><span data-darkreader-inline-color=\"\">IP67<\/span><\/td>\n<\/tr>\n<tr>\n<td><span data-darkreader-inline-color=\"\">S\u00faly<\/span><\/td>\n<td><span data-darkreader-inline-color=\"\">330g<\/span><\/td>\n<\/tr>\n<tr>\n<td><span data-darkreader-inline-color=\"\">M\u00e9retek<\/span><\/td>\n<td><span data-darkreader-inline-color=\"\">143x47x74mm<\/span><\/td>\n<\/tr>\n<\/tbody>\n<\/table>\n<\/div>\n<p><a style=\"background-color: var(--darkreader-background-ffffff, #181a1b);\" href=\"https:\/\/www.infirayoutdoor.com\/thermal-imaging-monocular-iris-series-il35il19\" data-darkreader-inline-bgcolor=\"\">https:\/\/www.infirayoutdoor.com\/thermal-imaging-monocular-iris-series-il35il19<\/a><span style=\"background-color: var(--darkreader-background-ffffff, #181a1b); color: var(--darkreader-text-333333, #c8c3bc);\" data-darkreader-inline-bgcolor=\"\" data-darkreader-inline-color=\"\">.<\/span><\/p>","protected":false},"excerpt":{"rendered":"<p><span style=\"font-weight: 400;\">Az InfiRay Iris h\u0151kamera sorozat kiv\u00e9teles k\u00e9pmin\u0151s\u00e9ggel, \u00e9s sok mobiltelefonnal kisebb m\u00e9retben ker\u00fcl a piacra. A mind\u00f6ssze 330 g t\u00f6meg, a k\u00f6nny\u0171 fel\u00e9p\u00edt\u00e9s, az IP67-es v\u00edz\u00e1ll\u00f3s\u00e1g \u00e9s a cser\u00e9lhet\u0151 18650-es akkumul\u00e1tor teszi az egyik legk\u00f6nnyebben hordozhat\u00f3 \u00e9s legmegb\u00edzhat\u00f3bban, tart\u00f3san \u00fczemeltethet\u0151 h\u0151kamer\u00e1v\u00e1.<\/span><\/p>","protected":false},"featured_media":3285,"template":"","meta":{"_gspb_post_css":""},"product_brand":[314],"product_cat":[21,144,327],"product_tag":[170,204,337],"class_list":{"0":"post-3140","1":"product","2":"type-product","3":"status-publish","4":"has-post-thumbnail","6":"product_brand-infiray","7":"product_cat-optika","8":"product_cat-termovizie","9":"product_cat-termovizne-monokulary","10":"product_tag-infiray","11":"product_tag-iris","12":"product_tag-termovizny-monokular","14":"first","15":"instock","16":"taxable","17":"shipping-taxable","18":"purchasable","19":"product-type-simple"},"ct_brands":[{"id":314,"name":"Infiray","slug":"infiray"}],"_links":{"self":[{"href":"https:\/\/zbranebudai.sk\/hu\/wp-json\/wp\/v2\/product\/3140","targetHints":{"allow":["GET"]}}],"collection":[{"href":"https:\/\/zbranebudai.sk\/hu\/wp-json\/wp\/v2\/product"}],"about":[{"href":"https:\/\/zbranebudai.sk\/hu\/wp-json\/wp\/v2\/types\/product"}],"wp:featuredmedia":[{"embeddable":true,"href":"https:\/\/zbranebudai.sk\/hu\/wp-json\/wp\/v2\/media\/3285"}],"wp:attachment":[{"href":"https:\/\/zbranebudai.sk\/hu\/wp-json\/wp\/v2\/media?parent=3140"}],"wp:term":[{"taxonomy":"product_brand","embeddable":true,"href":"https:\/\/zbranebudai.sk\/hu\/wp-json\/wp\/v2\/product_brand?post=3140"},{"taxonomy":"product_cat","embeddable":true,"href":"https:\/\/zbranebudai.sk\/hu\/wp-json\/wp\/v2\/product_cat?post=3140"},{"taxonomy":"product_tag","embeddable":true,"href":"https:\/\/zbranebudai.sk\/hu\/wp-json\/wp\/v2\/product_tag?post=3140"}],"curies":[{"name":"wp","href":"https:\/\/api.w.org\/{rel}","templated":true}]}}