{"id":3139,"date":"2025-02-01T20:33:10","date_gmt":"2025-02-01T18:33:10","guid":{"rendered":"https:\/\/zbranebudai.sk\/?post_type=product&#038;p=3139"},"modified":"2025-08-31T03:55:32","modified_gmt":"2025-08-31T01:55:32","slug":"infiray-holo-hl25b-hokamera-reflex-vadaszijasz-iranyzek","status":"publish","type":"product","link":"https:\/\/zbranebudai.sk\/hu\/product\/infiray-holo-hl25b-hokamera-reflex-vadaszijasz-iranyzek\/","title":{"rendered":"Infiray HOLO HL25B h\u0151kamer\u00e1s l\u00e1t\u00f3sz\u00f6g"},"content":{"rendered":"<div><span data-darkreader-inline-color=\"\">A 2,69\u2033-es, teljes sz\u00edn\u0171, fagy\u00e1ll\u00f3 OLED kijelz\u0151 az iRay fejleszt\u0151inek innovat\u00edv megold\u00e1sa. Magas szint\u0171 r\u00e9szletess\u00e9get, f\u00e9nyer\u0151t, kontrasztot, ideiglenes kikapcsol\u00e1st hoz a kijelz\u0151n. A k\u00e9sz\u00fcl\u00e9k alkalmazkodik a fagypont alatti h\u0151m\u00e9rs\u00e9klethez. Az alacsony energiafogyaszt\u00e1s seg\u00edt az akkumul\u00e1tort\u00f6lt\u00e9s megtakar\u00edt\u00e1s\u00e1ban.<\/span><\/div>\n<div><span data-darkreader-inline-color=\"\">\u00a0<\/span><\/div>\n<div><span data-darkreader-inline-color=\"\">Az iRayHolo HL 25 h\u0151kamer\u00e1s kollim\u00e1tor tart\u00f3s teste alum\u00ednium\u00f6tv\u00f6zetb\u0151l (6061) k\u00e9sz\u00fclt, amely k\u00f6nnyen ellen\u00e1ll az ak\u00e1r 6000 J \u00fct\u00e9si energi\u00e1j\u00fa fegyverek kem\u00e9ny visszar\u00fag\u00e1s\u00e1nak. A -40\u00b0C \u00e9s 50\u00b0C k\u00f6z\u00f6tti m\u0171k\u00f6d\u00e9si h\u0151m\u00e9rs\u00e9klet-tartom\u00e1ny lehet\u0151v\u00e9 teszi, hogy csapad\u00e9kos id\u0151ben v\u00e9gzett felv\u00e9telek eset\u00e9n sem kell agg\u00f3dnia a biztons\u00e1g miatt.<\/span><\/div>\n<div><strong style=\"color: var(--darkreader-inline-color); background-color: var(--darkreader-background-ffffff, #181a1b); --darkreader-inline-color: var(--darkreader-text--darkreader-inline-color, var(--darkreader-text-000000, #e8e6e3)); --darkreader-inline-bgcolor: var(--darkreader-bg--darkreader-background-ffffff, var(--darkreader-background-181a1b, #131516));\" data-darkreader-inline-color=\"\" data-darkreader-inline-bgcolor=\"\"><br \/>\nSpecifik\u00e1ci\u00f3:<\/strong><\/div>\n<div>\n<table dir=\"ltr\" border=\"1\" cellspacing=\"0\" cellpadding=\"0\" data-sheets-root=\"1\" data-sheets-baot=\"1\">\n<colgroup>\n<col width=\"375\" \/>\n<col width=\"437\" \/><\/colgroup>\n<tbody>\n<tr>\n<td>H\u0151\u00e9rz\u00e9kel\u0151<\/td>\n<td>384 x 288, 12 \u00b5m<\/td>\n<\/tr>\n<tr>\n<td>Pillanatk\u00e9p a<\/td>\n<td>800 x 600 AMOLED, 2,6\u2033<\/td>\n<\/tr>\n<tr>\n<td>Lencse<\/td>\n<td>25 mm<\/td>\n<\/tr>\n<tr>\n<td>Adatt\u00e1rol\u00e1s<\/td>\n<td>32 GB be\u00e9p\u00edtett mem\u00f3ria<\/td>\n<\/tr>\n<tr>\n<td>C\u00e9lt\u00e1vcs\u0151 nagy\u00edt\u00e1sa<\/td>\n<td>1x<\/td>\n<\/tr>\n<tr>\n<td>Forr\u00e1s :<\/td>\n<td>18500 3,7V<\/td>\n<\/tr>\n<tr>\n<td>\u00c9rz\u00e9kel\u00e9si t\u00e1vols\u00e1g (1,7 x 1,2 m-es c\u00e9lpont)<\/td>\n<td>1299 m<\/td>\n<\/tr>\n<tr>\n<td>F\u00e1jlform\u00e1tumok r\u00f6gz\u00edt\u00e9se<\/td>\n<td>.jpg 768\u00d7576, .mp4 768\u00d7576<\/td>\n<\/tr>\n<tr>\n<td>Gy\u00e1rt\u00f3<\/td>\n<td>InfiRay<\/td>\n<\/tr>\n<tr>\n<td>A k\u00e9pism\u00e9tl\u00e9s gyakoris\u00e1ga<\/td>\n<td>50 Hz<\/td>\n<\/tr>\n<tr>\n<td>L\u00e1t\u00f3mez\u0151<\/td>\n<td>10,5\u00b0 x 7,9\u00b0<\/td>\n<\/tr>\n<tr>\n<td>M\u00e9retek<\/td>\n<td>66 x 90 x 88 mm<\/td>\n<\/tr>\n<tr>\n<td>\u00c9rz\u00e9kel\u0151<\/td>\n<td>320 x 280 px, 17 \u00b5m, 25 Hz<\/td>\n<\/tr>\n<tr>\n<td>Sz\u00ednes<\/td>\n<td>Fekete<\/td>\n<\/tr>\n<tr>\n<td>S\u00faly<\/td>\n<td>500 g<\/td>\n<\/tr>\n<tr>\n<td>M\u0171k\u00f6d\u00e9si id\u0151<\/td>\n<td>legfeljebb 5 \u00f3ra<\/td>\n<\/tr>\n<tr>\n<td>Sz\u00e1lkeresztes h\u00e1tt\u00e9rvil\u00e1g\u00edt\u00e1si opci\u00f3k<\/td>\n<td>k\u00fcl\u00f6nb\u00f6z\u0151 form\u00e1k \u00e9s sz\u00ednek<\/td>\n<\/tr>\n<tr>\n<td>V\u00edz\u00e1ll\u00f3<\/td>\n<td>IP67, v\u00edz\u00e1ll\u00f3<\/td>\n<\/tr>\n<\/tbody>\n<\/table>\n<p><a href=\"https:\/\/www.infirayoutdoor.com\/thermal-imaging-riflescope-holo-hl25\">https:\/\/www.infirayoutdoor.com\/thermal-imaging-riflescope-holo-hl25<\/a>.<\/p>\n<\/div>","protected":false},"excerpt":{"rendered":"<p>A l\u00e9zermutat\u00f3 650 nm-es hull\u00e1mhosszon m\u0171k\u00f6dik, seg\u00edt, hogy ne vesztegesse az id\u0151t, amikor mozg\u00f3 \u00e1llatra l\u0151. A c\u00e9lpont megvil\u00e1g\u00edt\u00e1s\u00e1ra is haszn\u00e1lhat\u00f3 az \u00e9jszakai l\u00e1t\u00e1ssal rendelkez\u0151 t\u00e1rs\u00e1nak.<\/p>","protected":false},"featured_media":3278,"template":"","meta":{"_gspb_post_css":""},"product_brand":[314],"product_cat":[21,144,326],"product_tag":[201,170,345],"class_list":{"0":"post-3139","1":"product","2":"type-product","3":"status-publish","4":"has-post-thumbnail","6":"product_brand-infiray","7":"product_cat-optika","8":"product_cat-termovizie","9":"product_cat-termovizne-zameriavace","10":"product_tag-holo","11":"product_tag-infiray","12":"product_tag-termovizny-zameriavac","14":"first","15":"instock","16":"taxable","17":"shipping-taxable","18":"purchasable","19":"product-type-simple"},"ct_brands":[{"id":314,"name":"Infiray","slug":"infiray"}],"_links":{"self":[{"href":"https:\/\/zbranebudai.sk\/hu\/wp-json\/wp\/v2\/product\/3139","targetHints":{"allow":["GET"]}}],"collection":[{"href":"https:\/\/zbranebudai.sk\/hu\/wp-json\/wp\/v2\/product"}],"about":[{"href":"https:\/\/zbranebudai.sk\/hu\/wp-json\/wp\/v2\/types\/product"}],"wp:featuredmedia":[{"embeddable":true,"href":"https:\/\/zbranebudai.sk\/hu\/wp-json\/wp\/v2\/media\/3278"}],"wp:attachment":[{"href":"https:\/\/zbranebudai.sk\/hu\/wp-json\/wp\/v2\/media?parent=3139"}],"wp:term":[{"taxonomy":"product_brand","embeddable":true,"href":"https:\/\/zbranebudai.sk\/hu\/wp-json\/wp\/v2\/product_brand?post=3139"},{"taxonomy":"product_cat","embeddable":true,"href":"https:\/\/zbranebudai.sk\/hu\/wp-json\/wp\/v2\/product_cat?post=3139"},{"taxonomy":"product_tag","embeddable":true,"href":"https:\/\/zbranebudai.sk\/hu\/wp-json\/wp\/v2\/product_tag?post=3139"}],"curies":[{"name":"wp","href":"https:\/\/api.w.org\/{rel}","templated":true}]}}