{"id":3132,"date":"2025-02-01T20:32:44","date_gmt":"2025-02-01T18:32:44","guid":{"rendered":"https:\/\/zbranebudai.sk\/?post_type=product&#038;p=3132"},"modified":"2025-08-31T03:55:32","modified_gmt":"2025-08-31T01:55:32","slug":"infiray-geni-gh50r-hokamera-celtavcso-csipogo-lezeres-tavmerovel","status":"publish","type":"product","link":"https:\/\/zbranebudai.sk\/hu\/product\/infiray-geni-gh50r-hokamera-celtavcso-beepitett-lezeres-tavmerovel\/","title":{"rendered":"Infiray GENI GH50R h\u0151kamer\u00e1s l\u00e1tcs\u0151 l\u00e9zeres t\u00e1vols\u00e1gm\u00e9r\u0151vel"},"content":{"rendered":"<div class=\"product-specification-title\">\n<table dir=\"ltr\" border=\"1\" cellspacing=\"0\" cellpadding=\"0\" data-sheets-root=\"1\" data-sheets-baot=\"1\">\n<colgroup>\n<col width=\"375\" \/>\n<col width=\"437\" \/><\/colgroup>\n<tbody>\n<tr>\n<td>\u00c9rz\u00e9kel\u0151 felbont\u00e1sa<\/td>\n<td>640x512px<\/td>\n<\/tr>\n<tr>\n<td>Pixel m\u00e9ret<\/td>\n<td>12\u00b5m<\/td>\n<\/tr>\n<tr>\n<td>NETD (h\u0151m\u00e9rs\u00e9klet-k\u00fcl\u00f6nbs\u00e9ggel egyen\u00e9rt\u00e9k\u0171 zaj)<\/td>\n<td>&lt;40mK<\/td>\n<\/tr>\n<tr>\n<td>Friss\u00edt\u00e9si sebess\u00e9g<\/td>\n<td>50Hz<\/td>\n<\/tr>\n<tr>\n<td>Lencse lencse<\/td>\n<td>50mm<\/td>\n<\/tr>\n<tr>\n<td>Nagy\u00edt\u00e1s<\/td>\n<td>3x-12x<\/td>\n<\/tr>\n<tr>\n<td>Szemkiemel\u00e9s<\/td>\n<td>55mm<\/td>\n<\/tr>\n<tr>\n<td>Szemt\u00e1vols\u00e1g \u00e1tm\u00e9r\u0151je<\/td>\n<td>6mm<\/td>\n<\/tr>\n<tr>\n<td>\u00c9rz\u00e9kel\u00e9s<\/td>\n<td>2600m<\/td>\n<\/tr>\n<tr>\n<td>Megjelen\u00edt\u00e9s t\u00edpusa<\/td>\n<td>OLED<\/td>\n<\/tr>\n<tr>\n<td>Kijelz\u0151 felbont\u00e1sa<\/td>\n<td>1024x768px<\/td>\n<\/tr>\n<tr>\n<td>Akkumul\u00e1tor t\u00edpusa<\/td>\n<td>Cser\u00e9lhet\u0151 akkumul\u00e1tor 26650<\/td>\n<\/tr>\n<tr>\n<td>Az akkumul\u00e1tor \u00e9lettartama<\/td>\n<td>6h<\/td>\n<\/tr>\n<tr>\n<td>Wi-Fi<\/td>\n<td>Igen<\/td>\n<\/tr>\n<tr>\n<td>Fot\u00f3\/Vide\u00f3<\/td>\n<td>Igen<\/td>\n<\/tr>\n<tr>\n<td>Hangfelv\u00e9tel<\/td>\n<td>Igen<\/td>\n<\/tr>\n<tr>\n<td>L\u00e9zeres t\u00e1vols\u00e1gm\u00e9r\u0151<\/td>\n<td>Igen, 1000 m-ig<\/td>\n<\/tr>\n<tr>\n<td>Csatlakoz\u00e1s t\u00edpusa<\/td>\n<td>USB-C<\/td>\n<\/tr>\n<tr>\n<td>V\u00edzhatlan<\/td>\n<td>IP67<\/td>\n<\/tr>\n<tr>\n<td>S\u00faly<\/td>\n<td>600g akkumul\u00e1tor n\u00e9lk\u00fcl<\/td>\n<\/tr>\n<tr>\n<td>M\u00e9retek<\/td>\n<td>225x100x61.5mm<\/td>\n<\/tr>\n<\/tbody>\n<\/table>\n<\/div>\n<p><a href=\"https:\/\/www.infirayoutdoor.com\/thermal-imaging-rifle-scope-geni-non-rangefinding-series\">https:\/\/www.infirayoutdoor.com\/thermal-imaging-rifle-scope-geni-non-rangefinding-series<\/a>.<\/p>","protected":false},"excerpt":{"rendered":"<p><span class=\"base\" data-ui-id=\"page-title-wrapper\" data-darkreader-inline-color=\"\">A Geni GH50R f\u0151 el\u0151nyei k\u00f6z\u00e9 tartozik a m\u00e9ret, a s\u00faly \u00e9s a k\u00f6zvetlen\u00fcl a k\u00e9sz\u00fcl\u00e9k test\u00e9be integr\u00e1lt nagy teljes\u00edtm\u00e9ny\u0171 l\u00e9zeres t\u00e1vols\u00e1gm\u00e9r\u0151. A Geni modellek k\u00f6z\u00f6s nevez\u0151je a nagy megb\u00edzhat\u00f3s\u00e1g, a v\u00e9gs\u0151 tart\u00f3ss\u00e1g \u00e9s a t\u00f6k\u00e9letesen egyszer\u0171 kezel\u00e9s, amelyet b\u00e1rki els\u0151re elsaj\u00e1t\u00edthat. A fejleszt\u0151k az \u00faj Geni GH50R tervez\u00e9sekor a k\u00e9sz\u00fcl\u00e9k ballisztikai oldal\u00e1ra is gondoltak, \u00e9s integr\u00e1lt\u00e1k a saj\u00e1t k\u00e9sz\u00edt\u00e9s\u0171 ballisztikus kereszt felt\u00f6lt\u00e9s\u00e9nek lehet\u0151s\u00e9g\u00e9t az InfiRay Outdoor mobilalkalmaz\u00e1son kereszt\u00fcl.<\/span><\/p>\n<div class=\"product-pictograms\">\n<div class=\"container\">\n<div class=\"product-pictograms-items\">\n<div class=\"product-pictograms-item\"><\/div>\n<\/div>\n<\/div>\n<\/div>","protected":false},"featured_media":3271,"template":"","meta":{"_gspb_post_css":""},"product_brand":[314],"product_cat":[21,144,326],"product_tag":[196,170,198,345],"class_list":{"0":"post-3132","1":"product","2":"type-product","3":"status-publish","4":"has-post-thumbnail","6":"product_brand-infiray","7":"product_cat-optika","8":"product_cat-termovizie","9":"product_cat-termovizne-zameriavace","10":"product_tag-geni","11":"product_tag-infiray","12":"product_tag-lezeres","13":"product_tag-termovizny-zameriavac","15":"first","16":"instock","17":"taxable","18":"shipping-taxable","19":"purchasable","20":"product-type-simple"},"ct_brands":[{"id":314,"name":"Infiray","slug":"infiray"}],"_links":{"self":[{"href":"https:\/\/zbranebudai.sk\/hu\/wp-json\/wp\/v2\/product\/3132","targetHints":{"allow":["GET"]}}],"collection":[{"href":"https:\/\/zbranebudai.sk\/hu\/wp-json\/wp\/v2\/product"}],"about":[{"href":"https:\/\/zbranebudai.sk\/hu\/wp-json\/wp\/v2\/types\/product"}],"wp:featuredmedia":[{"embeddable":true,"href":"https:\/\/zbranebudai.sk\/hu\/wp-json\/wp\/v2\/media\/3271"}],"wp:attachment":[{"href":"https:\/\/zbranebudai.sk\/hu\/wp-json\/wp\/v2\/media?parent=3132"}],"wp:term":[{"taxonomy":"product_brand","embeddable":true,"href":"https:\/\/zbranebudai.sk\/hu\/wp-json\/wp\/v2\/product_brand?post=3132"},{"taxonomy":"product_cat","embeddable":true,"href":"https:\/\/zbranebudai.sk\/hu\/wp-json\/wp\/v2\/product_cat?post=3132"},{"taxonomy":"product_tag","embeddable":true,"href":"https:\/\/zbranebudai.sk\/hu\/wp-json\/wp\/v2\/product_tag?post=3132"}],"curies":[{"name":"wp","href":"https:\/\/api.w.org\/{rel}","templated":true}]}}