{"id":3131,"date":"2025-02-01T20:32:44","date_gmt":"2025-02-01T18:32:44","guid":{"rendered":"https:\/\/zbranebudai.sk\/?post_type=product&#038;p=3131"},"modified":"2025-08-31T03:55:32","modified_gmt":"2025-08-31T01:55:32","slug":"infiray-geni-gl35r-hokamera-celtavcso","status":"publish","type":"product","link":"https:\/\/zbranebudai.sk\/hu\/product\/infiray-geni-gl35r-hokamera-celtavcso\/","title":{"rendered":"Infiray GENI GL35R h\u0151kamer\u00e1s l\u00e1tcs\u0151"},"content":{"rendered":"<p>Az \u00fajonnan kifejlesztett, a k\u00e9sz\u00fcl\u00e9k h\u00e1z\u00e1ba integr\u00e1lt l\u00e9zeres t\u00e1vols\u00e1gm\u00e9r\u0151 modul maxim\u00e1lis hat\u00f3t\u00e1vols\u00e1ga 1000 m. (1000 m-es, stabilan tarthat\u00f3 nagym\u00e9ret\u0171 t\u00e1rgyakhoz) A t\u00e1vols\u00e1gm\u00e9r\u0151 modul pontoss\u00e1ga 400 m-ig legfeljebb \u00b1 1 m, 400 m felett legfeljebb \u00b1 0,4%. Az InfiRay Geni GL35R be\u00e9p\u00edtett WIFI modullal, elektronikus ir\u00e1nyt\u0171vel \u00e9s mozg\u00e1s\u00e9rz\u00e9kel\u0151vel van felszerelve. Nagy pontoss\u00e1g\u00fa, 384 x 288 felbont\u00e1s\u00fa \u00e9rz\u00e9kel\u0151je 12 \u03bcm-es pixelekb\u0151l \u00e1ll. 35 mm-es optik\u00e1ja F1.0 \u00e9rt\u00e9kkel b\u00fcszk\u00e9lkedhet A fejleszt\u0151k \u00faj h\u0151k\u00e9p-feldolgoz\u00f3 algoritmust alkalmaztak a GL35R-n\u00e9l, amely jelent\u0151sen jav\u00edtja a l\u00e1tott k\u00e9p min\u0151s\u00e9g\u00e9t, r\u00e9szletess\u00e9g\u00e9t \u00e9s kontrasztj\u00e1t. Az \u00faj t\u00e1vols\u00e1gm\u00e9r\u0151 modul a frekvenciav\u00e1lasz jav\u00edt\u00e1s\u00e1val m\u00e9g pontosabb\u00e1 v\u00e1lt. Az InfiRay Geni GL35R felhaszn\u00e1l\u00f3i fel\u00fclet\u00e9t optimaliz\u00e1lt\u00e1k, lehet\u0151v\u00e9 t\u00e9ve a f\u00e9nyer\u0151 \u00e9s a kontraszt be\u00e1ll\u00edt\u00e1s\u00e1t a felhaszn\u00e1l\u00f3i \u00e9lm\u00e9ny jav\u00edt\u00e1sa \u00e9rdek\u00e9ben. Az InfiRay Geni GL35R a m\u0171k\u00f6dtet\u00e9sre is gondol. A nagyobb, cser\u00e9lhet\u0151 26650-es akkumul\u00e1torral az \u00fczemid\u0151 ak\u00e1r 8 \u00f3ra is lehet. A fentieken k\u00edv\u00fcl az \u00faj GL35R sz\u00e1mos funkci\u00f3val rendelkezik, t\u00f6bbek k\u00f6z\u00f6tt UltraClear m\u00f3ddal, val\u00f3s idej\u0171 WIFI k\u00e9p\u00e1tvitellel, f\u00e9nyk\u00e9pk\u00e9sz\u00edt\u00e9ssel \u00e9s videofelv\u00e9tellel. Elektronikus ir\u00e1nyt\u0171, gyorsul\u00e1sm\u00e9r\u0151, 32 GB bels\u0151 mem\u00f3ria \u00e9s a m\u00e1r eml\u00edtett l\u00e9zeres t\u00e1vols\u00e1gm\u00e9r\u0151 is tal\u00e1lhat\u00f3 egy k\u00e9sz\u00fcl\u00e9kben a maxim\u00e1lis felhaszn\u00e1l\u00f3i el\u00e9gedetts\u00e9g \u00e9rdek\u00e9ben. A k\u00e9sz\u00fcl\u00e9khez egy sz\u00f6vegtart\u00f3 is tartozik.<\/p>\n<h4>Specifik\u00e1ci\u00f3:<\/h4>\n<table border=\"1\" cellspacing=\"1\" cellpadding=\"1\">\n<tbody>\n<tr>\n<td>Felbont\u00e1s, magt\u00edpus<\/td>\n<td>384\u00d7288 px, Ker\u00e1mia VOx,<strong>\u00a012\u03bcm<\/strong><\/td>\n<\/tr>\n<tr>\n<td>Lencse \u00e1tm\u00e9r\u0151 \u00d8<\/td>\n<td>35 mm<\/td>\n<\/tr>\n<tr>\n<td>K\u00e9pfriss\u00edt\u00e9si sebess\u00e9g<\/td>\n<td>50 Hz (PAL), 60 Hz (NTSC)<\/td>\n<\/tr>\n<tr>\n<td>Teljes nagy\u00edt\u00e1s<\/td>\n<td>3 - 12x<\/td>\n<\/tr>\n<tr>\n<td>E-Zoom<\/td>\n<td>1x \/ 2x \/ 3x \/ 4x<\/td>\n<\/tr>\n<tr>\n<td>Dioptri\u00e1s korrekci\u00f3<\/td>\n<td>+\/- 5<\/td>\n<\/tr>\n<tr>\n<td>Megjelen\u00edt\u00e9s t\u00edpusa<\/td>\n<td>1024\u00d7768 px, OLED<\/td>\n<\/tr>\n<tr>\n<td>L\u00e1t\u00f3mez\u0151<\/td>\n<td>7,5\u00b0x5,7\u00b0<\/td>\n<\/tr>\n<tr>\n<td>\u00c9szlel\u00e9si t\u00e1vols\u00e1gok, m C\u00e9l 1,7 m x 0,5 m, P(n)=99%<\/td>\n<td>1818 m<\/td>\n<\/tr>\n<tr>\n<td>K\u00e9p sz\u00ednpaletta<\/td>\n<td>4 t\u00edpus<\/td>\n<\/tr>\n<tr>\n<td>Tervezett tantervek<\/td>\n<td>8 t\u00edpus \/ 4 sz\u00edn<\/td>\n<\/tr>\n<tr>\n<td>L\u00e9zeres t\u00e1vols\u00e1gm\u00e9r\u0151<\/td>\n<td>Igen<\/td>\n<\/tr>\n<tr>\n<td>Fot\u00f3\/vide\u00f3 beszerz\u00e9se<\/td>\n<td>Igen<\/td>\n<\/tr>\n<tr>\n<td>Wi-Fi<\/td>\n<td>Igen<\/td>\n<\/tr>\n<tr>\n<td>Akkumul\u00e1torok<\/td>\n<td>1 db 26650<\/td>\n<\/tr>\n<tr>\n<td>Az akkumul\u00e1tor \u00e9lettartama<\/td>\n<td>7 \u00f3r\u00e1ig<\/td>\n<\/tr>\n<tr>\n<td>K\u00fcls\u0151 t\u00e1pegys\u00e9g<\/td>\n<td>Igen, 5V (USB Type C)<\/td>\n<\/tr>\n<tr>\n<td>Maxim\u00e1lis visszar\u00fag\u00e1s-ellen\u00e1ll\u00e1s<\/td>\n<td>1000 g\/s2<\/td>\n<\/tr>\n<tr>\n<td>Integr\u00e1lt mem\u00f3ria<\/td>\n<td>32 GB<\/td>\n<\/tr>\n<tr>\n<td>\u00dczemi h\u0151m\u00e9rs\u00e9klet<\/td>\n<td>-10\u00b0C \/ +50\u00b0C<\/td>\n<\/tr>\n<tr>\n<td>V\u00edz\u00e1ll\u00f3s\u00e1g<\/td>\n<td>IP67<\/td>\n<\/tr>\n<tr>\n<td>M\u00e9retek<\/td>\n<td>225x100x61,5 mm<\/td>\n<\/tr>\n<tr>\n<td>T\u00f6meg akkumul\u00e1tor n\u00e9lk\u00fcl<\/td>\n<td>600 g<\/td>\n<\/tr>\n<\/tbody>\n<\/table>\n<p><a href=\"https:\/\/www.infirayoutdoor.com\/thermal-imaging-rifle-scope-geni-non-rangefinding-series\">https:\/\/www.infirayoutdoor.com\/thermal-imaging-rifle-scope-geni-non-rangefinding-series<\/a>.<\/p>","protected":false},"excerpt":{"rendered":"<p>Az \u00faj InfiRay Geni GL35R 12 \u00b5m-es \u00e9rz\u00e9kel\u0151vel, 384\u00d7288-as felbont\u00e1ssal \u00e9s 35 mm-es gy\u00fajt\u00f3t\u00e1vols\u00e1g\u00fa objekt\u00edvvel mutatkozik be. Kiv\u00e1l\u00f3 min\u0151s\u00e9g\u0171, 1024\u00d7768-as felbont\u00e1s\u00fa OLED-kijelz\u0151j\u00e9nek k\u00f6sz\u00f6nhet\u0151en kiv\u00e9teles k\u00e9palkot\u00e1si \u00e9lm\u00e9nyt \u00e9s nagy toleranci\u00e1t garant\u00e1l a h\u0151ingadoz\u00e1sokkal szemben.<\/p>","protected":false},"featured_media":3264,"template":"","meta":{"_gspb_post_css":""},"product_brand":[314],"product_cat":[21,144,326],"product_tag":[196,170,345],"class_list":{"0":"post-3131","1":"product","2":"type-product","3":"status-publish","4":"has-post-thumbnail","6":"product_brand-infiray","7":"product_cat-optika","8":"product_cat-termovizie","9":"product_cat-termovizne-zameriavace","10":"product_tag-geni","11":"product_tag-infiray","12":"product_tag-termovizny-zameriavac","14":"first","15":"instock","16":"taxable","17":"shipping-taxable","18":"purchasable","19":"product-type-simple"},"ct_brands":[{"id":314,"name":"Infiray","slug":"infiray"}],"_links":{"self":[{"href":"https:\/\/zbranebudai.sk\/hu\/wp-json\/wp\/v2\/product\/3131","targetHints":{"allow":["GET"]}}],"collection":[{"href":"https:\/\/zbranebudai.sk\/hu\/wp-json\/wp\/v2\/product"}],"about":[{"href":"https:\/\/zbranebudai.sk\/hu\/wp-json\/wp\/v2\/types\/product"}],"wp:featuredmedia":[{"embeddable":true,"href":"https:\/\/zbranebudai.sk\/hu\/wp-json\/wp\/v2\/media\/3264"}],"wp:attachment":[{"href":"https:\/\/zbranebudai.sk\/hu\/wp-json\/wp\/v2\/media?parent=3131"}],"wp:term":[{"taxonomy":"product_brand","embeddable":true,"href":"https:\/\/zbranebudai.sk\/hu\/wp-json\/wp\/v2\/product_brand?post=3131"},{"taxonomy":"product_cat","embeddable":true,"href":"https:\/\/zbranebudai.sk\/hu\/wp-json\/wp\/v2\/product_cat?post=3131"},{"taxonomy":"product_tag","embeddable":true,"href":"https:\/\/zbranebudai.sk\/hu\/wp-json\/wp\/v2\/product_tag?post=3131"}],"curies":[{"name":"wp","href":"https:\/\/api.w.org\/{rel}","templated":true}]}}