{"id":3105,"date":"2025-02-01T20:30:47","date_gmt":"2025-02-01T18:30:47","guid":{"rendered":"https:\/\/zbranebudai.sk\/?post_type=product&#038;p=3105"},"modified":"2025-02-08T09:24:25","modified_gmt":"2025-02-08T07:24:25","slug":"infiray-eye-e6-pro-v3-hokamera","status":"publish","type":"product","link":"https:\/\/zbranebudai.sk\/hu\/product\/infiray-eye-e6-pro-v3-hokamera\/","title":{"rendered":"Infiray EYE E6 PRO V3 h\u0151kamer\u00e1s monokul\u00e1r"},"content":{"rendered":"<h2>Jobb \u00e9rz\u00e9kel\u0151, f\u00e9nyesebb kijelz\u0151!<\/h2>\n<p>Zsebben hordozhat\u00f3 h\u0151kamer\u00e1s monokul\u00e1r Az INFIRAY X-EYE E6 PRO V3 sorozat egy zsebm\u00e9ret\u0171, &lt;500 g s\u00faly\u00fa h\u0151kamer\u00e1s monokul\u00e1r k\u00fclt\u00e9ri felfedez\u00e9sekhez. Seg\u00edts\u00e9g\u00e9vel k\u00f6nnyed\u00e9n \u00e9rz\u00e9kelheti k\u00f6rnyezet\u00e9t \u00e9s l\u00e1thatja a t\u00f6bb mint 2000 m\u00e9terre l\u00e9v\u0151 c\u00e9lpontokat. K\u00f6nnyen haszn\u00e1lhat\u00f3, alacsony tanul\u00e1si k\u00f6lts\u00e9ggel. Az INFIRAY X-EYE E6 PRO V3 t\u00f6k\u00e9letes t\u00e1rs a h\u0151kamer\u00e1s vad\u00e1szathoz vagy szabadt\u00e9ri utaz\u00e1shoz, ak\u00e1r a s\u00f6t\u00e9tben, ak\u00e1r a saj\u00e1t kertj\u00e9ben.<\/p>\n<h2>12um-os h\u0151\u00e9rz\u00e9kel\u0151, NETD \u226425mK (25\u00b0C-on, F # = 1,0)<\/h2>\n<p>Az INFIRAY X-EYE E6 PRO V3 sorozat nagy teljes\u00edtm\u00e9ny\u0171, ker\u00e1mia tokoz\u00e1s\u00fa 12um 640 x 512 InfiRay \u00e9rz\u00e9kel\u0151vel rendelkezik, NET \u226425mk technol\u00f3gi\u00e1val (25\u00b0C, F # = 1,0), amely k\u00f6nnyebb \u00e9s alacsonyabb energiafogyaszt\u00e1ssal rendelkezik, \u00edgy m\u00e9g a legzordabb id\u0151j\u00e1r\u00e1si k\u00f6r\u00fclm\u00e9nyek k\u00f6z\u00f6tt is t\u00f6k\u00e9letes r\u00e9szletfelismer\u00e9st biztos\u00edt, amikor a h\u0151kontraszt alacsony.<\/p>\n<h2>Magas k\u00e9pmin\u0151s\u00e9g<\/h2>\n<p>Az Eye V3 sorozat lehet\u0151v\u00e9 teszi, hogy technikai el\u0151nyre tegyen szert a r\u00e9szletgazdag h\u0151kamer\u00e1s k\u00e9palkot\u00e1s ter\u00e9n, sokkal k\u00f6nnyebb lesz megtal\u00e1lni a c\u00e9lpontokat a s\u00f6t\u00e9tben. Az Eye sorozat kiv\u00e1l\u00f3 teljes\u00edtm\u00e9nyt ny\u00fajt a h\u0151tartom\u00e1nyban.<\/p>\n<h2>Be\u00e9p\u00edtett Ultra Clear m\u00f3d<\/h2>\n<p>Az InfiRay be\u00e9p\u00edtett Ultra-clear \u00fczemm\u00f3d\u00fa h\u0151kameratechnol\u00f3gi\u00e1ja olyan szoftveres algoritmusokb\u00f3l \u00e1ll, amelyeket kedvez\u0151tlen id\u0151j\u00e1r\u00e1si viszonyokra, p\u00e9ld\u00e1ul es\u0151s, havas, k\u00f6d\u00f6s napokra stb. terveztek, \u00e9s amelyek fokozz\u00e1k a h\u0151kamer\u00e1s k\u00e9p tisztas\u00e1g\u00e1t \u00e9s \u00e1ltal\u00e1nos r\u00e9szletess\u00e9g\u00e9t. Az extr\u00e9m vil\u00e1gos \u00fczemm\u00f3d r\u00e9szletesebb l\u00e1t\u00f3mez\u0151t \u00e9s jobb objektum-azonos\u00edt\u00e1si k\u00e9pess\u00e9geket eredm\u00e9nyezhet.<\/p>\n<h2>Nagy kontraszt\u00fa HD OLED mikro kijelz\u0151<\/h2>\n<p>Az INFIRAY X-EYE E6 PRO V3 sorozat integr\u00e1lt 1024 x 768-as, nagy kontraszt\u00fa OLED kijelz\u0151je t\u00f6bb sz\u00ednvisszaad\u00e1ssal \u00e9s magasabb v\u00e1laszsebess\u00e9ggel rendelkezik, \u00e9lesebb k\u00e9peket \u00e9s \u00e9l\u00e9nkebb sz\u00edneket k\u00e9pes megjelen\u00edteni a k\u00e9pen.<\/p>\n<h2>\u00c1rnyalatok v\u00e1laszt\u00e9ka<\/h2>\n<p>A felhaszn\u00e1l\u00f3k elt\u00e9r\u0151 vizu\u00e1lis \u00e9lm\u00e9nyig\u00e9ny\u00e9nek jobb kiel\u00e9g\u00edt\u00e9se \u00e9rdek\u00e9ben a term\u00e9kek k\u00e9tf\u00e9le \u00e1rnyalatot k\u00edn\u00e1lnak a felhaszn\u00e1l\u00f3knak: egy C (hideg) \u00e9s egy W (meleg) \u00e1rnyalatot. A h\u0171v\u00f6s \u00e1rnyalatban a felhaszn\u00e1l\u00f3k vizu\u00e1lisan vil\u00e1gosabb k\u00e9pmin\u0151s\u00e9get tapasztalhatnak, gazdag r\u00e9szletgazdags\u00e1ggal \u00e9s a c\u00e9lpontok kiemel\u00e9s\u00e9vel. A meleg \u00e1rnyalat alatt a felhaszn\u00e1l\u00f3k l\u00e1gyabb l\u00e1tv\u00e1nyt kaphatnak, elker\u00fclve a hosszan tart\u00f3 n\u00e9z\u00e9s okozta vizu\u00e1lis f\u00e1radts\u00e1got.<\/p>\n<h2>Hossz\u00fa \u00e9rz\u00e9kel\u00e9si tartom\u00e1ny ak\u00e1r 2597 m\u00e9terig<\/h2>\n<p>Az INFIRAY X-EYE E6 PRO V3 sorozat nagy teljes\u00edtm\u00e9ny\u0171 objekt\u00edvvel (E6+V3: 35mm\/F1.0 VS E6Pro V3: 50mm\/F1.2) \u00e9s nagy \u00e9rz\u00e9kenys\u00e9g\u0171 640\u00d7480 @ 12 mikrom\u00e9teres h\u0151kamer\u00e1s \u00e9rz\u00e9kel\u0151vel kombin\u00e1lva kiv\u00e9teles \u00e9rz\u00e9kel\u00e9si k\u00e9pess\u00e9geket biztos\u00edt. A V3.0 sorozat a modellt\u0151l f\u00fcgg\u0151en ak\u00e1r 2597 m-es maxim\u00e1lis t\u00e1vols\u00e1gb\u00f3l, teljes s\u00f6t\u00e9ts\u00e9gben k\u00e9pes felismerni egy \u00e1tlagos m\u00e9ret\u0171, fels\u0151 ruh\u00e1zatba \u00f6lt\u00f6z\u00f6tt emberi c\u00e9lpontot.<\/p>\n<table class=\"table-data-sheet\" style=\"height: 443px;\" width=\"946\">\n<tbody>\n<tr class=\"odd\">\n<td>Nagy\u00edt\u00e1s<\/td>\n<td>2x<\/td>\n<\/tr>\n<tr class=\"even\">\n<td>L\u00e1t\u00f3mez\u0151<\/td>\n<td>12,5 \u00b0 x 10,0 \u00b0<\/td>\n<\/tr>\n<tr class=\"odd\">\n<td>S\u00faly<\/td>\n<td>420 g<\/td>\n<\/tr>\n<tr class=\"even\">\n<td>Akkumul\u00e1tor \u00fczemid\u0151<\/td>\n<td>6 \u00f3ra.<\/td>\n<\/tr>\n<tr class=\"odd\">\n<td>Megjelen\u00edt\u00e9s<\/td>\n<td>1024\u00d7768 OLED<\/td>\n<\/tr>\n<tr class=\"even\">\n<td>\u00c9rz\u00e9kel\u00e9si t\u00e1vols\u00e1g<\/td>\n<td>1818 m<\/td>\n<\/tr>\n<tr class=\"odd\">\n<td>Zoom<\/td>\n<td>1 \u00d7 \/2 \u00d7 \/4x<\/td>\n<\/tr>\n<tr class=\"even\">\n<td>Lencse \u00e1tm\u00e9r\u0151je<\/td>\n<td>35 mm<\/td>\n<\/tr>\n<tr class=\"odd\">\n<td>Garancia<\/td>\n<td>3 \u00e9v<\/td>\n<\/tr>\n<tr class=\"even\">\n<td>Be\u00e9p\u00edtett mem\u00f3ria<\/td>\n<td>32 GB<\/td>\n<\/tr>\n<tr class=\"odd\">\n<td>M\u00e9ret mm-ben<\/td>\n<td>188 x 65 x 64<\/td>\n<\/tr>\n<tr class=\"even\">\n<td>Pixel m\u00e9ret<\/td>\n<td>12 \u03bcm<\/td>\n<\/tr>\n<tr class=\"odd\">\n<td>Az \u00e9rz\u00e9kel\u0151 felbont\u00e1sa<\/td>\n<td>640\u00d7512<\/td>\n<\/tr>\n<tr class=\"even\">\n<td>NETD<\/td>\n<td>25 mk<\/td>\n<\/tr>\n<tr class=\"odd\">\n<td>K\u00e9pfrekvencia<\/td>\n<td>50 Hz<\/td>\n<\/tr>\n<tr class=\"even\">\n<td>Sorozat<\/td>\n<td>X-Eye<\/td>\n<\/tr>\n<tr class=\"odd\">\n<td>T\u00edpus<\/td>\n<td>Monokul\u00e1ris<\/td>\n<\/tr>\n<\/tbody>\n<\/table>","protected":false},"excerpt":{"rendered":"<p>Az Eye Series V3 egy nagy teljes\u00edtm\u00e9ny\u0171, kompakt \u00e9s k\u00f6lts\u00e9ghat\u00e9kony h\u0151kamer\u00e1s monokul\u00e1r, amely 12\u03bcm 640 x 512 NETD\u226425mK (@25\u00b0C, F #=1.0) felbont\u00e1s\u00fa h\u0151\u00e9rz\u00e9kel\u0151t \u00e9s egy nagy kontraszt\u00fa HD OLED kijelz\u0151t haszn\u00e1l, a h\u0151k\u00e9pmin\u0151s\u00e9g \u00e9s a t\u00f6bbfunkci\u00f3s funkci\u00f3 innovat\u00edv fejleszt\u00e9se mellett nagy technikai f\u00f6l\u00e9nyt \u00e9s h\u0151kamer\u00e1s \u00e9lm\u00e9nyt ny\u00fajt.<\/p>","protected":false},"featured_media":3224,"template":"","meta":{"_gspb_post_css":""},"product_brand":[314],"product_cat":[21,144,327],"product_tag":[169,170,337],"class_list":{"0":"post-3105","1":"product","2":"type-product","3":"status-publish","4":"has-post-thumbnail","6":"product_brand-infiray","7":"product_cat-optika","8":"product_cat-termovizie","9":"product_cat-termovizne-monokulary","10":"product_tag-eye","11":"product_tag-infiray","12":"product_tag-termovizny-monokular","14":"first","15":"instock","16":"taxable","17":"shipping-taxable","18":"purchasable","19":"product-type-simple"},"ct_brands":[{"id":314,"name":"Infiray","slug":"infiray"}],"_links":{"self":[{"href":"https:\/\/zbranebudai.sk\/hu\/wp-json\/wp\/v2\/product\/3105","targetHints":{"allow":["GET"]}}],"collection":[{"href":"https:\/\/zbranebudai.sk\/hu\/wp-json\/wp\/v2\/product"}],"about":[{"href":"https:\/\/zbranebudai.sk\/hu\/wp-json\/wp\/v2\/types\/product"}],"wp:featuredmedia":[{"embeddable":true,"href":"https:\/\/zbranebudai.sk\/hu\/wp-json\/wp\/v2\/media\/3224"}],"wp:attachment":[{"href":"https:\/\/zbranebudai.sk\/hu\/wp-json\/wp\/v2\/media?parent=3105"}],"wp:term":[{"taxonomy":"product_brand","embeddable":true,"href":"https:\/\/zbranebudai.sk\/hu\/wp-json\/wp\/v2\/product_brand?post=3105"},{"taxonomy":"product_cat","embeddable":true,"href":"https:\/\/zbranebudai.sk\/hu\/wp-json\/wp\/v2\/product_cat?post=3105"},{"taxonomy":"product_tag","embeddable":true,"href":"https:\/\/zbranebudai.sk\/hu\/wp-json\/wp\/v2\/product_tag?post=3105"}],"curies":[{"name":"wp","href":"https:\/\/api.w.org\/{rel}","templated":true}]}}