{"id":3085,"date":"2025-02-01T20:29:18","date_gmt":"2025-02-01T18:29:18","guid":{"rendered":"https:\/\/zbranebudai.sk\/?post_type=product&#038;p=3085"},"modified":"2025-02-08T06:34:58","modified_gmt":"2025-02-08T04:34:58","slug":"infiray-x-eye-e3-max-v2-0-hokamera","status":"publish","type":"product","link":"https:\/\/zbranebudai.sk\/hu\/product\/infiray-x-eye-e3-max-v2-0-hokamera\/","title":{"rendered":"InfiRay X EYE E3 MAX V2.0 h\u0151kamer\u00e1s monokul\u00e1r"},"content":{"rendered":"<h3><strong>Az INFIRAY X-EYE E3 MAX V2 f\u0151 el\u0151nyei:<\/strong><\/h3>\n<p>- Nagy\u00edt\u00e1s 2x, 4x, digit\u00e1lis 3,5x-14x - Kiv\u00e1l\u00f3 min\u0151s\u00e9g\u0171 kijelz\u0151 1280\u00d7960 px - Ember\u00e9rz\u00e9kel\u00e9s 1800 m-ig - Objekt\u00edv 35 mm-es lencse - Hot spot, t\u00e1vols\u00e1gm\u00e9r\u0151, Wi-Fi<\/p>\n<h3><strong>Param\u00e9terek<\/strong><\/h3>\n<table>\n<tbody>\n<tr>\n<td>Modell<\/td>\n<td>E3 Max V2.0<\/td>\n<\/tr>\n<tr>\n<td>detektor felbont\u00e1s<\/td>\n<td>384\u00d7288<\/td>\n<\/tr>\n<tr>\n<td>pixelm\u00e9ret<\/td>\n<td>12 \u00b5m<\/td>\n<\/tr>\n<tr>\n<td>NETD \u00e9rz\u00e9kenys\u00e9g<\/td>\n<td>\u2264 50 mK<\/td>\n<\/tr>\n<tr>\n<td>Frekvencia<\/td>\n<td>50 Hz<\/td>\n<\/tr>\n<tr>\n<td>lencse lencse<\/td>\n<td>35 mm<\/td>\n<\/tr>\n<tr>\n<td>l\u00e1t\u00f3mez\u0151<\/td>\n<td>7,5\u00b0x5,7\u00b0<\/td>\n<\/tr>\n<tr>\n<td>kijelz\u0151 felbont\u00e1sa<\/td>\n<td>1280\u00d7960<\/td>\n<\/tr>\n<tr>\n<td>digit\u00e1lis zoom<\/td>\n<td>x2\/x4<\/td>\n<\/tr>\n<tr>\n<td>\u00e9rz\u00e9kel\u00e9si t\u00e1vols\u00e1g<\/td>\n<td>1818<\/td>\n<\/tr>\n<tr>\n<td>az akkumul\u00e1tor \u00e9lettartama<\/td>\n<td>7 \u00f3ra<\/td>\n<\/tr>\n<tr>\n<td>M\u00e9retek<\/td>\n<td>186x65x64 mm<\/td>\n<\/tr>\n<tr>\n<td>be\u00e9p\u00edtett mem\u00f3ria<\/td>\n<td>16 GB<\/td>\n<\/tr>\n<tr>\n<td>S\u00faly<\/td>\n<td>420 g<\/td>\n<\/tr>\n<\/tbody>\n<\/table>\n<p><a href=\"https:\/\/www.infiray.com\/products\/thermal-imaging-monocular-eye-iii-series.html\">https:\/\/www.infiray.com\/products\/thermal-imaging-monocular-eye-iii-series.html<\/a><\/p>","protected":false},"excerpt":{"rendered":"<p>Az InfiRay Xeye E3 MAX V2.0 h\u0151kamer\u00e1k kompromisszumok n\u00e9lk\u00fcli tart\u00f3ss\u00e1got (IP66) \u00e9s kiv\u00e1l\u00f3 teljes\u00edtm\u00e9nyt ny\u00fajtanak. A fejlett 12 um-os magtechnol\u00f3gia 384\u00d7288 px felbont\u00e1ssal ragyog\u00f3an \u00e9les k\u00e9peket biztos\u00edt. Az \u00e9rz\u00e9keny 35 mm-es objekt\u00edv lencse lehet\u0151v\u00e9 teszi a k\u00e9zi f\u00f3kusz\u00e1l\u00e1st. A k\u00e9pet egy 1280\u00d7960 px HD mikrokijelz\u0151re tov\u00e1bb\u00edtja 50 Hz-es friss\u00edt\u00e9si frekvenci\u00e1val, \u00edgy a legapr\u00f3bb r\u00e9szletekr\u0151l sem marad le. A kiv\u00e1l\u00f3 param\u00e9tereknek k\u00f6sz\u00f6nhet\u0151en ez a h\u0151kamera teljes s\u00f6t\u00e9ts\u00e9gben t\u00f6bb mint 1800 m t\u00e1vols\u00e1gb\u00f3l k\u00e9pes egy emberi alak m\u00e9ret\u0171 c\u00e9lpontot is \u00e9rz\u00e9kelni. A monokul\u00e1r 7 \u00f3r\u00e1n \u00e1t \u00fczemel kikapcsolt Wi-Fi \u00e9s Hot Spot (forr\u00f3 pontk\u00f6vet\u00e9s) mellett. T\u00e1vols\u00e1gm\u00e9r\u0151vel is rendelkezik. A megfigyel\u00e9sekr\u0151l f\u00e9nyk\u00e9peket \u00e9s vide\u00f3t is k\u00e9sz\u00edthet. K\u00e9p a k\u00e9pben (PIP), digit\u00e1lis ir\u00e1nyt\u0171 \u00e9s mozg\u00e1s\u00e9rz\u00e9kel\u0151 eg\u00e9sz\u00edti ki a funkci\u00f3k sz\u00e9les sk\u00e1l\u00e1j\u00e1t. A h\u0151kamera nagy el\u0151nye az \u00e9jjell\u00e1t\u00f3val szemben, hogy nappal is haszn\u00e1lhat\u00f3. M\u00e9g az olyan kedvez\u0151tlen k\u00f6r\u00fclm\u00e9nyek, mint a k\u00f6d, a f\u00fcst, az es\u0151, a h\u00f3 vagy a por sem \u00e1ll\u00edthatj\u00e1k meg.<\/p>","protected":false},"featured_media":3206,"template":"","meta":{"_gspb_post_css":""},"product_brand":[314],"product_cat":[21,144,327],"product_tag":[169,170,337],"class_list":{"0":"post-3085","1":"product","2":"type-product","3":"status-publish","4":"has-post-thumbnail","6":"product_brand-infiray","7":"product_cat-optika","8":"product_cat-termovizie","9":"product_cat-termovizne-monokulary","10":"product_tag-eye","11":"product_tag-infiray","12":"product_tag-termovizny-monokular","14":"first","15":"instock","16":"taxable","17":"shipping-taxable","18":"purchasable","19":"product-type-simple"},"ct_brands":[{"id":314,"name":"Infiray","slug":"infiray"}],"_links":{"self":[{"href":"https:\/\/zbranebudai.sk\/hu\/wp-json\/wp\/v2\/product\/3085","targetHints":{"allow":["GET"]}}],"collection":[{"href":"https:\/\/zbranebudai.sk\/hu\/wp-json\/wp\/v2\/product"}],"about":[{"href":"https:\/\/zbranebudai.sk\/hu\/wp-json\/wp\/v2\/types\/product"}],"wp:featuredmedia":[{"embeddable":true,"href":"https:\/\/zbranebudai.sk\/hu\/wp-json\/wp\/v2\/media\/3206"}],"wp:attachment":[{"href":"https:\/\/zbranebudai.sk\/hu\/wp-json\/wp\/v2\/media?parent=3085"}],"wp:term":[{"taxonomy":"product_brand","embeddable":true,"href":"https:\/\/zbranebudai.sk\/hu\/wp-json\/wp\/v2\/product_brand?post=3085"},{"taxonomy":"product_cat","embeddable":true,"href":"https:\/\/zbranebudai.sk\/hu\/wp-json\/wp\/v2\/product_cat?post=3085"},{"taxonomy":"product_tag","embeddable":true,"href":"https:\/\/zbranebudai.sk\/hu\/wp-json\/wp\/v2\/product_tag?post=3085"}],"curies":[{"name":"wp","href":"https:\/\/api.w.org\/{rel}","templated":true}]}}