{"id":3083,"date":"2025-02-01T20:29:18","date_gmt":"2025-02-01T18:29:18","guid":{"rendered":"https:\/\/zbranebudai.sk\/?post_type=product&#038;p=3083"},"modified":"2025-02-08T07:23:33","modified_gmt":"2025-02-08T05:23:33","slug":"infiray-kabin-cbl19-kezi-hokamera","status":"publish","type":"product","link":"https:\/\/zbranebudai.sk\/hu\/product\/infiray-cabin-cbl19-kezi-hokamera\/","title":{"rendered":"InfiRay CABIN CBL19 k\u00e9zi H\u0151kamer\u00e1s monokul\u00e1r"},"content":{"rendered":"<div class=\"product-specification-title\"><strong><span data-darkreader-inline-color=\"\">TERM\u00c9KLE\u00cdR\u00c1S<\/span><\/strong><\/div>\n<div class=\"product-specification-title\"><\/div>\n<div class=\"product-specification-content\">\n<table border=\"1\">\n<tbody>\n<tr>\n<td><span data-darkreader-inline-color=\"\">\u00c9rz\u00e9kel\u0151 felbont\u00e1sa<\/span><\/td>\n<td><span data-darkreader-inline-color=\"\">384x288px<\/span><\/td>\n<\/tr>\n<tr>\n<td><span data-darkreader-inline-color=\"\">Pixel m\u00e9ret<\/span><\/td>\n<td><span data-darkreader-inline-color=\"\">12\u00b5m<\/span><\/td>\n<\/tr>\n<tr>\n<td><span data-darkreader-inline-color=\"\">NETD - \u00c9rz\u00e9kel\u0151 \u00e9rz\u00e9kenys\u00e9ge a h\u0151m\u00e9rs\u00e9klet-k\u00fcl\u00f6nbs\u00e9gekre<\/span><\/td>\n<td><span data-darkreader-inline-color=\"\">&lt;40mK<\/span><\/td>\n<\/tr>\n<tr>\n<td><span data-darkreader-inline-color=\"\">Friss\u00edt\u00e9si sebess\u00e9g (Hz)<\/span><\/td>\n<td><span data-darkreader-inline-color=\"\">50Hz<\/span><\/td>\n<\/tr>\n<tr>\n<td><span data-darkreader-inline-color=\"\">Objekt\u00edv lencse (mm)<\/span><\/td>\n<td><span data-darkreader-inline-color=\"\">19mm<\/span><\/td>\n<\/tr>\n<tr>\n<td><span data-darkreader-inline-color=\"\">L\u00e1t\u00f3mez\u0151<\/span><\/td>\n<td><span data-darkreader-inline-color=\"\">13,8 \u00b0 x 10,4 \u00b0<\/span><\/td>\n<\/tr>\n<tr>\n<td><span data-darkreader-inline-color=\"\">Digit\u00e1lis nagy\u00edt\u00e1s<\/span><\/td>\n<td><span data-darkreader-inline-color=\"\">1x-4x<\/span><\/td>\n<\/tr>\n<tr>\n<td><span data-darkreader-inline-color=\"\">Optikai nagy\u00edt\u00e1s<\/span><\/td>\n<td><span data-darkreader-inline-color=\"\">2x<\/span><\/td>\n<\/tr>\n<tr>\n<td><span data-darkreader-inline-color=\"\">Szemkiemel\u00e9s<\/span><\/td>\n<td><span data-darkreader-inline-color=\"\">20mm<\/span><\/td>\n<\/tr>\n<tr>\n<td><span data-darkreader-inline-color=\"\">Dioptri\u00e1s korrekci\u00f3<\/span><\/td>\n<td><span data-darkreader-inline-color=\"\">-5 - +5<\/span><\/td>\n<\/tr>\n<tr>\n<td><span data-darkreader-inline-color=\"\">\u00c9rz\u00e9kel\u00e9s\u00a0<\/span><\/td>\n<td><span data-darkreader-inline-color=\"\">1000m<\/span><\/td>\n<\/tr>\n<tr>\n<td><span data-darkreader-inline-color=\"\">Megjelen\u00edt\u00e9s t\u00edpusa<\/span><\/td>\n<td><span data-darkreader-inline-color=\"\">LCOS<\/span><\/td>\n<\/tr>\n<tr>\n<td><span data-darkreader-inline-color=\"\">Kijelz\u0151 felbont\u00e1sa<\/span><\/td>\n<td><span data-darkreader-inline-color=\"\">1280x960px<\/span><\/td>\n<\/tr>\n<tr>\n<td><span data-darkreader-inline-color=\"\">Akkumul\u00e1tor t\u00edpusa<\/span><\/td>\n<td><span data-darkreader-inline-color=\"\">2x cser\u00e9lhet\u0151 Li-ion akkumul\u00e1tor \/ 3,1 Ah \/ 3,6 V<\/span><\/td>\n<\/tr>\n<tr>\n<td><span data-darkreader-inline-color=\"\">Az akkumul\u00e1tor \u00e9lettartama<\/span><\/td>\n<td><span data-darkreader-inline-color=\"\">ak\u00e1r 7,5 \u00f3ra<\/span><\/td>\n<\/tr>\n<tr>\n<td><span data-darkreader-inline-color=\"\">Wi-Fi<\/span><\/td>\n<td><span data-darkreader-inline-color=\"\">Igen<\/span><\/td>\n<\/tr>\n<tr>\n<td><span data-darkreader-inline-color=\"\">Fot\u00f3\/Vide\u00f3<\/span><\/td>\n<td><span data-darkreader-inline-color=\"\">Igen<\/span><\/td>\n<\/tr>\n<tr>\n<td><span data-darkreader-inline-color=\"\">Hangfelv\u00e9tel<\/span><\/td>\n<td><span data-darkreader-inline-color=\"\">Nem<\/span><\/td>\n<\/tr>\n<tr>\n<td><span data-darkreader-inline-color=\"\">Mobil alkalmaz\u00e1sok<\/span><\/td>\n<td><span data-darkreader-inline-color=\"\">Igen<\/span><\/td>\n<\/tr>\n<tr>\n<td><span data-darkreader-inline-color=\"\">L\u00e9zeres t\u00e1vols\u00e1gm\u00e9r\u0151<\/span><\/td>\n<td><span data-darkreader-inline-color=\"\">Nem<\/span><\/td>\n<\/tr>\n<tr>\n<td><span data-darkreader-inline-color=\"\">Csatlakoz\u00e1s t\u00edpusa<\/span><\/td>\n<td><span data-darkreader-inline-color=\"\">USB-C\/5V<\/span><\/td>\n<\/tr>\n<tr>\n<td><span data-darkreader-inline-color=\"\">T\u00e1rhely\u00a0<\/span><\/td>\n<td><span data-darkreader-inline-color=\"\">16GB<\/span><\/td>\n<\/tr>\n<tr>\n<td><span data-darkreader-inline-color=\"\">V\u00edz\u00e1ll\u00f3<\/span><\/td>\n<td><span data-darkreader-inline-color=\"\">IP67<\/span><\/td>\n<\/tr>\n<tr>\n<td><span data-darkreader-inline-color=\"\">S\u00faly<\/span><\/td>\n<td><span data-darkreader-inline-color=\"\">380g<\/span><\/td>\n<\/tr>\n<tr>\n<td><span data-darkreader-inline-color=\"\">M\u00e9retek<\/span><\/td>\n<td><span data-darkreader-inline-color=\"\">165x50x85mm<\/span><\/td>\n<\/tr>\n<\/tbody>\n<\/table>\n<\/div>\n<p><a href=\"https:\/\/www.infirayoutdoor.com\/thermal-imaging-scope-cabin-series\">https:\/\/www.infirayoutdoor.com\/thermal-imaging-scope-cabin-series<\/a><\/p>","protected":false},"excerpt":{"rendered":"<p>A CBL 19 egy kicsi, k\u00f6nny\u0171, nagy teljes\u00edtm\u00e9ny\u0171 h\u0151kamer\u00e1s monokul\u00e1r. A f\u00e9nyes, nagy kontraszt\u00fa k\u00e9p, a k\u00e9t cser\u00e9lhet\u0151 elem bajonettz\u00e1rral, a gyors f\u00f3kusz\u00e1l\u00e1st biztos\u00edt\u00f3 cs\u00fasz\u00f3kar, a be\u00e9p\u00edtett LED-es zsebl\u00e1mpa 50 m\u00e9teres hat\u00f3t\u00e1vols\u00e1ggal \u00e9s egy\u00e9b funkci\u00f3k teszik az egyik legn\u00e9pszer\u0171bb monokul\u00e1rr\u00e1 az \u00e9jszakai vad\u00e1szathoz.<\/p>","protected":false},"featured_media":3194,"template":"","meta":{"_gspb_post_css":""},"product_brand":[314],"product_cat":[21,144,327],"product_tag":[225,170,337],"class_list":{"0":"post-3083","1":"product","2":"type-product","3":"status-publish","4":"has-post-thumbnail","6":"product_brand-infiray","7":"product_cat-optika","8":"product_cat-termovizie","9":"product_cat-termovizne-monokulary","10":"product_tag-cabin","11":"product_tag-infiray","12":"product_tag-termovizny-monokular","14":"first","15":"instock","16":"taxable","17":"shipping-taxable","18":"purchasable","19":"product-type-simple"},"ct_brands":[{"id":314,"name":"Infiray","slug":"infiray"}],"_links":{"self":[{"href":"https:\/\/zbranebudai.sk\/hu\/wp-json\/wp\/v2\/product\/3083","targetHints":{"allow":["GET"]}}],"collection":[{"href":"https:\/\/zbranebudai.sk\/hu\/wp-json\/wp\/v2\/product"}],"about":[{"href":"https:\/\/zbranebudai.sk\/hu\/wp-json\/wp\/v2\/types\/product"}],"wp:featuredmedia":[{"embeddable":true,"href":"https:\/\/zbranebudai.sk\/hu\/wp-json\/wp\/v2\/media\/3194"}],"wp:attachment":[{"href":"https:\/\/zbranebudai.sk\/hu\/wp-json\/wp\/v2\/media?parent=3083"}],"wp:term":[{"taxonomy":"product_brand","embeddable":true,"href":"https:\/\/zbranebudai.sk\/hu\/wp-json\/wp\/v2\/product_brand?post=3083"},{"taxonomy":"product_cat","embeddable":true,"href":"https:\/\/zbranebudai.sk\/hu\/wp-json\/wp\/v2\/product_cat?post=3083"},{"taxonomy":"product_tag","embeddable":true,"href":"https:\/\/zbranebudai.sk\/hu\/wp-json\/wp\/v2\/product_tag?post=3083"}],"curies":[{"name":"wp","href":"https:\/\/api.w.org\/{rel}","templated":true}]}}