{"id":3082,"date":"2025-02-01T20:29:18","date_gmt":"2025-02-01T18:29:18","guid":{"rendered":"https:\/\/zbranebudai.sk\/?post_type=product&#038;p=3082"},"modified":"2026-02-21T16:57:34","modified_gmt":"2026-02-21T14:57:34","slug":"hikmicro-lynx-pro-lh19-hokamera-kereso","status":"publish","type":"product","link":"https:\/\/zbranebudai.sk\/hu\/product\/hikmicro-lynx-pro-lh19-hokamera-kereso\/","title":{"rendered":"Hikmicro LYNX PRO LH19 h\u0151kamera keres\u0151"},"content":{"rendered":"<p><span class=\"ui-provider ed biv bxu bxv bxw bxx bxy bxz bya byb byc byd bye byf byg byh byi byj byk byl bym byn byo byp byq byr bys byt byu byv byw byx byy byz bza\" dir=\"ltr\">A Lynx h\u0151kamera monokul\u00e1rok m\u00e1sodik gener\u00e1ci\u00f3ja a legjobb funkci\u00f3kat \u00e9s a leg\u00fajabb technol\u00f3gi\u00e1kat egyes\u00edti egyetlen kompakt m\u0171szerben. Egyszer\u0171s\u00e9ge miatt a Lynx nagyszer\u0171 v\u00e1laszt\u00e1s az els\u0151 h\u0151kamer\u00e1s monokul\u00e1rnak, amelyet nem akar majd elengedni.<\/span><\/p>\n<ul>\n<li>20 mK<\/li>\n<li>\u00c9rz\u00e9kel\u0151 384 \u00d7 288 px<\/li>\n<li>\u00c9rz\u00e9kel\u00e9s 900 m\u00e9ter<\/li>\n<li>Cser\u00e9lhet\u0151 akkumul\u00e1tor, ak\u00e1r 6,5 \u00f3r\u00e1s \u00fczemid\u0151vel<\/li>\n<li>K\u00f6nny\u0171 \u00e9s kompakt<\/li>\n<\/ul>\n<p>Monokul\u00e1ris<strong>\u00a0Lynx LH19 2.0<\/strong>\u00a0fel van szerelve\u00a0<strong>h\u0151\u00e9rz\u00e9kel\u0151, NETD \u00e9rz\u00e9kenys\u00e9ggel \u2264 20 mK<\/strong>\u00a0\u00e9s a k\u00f6vetkez\u0151 felbont\u00e1ssal\u00a0<strong>384 \u00d7 288 px<\/strong>. Min\u00e9l alacsonyabb a NETD-\u00e9rt\u00e9k, ann\u00e1l jobban k\u00e9pes az \u00e9rz\u00e9kel\u0151 a t\u00e1rgyak k\u00f6z\u00f6tti legkisebb h\u0151m\u00e9rs\u00e9kletk\u00fcl\u00f6nbs\u00e9geket is r\u00f6gz\u00edteni, \u00e9s r\u00e9szletes k\u00e9pet adni.<\/p>\n<p>A fejlett k\u00e9pfeldolgoz\u00e1si technol\u00f3gi\u00e1k tiszt\u00e1bb, r\u00e9szletesebb k\u00e9pet biztos\u00edtanak a\u00a0<strong>1024\u00d7768 px OLED kijelz\u0151<\/strong>.<\/p>\n<p><strong>Objekt\u00edv<\/strong>\u00a0f\u00f3kuszt\u00e1vols\u00e1ggal\u00a0<strong>19 mm<\/strong>\u00a0r\u00f6gz\u00edtett\u00a0<strong>1,8x optikai nagy\u00edt\u00e1s<\/strong>\u00a0a monokul\u00e1r k\u00e9pes ak\u00e1r a k\u00f6vetkez\u0151 \u00e9rt\u00e9kek \u00e9szlel\u00e9s\u00e9re\u00a0<strong>900 m\u00e9ter<\/strong>\u00edgy alkalmas ny\u00edlt terepen \u00e9s erdei k\u00f6rnyezetben is.<\/p>\n<p>Teh\u00e1t\u00a0<strong>be\u00e9p\u00edtett 16 GB t\u00e1rhely<\/strong>\u00a0Van egy...\u00a0<strong>hanggal ell\u00e1tott f\u00e9nyk\u00e9pek \u00e9s vide\u00f3k k\u00e9sz\u00edt\u00e9s\u00e9nek k\u00e9pess\u00e9ge<\/strong>. Alkalmaz\u00e1skapcsolattal\u00a0<strong>HIKMICRO Sight<\/strong>\u00a0a mobileszk\u00f6z\u00e9n kereszt\u00fcl val\u00f3s id\u0151ben figyelheti a helysz\u00ednt, nyomon k\u00f6vetheti a k\u00e9sz\u00fcl\u00e9k aktu\u00e1lis verzi\u00f3j\u00e1t \u00e9s m\u00e9g sz\u00e1mos m\u00e1s funkci\u00f3t is.<\/p>\n<p>K\u00f6sz\u00f6nhet\u0151en\u00a0<strong>csendes gombok, alacsony s\u00faly<\/strong>\u00a0\u00e9s most m\u00e1r\u00a0<strong>Cser\u00e9lhet\u0151 Li-ion 18650 akkumul\u00e1tor<\/strong>\u00a0a Lynx monokul\u00e1r k\u00e9nyelmes megfigyel\u00e9st biztos\u00edt \u00d6nnek ak\u00e1r\u00a0<strong>6,5 \u00f3ra<\/strong>. A maxim\u00e1lis akkumul\u00e1tor-\u00fczemid\u0151 \u00e9rdek\u00e9ben van egy\u00a0<strong>automatikus alv\u00f3 \u00fczemm\u00f3d<\/strong>amely bizonyos poz\u00edci\u00f3kba billentve k\u00edm\u00e9li a k\u00e9sz\u00fcl\u00e9k akkumul\u00e1tor\u00e1t.<\/p>\n<p>Olyan funkci\u00f3kkal is rendelkezik, mint p\u00e9ld\u00e1ul\u00a0<strong>v\u00edz\u00e1ll\u00f3 \u00e9s IP67 ellen\u00e1ll\u00f3<\/strong>. Ez\u00e9rt Lynx\u00a0<strong>zord k\u00f6r\u00fclm\u00e9nyek k\u00f6z\u00f6tt is alkalmas<\/strong>\u00a0mint p\u00e9ld\u00e1ul es\u0151 \u00e9s h\u00f3.<\/p>\n<p><strong>A k\u00e9sz\u00fcl\u00e9kre 3 \u00e9v garanci\u00e1t v\u00e1llalunk, \u00e9s szervizel\u00e9s eset\u00e9n garanci\u00e1t biztos\u00edtunk a cserek\u00e9sz\u00fcl\u00e9kre.<\/strong><\/p>\n<p>&nbsp;<\/p>\n<p><span data-darkreader-inline-color=\"\"><strong>Specifik\u00e1ci\u00f3k:<\/strong><\/span><\/p>\n<table border=\"1\">\n<tbody>\n<tr>\n<td>Wi-Fi<\/td>\n<td>Igen<\/td>\n<\/tr>\n<tr>\n<td>\u00c9rz\u00e9kel\u0151<\/td>\n<td>384 \u00d7 288 px<\/td>\n<\/tr>\n<tr>\n<td>H\u0151\u00e9rz\u00e9kenys\u00e9g<\/td>\n<td>&lt; 20 mK<\/td>\n<\/tr>\n<tr>\n<td>Kijelz\u0151 felbont\u00e1sa<\/td>\n<td>1024 x 768 px<\/td>\n<\/tr>\n<tr>\n<td>Objekt\u00edv<\/td>\n<td>19 mm<\/td>\n<\/tr>\n<tr>\n<td>\u00c9rz\u00e9kel\u00e9s<\/td>\n<td>900 m<\/td>\n<\/tr>\n<tr>\n<td>Optikai nagy\u00edt\u00e1s<\/td>\n<td>1,8x<\/td>\n<\/tr>\n<tr>\n<td>L\u00e1t\u00f3mez\u0151<\/td>\n<td>13,7\u00b0 \u00d7 10,3\u00b0<\/td>\n<\/tr>\n<tr>\n<td>Digit\u00e1lis zoom<\/td>\n<td>8x<\/td>\n<\/tr>\n<tr>\n<td>Dioptri\u00e1s korrekci\u00f3<\/td>\n<td>-5D - +3D<\/td>\n<\/tr>\n<tr>\n<td>Fot\u00f3k k\u00e9sz\u00edt\u00e9se<\/td>\n<td>Igen<\/td>\n<\/tr>\n<tr>\n<td>Vide\u00f3k k\u00e9sz\u00edt\u00e9se<\/td>\n<td>Igen<\/td>\n<\/tr>\n<tr>\n<td>V\u00e9delmi fokozat<\/td>\n<td>IP67<\/td>\n<\/tr>\n<tr>\n<td>Mem\u00f3ria<\/td>\n<td>be\u00e9p\u00edtett, 16 GB<\/td>\n<\/tr>\n<tr>\n<td>\u00dczemi h\u0151m\u00e9rs\u00e9klet<\/td>\n<td>-30\u00b0C \u00e9s 55\u00b0C k\u00f6z\u00f6tt<\/td>\n<\/tr>\n<tr>\n<td>Akkumul\u00e1torok<\/td>\n<td>1x 18650<\/td>\n<\/tr>\n<tr>\n<td>Az akkumul\u00e1tor \u00e9lettartama<\/td>\n<td>6,5 \u00f3ra<\/td>\n<\/tr>\n<tr>\n<td>S\u00faly<\/td>\n<td>282g<\/td>\n<\/tr>\n<tr>\n<td>M\u00e9retek<\/td>\n<td>173 x 56 x 61 mm<\/td>\n<\/tr>\n<\/tbody>\n<\/table>\n<p><a style=\"background-color: var(--darkreader-background-ffffff, #181a1b);--darkreader-inline-bgcolor: var(--darkreader-bg--darkreader-background-ffffff, var(--darkreader-background-181a1b, #131516))\" href=\"https:\/\/www.hikmicrotech.com\/en\/outdoor-products\/lynx-pro-series-monocular\/\" data-darkreader-inline-bgcolor=\"\">https:\/\/www.hikmicrotech.com\/en\/outdoor-products\/lynx-pro-series-monocular\/<\/a><\/p>","protected":false},"excerpt":{"rendered":"<p>H\u0151kamera keres\u0151. \u00c9rz\u00e9kel\u0151: 384 x 288 px, 12\u03bcm. Objekt\u00edv: 19 mm. H\u0151k\u00e9p\u00e9rz\u00e9kel\u0151 \u00e9rz\u00e9kenys\u00e9ge: &lt; 20 mK. \u00c9rz\u00e9kel\u00e9si t\u00e1vols\u00e1g: 900 m. Optikai nagy\u00edt\u00e1s: 1,8x. Digit\u00e1lis zoom: 8x. Kijelz\u0151: OLED 1024 x 768 px. Energiatakar\u00e9kos \u00fczemm\u00f3d (alv\u00f3 \u00fczemm\u00f3d). Az akkumul\u00e1tor \u00e9lettartama: 6,5 \u00f3ra. Energia: 1x \u00fajrat\u00f6lthet\u0151 Li-ion 18650 akkumul\u00e1tor. Men\u00fc \u00e9s haszn\u00e1lati utas\u00edt\u00e1s cseh \u00e9s szlov\u00e1k nyelven.<\/p>","protected":false},"featured_media":3192,"template":"","meta":{"_gspb_post_css":""},"product_brand":[315],"product_cat":[21,144,327],"product_tag":[150,281,337],"class_list":{"0":"post-3082","1":"product","2":"type-product","3":"status-publish","4":"has-post-thumbnail","6":"product_brand-hikmicro","7":"product_cat-optika","8":"product_cat-termovizie","9":"product_cat-termovizne-monokulary","10":"product_tag-hikmicro","11":"product_tag-lynx","12":"product_tag-termovizny-monokular","14":"first","15":"outofstock","16":"taxable","17":"shipping-taxable","18":"purchasable","19":"product-type-simple"},"ct_brands":[{"id":315,"name":"Hikmicro","slug":"hikmicro"}],"_links":{"self":[{"href":"https:\/\/zbranebudai.sk\/hu\/wp-json\/wp\/v2\/product\/3082","targetHints":{"allow":["GET"]}}],"collection":[{"href":"https:\/\/zbranebudai.sk\/hu\/wp-json\/wp\/v2\/product"}],"about":[{"href":"https:\/\/zbranebudai.sk\/hu\/wp-json\/wp\/v2\/types\/product"}],"wp:featuredmedia":[{"embeddable":true,"href":"https:\/\/zbranebudai.sk\/hu\/wp-json\/wp\/v2\/media\/3192"}],"wp:attachment":[{"href":"https:\/\/zbranebudai.sk\/hu\/wp-json\/wp\/v2\/media?parent=3082"}],"wp:term":[{"taxonomy":"product_brand","embeddable":true,"href":"https:\/\/zbranebudai.sk\/hu\/wp-json\/wp\/v2\/product_brand?post=3082"},{"taxonomy":"product_cat","embeddable":true,"href":"https:\/\/zbranebudai.sk\/hu\/wp-json\/wp\/v2\/product_cat?post=3082"},{"taxonomy":"product_tag","embeddable":true,"href":"https:\/\/zbranebudai.sk\/hu\/wp-json\/wp\/v2\/product_tag?post=3082"}],"curies":[{"name":"wp","href":"https:\/\/api.w.org\/{rel}","templated":true}]}}